{"id":27985,"date":"2026-03-27T14:36:58","date_gmt":"2026-03-27T18:36:58","guid":{"rendered":"https:\/\/leger360.com\/?page_id=27985"},"modified":"2026-03-27T14:48:30","modified_gmt":"2026-03-27T18:48:30","slug":"jacques-robert","status":"publish","type":"page","link":"https:\/\/leger360.com\/en\/jacques-robert\/","title":{"rendered":"Jacques Robert"},"content":{"rendered":"<p>[et_pb_section fb_built=&#8221;1&#8243; custom_padding_last_edited=&#8221;on|phone&#8221; admin_label=&#8221;Team&#8221; _builder_version=&#8221;4.23.1&#8243; use_background_color_gradient=&#8221;on&#8221; background_color_gradient_stops=&#8221;rgba(255,255,255,0.75) 45%|#ffffff 100%&#8221; background_color_gradient_overlays_image=&#8221;on&#8221; background_image=&#8221;https:\/\/leger360.com\/wp-content\/uploads\/2023\/10\/gradient_gris_02.png&#8221; custom_margin=&#8221;|||&#8221; custom_padding=&#8221;54px|0px|50px|0px||&#8221; custom_padding_tablet=&#8221;54px|0px|100px|0px||&#8221; custom_padding_phone=&#8221;54px|0px|50px|0px|false|false&#8221; locked=&#8221;off&#8221; global_colors_info=&#8221;{}&#8221; theme_builder_area=&#8221;post_content&#8221;][et_pb_row column_structure=&#8221;2_5,3_5&#8243; custom_padding_last_edited=&#8221;on|tablet&#8221; _builder_version=&#8221;4.23.1&#8243; _module_preset=&#8221;default&#8221; background_color=&#8221;#FFFFFF&#8221; width_tablet=&#8221;&#8221; width_phone=&#8221;90%&#8221; width_last_edited=&#8221;on|phone&#8221; custom_padding=&#8221;54px|54px|54px|54px|true|true&#8221; custom_padding_tablet=&#8221;54px|54px|54px|54px|true|true&#8221; custom_padding_phone=&#8221;0px|35px|25px|35px|false|true&#8221; border_radii=&#8221;on|15px|15px|15px|15px&#8221; box_shadow_style=&#8221;preset3&#8243; locked=&#8221;off&#8221; global_colors_info=&#8221;{}&#8221; theme_builder_area=&#8221;post_content&#8221;][et_pb_column type=&#8221;2_5&#8243; _builder_version=&#8221;4.22.2&#8243; _module_preset=&#8221;default&#8221; global_colors_info=&#8221;{}&#8221; theme_builder_area=&#8221;post_content&#8221;][et_pb_image src=&#8221;https:\/\/leger360.com\/wp-content\/uploads\/2026\/03\/nouvelle-jr1896x1024-2025-11.png&#8221; title_text=&#8221;nouvelle-jr1896x1024-2025-11&#8243; _builder_version=&#8221;4.27.6&#8243; _module_preset=&#8221;default&#8221; width=&#8221;100%&#8221; hover_enabled=&#8221;0&#8243; global_colors_info=&#8221;{}&#8221; theme_builder_area=&#8221;post_content&#8221; sticky_enabled=&#8221;0&#8243; alt=&#8221;Jacques Robert&#8221;][\/et_pb_image][et_pb_text _builder_version=&#8221;4.27.6&#8243; _module_preset=&#8221;default&#8221; text_font=&#8221;Aptos||||||||&#8221; text_text_color=&#8221;#2E2E30&#8243; text_font_size=&#8221;40px&#8221; text_line_height=&#8221;1em&#8221; header_font_size=&#8221;50px&#8221; width=&#8221;100%&#8221; width_tablet=&#8221;100%&#8221; width_phone=&#8221;100%&#8221; width_last_edited=&#8221;on|phone&#8221; custom_margin=&#8221;0px||15px||false|false&#8221; custom_margin_tablet=&#8221;0px||20px||false|false&#8221; custom_margin_phone=&#8221;0px||20px||false|false&#8221; custom_margin_last_edited=&#8221;on|desktop&#8221; hover_enabled=&#8221;0&#8243; text_font_size_tablet=&#8221;40px&#8221; text_font_size_phone=&#8221;30px&#8221; text_font_size_last_edited=&#8221;on|phone&#8221; header_font_size_tablet=&#8221;40px&#8221; header_font_size_phone=&#8221;40px&#8221; header_font_size_last_edited=&#8221;on|tablet&#8221; global_colors_info=&#8221;{}&#8221; theme_builder_area=&#8221;post_content&#8221; sticky_enabled=&#8221;0&#8243;]<\/p>\n<p><span data-sheets-value=\"{\" :2=\"\" :=\"\" jean-marc=\"\" l=\"\" ger=\"\" data-sheets-userformat=\"{\" :14337=\"\" :0=\"\" :1=\"\" :3=\"\" calibri=\"\" :11=\"\">Jacques Robert<\/span><\/p>\n<p>[\/et_pb_text][et_pb_text _builder_version=&#8221;4.27.6&#8243; _module_preset=&#8221;28cfcf78-1bee-4815-a9d5-6caa8f7a4b47&#8243; text_font=&#8221;Aptos||||||||&#8221; text_text_color=&#8221;#000000&#8243; text_line_height=&#8221;1.5em&#8221; width=&#8221;35%&#8221; width_tablet=&#8221;100%&#8221; width_phone=&#8221;100%&#8221; width_last_edited=&#8221;on|desktop&#8221; custom_margin=&#8221;0px||15px||false|false&#8221; custom_padding=&#8221;0px||||false|false&#8221; hover_enabled=&#8221;0&#8243; locked=&#8221;off&#8221; global_colors_info=&#8221;{}&#8221; theme_builder_area=&#8221;post_content&#8221; sticky_enabled=&#8221;0&#8243;]<\/p>\n<p><span>Honorary Professor, HEC Montr\u00e9al, Canada<\/span><\/p>\n<p>[\/et_pb_text][\/et_pb_column][et_pb_column type=&#8221;3_5&#8243; _builder_version=&#8221;4.22.2&#8243; _module_preset=&#8221;default&#8221; global_colors_info=&#8221;{}&#8221; theme_builder_area=&#8221;post_content&#8221;][et_pb_text _builder_version=&#8221;4.27.6&#8243; _module_preset=&#8221;28cfcf78-1bee-4815-a9d5-6caa8f7a4b47&#8243; text_font=&#8221;Aptos||||||||&#8221; text_text_color=&#8221;#000000&#8243; text_line_height=&#8221;1.5em&#8221; width=&#8221;100%&#8221; width_tablet=&#8221;100%&#8221; width_phone=&#8221;100%&#8221; width_last_edited=&#8221;on|desktop&#8221; custom_margin=&#8221;0px||25px||false|false&#8221; custom_padding=&#8221;50px||0px||false|false&#8221; custom_padding_tablet=&#8221;0px||||false|false&#8221; custom_padding_phone=&#8221;0px||||false|false&#8221; custom_padding_last_edited=&#8221;on|phone&#8221; hover_enabled=&#8221;0&#8243; locked=&#8221;off&#8221; global_colors_info=&#8221;{}&#8221; theme_builder_area=&#8221;post_content&#8221; sticky_enabled=&#8221;0&#8243;]<\/p>\n<p>Jacques Robert is an honorary professor at HEC Montr\u00e9al. He holds a Ph.D. in economics from the University of Western Ontario. He taught for 12 years in the Department of Economics at the Universit\u00e9 de Montr\u00e9al before joining the Department of Information Technology at HEC Montr\u00e9al. At HEC Montr\u00e9al, he has held numerous roles: Director of the Information Technology and International Affairs Departments, Associate Director of Research, Director of the PhD Program, and member of the Executive Committee.<\/p>\n<p>He is one of the founding fellows of CIRANO, where he has led major research projects in e-commerce. He is one of the creators of the ERPsim simulation and a co-founder of Baton Simulations.<\/p>\n<p>[\/et_pb_text][\/et_pb_column][\/et_pb_row][\/et_pb_section]<\/p>\n","protected":false},"excerpt":{"rendered":"<p>Jacques RobertHonorary Professor, HEC Montr\u00e9al, CanadaJacques Robert is an honorary professor at HEC Montr\u00e9al. He holds a Ph.D. in economics from the University of Western Ontario. He taught for 12 years in the Department of Economics at the Universit\u00e9 de Montr\u00e9al before joining the Department of Information Technology at HEC Montr\u00e9al. At HEC Montr\u00e9al, he has held numerous roles: Director of the Information Technology and International Affairs Departments, Associate Director of Research, Director of the PhD Program, and member of the Executive Committee. He is one of the founding fellows of CIRANO, where he has led major research projects in e-commerce. He is one of the creators of the ERPsim simulation and a co-founder of Baton Simulations.<\/p>\n","protected":false},"author":10,"featured_media":0,"parent":0,"menu_order":0,"comment_status":"closed","ping_status":"closed","template":"","meta":{"_acf_changed":false,"_et_pb_use_builder":"on","_et_pb_old_content":"","_et_gb_content_width":"","content-type":"","inline_featured_image":false,"footnotes":""},"class_list":["post-27985","page","type-page","status-publish","hentry"],"acf":[],"yoast_head":"<!-- This site is optimized with the Yoast SEO Premium plugin v27.5 (Yoast SEO v27.5) - https:\/\/yoast.com\/product\/yoast-seo-premium-wordpress\/ -->\n<title>AI Scientific Committee: Jacques Nantel - Leger<\/title>\n<meta name=\"robots\" content=\"index, follow, max-snippet:-1, max-image-preview:large, max-video-preview:-1\" \/>\n<link rel=\"canonical\" href=\"https:\/\/leger360.com\/en\/jacques-robert\/\" \/>\n<meta property=\"og:locale\" content=\"en_US\" \/>\n<meta property=\"og:type\" content=\"article\" \/>\n<meta property=\"og:title\" content=\"Jacques Robert\" \/>\n<meta property=\"og:description\" content=\"Jacques RobertHonorary Professor, HEC Montr\u00e9al, CanadaJacques Robert is an honorary professor at HEC Montr\u00e9al. He holds a Ph.D. in economics from the University of Western Ontario. He taught for 12 years in the Department of Economics at the Universit\u00e9 de Montr\u00e9al before joining the Department of Information Technology at HEC Montr\u00e9al. At HEC Montr\u00e9al, he has held numerous roles: Director of the Information Technology and International Affairs Departments, Associate Director of Research, Director of the PhD Program, and member of the Executive Committee. He is one of the founding fellows of CIRANO, where he has led major research projects in e-commerce. He is one of the creators of the ERPsim simulation and a co-founder of Baton Simulations.\" \/>\n<meta property=\"og:url\" content=\"https:\/\/leger360.com\/en\/jacques-robert\/\" \/>\n<meta property=\"og:site_name\" content=\"Leger\" \/>\n<meta property=\"article:publisher\" content=\"https:\/\/www.facebook.com\/leger360\/\" \/>\n<meta property=\"article:modified_time\" content=\"2026-03-27T18:48:30+00:00\" \/>\n<meta property=\"og:image\" content=\"https:\/\/leger360.com\/wp-content\/uploads\/2024\/04\/leger-feature-img-home.png\" \/>\n\t<meta property=\"og:image:width\" content=\"1354\" \/>\n\t<meta property=\"og:image:height\" content=\"872\" \/>\n\t<meta property=\"og:image:type\" content=\"image\/png\" \/>\n<meta name=\"twitter:card\" content=\"summary_large_image\" \/>\n<meta name=\"twitter:site\" content=\"@leger360\" \/>\n<meta name=\"twitter:label1\" content=\"Est. reading time\" \/>\n\t<meta name=\"twitter:data1\" content=\"1 minute\" \/>\n<script type=\"application\/ld+json\" class=\"yoast-schema-graph\">{\"@context\":\"https:\\\/\\\/schema.org\",\"@graph\":[{\"@type\":\"WebPage\",\"@id\":\"https:\\\/\\\/leger360.com\\\/en\\\/jacques-robert\\\/\",\"url\":\"https:\\\/\\\/leger360.com\\\/en\\\/jacques-robert\\\/\",\"name\":\"AI Scientific Committee: Jacques Nantel - Leger\",\"isPartOf\":{\"@id\":\"https:\\\/\\\/leger360.com\\\/en\\\/#website\"},\"datePublished\":\"2026-03-27T18:36:58+00:00\",\"dateModified\":\"2026-03-27T18:48:30+00:00\",\"breadcrumb\":{\"@id\":\"https:\\\/\\\/leger360.com\\\/en\\\/jacques-robert\\\/#breadcrumb\"},\"inLanguage\":\"en-US\",\"potentialAction\":[{\"@type\":\"ReadAction\",\"target\":[\"https:\\\/\\\/leger360.com\\\/en\\\/jacques-robert\\\/\"]}]},{\"@type\":\"BreadcrumbList\",\"@id\":\"https:\\\/\\\/leger360.com\\\/en\\\/jacques-robert\\\/#breadcrumb\",\"itemListElement\":[{\"@type\":\"ListItem\",\"position\":1,\"name\":\"Home\",\"item\":\"https:\\\/\\\/leger360.com\\\/en\\\/\"},{\"@type\":\"ListItem\",\"position\":2,\"name\":\"Jacques Robert\"}]},{\"@type\":\"WebSite\",\"@id\":\"https:\\\/\\\/leger360.com\\\/en\\\/#website\",\"url\":\"https:\\\/\\\/leger360.com\\\/en\\\/\",\"name\":\"Leger\",\"description\":\"Market Research | Data Analytics\",\"publisher\":{\"@id\":\"https:\\\/\\\/leger360.com\\\/en\\\/#organization\"},\"potentialAction\":[{\"@type\":\"SearchAction\",\"target\":{\"@type\":\"EntryPoint\",\"urlTemplate\":\"https:\\\/\\\/leger360.com\\\/en\\\/?s={search_term_string}\"},\"query-input\":{\"@type\":\"PropertyValueSpecification\",\"valueRequired\":true,\"valueName\":\"search_term_string\"}}],\"inLanguage\":\"en-US\"},{\"@type\":\"Organization\",\"@id\":\"https:\\\/\\\/leger360.com\\\/en\\\/#organization\",\"name\":\"Leger\",\"url\":\"https:\\\/\\\/leger360.com\\\/en\\\/\",\"logo\":{\"@type\":\"ImageObject\",\"inLanguage\":\"en-US\",\"@id\":\"https:\\\/\\\/leger360.com\\\/en\\\/#\\\/schema\\\/logo\\\/image\\\/\",\"url\":\"https:\\\/\\\/leger360.com\\\/wp-content\\\/uploads\\\/2024\\\/04\\\/2022-Logo-Leger-Blackred-g.png\",\"contentUrl\":\"https:\\\/\\\/leger360.com\\\/wp-content\\\/uploads\\\/2024\\\/04\\\/2022-Logo-Leger-Blackred-g.png\",\"width\":1195,\"height\":686,\"caption\":\"Leger\"},\"image\":{\"@id\":\"https:\\\/\\\/leger360.com\\\/en\\\/#\\\/schema\\\/logo\\\/image\\\/\"},\"sameAs\":[\"https:\\\/\\\/www.facebook.com\\\/leger360\\\/\",\"https:\\\/\\\/x.com\\\/leger360\",\"https:\\\/\\\/www.linkedin.com\\\/company\\\/leger360\\\/\"],\"description\":\"Leger is one of North America\u2019s fastest-growing market research companies, known for our forward-thinking experts and innovative approaches powered by artificial intelligence (AI) technologies.\"}]}<\/script>\n<!-- \/ Yoast SEO Premium plugin. -->","yoast_head_json":{"title":"AI Scientific Committee: Jacques Nantel - Leger","robots":{"index":"index","follow":"follow","max-snippet":"max-snippet:-1","max-image-preview":"max-image-preview:large","max-video-preview":"max-video-preview:-1"},"canonical":"https:\/\/leger360.com\/en\/jacques-robert\/","og_locale":"en_US","og_type":"article","og_title":"Jacques Robert","og_description":"Jacques RobertHonorary Professor, HEC Montr\u00e9al, CanadaJacques Robert is an honorary professor at HEC Montr\u00e9al. He holds a Ph.D. in economics from the University of Western Ontario. He taught for 12 years in the Department of Economics at the Universit\u00e9 de Montr\u00e9al before joining the Department of Information Technology at HEC Montr\u00e9al. At HEC Montr\u00e9al, he has held numerous roles: Director of the Information Technology and International Affairs Departments, Associate Director of Research, Director of the PhD Program, and member of the Executive Committee. He is one of the founding fellows of CIRANO, where he has led major research projects in e-commerce. He is one of the creators of the ERPsim simulation and a co-founder of Baton Simulations.","og_url":"https:\/\/leger360.com\/en\/jacques-robert\/","og_site_name":"Leger","article_publisher":"https:\/\/www.facebook.com\/leger360\/","article_modified_time":"2026-03-27T18:48:30+00:00","og_image":[{"width":1354,"height":872,"url":"https:\/\/leger360.com\/wp-content\/uploads\/2024\/04\/leger-feature-img-home.png","type":"image\/png"}],"twitter_card":"summary_large_image","twitter_site":"@leger360","twitter_misc":{"Est. reading time":"1 minute"},"schema":{"@context":"https:\/\/schema.org","@graph":[{"@type":"WebPage","@id":"https:\/\/leger360.com\/en\/jacques-robert\/","url":"https:\/\/leger360.com\/en\/jacques-robert\/","name":"AI Scientific Committee: Jacques Nantel - Leger","isPartOf":{"@id":"https:\/\/leger360.com\/en\/#website"},"datePublished":"2026-03-27T18:36:58+00:00","dateModified":"2026-03-27T18:48:30+00:00","breadcrumb":{"@id":"https:\/\/leger360.com\/en\/jacques-robert\/#breadcrumb"},"inLanguage":"en-US","potentialAction":[{"@type":"ReadAction","target":["https:\/\/leger360.com\/en\/jacques-robert\/"]}]},{"@type":"BreadcrumbList","@id":"https:\/\/leger360.com\/en\/jacques-robert\/#breadcrumb","itemListElement":[{"@type":"ListItem","position":1,"name":"Home","item":"https:\/\/leger360.com\/en\/"},{"@type":"ListItem","position":2,"name":"Jacques Robert"}]},{"@type":"WebSite","@id":"https:\/\/leger360.com\/en\/#website","url":"https:\/\/leger360.com\/en\/","name":"Leger","description":"Market Research | Data Analytics","publisher":{"@id":"https:\/\/leger360.com\/en\/#organization"},"potentialAction":[{"@type":"SearchAction","target":{"@type":"EntryPoint","urlTemplate":"https:\/\/leger360.com\/en\/?s={search_term_string}"},"query-input":{"@type":"PropertyValueSpecification","valueRequired":true,"valueName":"search_term_string"}}],"inLanguage":"en-US"},{"@type":"Organization","@id":"https:\/\/leger360.com\/en\/#organization","name":"Leger","url":"https:\/\/leger360.com\/en\/","logo":{"@type":"ImageObject","inLanguage":"en-US","@id":"https:\/\/leger360.com\/en\/#\/schema\/logo\/image\/","url":"https:\/\/leger360.com\/wp-content\/uploads\/2024\/04\/2022-Logo-Leger-Blackred-g.png","contentUrl":"https:\/\/leger360.com\/wp-content\/uploads\/2024\/04\/2022-Logo-Leger-Blackred-g.png","width":1195,"height":686,"caption":"Leger"},"image":{"@id":"https:\/\/leger360.com\/en\/#\/schema\/logo\/image\/"},"sameAs":["https:\/\/www.facebook.com\/leger360\/","https:\/\/x.com\/leger360","https:\/\/www.linkedin.com\/company\/leger360\/"],"description":"Leger is one of North America\u2019s fastest-growing market research companies, known for our forward-thinking experts and innovative approaches powered by artificial intelligence (AI) technologies."}]}},"_links":{"self":[{"href":"https:\/\/leger360.com\/en\/wp-json\/wp\/v2\/pages\/27985","targetHints":{"allow":["GET"]}}],"collection":[{"href":"https:\/\/leger360.com\/en\/wp-json\/wp\/v2\/pages"}],"about":[{"href":"https:\/\/leger360.com\/en\/wp-json\/wp\/v2\/types\/page"}],"author":[{"embeddable":true,"href":"https:\/\/leger360.com\/en\/wp-json\/wp\/v2\/users\/10"}],"replies":[{"embeddable":true,"href":"https:\/\/leger360.com\/en\/wp-json\/wp\/v2\/comments?post=27985"}],"version-history":[{"count":0,"href":"https:\/\/leger360.com\/en\/wp-json\/wp\/v2\/pages\/27985\/revisions"}],"wp:attachment":[{"href":"https:\/\/leger360.com\/en\/wp-json\/wp\/v2\/media?parent=27985"}],"curies":[{"name":"wp","href":"https:\/\/api.w.org\/{rel}","templated":true}]}}