{"id":3555,"date":"2023-11-07T17:50:57","date_gmt":"2023-11-07T17:50:57","guid":{"rendered":"https:\/\/leger360.com\/?page_id=3555"},"modified":"2025-08-11T03:17:28","modified_gmt":"2025-08-11T07:17:28","slug":"terms-of-use","status":"publish","type":"page","link":"https:\/\/leger360.com\/en\/terms-of-use\/","title":{"rendered":"Terms of Use"},"content":{"rendered":"<p>[et_pb_section fb_built=&#8221;1&#8243; admin_label=&#8221;section&#8221; _builder_version=&#8221;4.16&#8243; global_colors_info=&#8221;{}&#8221;][et_pb_row admin_label=&#8221;row&#8221; _builder_version=&#8221;4.16&#8243; background_size=&#8221;initial&#8221; background_position=&#8221;top_left&#8221; background_repeat=&#8221;repeat&#8221; global_colors_info=&#8221;{}&#8221;][et_pb_column type=&#8221;4_4&#8243; _builder_version=&#8221;4.16&#8243; custom_padding=&#8221;|||&#8221; global_colors_info=&#8221;{}&#8221; custom_padding__hover=&#8221;|||&#8221;][et_pb_text _builder_version=&#8221;4.27.4&#8243; _module_preset=&#8221;10548b23-6ede-4eab-a654-510ad96b6d29&#8243; global_colors_info=&#8221;{}&#8221; hover_enabled=&#8221;0&#8243; sticky_enabled=&#8221;0&#8243;]<\/p>\n<h1>Terms of <span style=\"color: #ed1c2f;\">Use<\/span><\/h1>\n<p>[\/et_pb_text][et_pb_text admin_label=&#8221;Text&#8221; _builder_version=&#8221;4.23.3&#8243; text_font=&#8221;Aptos||||||||&#8221; header_font_size=&#8221;40px&#8221; header_2_font=&#8221;Aptos||||||||&#8221; header_2_font_size=&#8221;20px&#8221; header_3_font=&#8221;|600|||||||&#8221; background_size=&#8221;initial&#8221; background_position=&#8221;top_left&#8221; background_repeat=&#8221;repeat&#8221; global_colors_info=&#8221;{}&#8221;]<\/p>\n<h3><b>Terms of Use<\/b><\/h3>\n<p><span style=\"font-weight: 400;\">Welcome to the site (<\/span><a href=\"https:\/\/www.leger360.com\"><span style=\"font-weight: 400;\">www.leger360.com<\/span><\/a><span style=\"font-weight: 400;\">) operated by Leger Marketing Inc. (&#8220;<\/span><b>Leger<\/b><span style=\"font-weight: 400;\">&#8220;) and its affiliates\/subsidiaries (the <\/span><span style=\"font-weight: 400;\">&#8220;<\/span><b>Site<\/b><span style=\"font-weight: 400;\">&#8220;<\/span><span style=\"font-weight: 400;\">).\u00a0 The use of this Site is subject to certain Terms of Use (the &#8220;<\/span><b>Terms<\/b><span style=\"font-weight: 400;\">&#8220;) which govern your use of the Site. Please review the Terms carefully. By using this Site, you acknowledge that you have read, understood and accept the Terms. We may amend these Terms from time to time. If we do, we will publish the changes on the Site without notice to you. Your continued use of any of the Site constitutes your acceptance of these Terms.<\/span><\/p>\n<h3><b>Privacy\u00a0<\/b><\/h3>\n<p><span style=\"font-weight: 400;\">Leger\u2019s Privacy Policy governs how user information is collected and used. By using the Site, you are signifying your acknowledgement of and agreement with our <\/span><a href=\"https:\/\/leger360.com\/en\/privacy-policy\/\"><span style=\"font-weight: 400;\">Privacy Policy<\/span><\/a><span style=\"font-weight: 400;\">.\u00a0<\/span><\/p>\n<h3><b>Permission to Use Documents<\/b><\/h3>\n<p><span style=\"font-weight: 400;\">Documents appearing on this Site (the <\/span><span style=\"font-weight: 400;\">&#8220;<\/span><b>Documents<\/b><span style=\"font-weight: 400;\">&#8220;<\/span><span style=\"font-weight: 400;\">) are deemed to be in the public domain and therefore may be used in whole or in part, as long as attribution is made to Leger for the work conducted.\u00a0Individuals and\/or organizations, wherever possible and appropriate, should indicate the release date, methodology used, according to industry standards, and a link to Leger\u2019s Site where the Documents can be obtained. Leger shall not be responsible for any third party\u2019s use or interpretation of the findings; however, if such use and interpretation is deemed to be inappropriate, improper, offensive, a misrepresentation or reproduced for the purpose of commercial means, Leger may take appropriate legal action and\/or take steps to publicly correct the relevant record.\u00a0<\/span><\/p>\n<h3><b>Outside Sites and Linking<\/b><\/h3>\n<p><span style=\"font-weight: 400;\">Our Site may contain links to third-party websites. However, we do not control these third-party websites and are not responsible for the content of such websites. Linking to such third-party websites is at your own risk, as we do not verify or investigate the information contained within them.<\/span><\/p>\n<h3><b>Copyright and Trademark<\/b><\/h3>\n<p><span style=\"font-weight: 400;\">Your use of the Site is limited to personal and non-commercial use only, unless other use by you is specifically permitted by Leger in writing. You may not copy, modify, reuse, transmit, distribute or re-post any information from our Site in whole or in part without our prior written permission. The content shown on the Site is protected by copyright, trademark and other laws. You must comply with all such laws and applicable copyright, trademark or other legal notices and restrictions.\u00a0<\/span><\/p>\n<p><span style=\"font-weight: 400;\">All trademarks, marks and trade names used on the Site (collectively, the &#8220;<\/span><b>Marks<\/b><span style=\"font-weight: 400;\">&#8220;) are solely owned by Leger.\u00a0The Marks may not be used in connection with any product or service that is not a product or service of Leger or that is likely to cause confusion among customers, or that in any manner disparages or discredits Leger.<\/span><\/p>\n<h3><b>Disclaimer\u00a0<\/b><\/h3>\n<p><span style=\"font-weight: 400;\">While Leger attempts to keep the information, materials and processes on this Site as current, complete and accurate as possible, we do not guarantee the accuracy, completeness and quality at all times. Leger makes no guarantee that access to this Site will be uninterrupted, error-free or free from viruses or other harmful code. The documents, information and graphics published on this Site may include technical errors. Leger shall not be bound by any errors or omissions contained in this Site with respect to any services offered on this Site. Information herein may be changed, removed or updated at any time without notice and for any reason. All materials and information posted to this Site are intended to be used for informational purposes only. Any content accessed, downloaded or otherwise obtained on or through the use of the Site is used at your own discretion and risk. Leger shall have no responsibility for any damage to your computer system or loss of data that results from the download or use of content. You assume the entire risk of relying on this information. This information is supplied to you on the condition that you or any other person receiving this information will make their own determination as to its suitability for any purpose prior to any use of this information.<\/span><\/p>\n<p><span style=\"font-weight: 400;\">The information, services, products, software and materials contained or offered in this Site are provided on an &#8220;as is&#8221; basis with no warranty. To the maximum extent permitted by law, Leger disclaims all representations and warranties, express or implied, with respect to such information, services, products, software and materials, including, but not limited to, warranties of merchantability, fitness for a particular purpose, title, noninfringement, freedom from computer virus or other harmful code, and implied warranties arising from course of dealing, usage, reliance\u00a0or trade practice.<\/span><\/p>\n<h3><b>Limitation of Liability<\/b><\/h3>\n<p><span style=\"font-weight: 400;\">In no event shall Leger be liable for any direct, indirect, special, punitive, exemplary, incidental, or consequential damages, or any damages whatsoever. In no event shall Leger, its agents, shareholders, employees, or officers have any obligations or liabilities to you or any other person for loss of profits, for loss of business or use, or for incidental, special or consequential damages, whether based on contract, tort (including negligence), or any other theory or form of action, even if we or our subsidiaries have been advised of the possibility of such damages, whether in an action under contract, negligence, or any other theory, arising out of or in connection with the use or inability to use the information, services, products, software and materials available from this Site. No action or proceeding may be brought against Leger or its subsidiaries with respect to any claim or dispute arising from the use of or reliance on this site or any information thereon.<\/span><\/p>\n<h3><b>Indemnity<\/b><\/h3>\n<p><span style=\"font-weight: 400;\">You agree to indemnify and hold harmless Leger, its officers, directors, employees, contractors, and agents from and against any and all claims, liabilities, damages, demands, losses costs and expenses, including reasonable attorneys&#8217; fees and costs, due to or arising out of or in connection with your violation of these Terms or your violation or infringement of any third-party rights, including intellectual property rights and any laws.<\/span><\/p>\n<h3><b>Termination<\/b><\/h3>\n<p><span style=\"font-weight: 400;\">Leger may terminate your access or suspend any access to all or part of the Site, without notice, for any conduct that Leger, in its sole discretion, believes is in violation of any applicable law or these Terms, or is harmful to the interests of another user, a third party, a merchant, a sponsor, a licensor, a service provider, or the Site.<\/span><\/p>\n<h3><b>Governing Law<\/b><\/h3>\n<p><span style=\"font-weight: 400;\">These Terms and any dispute or claim arising out of or in connection with these Terms or their subject matter (including non-contractual disputes or claims) are subject to the laws of the Province of Qu\u00e9bec, Canada, and the federal laws of Canada, and to the jurisdiction of the courts of Montr\u00e9al, Qu\u00e9bec, Canada (without applying conflict of law principles). If any of these Terms is unlawful, void or unenforceable, this will not affect the validity and enforceability of any remaining provisions. Our failure to insist upon or enforce strict performance of any provision(s) of these Terms does not constitute a waiver of another provision or a waiver of the same provision for another occasion.\u00a0<\/span><\/p>\n<h3><b>Contact Us<\/b><\/h3>\n<p><span style=\"font-weight: 400;\">If you have any questions regarding these Terms, please do not hesitate to\u00a0<\/span><a href=\"https:\/\/leger360.com\/en\/contact-us\/\"><span style=\"font-weight: 400;\">contact us<\/span><\/a><span style=\"font-weight: 400;\"><a href=\"https:\/\/leger360.com\/en\/contact-us\/\">\u00a0<\/a>or write to us at:\u00a0<\/span><a href=\"mailto:info@leger360.com\" target=\"_blank\" rel=\"noopener\"><span style=\"font-weight: 400;\">info@leger360.com<\/span><\/a><span style=\"font-weight: 400;\">.\u00a0<\/span><\/p>\n<p>[\/et_pb_text][\/et_pb_column][\/et_pb_row][\/et_pb_section]<\/p>\n","protected":false},"excerpt":{"rendered":"<p>Terms of UseTerms of Use Welcome to the site (www.leger360.com) operated by Leger Marketing Inc. (&#8220;Leger&#8221;) and its affiliates\/subsidiaries (the &#8220;Site&#8221;).\u00a0 The use of this Site is subject to certain Terms of Use (the &#8220;Terms&#8221;) which govern your use of the Site. Please review the Terms carefully. By using this Site, you acknowledge that you have read, understood and accept the Terms. We may amend these Terms from time to time. If we do, we will publish the changes on the Site without notice to you. Your continued use of any of the Site constitutes your acceptance of these Terms. Privacy\u00a0 Leger\u2019s Privacy Policy governs how user information is collected and used. By using the Site, you are signifying your acknowledgement of and agreement with our Privacy Policy.\u00a0 Permission to Use Documents Documents appearing on this Site (the &#8220;Documents&#8221;) are deemed to be in the public domain and therefore may be used in whole or in part, as long as attribution is made to Leger for the work conducted.\u00a0Individuals and\/or organizations, wherever possible and appropriate, should indicate the release date, methodology used, according to industry standards, and a link to Leger\u2019s Site where the Documents can be obtained. Leger shall [&hellip;]<\/p>\n","protected":false},"author":2,"featured_media":0,"parent":0,"menu_order":0,"comment_status":"closed","ping_status":"closed","template":"","meta":{"_acf_changed":false,"_et_pb_use_builder":"on","_et_pb_old_content":"","_et_gb_content_width":"","content-type":"","inline_featured_image":false,"footnotes":""},"class_list":["post-3555","page","type-page","status-publish","hentry"],"acf":[],"yoast_head":"<!-- This site is optimized with the Yoast SEO Premium plugin v27.3 (Yoast SEO v27.3) - https:\/\/yoast.com\/product\/yoast-seo-premium-wordpress\/ -->\n<title>Terms of Use - Leger<\/title>\n<meta name=\"description\" content=\"The use of this Site is subject to certain Terms of Use (the \u201cTerms\u201c) which govern your use of the Site. Please review the Terms carefully.\" \/>\n<meta name=\"robots\" content=\"index, follow, max-snippet:-1, max-image-preview:large, max-video-preview:-1\" \/>\n<link rel=\"canonical\" href=\"https:\/\/leger360.com\/en\/terms-of-use\/\" \/>\n<meta property=\"og:locale\" content=\"en_US\" \/>\n<meta property=\"og:type\" content=\"article\" \/>\n<meta property=\"og:title\" content=\"Terms of Use\" \/>\n<meta property=\"og:description\" content=\"The use of this Site is subject to certain Terms of Use (the \u201cTerms\u201c) which govern your use of the Site. Please review the Terms carefully.\" \/>\n<meta property=\"og:url\" content=\"https:\/\/leger360.com\/en\/terms-of-use\/\" \/>\n<meta property=\"og:site_name\" content=\"Leger\" \/>\n<meta property=\"article:publisher\" content=\"https:\/\/www.facebook.com\/leger360\/\" \/>\n<meta property=\"article:modified_time\" content=\"2025-08-11T07:17:28+00:00\" \/>\n<meta property=\"og:image\" content=\"https:\/\/leger360.com\/wp-content\/uploads\/2024\/04\/leger-feature-img-home.png\" \/>\n\t<meta property=\"og:image:width\" content=\"1354\" \/>\n\t<meta property=\"og:image:height\" content=\"872\" \/>\n\t<meta property=\"og:image:type\" content=\"image\/png\" \/>\n<meta name=\"twitter:card\" content=\"summary_large_image\" \/>\n<meta name=\"twitter:site\" content=\"@leger360\" \/>\n<meta name=\"twitter:label1\" content=\"Est. reading time\" \/>\n\t<meta name=\"twitter:data1\" content=\"6 minutes\" \/>\n<script type=\"application\/ld+json\" class=\"yoast-schema-graph\">{\"@context\":\"https:\\\/\\\/schema.org\",\"@graph\":[{\"@type\":\"WebPage\",\"@id\":\"https:\\\/\\\/leger360.com\\\/en\\\/terms-of-use\\\/\",\"url\":\"https:\\\/\\\/leger360.com\\\/en\\\/terms-of-use\\\/\",\"name\":\"Terms of Use - Leger\",\"isPartOf\":{\"@id\":\"https:\\\/\\\/leger360.com\\\/en\\\/#website\"},\"datePublished\":\"2023-11-07T17:50:57+00:00\",\"dateModified\":\"2025-08-11T07:17:28+00:00\",\"description\":\"The use of this Site is subject to certain Terms of Use (the \u201cTerms\u201c) which govern your use of the Site. Please review the Terms carefully.\",\"breadcrumb\":{\"@id\":\"https:\\\/\\\/leger360.com\\\/en\\\/terms-of-use\\\/#breadcrumb\"},\"inLanguage\":\"en-US\",\"potentialAction\":[{\"@type\":\"ReadAction\",\"target\":[\"https:\\\/\\\/leger360.com\\\/en\\\/terms-of-use\\\/\"]}]},{\"@type\":\"BreadcrumbList\",\"@id\":\"https:\\\/\\\/leger360.com\\\/en\\\/terms-of-use\\\/#breadcrumb\",\"itemListElement\":[{\"@type\":\"ListItem\",\"position\":1,\"name\":\"Home\",\"item\":\"https:\\\/\\\/leger360.com\\\/en\\\/\"},{\"@type\":\"ListItem\",\"position\":2,\"name\":\"Terms of Use\"}]},{\"@type\":\"WebSite\",\"@id\":\"https:\\\/\\\/leger360.com\\\/en\\\/#website\",\"url\":\"https:\\\/\\\/leger360.com\\\/en\\\/\",\"name\":\"Leger\",\"description\":\"Market Research | Data Analytics\",\"publisher\":{\"@id\":\"https:\\\/\\\/leger360.com\\\/en\\\/#organization\"},\"potentialAction\":[{\"@type\":\"SearchAction\",\"target\":{\"@type\":\"EntryPoint\",\"urlTemplate\":\"https:\\\/\\\/leger360.com\\\/en\\\/?s={search_term_string}\"},\"query-input\":{\"@type\":\"PropertyValueSpecification\",\"valueRequired\":true,\"valueName\":\"search_term_string\"}}],\"inLanguage\":\"en-US\"},{\"@type\":\"Organization\",\"@id\":\"https:\\\/\\\/leger360.com\\\/en\\\/#organization\",\"name\":\"Leger\",\"url\":\"https:\\\/\\\/leger360.com\\\/en\\\/\",\"logo\":{\"@type\":\"ImageObject\",\"inLanguage\":\"en-US\",\"@id\":\"https:\\\/\\\/leger360.com\\\/en\\\/#\\\/schema\\\/logo\\\/image\\\/\",\"url\":\"https:\\\/\\\/leger360.com\\\/wp-content\\\/uploads\\\/2024\\\/04\\\/2022-Logo-Leger-Blackred-g.png\",\"contentUrl\":\"https:\\\/\\\/leger360.com\\\/wp-content\\\/uploads\\\/2024\\\/04\\\/2022-Logo-Leger-Blackred-g.png\",\"width\":1195,\"height\":686,\"caption\":\"Leger\"},\"image\":{\"@id\":\"https:\\\/\\\/leger360.com\\\/en\\\/#\\\/schema\\\/logo\\\/image\\\/\"},\"sameAs\":[\"https:\\\/\\\/www.facebook.com\\\/leger360\\\/\",\"https:\\\/\\\/x.com\\\/leger360\",\"https:\\\/\\\/www.linkedin.com\\\/company\\\/leger360\\\/\"],\"description\":\"Leger is one of North America\u2019s fastest-growing market research companies, known for our forward-thinking experts and innovative approaches powered by artificial intelligence (AI) technologies.\"}]}<\/script>\n<!-- \/ Yoast SEO Premium plugin. -->","yoast_head_json":{"title":"Terms of Use - Leger","description":"The use of this Site is subject to certain Terms of Use (the \u201cTerms\u201c) which govern your use of the Site. Please review the Terms carefully.","robots":{"index":"index","follow":"follow","max-snippet":"max-snippet:-1","max-image-preview":"max-image-preview:large","max-video-preview":"max-video-preview:-1"},"canonical":"https:\/\/leger360.com\/en\/terms-of-use\/","og_locale":"en_US","og_type":"article","og_title":"Terms of Use","og_description":"The use of this Site is subject to certain Terms of Use (the \u201cTerms\u201c) which govern your use of the Site. Please review the Terms carefully.","og_url":"https:\/\/leger360.com\/en\/terms-of-use\/","og_site_name":"Leger","article_publisher":"https:\/\/www.facebook.com\/leger360\/","article_modified_time":"2025-08-11T07:17:28+00:00","og_image":[{"width":1354,"height":872,"url":"https:\/\/leger360.com\/wp-content\/uploads\/2024\/04\/leger-feature-img-home.png","type":"image\/png"}],"twitter_card":"summary_large_image","twitter_site":"@leger360","twitter_misc":{"Est. reading time":"6 minutes"},"schema":{"@context":"https:\/\/schema.org","@graph":[{"@type":"WebPage","@id":"https:\/\/leger360.com\/en\/terms-of-use\/","url":"https:\/\/leger360.com\/en\/terms-of-use\/","name":"Terms of Use - Leger","isPartOf":{"@id":"https:\/\/leger360.com\/en\/#website"},"datePublished":"2023-11-07T17:50:57+00:00","dateModified":"2025-08-11T07:17:28+00:00","description":"The use of this Site is subject to certain Terms of Use (the \u201cTerms\u201c) which govern your use of the Site. Please review the Terms carefully.","breadcrumb":{"@id":"https:\/\/leger360.com\/en\/terms-of-use\/#breadcrumb"},"inLanguage":"en-US","potentialAction":[{"@type":"ReadAction","target":["https:\/\/leger360.com\/en\/terms-of-use\/"]}]},{"@type":"BreadcrumbList","@id":"https:\/\/leger360.com\/en\/terms-of-use\/#breadcrumb","itemListElement":[{"@type":"ListItem","position":1,"name":"Home","item":"https:\/\/leger360.com\/en\/"},{"@type":"ListItem","position":2,"name":"Terms of Use"}]},{"@type":"WebSite","@id":"https:\/\/leger360.com\/en\/#website","url":"https:\/\/leger360.com\/en\/","name":"Leger","description":"Market Research | Data Analytics","publisher":{"@id":"https:\/\/leger360.com\/en\/#organization"},"potentialAction":[{"@type":"SearchAction","target":{"@type":"EntryPoint","urlTemplate":"https:\/\/leger360.com\/en\/?s={search_term_string}"},"query-input":{"@type":"PropertyValueSpecification","valueRequired":true,"valueName":"search_term_string"}}],"inLanguage":"en-US"},{"@type":"Organization","@id":"https:\/\/leger360.com\/en\/#organization","name":"Leger","url":"https:\/\/leger360.com\/en\/","logo":{"@type":"ImageObject","inLanguage":"en-US","@id":"https:\/\/leger360.com\/en\/#\/schema\/logo\/image\/","url":"https:\/\/leger360.com\/wp-content\/uploads\/2024\/04\/2022-Logo-Leger-Blackred-g.png","contentUrl":"https:\/\/leger360.com\/wp-content\/uploads\/2024\/04\/2022-Logo-Leger-Blackred-g.png","width":1195,"height":686,"caption":"Leger"},"image":{"@id":"https:\/\/leger360.com\/en\/#\/schema\/logo\/image\/"},"sameAs":["https:\/\/www.facebook.com\/leger360\/","https:\/\/x.com\/leger360","https:\/\/www.linkedin.com\/company\/leger360\/"],"description":"Leger is one of North America\u2019s fastest-growing market research companies, known for our forward-thinking experts and innovative approaches powered by artificial intelligence (AI) technologies."}]}},"_links":{"self":[{"href":"https:\/\/leger360.com\/en\/wp-json\/wp\/v2\/pages\/3555","targetHints":{"allow":["GET"]}}],"collection":[{"href":"https:\/\/leger360.com\/en\/wp-json\/wp\/v2\/pages"}],"about":[{"href":"https:\/\/leger360.com\/en\/wp-json\/wp\/v2\/types\/page"}],"author":[{"embeddable":true,"href":"https:\/\/leger360.com\/en\/wp-json\/wp\/v2\/users\/2"}],"replies":[{"embeddable":true,"href":"https:\/\/leger360.com\/en\/wp-json\/wp\/v2\/comments?post=3555"}],"version-history":[{"count":0,"href":"https:\/\/leger360.com\/en\/wp-json\/wp\/v2\/pages\/3555\/revisions"}],"wp:attachment":[{"href":"https:\/\/leger360.com\/en\/wp-json\/wp\/v2\/media?parent=3555"}],"curies":[{"name":"wp","href":"https:\/\/api.w.org\/{rel}","templated":true}]}}