{"id":3748,"date":"2023-11-21T01:32:44","date_gmt":"2023-11-21T01:32:44","guid":{"rendered":"https:\/\/leger360.com\/?page_id=3748"},"modified":"2025-08-08T07:17:29","modified_gmt":"2025-08-08T11:17:29","slug":"jean-sebastien-simard","status":"publish","type":"page","link":"https:\/\/leger360.com\/en\/jean-sebastien-simard\/","title":{"rendered":"Jean-S\u00e9bastien Simard"},"content":{"rendered":"<p>[et_pb_section fb_built=&#8221;1&#8243; custom_padding_last_edited=&#8221;on|phone&#8221; admin_label=&#8221;Team&#8221; _builder_version=&#8221;4.23.4&#8243; use_background_color_gradient=&#8221;on&#8221; background_color_gradient_stops=&#8221;rgba(255,255,255,0.75) 45%|#ffffff 100%&#8221; background_color_gradient_overlays_image=&#8221;on&#8221; background_image=&#8221;https:\/\/leger360.com\/wp-content\/uploads\/2023\/10\/gradient_gris_02.png&#8221; custom_margin=&#8221;|||&#8221; custom_padding=&#8221;54px|0px|50px|0px||&#8221; custom_padding_tablet=&#8221;54px|0px|100px|0px||&#8221; custom_padding_phone=&#8221;54px|0px|50px|0px|false|false&#8221; global_colors_info=&#8221;{}&#8221;][et_pb_row column_structure=&#8221;2_5,3_5&#8243; custom_padding_last_edited=&#8221;on|tablet&#8221; _builder_version=&#8221;4.23.1&#8243; _module_preset=&#8221;default&#8221; background_color=&#8221;#FFFFFF&#8221; width_tablet=&#8221;&#8221; width_phone=&#8221;90%&#8221; width_last_edited=&#8221;on|phone&#8221; custom_padding=&#8221;54px|54px|54px|54px|true|true&#8221; custom_padding_tablet=&#8221;54px|54px|54px|54px|true|true&#8221; custom_padding_phone=&#8221;0px|35px|25px|35px|false|true&#8221; border_radii=&#8221;on|15px|15px|15px|15px&#8221; box_shadow_style=&#8221;preset3&#8243; locked=&#8221;off&#8221; global_colors_info=&#8221;{}&#8221;][et_pb_column type=&#8221;2_5&#8243; _builder_version=&#8221;4.22.2&#8243; _module_preset=&#8221;default&#8221; global_colors_info=&#8221;{}&#8221;][et_pb_image src=&#8221;https:\/\/leger360.com\/wp-content\/uploads\/2023\/11\/Jean-Sebastien_Simard-2.png&#8221; title_text=&#8221;Jean-Sebastien_Simard&#8221; _builder_version=&#8221;4.23.1&#8243; _module_preset=&#8221;default&#8221; width=&#8221;100%&#8221; global_colors_info=&#8221;{}&#8221;][\/et_pb_image][et_pb_text _builder_version=&#8221;4.27.4&#8243; _module_preset=&#8221;d5e3a51d-fa3a-487e-9745-43d4b2b47c37&#8243; global_colors_info=&#8221;{}&#8221; hover_enabled=&#8221;0&#8243; sticky_enabled=&#8221;0&#8243;]<\/p>\n<h1><span data-sheets-value=\"{&quot;1&quot;:2,&quot;2&quot;:&quot;Jean-S\u00e9bastien Simard &quot;}\" data-sheets-userformat=\"{&quot;2&quot;:14337,&quot;3&quot;:{&quot;1&quot;:0,&quot;3&quot;:1},&quot;14&quot;:{&quot;1&quot;:3,&quot;3&quot;:1},&quot;15&quot;:&quot;Calibri&quot;,&quot;16&quot;:11}\">Jean-S\u00e9bastien Simard <\/span><\/h1>\n<p>[\/et_pb_text][et_pb_text _builder_version=&#8221;4.23.1&#8243; _module_preset=&#8221;28cfcf78-1bee-4815-a9d5-6caa8f7a4b47&#8243; text_font=&#8221;Aptos||||||||&#8221; text_text_color=&#8221;#000000&#8243; text_line_height=&#8221;1.5em&#8221; width=&#8221;100%&#8221; width_tablet=&#8221;100%&#8221; width_phone=&#8221;100%&#8221; width_last_edited=&#8221;on|desktop&#8221; custom_margin=&#8221;0px||15px||false|false&#8221; custom_padding=&#8221;0px||||false|false&#8221; locked=&#8221;off&#8221; global_colors_info=&#8221;{}&#8221;]<\/p>\n<p><span data-sheets-value=\"{&quot;1&quot;:2,&quot;2&quot;:&quot;Executive Vice-President, Leger Opinion&quot;}\" data-sheets-userformat=\"{&quot;2&quot;:14337,&quot;3&quot;:{&quot;1&quot;:0,&quot;3&quot;:1},&quot;14&quot;:{&quot;1&quot;:3,&quot;3&quot;:1},&quot;15&quot;:&quot;Calibri&quot;,&quot;16&quot;:11}\">Executive Vice-President, Leger Opinion<\/span><\/p>\n<p>[\/et_pb_text][et_pb_social_media_follow _builder_version=&#8221;4.23.1&#8243; _module_preset=&#8221;default&#8221; custom_margin=&#8221;||||false|false&#8221; custom_padding=&#8221;0px||||false|false&#8221; global_colors_info=&#8221;{}&#8221;][et_pb_social_media_follow_network social_network=&#8221;linkedin&#8221; url=&#8221;https:\/\/www.linkedin.com\/in\/jean-s%C3%A9bastien-simard-28312912\/?originalSubdomain=ca&#8221; _builder_version=&#8221;4.23.1&#8243; _module_preset=&#8221;default&#8221; background_color=&#8221;#2E2E30&#8243; background_enable_color=&#8221;on&#8221; global_colors_info=&#8221;{}&#8221; background__hover_enabled=&#8221;on|desktop&#8221; background_color__hover=&#8221;#ED1C24&#8243; background_enable_color__hover=&#8221;on&#8221; follow_button=&#8221;off&#8221; url_new_window=&#8221;on&#8221;]linkedin[\/et_pb_social_media_follow_network][\/et_pb_social_media_follow][\/et_pb_column][et_pb_column type=&#8221;3_5&#8243; _builder_version=&#8221;4.22.2&#8243; _module_preset=&#8221;default&#8221; global_colors_info=&#8221;{}&#8221;][et_pb_text _builder_version=&#8221;4.23.1&#8243; _module_preset=&#8221;28cfcf78-1bee-4815-a9d5-6caa8f7a4b47&#8243; text_font=&#8221;Aptos||||||||&#8221; text_text_color=&#8221;#000000&#8243; text_line_height=&#8221;1.5em&#8221; width=&#8221;100%&#8221; width_tablet=&#8221;100%&#8221; width_phone=&#8221;100%&#8221; width_last_edited=&#8221;on|desktop&#8221; custom_margin=&#8221;0px||25px||false|false&#8221; custom_padding=&#8221;10%||||false|false&#8221; custom_padding_tablet=&#8221;0px||||false|false&#8221; custom_padding_phone=&#8221;0px||||false|false&#8221; custom_padding_last_edited=&#8221;on|phone&#8221; locked=&#8221;off&#8221; global_colors_info=&#8221;{}&#8221;]<\/p>\n<p><span style=\"font-weight: 400;\">As an executive vice-president and partner, Jean-S\u00e9bastien has been responsible for the Leger Opinion (LEO) team since 2015 and now leads a team of nearly 20 full-time employees. Leger Opinion is a team that specializes in data collection with more than 250 client accounts. Since 2015, the team has experienced tremendous growth that surpasses industry standards.<\/span><\/p>\n<p><span style=\"font-weight: 400;\">Jean-S\u00e9bastien began his career at Leger in 1993 as an interviewer. He has developed unparalleled expertise in the management of Leger\u2019s operations over the years. He has also developed his expertise in large-scale international mandates, particularly in Africa, Europe and Asia when he was the vice-president of operations.<\/span><\/p>\n<p><span style=\"font-weight: 400;\">Being part of the significant growth of the Leger Opinion team across the Canadian market and witnessing the accomplishments and development of its team members in continuous evolution makes him a proud leader. His greatest achievement within the company has been developing Leger Opinion\u2019s business model, which now allows us to offer quality data collection services and access to a recognized web panel to external clients.<\/span><\/p>\n<p>[\/et_pb_text][\/et_pb_column][\/et_pb_row][et_pb_row _builder_version=&#8221;4.23.1&#8243; _module_preset=&#8221;default&#8221; global_colors_info=&#8221;{}&#8221;][et_pb_column type=&#8221;4_4&#8243; _builder_version=&#8221;4.23.1&#8243; _module_preset=&#8221;default&#8221; global_colors_info=&#8221;{}&#8221;][et_pb_button button_url=&#8221;@ET-DC@eyJkeW5hbWljIjp0cnVlLCJjb250ZW50IjoicG9zdF9saW5rX3VybF9wYWdlIiwic2V0dGluZ3MiOnsicG9zdF9pZCI6IjM3MDEifX0=@&#8221; button_text=&#8221;Back to Our Team&#8221; button_alignment=&#8221;center&#8221; _builder_version=&#8221;4.24.3&#8243; _dynamic_attributes=&#8221;button_url&#8221; _module_preset=&#8221;23e0c1f6-a6f5-4637-87d8-5c62b045dcaf&#8221; button_icon=&#8221;&#x23;||divi||400&#8243; button_icon_placement=&#8221;left&#8221; locked=&#8221;off&#8221; global_colors_info=&#8221;{}&#8221; button_custom_margin_tablet=&#8221;0px||||false|false&#8221; button_custom_margin_phone=&#8221;0px||||false|false&#8221; button_custom_margin_last_edited=&#8221;on|desktop&#8221; button_bg_enable_color__hover=&#8221;on&#8221;][\/et_pb_button][\/et_pb_column][\/et_pb_row][\/et_pb_section]<\/p>\n","protected":false},"excerpt":{"rendered":"<p>Jean-S\u00e9bastien Simard Executive Vice-President, Leger OpinionAs an executive vice-president and partner, Jean-S\u00e9bastien has been responsible for the Leger Opinion (LEO) team since 2015 and now leads a team of nearly 20 full-time employees. Leger Opinion is a team that specializes in data collection with more than 250 client accounts. Since 2015, the team has experienced tremendous growth that surpasses industry standards. Jean-S\u00e9bastien began his career at Leger in 1993 as an interviewer. He has developed unparalleled expertise in the management of Leger\u2019s operations over the years. He has also developed his expertise in large-scale international mandates, particularly in Africa, Europe and Asia when he was the vice-president of operations. Being part of the significant growth of the Leger Opinion team across the Canadian market and witnessing the accomplishments and development of its team members in continuous evolution makes him a proud leader. His greatest achievement within the company has been developing Leger Opinion\u2019s business model, which now allows us to offer quality data collection services and access to a recognized web panel to external clients.<\/p>\n","protected":false},"author":2,"featured_media":0,"parent":0,"menu_order":0,"comment_status":"closed","ping_status":"closed","template":"","meta":{"_acf_changed":false,"_et_pb_use_builder":"on","_et_pb_old_content":"","_et_gb_content_width":"","content-type":"","inline_featured_image":false,"footnotes":""},"class_list":["post-3748","page","type-page","status-publish","hentry"],"acf":[],"yoast_head":"<!-- This site is optimized with the Yoast SEO Premium plugin v27.3 (Yoast SEO v27.3) - https:\/\/yoast.com\/product\/yoast-seo-premium-wordpress\/ -->\n<title>Jean-S\u00e9bastien Simard - Leger<\/title>\n<meta name=\"robots\" content=\"index, follow, max-snippet:-1, max-image-preview:large, max-video-preview:-1\" \/>\n<link rel=\"canonical\" href=\"https:\/\/leger360.com\/en\/jean-sebastien-simard\/\" \/>\n<meta property=\"og:locale\" content=\"en_US\" \/>\n<meta property=\"og:type\" content=\"article\" \/>\n<meta property=\"og:title\" content=\"Jean-S\u00e9bastien Simard\" \/>\n<meta property=\"og:description\" content=\"Jean-S\u00e9bastien Simard Executive Vice-President, Leger OpinionAs an executive vice-president and partner, Jean-S\u00e9bastien has been responsible for the Leger Opinion (LEO) team since 2015 and now leads a team of nearly 20 full-time employees. Leger Opinion is a team that specializes in data collection with more than 250 client accounts. Since 2015, the team has experienced tremendous growth that surpasses industry standards. Jean-S\u00e9bastien began his career at Leger in 1993 as an interviewer. He has developed unparalleled expertise in the management of Leger\u2019s operations over the years. He has also developed his expertise in large-scale international mandates, particularly in Africa, Europe and Asia when he was the vice-president of operations. Being part of the significant growth of the Leger Opinion team across the Canadian market and witnessing the accomplishments and development of its team members in continuous evolution makes him a proud leader. His greatest achievement within the company has been developing Leger Opinion\u2019s business model, which now allows us to offer quality data collection services and access to a recognized web panel to external clients.\" \/>\n<meta property=\"og:url\" content=\"https:\/\/leger360.com\/en\/jean-sebastien-simard\/\" \/>\n<meta property=\"og:site_name\" content=\"Leger\" \/>\n<meta property=\"article:publisher\" content=\"https:\/\/www.facebook.com\/leger360\/\" \/>\n<meta property=\"article:modified_time\" content=\"2025-08-08T11:17:29+00:00\" \/>\n<meta property=\"og:image\" content=\"https:\/\/leger360.com\/wp-content\/uploads\/2024\/04\/leger-feature-img-home.png\" \/>\n\t<meta property=\"og:image:width\" content=\"1354\" \/>\n\t<meta property=\"og:image:height\" content=\"872\" \/>\n\t<meta property=\"og:image:type\" content=\"image\/png\" \/>\n<meta name=\"twitter:card\" content=\"summary_large_image\" \/>\n<meta name=\"twitter:site\" content=\"@leger360\" \/>\n<meta name=\"twitter:label1\" content=\"Est. reading time\" \/>\n\t<meta name=\"twitter:data1\" content=\"4 minutes\" \/>\n<script type=\"application\/ld+json\" class=\"yoast-schema-graph\">{\"@context\":\"https:\\\/\\\/schema.org\",\"@graph\":[{\"@type\":\"WebPage\",\"@id\":\"https:\\\/\\\/leger360.com\\\/en\\\/jean-sebastien-simard\\\/\",\"url\":\"https:\\\/\\\/leger360.com\\\/en\\\/jean-sebastien-simard\\\/\",\"name\":\"Jean-S\u00e9bastien Simard - Leger\",\"isPartOf\":{\"@id\":\"https:\\\/\\\/leger360.com\\\/en\\\/#website\"},\"datePublished\":\"2023-11-21T01:32:44+00:00\",\"dateModified\":\"2025-08-08T11:17:29+00:00\",\"breadcrumb\":{\"@id\":\"https:\\\/\\\/leger360.com\\\/en\\\/jean-sebastien-simard\\\/#breadcrumb\"},\"inLanguage\":\"en-US\",\"potentialAction\":[{\"@type\":\"ReadAction\",\"target\":[\"https:\\\/\\\/leger360.com\\\/en\\\/jean-sebastien-simard\\\/\"]}]},{\"@type\":\"BreadcrumbList\",\"@id\":\"https:\\\/\\\/leger360.com\\\/en\\\/jean-sebastien-simard\\\/#breadcrumb\",\"itemListElement\":[{\"@type\":\"ListItem\",\"position\":1,\"name\":\"Home\",\"item\":\"https:\\\/\\\/leger360.com\\\/en\\\/\"},{\"@type\":\"ListItem\",\"position\":2,\"name\":\"Jean-S\u00e9bastien Simard\"}]},{\"@type\":\"WebSite\",\"@id\":\"https:\\\/\\\/leger360.com\\\/en\\\/#website\",\"url\":\"https:\\\/\\\/leger360.com\\\/en\\\/\",\"name\":\"Leger\",\"description\":\"Market Research | Data Analytics\",\"publisher\":{\"@id\":\"https:\\\/\\\/leger360.com\\\/en\\\/#organization\"},\"potentialAction\":[{\"@type\":\"SearchAction\",\"target\":{\"@type\":\"EntryPoint\",\"urlTemplate\":\"https:\\\/\\\/leger360.com\\\/en\\\/?s={search_term_string}\"},\"query-input\":{\"@type\":\"PropertyValueSpecification\",\"valueRequired\":true,\"valueName\":\"search_term_string\"}}],\"inLanguage\":\"en-US\"},{\"@type\":\"Organization\",\"@id\":\"https:\\\/\\\/leger360.com\\\/en\\\/#organization\",\"name\":\"Leger\",\"url\":\"https:\\\/\\\/leger360.com\\\/en\\\/\",\"logo\":{\"@type\":\"ImageObject\",\"inLanguage\":\"en-US\",\"@id\":\"https:\\\/\\\/leger360.com\\\/en\\\/#\\\/schema\\\/logo\\\/image\\\/\",\"url\":\"https:\\\/\\\/leger360.com\\\/wp-content\\\/uploads\\\/2024\\\/04\\\/2022-Logo-Leger-Blackred-g.png\",\"contentUrl\":\"https:\\\/\\\/leger360.com\\\/wp-content\\\/uploads\\\/2024\\\/04\\\/2022-Logo-Leger-Blackred-g.png\",\"width\":1195,\"height\":686,\"caption\":\"Leger\"},\"image\":{\"@id\":\"https:\\\/\\\/leger360.com\\\/en\\\/#\\\/schema\\\/logo\\\/image\\\/\"},\"sameAs\":[\"https:\\\/\\\/www.facebook.com\\\/leger360\\\/\",\"https:\\\/\\\/x.com\\\/leger360\",\"https:\\\/\\\/www.linkedin.com\\\/company\\\/leger360\\\/\"],\"description\":\"Leger is one of North America\u2019s fastest-growing market research companies, known for our forward-thinking experts and innovative approaches powered by artificial intelligence (AI) technologies.\"}]}<\/script>\n<!-- \/ Yoast SEO Premium plugin. -->","yoast_head_json":{"title":"Jean-S\u00e9bastien Simard - Leger","robots":{"index":"index","follow":"follow","max-snippet":"max-snippet:-1","max-image-preview":"max-image-preview:large","max-video-preview":"max-video-preview:-1"},"canonical":"https:\/\/leger360.com\/en\/jean-sebastien-simard\/","og_locale":"en_US","og_type":"article","og_title":"Jean-S\u00e9bastien Simard","og_description":"Jean-S\u00e9bastien Simard Executive Vice-President, Leger OpinionAs an executive vice-president and partner, Jean-S\u00e9bastien has been responsible for the Leger Opinion (LEO) team since 2015 and now leads a team of nearly 20 full-time employees. Leger Opinion is a team that specializes in data collection with more than 250 client accounts. Since 2015, the team has experienced tremendous growth that surpasses industry standards. Jean-S\u00e9bastien began his career at Leger in 1993 as an interviewer. He has developed unparalleled expertise in the management of Leger\u2019s operations over the years. He has also developed his expertise in large-scale international mandates, particularly in Africa, Europe and Asia when he was the vice-president of operations. Being part of the significant growth of the Leger Opinion team across the Canadian market and witnessing the accomplishments and development of its team members in continuous evolution makes him a proud leader. His greatest achievement within the company has been developing Leger Opinion\u2019s business model, which now allows us to offer quality data collection services and access to a recognized web panel to external clients.","og_url":"https:\/\/leger360.com\/en\/jean-sebastien-simard\/","og_site_name":"Leger","article_publisher":"https:\/\/www.facebook.com\/leger360\/","article_modified_time":"2025-08-08T11:17:29+00:00","og_image":[{"width":1354,"height":872,"url":"https:\/\/leger360.com\/wp-content\/uploads\/2024\/04\/leger-feature-img-home.png","type":"image\/png"}],"twitter_card":"summary_large_image","twitter_site":"@leger360","twitter_misc":{"Est. reading time":"4 minutes"},"schema":{"@context":"https:\/\/schema.org","@graph":[{"@type":"WebPage","@id":"https:\/\/leger360.com\/en\/jean-sebastien-simard\/","url":"https:\/\/leger360.com\/en\/jean-sebastien-simard\/","name":"Jean-S\u00e9bastien Simard - Leger","isPartOf":{"@id":"https:\/\/leger360.com\/en\/#website"},"datePublished":"2023-11-21T01:32:44+00:00","dateModified":"2025-08-08T11:17:29+00:00","breadcrumb":{"@id":"https:\/\/leger360.com\/en\/jean-sebastien-simard\/#breadcrumb"},"inLanguage":"en-US","potentialAction":[{"@type":"ReadAction","target":["https:\/\/leger360.com\/en\/jean-sebastien-simard\/"]}]},{"@type":"BreadcrumbList","@id":"https:\/\/leger360.com\/en\/jean-sebastien-simard\/#breadcrumb","itemListElement":[{"@type":"ListItem","position":1,"name":"Home","item":"https:\/\/leger360.com\/en\/"},{"@type":"ListItem","position":2,"name":"Jean-S\u00e9bastien Simard"}]},{"@type":"WebSite","@id":"https:\/\/leger360.com\/en\/#website","url":"https:\/\/leger360.com\/en\/","name":"Leger","description":"Market Research | Data Analytics","publisher":{"@id":"https:\/\/leger360.com\/en\/#organization"},"potentialAction":[{"@type":"SearchAction","target":{"@type":"EntryPoint","urlTemplate":"https:\/\/leger360.com\/en\/?s={search_term_string}"},"query-input":{"@type":"PropertyValueSpecification","valueRequired":true,"valueName":"search_term_string"}}],"inLanguage":"en-US"},{"@type":"Organization","@id":"https:\/\/leger360.com\/en\/#organization","name":"Leger","url":"https:\/\/leger360.com\/en\/","logo":{"@type":"ImageObject","inLanguage":"en-US","@id":"https:\/\/leger360.com\/en\/#\/schema\/logo\/image\/","url":"https:\/\/leger360.com\/wp-content\/uploads\/2024\/04\/2022-Logo-Leger-Blackred-g.png","contentUrl":"https:\/\/leger360.com\/wp-content\/uploads\/2024\/04\/2022-Logo-Leger-Blackred-g.png","width":1195,"height":686,"caption":"Leger"},"image":{"@id":"https:\/\/leger360.com\/en\/#\/schema\/logo\/image\/"},"sameAs":["https:\/\/www.facebook.com\/leger360\/","https:\/\/x.com\/leger360","https:\/\/www.linkedin.com\/company\/leger360\/"],"description":"Leger is one of North America\u2019s fastest-growing market research companies, known for our forward-thinking experts and innovative approaches powered by artificial intelligence (AI) technologies."}]}},"_links":{"self":[{"href":"https:\/\/leger360.com\/en\/wp-json\/wp\/v2\/pages\/3748","targetHints":{"allow":["GET"]}}],"collection":[{"href":"https:\/\/leger360.com\/en\/wp-json\/wp\/v2\/pages"}],"about":[{"href":"https:\/\/leger360.com\/en\/wp-json\/wp\/v2\/types\/page"}],"author":[{"embeddable":true,"href":"https:\/\/leger360.com\/en\/wp-json\/wp\/v2\/users\/2"}],"replies":[{"embeddable":true,"href":"https:\/\/leger360.com\/en\/wp-json\/wp\/v2\/comments?post=3748"}],"version-history":[{"count":0,"href":"https:\/\/leger360.com\/en\/wp-json\/wp\/v2\/pages\/3748\/revisions"}],"wp:attachment":[{"href":"https:\/\/leger360.com\/en\/wp-json\/wp\/v2\/media?parent=3748"}],"curies":[{"name":"wp","href":"https:\/\/api.w.org\/{rel}","templated":true}]}}