{"id":3749,"date":"2023-11-21T01:36:29","date_gmt":"2023-11-21T01:36:29","guid":{"rendered":"https:\/\/leger360.com\/?page_id=3749"},"modified":"2025-08-08T05:37:52","modified_gmt":"2025-08-08T09:37:52","slug":"charlie-gagne","status":"publish","type":"page","link":"https:\/\/leger360.com\/en\/charlie-gagne\/","title":{"rendered":"Charlie Gagn\u00e9"},"content":{"rendered":"<p>[et_pb_section fb_built=&#8221;1&#8243; custom_padding_last_edited=&#8221;on|phone&#8221; admin_label=&#8221;Team&#8221; _builder_version=&#8221;4.23.1&#8243; use_background_color_gradient=&#8221;on&#8221; background_color_gradient_stops=&#8221;rgba(255,255,255,0.75) 45%|#ffffff 100%&#8221; background_color_gradient_overlays_image=&#8221;on&#8221; background_image=&#8221;https:\/\/leger360.com\/wp-content\/uploads\/2023\/10\/gradient_gris_02.png&#8221; custom_margin=&#8221;|||&#8221; custom_padding=&#8221;54px|0px|50px|0px||&#8221; custom_padding_tablet=&#8221;54px|0px|100px|0px||&#8221; custom_padding_phone=&#8221;54px|0px|50px|0px|false|false&#8221; global_colors_info=&#8221;{}&#8221;][et_pb_row column_structure=&#8221;2_5,3_5&#8243; custom_padding_last_edited=&#8221;on|tablet&#8221; _builder_version=&#8221;4.23.1&#8243; _module_preset=&#8221;default&#8221; background_color=&#8221;#FFFFFF&#8221; width_tablet=&#8221;&#8221; width_phone=&#8221;90%&#8221; width_last_edited=&#8221;on|phone&#8221; custom_padding=&#8221;54px|54px|54px|54px|true|true&#8221; custom_padding_tablet=&#8221;54px|54px|54px|54px|true|true&#8221; custom_padding_phone=&#8221;0px|35px|25px|35px|false|true&#8221; border_radii=&#8221;on|15px|15px|15px|15px&#8221; box_shadow_style=&#8221;preset3&#8243; locked=&#8221;off&#8221; global_colors_info=&#8221;{}&#8221;][et_pb_column type=&#8221;2_5&#8243; _builder_version=&#8221;4.22.2&#8243; _module_preset=&#8221;default&#8221; global_colors_info=&#8221;{}&#8221;][et_pb_image src=&#8221;https:\/\/leger360.com\/wp-content\/uploads\/2025\/05\/Charlie-Gagne.png&#8221; title_text=&#8221;Charlie Gagn\u00e9&#8221; _builder_version=&#8221;4.27.4&#8243; _module_preset=&#8221;default&#8221; width=&#8221;100%&#8221; global_colors_info=&#8221;{}&#8221;][\/et_pb_image][et_pb_text _builder_version=&#8221;4.27.4&#8243; _module_preset=&#8221;d5e3a51d-fa3a-487e-9745-43d4b2b47c37&#8243; global_colors_info=&#8221;{}&#8221; hover_enabled=&#8221;0&#8243; sticky_enabled=&#8221;0&#8243;]<\/p>\n<h1><span data-sheets-value=\"{&quot;1&quot;:2,&quot;2&quot;:&quot;Sarah Mottet  &quot;}\" data-sheets-userformat=\"{&quot;2&quot;:14337,&quot;3&quot;:{&quot;1&quot;:0,&quot;3&quot;:1},&quot;14&quot;:{&quot;1&quot;:3,&quot;3&quot;:1},&quot;15&quot;:&quot;Calibri&quot;,&quot;16&quot;:11}\">Charlie Gagn\u00e9<\/span><\/h1>\n<p>[\/et_pb_text][et_pb_text _builder_version=&#8221;4.23.1&#8243; _module_preset=&#8221;28cfcf78-1bee-4815-a9d5-6caa8f7a4b47&#8243; text_font=&#8221;Aptos||||||||&#8221; text_text_color=&#8221;#000000&#8243; text_line_height=&#8221;1.5em&#8221; width=&#8221;100%&#8221; width_tablet=&#8221;100%&#8221; width_phone=&#8221;100%&#8221; width_last_edited=&#8221;on|desktop&#8221; custom_margin=&#8221;0px||15px||false|false&#8221; custom_padding=&#8221;0px||||false|false&#8221; locked=&#8221;off&#8221; global_colors_info=&#8221;{}&#8221;]<\/p>\n<p><span data-sheets-value=\"{&quot;1&quot;:2,&quot;2&quot;:&quot;General Manager, Leger DGTL&quot;}\" data-sheets-userformat=\"{&quot;2&quot;:14337,&quot;3&quot;:{&quot;1&quot;:0,&quot;3&quot;:1},&quot;14&quot;:{&quot;1&quot;:3,&quot;3&quot;:1},&quot;15&quot;:&quot;Calibri&quot;,&quot;16&quot;:11}\">General Manager, Leger DGTL<\/span><\/p>\n<p>[\/et_pb_text][et_pb_social_media_follow _builder_version=&#8221;4.27.4&#8243; _module_preset=&#8221;default&#8221; custom_margin=&#8221;||||false|false&#8221; custom_padding=&#8221;0px||||false|false&#8221; global_colors_info=&#8221;{}&#8221;][et_pb_social_media_follow_network social_network=&#8221;linkedin&#8221; url=&#8221;https:\/\/www.linkedin.com\/in\/charlie-g-25185470\/&#8221; _builder_version=&#8221;4.27.4&#8243; _module_preset=&#8221;default&#8221; background_color=&#8221;#2E2E30&#8243; background_enable_color=&#8221;on&#8221; global_colors_info=&#8221;{}&#8221; background__hover_enabled=&#8221;on|desktop&#8221; background_color__hover=&#8221;#ED1C24&#8243; background_enable_color__hover=&#8221;on&#8221; follow_button=&#8221;off&#8221; url_new_window=&#8221;on&#8221;]linkedin[\/et_pb_social_media_follow_network][\/et_pb_social_media_follow][\/et_pb_column][et_pb_column type=&#8221;3_5&#8243; _builder_version=&#8221;4.22.2&#8243; _module_preset=&#8221;default&#8221; global_colors_info=&#8221;{}&#8221;][et_pb_text _builder_version=&#8221;4.27.4&#8243; _module_preset=&#8221;28cfcf78-1bee-4815-a9d5-6caa8f7a4b47&#8243; text_font=&#8221;Aptos||||||||&#8221; text_text_color=&#8221;#000000&#8243; text_line_height=&#8221;1.5em&#8221; width=&#8221;100%&#8221; width_tablet=&#8221;100%&#8221; width_phone=&#8221;100%&#8221; width_last_edited=&#8221;on|desktop&#8221; custom_margin=&#8221;0px||25px||false|false&#8221; custom_padding=&#8221;15%||||false|false&#8221; custom_padding_tablet=&#8221;0px||||false|false&#8221; custom_padding_phone=&#8221;0px||||false|false&#8221; custom_padding_last_edited=&#8221;on|phone&#8221; locked=&#8221;off&#8221; global_colors_info=&#8221;{}&#8221;]<\/p>\n<p>Charlie Gagn\u00e9 holds a Bachelor of Business Administration (B.B.A.) in Marketing from Universit\u00e9 du Qu\u00e9bec \u00e0 Montr\u00e9al and continued her studies with a master\u2019s in management, specializing in Strategy (M.Sc.) at HEC Montr\u00e9al, where she had the opportunity to refine her expertise in strategic planning and management.<\/p>\n<p>With over twelve years of experience in communications and marketing, Charlie has served as a manager across various industries before joining the Leger team in 2024. Her career spans the cultural, corporate, and event sectors, both in agencies and on the client side. In recent years, she has held the position of Communications and Marketing Manager at the Orchestre symphonique de Montr\u00e9al (OSM) as well as the role of Director of Communications and Marketing at Leger. She is also a member of the executive committee of the board of directors of the LOJIQ Foundation, serving as Vice-President.<\/p>\n<p>[\/et_pb_text][\/et_pb_column][\/et_pb_row][et_pb_row _builder_version=&#8221;4.23.1&#8243; _module_preset=&#8221;default&#8221; global_colors_info=&#8221;{}&#8221;][et_pb_column type=&#8221;4_4&#8243; _builder_version=&#8221;4.23.1&#8243; _module_preset=&#8221;default&#8221; global_colors_info=&#8221;{}&#8221;][et_pb_button button_url=&#8221;@ET-DC@eyJkeW5hbWljIjp0cnVlLCJjb250ZW50IjoicG9zdF9saW5rX3VybF9wYWdlIiwic2V0dGluZ3MiOnsicG9zdF9pZCI6IjM3MDEifX0=@&#8221; button_text=&#8221;Back to Our Team&#8221; button_alignment=&#8221;center&#8221; _builder_version=&#8221;4.24.3&#8243; _dynamic_attributes=&#8221;button_url&#8221; _module_preset=&#8221;23e0c1f6-a6f5-4637-87d8-5c62b045dcaf&#8221; button_icon=&#8221;&#x23;||divi||400&#8243; button_icon_placement=&#8221;left&#8221; locked=&#8221;off&#8221; global_colors_info=&#8221;{}&#8221; button_custom_margin_tablet=&#8221;0px||||false|false&#8221; button_custom_margin_phone=&#8221;0px||||false|false&#8221; button_custom_margin_last_edited=&#8221;on|desktop&#8221; button_bg_enable_color__hover=&#8221;on&#8221;][\/et_pb_button][\/et_pb_column][\/et_pb_row][\/et_pb_section]<\/p>\n","protected":false},"excerpt":{"rendered":"<p>Charlie Gagn\u00e9General Manager, Leger DGTLCharlie Gagn\u00e9 holds a Bachelor of Business Administration (B.B.A.) in Marketing from Universit\u00e9 du Qu\u00e9bec \u00e0 Montr\u00e9al and continued her studies with a master\u2019s in management, specializing in Strategy (M.Sc.) at HEC Montr\u00e9al, where she had the opportunity to refine her expertise in strategic planning and management. With over twelve years of experience in communications and marketing, Charlie has served as a manager across various industries before joining the Leger team in 2024. Her career spans the cultural, corporate, and event sectors, both in agencies and on the client side. In recent years, she has held the position of Communications and Marketing Manager at the Orchestre symphonique de Montr\u00e9al (OSM) as well as the role of Director of Communications and Marketing at Leger. She is also a member of the executive committee of the board of directors of the LOJIQ Foundation, serving as Vice-President.<\/p>\n","protected":false},"author":2,"featured_media":0,"parent":0,"menu_order":0,"comment_status":"closed","ping_status":"closed","template":"","meta":{"_acf_changed":false,"_et_pb_use_builder":"on","_et_pb_old_content":"","_et_gb_content_width":"","content-type":"","inline_featured_image":false,"footnotes":""},"class_list":["post-3749","page","type-page","status-publish","hentry"],"acf":[],"yoast_head":"<!-- This site is optimized with the Yoast SEO Premium plugin v27.4 (Yoast SEO v27.4) - https:\/\/yoast.com\/product\/yoast-seo-premium-wordpress\/ -->\n<title>Charlie Gagn\u00e9 - Leger<\/title>\n<meta name=\"robots\" content=\"index, follow, max-snippet:-1, max-image-preview:large, max-video-preview:-1\" \/>\n<link rel=\"canonical\" href=\"https:\/\/leger360.com\/en\/charlie-gagne\/\" \/>\n<meta property=\"og:locale\" content=\"en_US\" \/>\n<meta property=\"og:type\" content=\"article\" \/>\n<meta property=\"og:title\" content=\"Charlie Gagn\u00e9\" \/>\n<meta property=\"og:description\" content=\"Charlie Gagn\u00e9General Manager, Leger DGTLCharlie Gagn\u00e9 holds a Bachelor of Business Administration (B.B.A.) in Marketing from Universit\u00e9 du Qu\u00e9bec \u00e0 Montr\u00e9al and continued her studies with a master\u2019s in management, specializing in Strategy (M.Sc.) at HEC Montr\u00e9al, where she had the opportunity to refine her expertise in strategic planning and management. With over twelve years of experience in communications and marketing, Charlie has served as a manager across various industries before joining the Leger team in 2024. Her career spans the cultural, corporate, and event sectors, both in agencies and on the client side. In recent years, she has held the position of Communications and Marketing Manager at the Orchestre symphonique de Montr\u00e9al (OSM) as well as the role of Director of Communications and Marketing at Leger. She is also a member of the executive committee of the board of directors of the LOJIQ Foundation, serving as Vice-President.\" \/>\n<meta property=\"og:url\" content=\"https:\/\/leger360.com\/en\/charlie-gagne\/\" \/>\n<meta property=\"og:site_name\" content=\"Leger\" \/>\n<meta property=\"article:publisher\" content=\"https:\/\/www.facebook.com\/leger360\/\" \/>\n<meta property=\"article:modified_time\" content=\"2025-08-08T09:37:52+00:00\" \/>\n<meta property=\"og:image\" content=\"https:\/\/leger360.com\/wp-content\/uploads\/2024\/04\/leger-feature-img-home.png\" \/>\n\t<meta property=\"og:image:width\" content=\"1354\" \/>\n\t<meta property=\"og:image:height\" content=\"872\" \/>\n\t<meta property=\"og:image:type\" content=\"image\/png\" \/>\n<meta name=\"twitter:card\" content=\"summary_large_image\" \/>\n<meta name=\"twitter:site\" content=\"@leger360\" \/>\n<meta name=\"twitter:label1\" content=\"Est. reading time\" \/>\n\t<meta name=\"twitter:data1\" content=\"4 minutes\" \/>\n<script type=\"application\/ld+json\" class=\"yoast-schema-graph\">{\"@context\":\"https:\\\/\\\/schema.org\",\"@graph\":[{\"@type\":\"WebPage\",\"@id\":\"https:\\\/\\\/leger360.com\\\/en\\\/charlie-gagne\\\/\",\"url\":\"https:\\\/\\\/leger360.com\\\/en\\\/charlie-gagne\\\/\",\"name\":\"Charlie Gagn\u00e9 - Leger\",\"isPartOf\":{\"@id\":\"https:\\\/\\\/leger360.com\\\/en\\\/#website\"},\"datePublished\":\"2023-11-21T01:36:29+00:00\",\"dateModified\":\"2025-08-08T09:37:52+00:00\",\"breadcrumb\":{\"@id\":\"https:\\\/\\\/leger360.com\\\/en\\\/charlie-gagne\\\/#breadcrumb\"},\"inLanguage\":\"en-US\",\"potentialAction\":[{\"@type\":\"ReadAction\",\"target\":[\"https:\\\/\\\/leger360.com\\\/en\\\/charlie-gagne\\\/\"]}]},{\"@type\":\"BreadcrumbList\",\"@id\":\"https:\\\/\\\/leger360.com\\\/en\\\/charlie-gagne\\\/#breadcrumb\",\"itemListElement\":[{\"@type\":\"ListItem\",\"position\":1,\"name\":\"Home\",\"item\":\"https:\\\/\\\/leger360.com\\\/en\\\/\"},{\"@type\":\"ListItem\",\"position\":2,\"name\":\"Charlie Gagn\u00e9\"}]},{\"@type\":\"WebSite\",\"@id\":\"https:\\\/\\\/leger360.com\\\/en\\\/#website\",\"url\":\"https:\\\/\\\/leger360.com\\\/en\\\/\",\"name\":\"Leger\",\"description\":\"Market Research | Data Analytics\",\"publisher\":{\"@id\":\"https:\\\/\\\/leger360.com\\\/en\\\/#organization\"},\"potentialAction\":[{\"@type\":\"SearchAction\",\"target\":{\"@type\":\"EntryPoint\",\"urlTemplate\":\"https:\\\/\\\/leger360.com\\\/en\\\/?s={search_term_string}\"},\"query-input\":{\"@type\":\"PropertyValueSpecification\",\"valueRequired\":true,\"valueName\":\"search_term_string\"}}],\"inLanguage\":\"en-US\"},{\"@type\":\"Organization\",\"@id\":\"https:\\\/\\\/leger360.com\\\/en\\\/#organization\",\"name\":\"Leger\",\"url\":\"https:\\\/\\\/leger360.com\\\/en\\\/\",\"logo\":{\"@type\":\"ImageObject\",\"inLanguage\":\"en-US\",\"@id\":\"https:\\\/\\\/leger360.com\\\/en\\\/#\\\/schema\\\/logo\\\/image\\\/\",\"url\":\"https:\\\/\\\/leger360.com\\\/wp-content\\\/uploads\\\/2024\\\/04\\\/2022-Logo-Leger-Blackred-g.png\",\"contentUrl\":\"https:\\\/\\\/leger360.com\\\/wp-content\\\/uploads\\\/2024\\\/04\\\/2022-Logo-Leger-Blackred-g.png\",\"width\":1195,\"height\":686,\"caption\":\"Leger\"},\"image\":{\"@id\":\"https:\\\/\\\/leger360.com\\\/en\\\/#\\\/schema\\\/logo\\\/image\\\/\"},\"sameAs\":[\"https:\\\/\\\/www.facebook.com\\\/leger360\\\/\",\"https:\\\/\\\/x.com\\\/leger360\",\"https:\\\/\\\/www.linkedin.com\\\/company\\\/leger360\\\/\"],\"description\":\"Leger is one of North America\u2019s fastest-growing market research companies, known for our forward-thinking experts and innovative approaches powered by artificial intelligence (AI) technologies.\"}]}<\/script>\n<!-- \/ Yoast SEO Premium plugin. -->","yoast_head_json":{"title":"Charlie Gagn\u00e9 - Leger","robots":{"index":"index","follow":"follow","max-snippet":"max-snippet:-1","max-image-preview":"max-image-preview:large","max-video-preview":"max-video-preview:-1"},"canonical":"https:\/\/leger360.com\/en\/charlie-gagne\/","og_locale":"en_US","og_type":"article","og_title":"Charlie Gagn\u00e9","og_description":"Charlie Gagn\u00e9General Manager, Leger DGTLCharlie Gagn\u00e9 holds a Bachelor of Business Administration (B.B.A.) in Marketing from Universit\u00e9 du Qu\u00e9bec \u00e0 Montr\u00e9al and continued her studies with a master\u2019s in management, specializing in Strategy (M.Sc.) at HEC Montr\u00e9al, where she had the opportunity to refine her expertise in strategic planning and management. With over twelve years of experience in communications and marketing, Charlie has served as a manager across various industries before joining the Leger team in 2024. Her career spans the cultural, corporate, and event sectors, both in agencies and on the client side. In recent years, she has held the position of Communications and Marketing Manager at the Orchestre symphonique de Montr\u00e9al (OSM) as well as the role of Director of Communications and Marketing at Leger. She is also a member of the executive committee of the board of directors of the LOJIQ Foundation, serving as Vice-President.","og_url":"https:\/\/leger360.com\/en\/charlie-gagne\/","og_site_name":"Leger","article_publisher":"https:\/\/www.facebook.com\/leger360\/","article_modified_time":"2025-08-08T09:37:52+00:00","og_image":[{"width":1354,"height":872,"url":"https:\/\/leger360.com\/wp-content\/uploads\/2024\/04\/leger-feature-img-home.png","type":"image\/png"}],"twitter_card":"summary_large_image","twitter_site":"@leger360","twitter_misc":{"Est. reading time":"4 minutes"},"schema":{"@context":"https:\/\/schema.org","@graph":[{"@type":"WebPage","@id":"https:\/\/leger360.com\/en\/charlie-gagne\/","url":"https:\/\/leger360.com\/en\/charlie-gagne\/","name":"Charlie Gagn\u00e9 - Leger","isPartOf":{"@id":"https:\/\/leger360.com\/en\/#website"},"datePublished":"2023-11-21T01:36:29+00:00","dateModified":"2025-08-08T09:37:52+00:00","breadcrumb":{"@id":"https:\/\/leger360.com\/en\/charlie-gagne\/#breadcrumb"},"inLanguage":"en-US","potentialAction":[{"@type":"ReadAction","target":["https:\/\/leger360.com\/en\/charlie-gagne\/"]}]},{"@type":"BreadcrumbList","@id":"https:\/\/leger360.com\/en\/charlie-gagne\/#breadcrumb","itemListElement":[{"@type":"ListItem","position":1,"name":"Home","item":"https:\/\/leger360.com\/en\/"},{"@type":"ListItem","position":2,"name":"Charlie Gagn\u00e9"}]},{"@type":"WebSite","@id":"https:\/\/leger360.com\/en\/#website","url":"https:\/\/leger360.com\/en\/","name":"Leger","description":"Market Research | Data Analytics","publisher":{"@id":"https:\/\/leger360.com\/en\/#organization"},"potentialAction":[{"@type":"SearchAction","target":{"@type":"EntryPoint","urlTemplate":"https:\/\/leger360.com\/en\/?s={search_term_string}"},"query-input":{"@type":"PropertyValueSpecification","valueRequired":true,"valueName":"search_term_string"}}],"inLanguage":"en-US"},{"@type":"Organization","@id":"https:\/\/leger360.com\/en\/#organization","name":"Leger","url":"https:\/\/leger360.com\/en\/","logo":{"@type":"ImageObject","inLanguage":"en-US","@id":"https:\/\/leger360.com\/en\/#\/schema\/logo\/image\/","url":"https:\/\/leger360.com\/wp-content\/uploads\/2024\/04\/2022-Logo-Leger-Blackred-g.png","contentUrl":"https:\/\/leger360.com\/wp-content\/uploads\/2024\/04\/2022-Logo-Leger-Blackred-g.png","width":1195,"height":686,"caption":"Leger"},"image":{"@id":"https:\/\/leger360.com\/en\/#\/schema\/logo\/image\/"},"sameAs":["https:\/\/www.facebook.com\/leger360\/","https:\/\/x.com\/leger360","https:\/\/www.linkedin.com\/company\/leger360\/"],"description":"Leger is one of North America\u2019s fastest-growing market research companies, known for our forward-thinking experts and innovative approaches powered by artificial intelligence (AI) technologies."}]}},"_links":{"self":[{"href":"https:\/\/leger360.com\/en\/wp-json\/wp\/v2\/pages\/3749","targetHints":{"allow":["GET"]}}],"collection":[{"href":"https:\/\/leger360.com\/en\/wp-json\/wp\/v2\/pages"}],"about":[{"href":"https:\/\/leger360.com\/en\/wp-json\/wp\/v2\/types\/page"}],"author":[{"embeddable":true,"href":"https:\/\/leger360.com\/en\/wp-json\/wp\/v2\/users\/2"}],"replies":[{"embeddable":true,"href":"https:\/\/leger360.com\/en\/wp-json\/wp\/v2\/comments?post=3749"}],"version-history":[{"count":0,"href":"https:\/\/leger360.com\/en\/wp-json\/wp\/v2\/pages\/3749\/revisions"}],"wp:attachment":[{"href":"https:\/\/leger360.com\/en\/wp-json\/wp\/v2\/media?parent=3749"}],"curies":[{"name":"wp","href":"https:\/\/api.w.org\/{rel}","templated":true}]}}