{"id":4614,"date":"2023-12-27T16:27:40","date_gmt":"2023-12-27T16:27:40","guid":{"rendered":"https:\/\/leger360.com\/?page_id=4614"},"modified":"2025-08-08T07:45:34","modified_gmt":"2025-08-08T11:45:34","slug":"frederic-rajotte","status":"publish","type":"page","link":"https:\/\/leger360.com\/en\/frederic-rajotte\/","title":{"rendered":"Frederic Rajotte"},"content":{"rendered":"<p>[et_pb_section fb_built=&#8221;1&#8243; custom_padding_last_edited=&#8221;on|phone&#8221; admin_label=&#8221;Team&#8221; _builder_version=&#8221;4.23.1&#8243; use_background_color_gradient=&#8221;on&#8221; background_color_gradient_stops=&#8221;rgba(255,255,255,0.75) 45%|#ffffff 100%&#8221; background_color_gradient_overlays_image=&#8221;on&#8221; background_image=&#8221;https:\/\/leger360.com\/wp-content\/uploads\/2023\/10\/gradient_gris_02.png&#8221; custom_margin=&#8221;|||&#8221; custom_padding=&#8221;54px|0px|50px|0px||&#8221; custom_padding_tablet=&#8221;54px|0px|100px|0px||&#8221; custom_padding_phone=&#8221;54px|0px|50px|0px|false|false&#8221; global_colors_info=&#8221;{}&#8221;][et_pb_row column_structure=&#8221;2_5,3_5&#8243; custom_padding_last_edited=&#8221;on|tablet&#8221; _builder_version=&#8221;4.23.1&#8243; _module_preset=&#8221;default&#8221; background_color=&#8221;#FFFFFF&#8221; width_tablet=&#8221;&#8221; width_phone=&#8221;90%&#8221; width_last_edited=&#8221;on|phone&#8221; custom_padding=&#8221;54px|54px|54px|54px|true|true&#8221; custom_padding_tablet=&#8221;54px|54px|54px|54px|true|true&#8221; custom_padding_phone=&#8221;0px|35px|25px|35px|false|true&#8221; border_radii=&#8221;on|15px|15px|15px|15px&#8221; box_shadow_style=&#8221;preset3&#8243; locked=&#8221;off&#8221; global_colors_info=&#8221;{}&#8221;][et_pb_column type=&#8221;2_5&#8243; _builder_version=&#8221;4.22.2&#8243; _module_preset=&#8221;default&#8221; global_colors_info=&#8221;{}&#8221;][et_pb_image src=&#8221;https:\/\/leger360.com\/wp-content\/uploads\/2023\/12\/Frederic_Rajotte-no-bg.png&#8221; title_text=&#8221;Frederic_Rajotte-no-bg&#8221; _builder_version=&#8221;4.23.1&#8243; _module_preset=&#8221;default&#8221; width=&#8221;100%&#8221; global_colors_info=&#8221;{}&#8221;][\/et_pb_image][et_pb_text _builder_version=&#8221;4.27.4&#8243; _module_preset=&#8221;d5e3a51d-fa3a-487e-9745-43d4b2b47c37&#8243; global_colors_info=&#8221;{}&#8221; hover_enabled=&#8221;0&#8243; sticky_enabled=&#8221;0&#8243;]<\/p>\n<h1><span style=\"font-weight: 400;\">Fr\u00e9d\u00e9ric Rajotte<\/span><\/h1>\n<p>[\/et_pb_text][et_pb_text _builder_version=&#8221;4.23.4&#8243; _module_preset=&#8221;28cfcf78-1bee-4815-a9d5-6caa8f7a4b47&#8243; text_font=&#8221;Aptos||||||||&#8221; text_text_color=&#8221;#000000&#8243; text_line_height=&#8221;1.5em&#8221; width=&#8221;100%&#8221; width_tablet=&#8221;100%&#8221; width_phone=&#8221;100%&#8221; width_last_edited=&#8221;on|desktop&#8221; custom_margin=&#8221;0px||15px||false|false&#8221; custom_margin_tablet=&#8221;0px||15px||false|false&#8221; custom_margin_phone=&#8221;0px||0px||false|false&#8221; custom_margin_last_edited=&#8221;on|phone&#8221; custom_padding=&#8221;0px||||false|false&#8221; locked=&#8221;off&#8221; global_colors_info=&#8221;{}&#8221;]<\/p>\n<p><span style=\"font-weight: 400;\">Chief Security Officer<\/span><\/p>\n<p>[\/et_pb_text][\/et_pb_column][et_pb_column type=&#8221;3_5&#8243; _builder_version=&#8221;4.22.2&#8243; _module_preset=&#8221;default&#8221; global_colors_info=&#8221;{}&#8221;][et_pb_text _builder_version=&#8221;4.23.1&#8243; _module_preset=&#8221;28cfcf78-1bee-4815-a9d5-6caa8f7a4b47&#8243; text_font=&#8221;Aptos||||||||&#8221; text_text_color=&#8221;#000000&#8243; text_line_height=&#8221;1.5em&#8221; width=&#8221;100%&#8221; width_tablet=&#8221;100%&#8221; width_phone=&#8221;100%&#8221; width_last_edited=&#8221;on|desktop&#8221; custom_margin=&#8221;0px||25px||false|false&#8221; custom_padding=&#8221;15%||||false|false&#8221; custom_padding_tablet=&#8221;0px||||false|false&#8221; custom_padding_phone=&#8221;0px||||false|false&#8221; custom_padding_last_edited=&#8221;on|phone&#8221; locked=&#8221;off&#8221; global_colors_info=&#8221;{}&#8221;]<\/p>\n<p><span style=\"font-weight: 400;\">Fr\u00e9d\u00e9ric began his career at Leger in 2001. Initially a computer technician, he is now the chief security officer of IT and is responsible for ensuring Leger\u2019s day-to-day safety. \u00a0\u00a0\u00a0\u00a0\u00a0<\/span><\/p>\n<p><span style=\"font-weight: 400;\">Over the years, Fr\u00e9d\u00e9ric has obtained ITIL, Cisco and CISSP certifications. In addition, he has held several positions within the company, including project manager and web developer. He is versatile and mainly recognized as an expert in technological infrastructure and information security.\u00a0\u00a0\u00a0\u00a0\u00a0\u00a0<\/span><\/p>\n<p><span style=\"font-weight: 400;\">From his perspective, the success of a technological integration relies on client involvement. The definition of a clear and known objective is the key to the success of any technology project.\u00a0\u00a0\u00a0<\/span><\/p>\n<p><span style=\"font-weight: 400;\">Fr\u00e9d\u00e9ric has been actively involved in all studies on citizen travel in the greater Montreal and Quebec City areas. Internally, he has been involved in implementing our online and telephone interviewing platforms and creating the LEO panel. <\/span><\/p>\n<p>[\/et_pb_text][\/et_pb_column][\/et_pb_row][et_pb_row _builder_version=&#8221;4.23.1&#8243; _module_preset=&#8221;default&#8221; global_colors_info=&#8221;{}&#8221;][et_pb_column type=&#8221;4_4&#8243; _builder_version=&#8221;4.23.1&#8243; _module_preset=&#8221;default&#8221; global_colors_info=&#8221;{}&#8221;][et_pb_button button_url=&#8221;@ET-DC@eyJkeW5hbWljIjp0cnVlLCJjb250ZW50IjoicG9zdF9saW5rX3VybF9wYWdlIiwic2V0dGluZ3MiOnsicG9zdF9pZCI6IjM3MDEifX0=@&#8221; button_text=&#8221;Back to Our Team&#8221; button_alignment=&#8221;center&#8221; _builder_version=&#8221;4.24.3&#8243; _dynamic_attributes=&#8221;button_url&#8221; _module_preset=&#8221;23e0c1f6-a6f5-4637-87d8-5c62b045dcaf&#8221; button_icon=&#8221;&#x23;||divi||400&#8243; button_icon_placement=&#8221;left&#8221; locked=&#8221;off&#8221; global_colors_info=&#8221;{}&#8221; button_custom_margin_tablet=&#8221;0px||||false|false&#8221; button_custom_margin_phone=&#8221;0px||||false|false&#8221; button_custom_margin_last_edited=&#8221;on|desktop&#8221; button_bg_enable_color__hover=&#8221;on&#8221;][\/et_pb_button][\/et_pb_column][\/et_pb_row][\/et_pb_section]<\/p>\n","protected":false},"excerpt":{"rendered":"<p>Fr\u00e9d\u00e9ric RajotteChief Security OfficerFr\u00e9d\u00e9ric began his career at Leger in 2001. Initially a computer technician, he is now the chief security officer of IT and is responsible for ensuring Leger\u2019s day-to-day safety. \u00a0\u00a0\u00a0\u00a0\u00a0 Over the years, Fr\u00e9d\u00e9ric has obtained ITIL, Cisco and CISSP certifications. In addition, he has held several positions within the company, including project manager and web developer. He is versatile and mainly recognized as an expert in technological infrastructure and information security.\u00a0\u00a0\u00a0\u00a0\u00a0\u00a0 From his perspective, the success of a technological integration relies on client involvement. The definition of a clear and known objective is the key to the success of any technology project.\u00a0\u00a0\u00a0 Fr\u00e9d\u00e9ric has been actively involved in all studies on citizen travel in the greater Montreal and Quebec City areas. Internally, he has been involved in implementing our online and telephone interviewing platforms and creating the LEO panel.<\/p>\n","protected":false},"author":2,"featured_media":0,"parent":0,"menu_order":0,"comment_status":"closed","ping_status":"closed","template":"","meta":{"_acf_changed":false,"_et_pb_use_builder":"on","_et_pb_old_content":"","_et_gb_content_width":"","content-type":"","inline_featured_image":false,"footnotes":""},"class_list":["post-4614","page","type-page","status-publish","hentry"],"acf":[],"yoast_head":"<!-- This site is optimized with the Yoast SEO Premium plugin v27.3 (Yoast SEO v27.3) - https:\/\/yoast.com\/product\/yoast-seo-premium-wordpress\/ -->\n<title>Frederic Rajotte - Leger<\/title>\n<meta name=\"robots\" content=\"index, follow, max-snippet:-1, max-image-preview:large, max-video-preview:-1\" \/>\n<link rel=\"canonical\" href=\"https:\/\/leger360.com\/en\/frederic-rajotte\/\" \/>\n<meta property=\"og:locale\" content=\"en_US\" \/>\n<meta property=\"og:type\" content=\"article\" \/>\n<meta property=\"og:title\" content=\"Frederic Rajotte\" \/>\n<meta property=\"og:description\" content=\"Fr\u00e9d\u00e9ric RajotteChief Security OfficerFr\u00e9d\u00e9ric began his career at Leger in 2001. Initially a computer technician, he is now the chief security officer of IT and is responsible for ensuring Leger\u2019s day-to-day safety. \u00a0\u00a0\u00a0\u00a0\u00a0 Over the years, Fr\u00e9d\u00e9ric has obtained ITIL, Cisco and CISSP certifications. In addition, he has held several positions within the company, including project manager and web developer. He is versatile and mainly recognized as an expert in technological infrastructure and information security.\u00a0\u00a0\u00a0\u00a0\u00a0\u00a0 From his perspective, the success of a technological integration relies on client involvement. The definition of a clear and known objective is the key to the success of any technology project.\u00a0\u00a0\u00a0 Fr\u00e9d\u00e9ric has been actively involved in all studies on citizen travel in the greater Montreal and Quebec City areas. Internally, he has been involved in implementing our online and telephone interviewing platforms and creating the LEO panel.\" \/>\n<meta property=\"og:url\" content=\"https:\/\/leger360.com\/en\/frederic-rajotte\/\" \/>\n<meta property=\"og:site_name\" content=\"Leger\" \/>\n<meta property=\"article:publisher\" content=\"https:\/\/www.facebook.com\/leger360\/\" \/>\n<meta property=\"article:modified_time\" content=\"2025-08-08T11:45:34+00:00\" \/>\n<meta property=\"og:image\" content=\"https:\/\/leger360.com\/wp-content\/uploads\/2024\/04\/leger-feature-img-home.png\" \/>\n\t<meta property=\"og:image:width\" content=\"1354\" \/>\n\t<meta property=\"og:image:height\" content=\"872\" \/>\n\t<meta property=\"og:image:type\" content=\"image\/png\" \/>\n<meta name=\"twitter:card\" content=\"summary_large_image\" \/>\n<meta name=\"twitter:site\" content=\"@leger360\" \/>\n<meta name=\"twitter:label1\" content=\"Est. reading time\" \/>\n\t<meta name=\"twitter:data1\" content=\"3 minutes\" \/>\n<script type=\"application\/ld+json\" class=\"yoast-schema-graph\">{\"@context\":\"https:\\\/\\\/schema.org\",\"@graph\":[{\"@type\":\"WebPage\",\"@id\":\"https:\\\/\\\/leger360.com\\\/en\\\/frederic-rajotte\\\/\",\"url\":\"https:\\\/\\\/leger360.com\\\/en\\\/frederic-rajotte\\\/\",\"name\":\"Frederic Rajotte - Leger\",\"isPartOf\":{\"@id\":\"https:\\\/\\\/leger360.com\\\/en\\\/#website\"},\"datePublished\":\"2023-12-27T16:27:40+00:00\",\"dateModified\":\"2025-08-08T11:45:34+00:00\",\"breadcrumb\":{\"@id\":\"https:\\\/\\\/leger360.com\\\/en\\\/frederic-rajotte\\\/#breadcrumb\"},\"inLanguage\":\"en-US\",\"potentialAction\":[{\"@type\":\"ReadAction\",\"target\":[\"https:\\\/\\\/leger360.com\\\/en\\\/frederic-rajotte\\\/\"]}]},{\"@type\":\"BreadcrumbList\",\"@id\":\"https:\\\/\\\/leger360.com\\\/en\\\/frederic-rajotte\\\/#breadcrumb\",\"itemListElement\":[{\"@type\":\"ListItem\",\"position\":1,\"name\":\"Home\",\"item\":\"https:\\\/\\\/leger360.com\\\/en\\\/\"},{\"@type\":\"ListItem\",\"position\":2,\"name\":\"Frederic Rajotte\"}]},{\"@type\":\"WebSite\",\"@id\":\"https:\\\/\\\/leger360.com\\\/en\\\/#website\",\"url\":\"https:\\\/\\\/leger360.com\\\/en\\\/\",\"name\":\"Leger\",\"description\":\"Market Research | Data Analytics\",\"publisher\":{\"@id\":\"https:\\\/\\\/leger360.com\\\/en\\\/#organization\"},\"potentialAction\":[{\"@type\":\"SearchAction\",\"target\":{\"@type\":\"EntryPoint\",\"urlTemplate\":\"https:\\\/\\\/leger360.com\\\/en\\\/?s={search_term_string}\"},\"query-input\":{\"@type\":\"PropertyValueSpecification\",\"valueRequired\":true,\"valueName\":\"search_term_string\"}}],\"inLanguage\":\"en-US\"},{\"@type\":\"Organization\",\"@id\":\"https:\\\/\\\/leger360.com\\\/en\\\/#organization\",\"name\":\"Leger\",\"url\":\"https:\\\/\\\/leger360.com\\\/en\\\/\",\"logo\":{\"@type\":\"ImageObject\",\"inLanguage\":\"en-US\",\"@id\":\"https:\\\/\\\/leger360.com\\\/en\\\/#\\\/schema\\\/logo\\\/image\\\/\",\"url\":\"https:\\\/\\\/leger360.com\\\/wp-content\\\/uploads\\\/2024\\\/04\\\/2022-Logo-Leger-Blackred-g.png\",\"contentUrl\":\"https:\\\/\\\/leger360.com\\\/wp-content\\\/uploads\\\/2024\\\/04\\\/2022-Logo-Leger-Blackred-g.png\",\"width\":1195,\"height\":686,\"caption\":\"Leger\"},\"image\":{\"@id\":\"https:\\\/\\\/leger360.com\\\/en\\\/#\\\/schema\\\/logo\\\/image\\\/\"},\"sameAs\":[\"https:\\\/\\\/www.facebook.com\\\/leger360\\\/\",\"https:\\\/\\\/x.com\\\/leger360\",\"https:\\\/\\\/www.linkedin.com\\\/company\\\/leger360\\\/\"],\"description\":\"Leger is one of North America\u2019s fastest-growing market research companies, known for our forward-thinking experts and innovative approaches powered by artificial intelligence (AI) technologies.\"}]}<\/script>\n<!-- \/ Yoast SEO Premium plugin. -->","yoast_head_json":{"title":"Frederic Rajotte - Leger","robots":{"index":"index","follow":"follow","max-snippet":"max-snippet:-1","max-image-preview":"max-image-preview:large","max-video-preview":"max-video-preview:-1"},"canonical":"https:\/\/leger360.com\/en\/frederic-rajotte\/","og_locale":"en_US","og_type":"article","og_title":"Frederic Rajotte","og_description":"Fr\u00e9d\u00e9ric RajotteChief Security OfficerFr\u00e9d\u00e9ric began his career at Leger in 2001. Initially a computer technician, he is now the chief security officer of IT and is responsible for ensuring Leger\u2019s day-to-day safety. \u00a0\u00a0\u00a0\u00a0\u00a0 Over the years, Fr\u00e9d\u00e9ric has obtained ITIL, Cisco and CISSP certifications. In addition, he has held several positions within the company, including project manager and web developer. He is versatile and mainly recognized as an expert in technological infrastructure and information security.\u00a0\u00a0\u00a0\u00a0\u00a0\u00a0 From his perspective, the success of a technological integration relies on client involvement. The definition of a clear and known objective is the key to the success of any technology project.\u00a0\u00a0\u00a0 Fr\u00e9d\u00e9ric has been actively involved in all studies on citizen travel in the greater Montreal and Quebec City areas. Internally, he has been involved in implementing our online and telephone interviewing platforms and creating the LEO panel.","og_url":"https:\/\/leger360.com\/en\/frederic-rajotte\/","og_site_name":"Leger","article_publisher":"https:\/\/www.facebook.com\/leger360\/","article_modified_time":"2025-08-08T11:45:34+00:00","og_image":[{"width":1354,"height":872,"url":"https:\/\/leger360.com\/wp-content\/uploads\/2024\/04\/leger-feature-img-home.png","type":"image\/png"}],"twitter_card":"summary_large_image","twitter_site":"@leger360","twitter_misc":{"Est. reading time":"3 minutes"},"schema":{"@context":"https:\/\/schema.org","@graph":[{"@type":"WebPage","@id":"https:\/\/leger360.com\/en\/frederic-rajotte\/","url":"https:\/\/leger360.com\/en\/frederic-rajotte\/","name":"Frederic Rajotte - Leger","isPartOf":{"@id":"https:\/\/leger360.com\/en\/#website"},"datePublished":"2023-12-27T16:27:40+00:00","dateModified":"2025-08-08T11:45:34+00:00","breadcrumb":{"@id":"https:\/\/leger360.com\/en\/frederic-rajotte\/#breadcrumb"},"inLanguage":"en-US","potentialAction":[{"@type":"ReadAction","target":["https:\/\/leger360.com\/en\/frederic-rajotte\/"]}]},{"@type":"BreadcrumbList","@id":"https:\/\/leger360.com\/en\/frederic-rajotte\/#breadcrumb","itemListElement":[{"@type":"ListItem","position":1,"name":"Home","item":"https:\/\/leger360.com\/en\/"},{"@type":"ListItem","position":2,"name":"Frederic Rajotte"}]},{"@type":"WebSite","@id":"https:\/\/leger360.com\/en\/#website","url":"https:\/\/leger360.com\/en\/","name":"Leger","description":"Market Research | Data Analytics","publisher":{"@id":"https:\/\/leger360.com\/en\/#organization"},"potentialAction":[{"@type":"SearchAction","target":{"@type":"EntryPoint","urlTemplate":"https:\/\/leger360.com\/en\/?s={search_term_string}"},"query-input":{"@type":"PropertyValueSpecification","valueRequired":true,"valueName":"search_term_string"}}],"inLanguage":"en-US"},{"@type":"Organization","@id":"https:\/\/leger360.com\/en\/#organization","name":"Leger","url":"https:\/\/leger360.com\/en\/","logo":{"@type":"ImageObject","inLanguage":"en-US","@id":"https:\/\/leger360.com\/en\/#\/schema\/logo\/image\/","url":"https:\/\/leger360.com\/wp-content\/uploads\/2024\/04\/2022-Logo-Leger-Blackred-g.png","contentUrl":"https:\/\/leger360.com\/wp-content\/uploads\/2024\/04\/2022-Logo-Leger-Blackred-g.png","width":1195,"height":686,"caption":"Leger"},"image":{"@id":"https:\/\/leger360.com\/en\/#\/schema\/logo\/image\/"},"sameAs":["https:\/\/www.facebook.com\/leger360\/","https:\/\/x.com\/leger360","https:\/\/www.linkedin.com\/company\/leger360\/"],"description":"Leger is one of North America\u2019s fastest-growing market research companies, known for our forward-thinking experts and innovative approaches powered by artificial intelligence (AI) technologies."}]}},"_links":{"self":[{"href":"https:\/\/leger360.com\/en\/wp-json\/wp\/v2\/pages\/4614","targetHints":{"allow":["GET"]}}],"collection":[{"href":"https:\/\/leger360.com\/en\/wp-json\/wp\/v2\/pages"}],"about":[{"href":"https:\/\/leger360.com\/en\/wp-json\/wp\/v2\/types\/page"}],"author":[{"embeddable":true,"href":"https:\/\/leger360.com\/en\/wp-json\/wp\/v2\/users\/2"}],"replies":[{"embeddable":true,"href":"https:\/\/leger360.com\/en\/wp-json\/wp\/v2\/comments?post=4614"}],"version-history":[{"count":0,"href":"https:\/\/leger360.com\/en\/wp-json\/wp\/v2\/pages\/4614\/revisions"}],"wp:attachment":[{"href":"https:\/\/leger360.com\/en\/wp-json\/wp\/v2\/media?parent=4614"}],"curies":[{"name":"wp","href":"https:\/\/api.w.org\/{rel}","templated":true}]}}