{"id":18897,"date":"2023-11-20T23:46:55","date_gmt":"2023-11-21T04:46:55","guid":{"rendered":"https:\/\/leger360.com\/jean-marc-leger\/"},"modified":"2026-01-27T07:23:16","modified_gmt":"2026-01-27T12:23:16","slug":"jean-marc-leger","status":"publish","type":"page","link":"https:\/\/leger360.com\/fr\/jean-marc-leger\/","title":{"rendered":"Jean-Marc L\u00e9ger"},"content":{"rendered":"<p>[et_pb_section fb_built=\u00a0\u00bb1&Prime; custom_padding_last_edited=\u00a0\u00bbon|phone\u00a0\u00bb admin_label=\u00a0\u00bbTeam\u00a0\u00bb _builder_version=\u00a0\u00bb4.23.1&Prime; use_background_color_gradient=\u00a0\u00bbon\u00a0\u00bb background_color_gradient_stops=\u00a0\u00bbrgba(255,255,255,0.75) 45%|#ffffff 100%\u00a0\u00bb background_color_gradient_overlays_image=\u00a0\u00bbon\u00a0\u00bb background_image=\u00a0\u00bbhttps:\/\/leger360.com\/wp-content\/uploads\/2023\/10\/gradient_gris_02.png\u00a0\u00bb custom_margin=\u00a0\u00bb|||\u00a0\u00bb custom_padding=\u00a0\u00bb54px|0px|50px|0px||\u00a0\u00bb custom_padding_tablet=\u00a0\u00bb54px|0px|100px|0px||\u00a0\u00bb custom_padding_phone=\u00a0\u00bb54px|0px|50px|0px|false|false\u00a0\u00bb global_colors_info=\u00a0\u00bb{}\u00a0\u00bb][et_pb_row column_structure=\u00a0\u00bb2_5,3_5&Prime; custom_padding_last_edited=\u00a0\u00bbon|tablet\u00a0\u00bb _builder_version=\u00a0\u00bb4.23.1&Prime; _module_preset=\u00a0\u00bbdefault\u00a0\u00bb background_color=\u00a0\u00bb#FFFFFF\u00a0\u00bb width_tablet=\u00a0\u00bb\u00a0\u00bb width_phone=\u00a0\u00bb90%\u00a0\u00bb width_last_edited=\u00a0\u00bbon|phone\u00a0\u00bb custom_padding=\u00a0\u00bb54px|54px|54px|54px|true|true\u00a0\u00bb custom_padding_tablet=\u00a0\u00bb54px|54px|54px|54px|true|true\u00a0\u00bb custom_padding_phone=\u00a0\u00bb0px|35px|25px|35px|false|true\u00a0\u00bb border_radii=\u00a0\u00bbon|15px|15px|15px|15px\u00a0\u00bb box_shadow_style=\u00a0\u00bbpreset3&Prime; locked=\u00a0\u00bboff\u00a0\u00bb global_colors_info=\u00a0\u00bb{}\u00a0\u00bb][et_pb_column type=\u00a0\u00bb2_5&Prime; _builder_version=\u00a0\u00bb4.22.2&Prime; _module_preset=\u00a0\u00bbdefault\u00a0\u00bb global_colors_info=\u00a0\u00bb{}\u00a0\u00bb][et_pb_image src=\u00a0\u00bbhttps:\/\/leger360.com\/wp-content\/uploads\/2023\/11\/Jean-Marc_Leger-1.png\u00a0\u00bb title_text=\u00a0\u00bbJean-Marc_Leger\u00a0\u00bb _builder_version=\u00a0\u00bb4.23.1&Prime; _module_preset=\u00a0\u00bbdefault\u00a0\u00bb width=\u00a0\u00bb100%\u00a0\u00bb global_colors_info=\u00a0\u00bb{}\u00a0\u00bb][\/et_pb_image][et_pb_text _builder_version=\u00a0\u00bb4.23.1&Prime; _module_preset=\u00a0\u00bbdefault\u00a0\u00bb text_font=\u00a0\u00bbAptos||||||||\u00a0\u00bb text_text_color=\u00a0\u00bb#2E2E30&Prime; text_font_size=\u00a0\u00bb40px\u00a0\u00bb text_line_height=\u00a0\u00bb1em\u00a0\u00bb header_font_size=\u00a0\u00bb50px\u00a0\u00bb width=\u00a0\u00bb100%\u00a0\u00bb width_tablet=\u00a0\u00bb100%\u00a0\u00bb width_phone=\u00a0\u00bb100%\u00a0\u00bb width_last_edited=\u00a0\u00bbon|phone\u00a0\u00bb custom_margin=\u00a0\u00bb0px||15px||false|false\u00a0\u00bb custom_margin_tablet=\u00a0\u00bb0px||20px||false|false\u00a0\u00bb custom_margin_phone=\u00a0\u00bb0px||20px||false|false\u00a0\u00bb custom_margin_last_edited=\u00a0\u00bbon|desktop\u00a0\u00bb text_font_size_tablet=\u00a0\u00bb40px\u00a0\u00bb text_font_size_phone=\u00a0\u00bb30px\u00a0\u00bb text_font_size_last_edited=\u00a0\u00bbon|phone\u00a0\u00bb header_font_size_tablet=\u00a0\u00bb40px\u00a0\u00bb header_font_size_phone=\u00a0\u00bb40px\u00a0\u00bb header_font_size_last_edited=\u00a0\u00bbon|tablet\u00a0\u00bb global_colors_info=\u00a0\u00bb{}\u00a0\u00bb]<\/p>\n<p><span data-sheets-value=\"{\"1\":2,\"2\":\"Jean-Marc L\u00e9ger \"}\" data-sheets-userformat=\"{\"2\":14337,\"3\":{\"1\":0,\"3\":1},\"14\":{\"1\":3,\"3\":1},\"15\":\"Calibri\",\"16\":11}\">Jean-Marc L\u00e9ger <\/span><\/p>\n<p>[\/et_pb_text][et_pb_text _builder_version=\u00a0\u00bb4.23.1&Prime; _module_preset=\u00a0\u00bb28cfcf78-1bee-4815-a9d5-6caa8f7a4b47&Prime; text_font=\u00a0\u00bbAptos||||||||\u00a0\u00bb text_text_color=\u00a0\u00bb#000000&Prime; text_line_height=\u00a0\u00bb1.5em\u00a0\u00bb width=\u00a0\u00bb35%\u00a0\u00bb width_tablet=\u00a0\u00bb100%\u00a0\u00bb width_phone=\u00a0\u00bb100%\u00a0\u00bb width_last_edited=\u00a0\u00bbon|desktop\u00a0\u00bb custom_margin=\u00a0\u00bb0px||15px||false|false\u00a0\u00bb custom_padding=\u00a0\u00bb0px||||false|false\u00a0\u00bb locked=\u00a0\u00bboff\u00a0\u00bb global_colors_info=\u00a0\u00bb{}\u00a0\u00bb]<\/p>\n<p><span data-sheets-value=\"{\"1\":2,\"2\":\"President\/CEO\"}\" data-sheets-userformat=\"{\"2\":12289,\"3\":{\"1\":0,\"3\":1},\"15\":\"Calibri\",\"16\":11}\">Pr\u00e9sident \/ PDG<\/span><\/p>\n<p>[\/et_pb_text][et_pb_social_media_follow _builder_version=\u00a0\u00bb4.23.1&Prime; _module_preset=\u00a0\u00bbdefault\u00a0\u00bb custom_margin=\u00a0\u00bb||||false|false\u00a0\u00bb custom_padding=\u00a0\u00bb0px||||false|false\u00a0\u00bb global_colors_info=\u00a0\u00bb{}\u00a0\u00bb][et_pb_social_media_follow_network social_network=\u00a0\u00bblinkedin\u00a0\u00bb url=\u00a0\u00bbhttps:\/\/www.linkedin.com\/in\/jean-marc-leger-82261253&Prime; _builder_version=\u00a0\u00bb4.23.1&Prime; _module_preset=\u00a0\u00bbdefault\u00a0\u00bb background_color=\u00a0\u00bb#2E2E30&Prime; background_enable_color=\u00a0\u00bbon\u00a0\u00bb global_colors_info=\u00a0\u00bb{}\u00a0\u00bb background__hover_enabled=\u00a0\u00bbon|desktop\u00a0\u00bb background_color__hover=\u00a0\u00bb#ED1C24&Prime; background_enable_color__hover=\u00a0\u00bbon\u00a0\u00bb follow_button=\u00a0\u00bboff\u00a0\u00bb url_new_window=\u00a0\u00bbon\u00a0\u00bb]linkedin[\/et_pb_social_media_follow_network][\/et_pb_social_media_follow][\/et_pb_column][et_pb_column type=\u00a0\u00bb3_5&Prime; _builder_version=\u00a0\u00bb4.22.2&Prime; _module_preset=\u00a0\u00bbdefault\u00a0\u00bb global_colors_info=\u00a0\u00bb{}\u00a0\u00bb][et_pb_text _builder_version=\u00a0\u00bb4.24.0&Prime; _module_preset=\u00a0\u00bb28cfcf78-1bee-4815-a9d5-6caa8f7a4b47&Prime; text_font=\u00a0\u00bbAptos||||||||\u00a0\u00bb text_text_color=\u00a0\u00bb#000000&Prime; text_line_height=\u00a0\u00bb1.5em\u00a0\u00bb width=\u00a0\u00bb100%\u00a0\u00bb width_tablet=\u00a0\u00bb100%\u00a0\u00bb width_phone=\u00a0\u00bb100%\u00a0\u00bb width_last_edited=\u00a0\u00bbon|desktop\u00a0\u00bb custom_margin=\u00a0\u00bb0px||25px||false|false\u00a0\u00bb custom_padding=\u00a0\u00bb50px||||false|false\u00a0\u00bb custom_padding_tablet=\u00a0\u00bb0px||||false|false\u00a0\u00bb custom_padding_phone=\u00a0\u00bb0px||||false|false\u00a0\u00bb custom_padding_last_edited=\u00a0\u00bbon|phone\u00a0\u00bb locked=\u00a0\u00bboff\u00a0\u00bb global_colors_info=\u00a0\u00bb{}\u00a0\u00bb]<\/p>\n<p><span style=\"font-weight: 400;\">Jean-Marc est \u00e9conomiste et a fond\u00e9 la firme L\u00e9ger en 1986 avec son p\u00e8re, Marcel L\u00e9ger.<\/span><\/p>\n<p><span style=\"font-weight: 400;\">Sous sa direction, l\u2019entreprise est devenue la plus grande firme de sondage \u00e0 propri\u00e9t\u00e9 canadienne. Elle compte plus de 300 employ\u00e9s r\u00e9partis dans ses huit bureaux au Canada (Montr\u00e9al, Qu\u00e9bec, Toronto, Winnipeg, Edmonton, Calgary et Vancouver) et aux \u00c9tats-Unis (New York). Au cours des derni\u00e8res ann\u00e9es, l\u2019entreprise a pris un virage technologique majeur avec plus d\u2019une douzaine d\u2019acquisitions dont l\u2019agence num\u00e9rique Ressac, la cr\u00e9ation de la division L\u00e9ger analytique (LEA) et le d\u00e9veloppement du plus grand panel propri\u00e9taire au Canada, LEO.<\/span><\/p>\n<p><span style=\"font-weight: 400;\">Jean-Marc a aussi fond\u00e9 le r\u00e9seau WIN (Worldwide Independent Network) qui regroupe les plus grandes entreprises de sondage et de recherche marketing ind\u00e9pendantes dans 75 pays. Il en a \u00e9t\u00e9 le pr\u00e9sident de 2010 \u00e0 2016.<\/span><\/p>\n<p><span style=\"font-weight: 400;\">Jean-Marc a \u00e9t\u00e9 pr\u00e9sident du conseil d\u2019administration de l\u2019Universit\u00e9 du Qu\u00e9bec \u00e0 Montr\u00e9al (UQAM), du Publicit\u00e9-Club de Montr\u00e9al, de la Chambre de commerce du Montr\u00e9al m\u00e9tropolitain (CCMM) et de TVA. Il est actuellement membre du conseil d\u2019administration du P\u00f4le D de HEC Montr\u00e9al, du Canadian Research Insights Council (CRIC) et de l\u2019organisme communautaire Capsana. <\/span><\/p>\n<p>Jean-Marc est reconnu comme le principal expert canadien en comportement des consommateurs. Il est aussi l\u2019auteur du livre \u00e0 succ\u00e8s Le Code Qu\u00e9bec, et producteur de la s\u00e9rie Code Qu\u00e9bec sur T\u00e9l\u00e9-Qu\u00e9bec et du balado du Code Qu\u00e9bec sur TVA+ Il collabore r\u00e9guli\u00e8rement avec La Presse canadienne, le Journal de Montr\u00e9al, Le Devoir, le National Post, TVA et The Atlantic.<\/p>\n<p><span style=\"font-weight: 400;\">Jean-Marc a conseill\u00e9 de nombreux premiers ministres et chefs d\u2019entreprise au Qu\u00e9bec, au Canada et \u00e0 l\u2019\u00e9tranger, notamment en France, au Gabon et au Maroc.<\/span><\/p>\n<p><span style=\"font-weight: 400;\"><\/span><\/p>\n<p>[\/et_pb_text][\/et_pb_column][\/et_pb_row][et_pb_row _builder_version=\u00a0\u00bb4.23.1&Prime; _module_preset=\u00a0\u00bbdefault\u00a0\u00bb global_colors_info=\u00a0\u00bb{}\u00a0\u00bb][et_pb_column type=\u00a0\u00bb4_4&Prime; _builder_version=\u00a0\u00bb4.23.1&Prime; _module_preset=\u00a0\u00bbdefault\u00a0\u00bb global_colors_info=\u00a0\u00bb{}\u00a0\u00bb][et_pb_button button_url=\u00a0\u00bb@ET-DC@eyJkeW5hbWljIjp0cnVlLCJjb250ZW50IjoicG9zdF9saW5rX3VybF9wYWdlIiwic2V0dGluZ3MiOnsicG9zdF9pZCI6IjM3MDEifX0=@\u00a0\u00bb button_text=\u00a0\u00bbRetourner\u00a0\u00bb button_alignment=\u00a0\u00bbcenter\u00a0\u00bb _builder_version=\u00a0\u00bb4.24.3&Prime; _dynamic_attributes=\u00a0\u00bbbutton_url\u00a0\u00bb _module_preset=\u00a0\u00bb23e0c1f6-a6f5-4637-87d8-5c62b045dcaf\u00a0\u00bb button_icon=\u00a0\u00bb&#x23;||divi||400&Prime; button_icon_placement=\u00a0\u00bbleft\u00a0\u00bb locked=\u00a0\u00bboff\u00a0\u00bb global_colors_info=\u00a0\u00bb{}\u00a0\u00bb button_custom_margin_tablet=\u00a0\u00bb0px||||false|false\u00a0\u00bb button_custom_margin_phone=\u00a0\u00bb0px||||false|false\u00a0\u00bb button_custom_margin_last_edited=\u00a0\u00bbon|desktop\u00a0\u00bb button_bg_enable_color__hover=\u00a0\u00bbon\u00a0\u00bb][\/et_pb_button][\/et_pb_column][\/et_pb_row][\/et_pb_section]<\/p>\n","protected":false},"excerpt":{"rendered":"<p>Jean-Marc L\u00e9ger Pr\u00e9sident \/ PDGJean-Marc est \u00e9conomiste et a fond\u00e9 la firme L\u00e9ger en 1986 avec son p\u00e8re, Marcel L\u00e9ger. Sous sa direction, l\u2019entreprise est devenue la plus grande firme de sondage \u00e0 propri\u00e9t\u00e9 canadienne. Elle compte plus de 300 employ\u00e9s r\u00e9partis dans ses huit bureaux au Canada (Montr\u00e9al, Qu\u00e9bec, Toronto, Winnipeg, Edmonton, Calgary et Vancouver) et aux \u00c9tats-Unis (New York). Au cours des derni\u00e8res ann\u00e9es, l\u2019entreprise a pris un virage technologique majeur avec plus d\u2019une douzaine d\u2019acquisitions dont l\u2019agence num\u00e9rique Ressac, la cr\u00e9ation de la division L\u00e9ger analytique (LEA) et le d\u00e9veloppement du plus grand panel propri\u00e9taire au Canada, LEO. Jean-Marc a aussi fond\u00e9 le r\u00e9seau WIN (Worldwide Independent Network) qui regroupe les plus grandes entreprises de sondage et de recherche marketing ind\u00e9pendantes dans 75 pays. Il en a \u00e9t\u00e9 le pr\u00e9sident de 2010 \u00e0 2016. Jean-Marc a \u00e9t\u00e9 pr\u00e9sident du conseil d\u2019administration de l\u2019Universit\u00e9 du Qu\u00e9bec \u00e0 Montr\u00e9al (UQAM), du Publicit\u00e9-Club de Montr\u00e9al, de la Chambre de commerce du Montr\u00e9al m\u00e9tropolitain (CCMM) et de TVA. Il est actuellement membre du conseil d\u2019administration du P\u00f4le D de HEC Montr\u00e9al, du Canadian Research Insights Council (CRIC) et de l\u2019organisme communautaire Capsana. Jean-Marc est reconnu comme le principal expert canadien en [&hellip;]<\/p>\n","protected":false},"author":2,"featured_media":0,"parent":0,"menu_order":0,"comment_status":"closed","ping_status":"closed","template":"","meta":{"_acf_changed":false,"_et_pb_use_builder":"on","_et_pb_old_content":"","_et_gb_content_width":"","content-type":"","inline_featured_image":false,"footnotes":""},"class_list":["post-18897","page","type-page","status-publish","hentry"],"acf":[],"yoast_head":"<!-- This site is optimized with the Yoast SEO Premium plugin v27.3 (Yoast SEO v27.3) - https:\/\/yoast.com\/product\/yoast-seo-premium-wordpress\/ -->\n<title>Rencontrez Jean-Marc L\u00e9ger - L\u00e9ger<\/title>\n<meta name=\"description\" content=\"Jean-Marc L\u00e9ger, fondateur de L\u00e9ger, est un expert du comportement des consommateurs. Il a b\u00e2ti la plus grande firme de sondage \u00e0 propri\u00e9t\u00e9 canadienne.\" \/>\n<meta name=\"robots\" content=\"index, follow, max-snippet:-1, max-image-preview:large, max-video-preview:-1\" \/>\n<link rel=\"canonical\" href=\"https:\/\/leger360.com\/fr\/jean-marc-leger\/\" \/>\n<meta property=\"og:locale\" content=\"fr_CA\" \/>\n<meta property=\"og:type\" content=\"article\" \/>\n<meta property=\"og:title\" content=\"Jean-Marc L\u00e9ger\" \/>\n<meta property=\"og:description\" content=\"Jean-Marc L\u00e9ger, fondateur de L\u00e9ger, est un expert du comportement des consommateurs. Il a b\u00e2ti la plus grande firme de sondage \u00e0 propri\u00e9t\u00e9 canadienne.\" \/>\n<meta property=\"og:url\" content=\"https:\/\/leger360.com\/fr\/jean-marc-leger\/\" \/>\n<meta property=\"og:site_name\" content=\"Leger\" \/>\n<meta property=\"article:publisher\" content=\"https:\/\/www.facebook.com\/leger360\/\" \/>\n<meta property=\"article:modified_time\" content=\"2026-01-27T12:23:16+00:00\" \/>\n<meta property=\"og:image\" content=\"https:\/\/leger360.com\/wp-content\/uploads\/2024\/04\/leger-feature-img-home.png\" \/>\n\t<meta property=\"og:image:width\" content=\"1354\" \/>\n\t<meta property=\"og:image:height\" content=\"872\" \/>\n\t<meta property=\"og:image:type\" content=\"image\/png\" \/>\n<meta name=\"twitter:card\" content=\"summary_large_image\" \/>\n<meta name=\"twitter:site\" content=\"@leger360\" \/>\n<meta name=\"twitter:label1\" content=\"Estimation du temps de lecture\" \/>\n\t<meta name=\"twitter:data1\" content=\"5 minutes\" \/>\n<script type=\"application\/ld+json\" class=\"yoast-schema-graph\">{\"@context\":\"https:\\\/\\\/schema.org\",\"@graph\":[{\"@type\":\"WebPage\",\"@id\":\"https:\\\/\\\/leger360.com\\\/fr\\\/jean-marc-leger\\\/\",\"url\":\"https:\\\/\\\/leger360.com\\\/fr\\\/jean-marc-leger\\\/\",\"name\":\"Rencontrez Jean-Marc L\u00e9ger - L\u00e9ger\",\"isPartOf\":{\"@id\":\"https:\\\/\\\/leger360.com\\\/fr\\\/#website\"},\"datePublished\":\"2023-11-21T04:46:55+00:00\",\"dateModified\":\"2026-01-27T12:23:16+00:00\",\"description\":\"Jean-Marc L\u00e9ger, fondateur de L\u00e9ger, est un expert du comportement des consommateurs. Il a b\u00e2ti la plus grande firme de sondage \u00e0 propri\u00e9t\u00e9 canadienne.\",\"breadcrumb\":{\"@id\":\"https:\\\/\\\/leger360.com\\\/fr\\\/jean-marc-leger\\\/#breadcrumb\"},\"inLanguage\":\"fr-CA\",\"potentialAction\":[{\"@type\":\"ReadAction\",\"target\":[\"https:\\\/\\\/leger360.com\\\/fr\\\/jean-marc-leger\\\/\"]}]},{\"@type\":\"BreadcrumbList\",\"@id\":\"https:\\\/\\\/leger360.com\\\/fr\\\/jean-marc-leger\\\/#breadcrumb\",\"itemListElement\":[{\"@type\":\"ListItem\",\"position\":1,\"name\":\"Home\",\"item\":\"https:\\\/\\\/leger360.com\\\/fr\\\/\"},{\"@type\":\"ListItem\",\"position\":2,\"name\":\"Jean-Marc L\u00e9ger\"}]},{\"@type\":\"WebSite\",\"@id\":\"https:\\\/\\\/leger360.com\\\/fr\\\/#website\",\"url\":\"https:\\\/\\\/leger360.com\\\/fr\\\/\",\"name\":\"Leger\",\"description\":\"Market Research | Data Analytics\",\"publisher\":{\"@id\":\"https:\\\/\\\/leger360.com\\\/fr\\\/#organization\"},\"potentialAction\":[{\"@type\":\"SearchAction\",\"target\":{\"@type\":\"EntryPoint\",\"urlTemplate\":\"https:\\\/\\\/leger360.com\\\/fr\\\/?s={search_term_string}\"},\"query-input\":{\"@type\":\"PropertyValueSpecification\",\"valueRequired\":true,\"valueName\":\"search_term_string\"}}],\"inLanguage\":\"fr-CA\"},{\"@type\":\"Organization\",\"@id\":\"https:\\\/\\\/leger360.com\\\/fr\\\/#organization\",\"name\":\"Leger\",\"url\":\"https:\\\/\\\/leger360.com\\\/fr\\\/\",\"logo\":{\"@type\":\"ImageObject\",\"inLanguage\":\"fr-CA\",\"@id\":\"https:\\\/\\\/leger360.com\\\/fr\\\/#\\\/schema\\\/logo\\\/image\\\/\",\"url\":\"https:\\\/\\\/leger360.com\\\/wp-content\\\/uploads\\\/2024\\\/04\\\/2022-Logo-Leger-Blackred-g.png\",\"contentUrl\":\"https:\\\/\\\/leger360.com\\\/wp-content\\\/uploads\\\/2024\\\/04\\\/2022-Logo-Leger-Blackred-g.png\",\"width\":1195,\"height\":686,\"caption\":\"Leger\"},\"image\":{\"@id\":\"https:\\\/\\\/leger360.com\\\/fr\\\/#\\\/schema\\\/logo\\\/image\\\/\"},\"sameAs\":[\"https:\\\/\\\/www.facebook.com\\\/leger360\\\/\",\"https:\\\/\\\/x.com\\\/leger360\",\"https:\\\/\\\/www.linkedin.com\\\/company\\\/leger360\\\/\"],\"description\":\"Leger is one of North America\u2019s fastest-growing market research companies, known for our forward-thinking experts and innovative approaches powered by artificial intelligence (AI) technologies.\"}]}<\/script>\n<!-- \/ Yoast SEO Premium plugin. -->","yoast_head_json":{"title":"Rencontrez Jean-Marc L\u00e9ger - L\u00e9ger","description":"Jean-Marc L\u00e9ger, fondateur de L\u00e9ger, est un expert du comportement des consommateurs. Il a b\u00e2ti la plus grande firme de sondage \u00e0 propri\u00e9t\u00e9 canadienne.","robots":{"index":"index","follow":"follow","max-snippet":"max-snippet:-1","max-image-preview":"max-image-preview:large","max-video-preview":"max-video-preview:-1"},"canonical":"https:\/\/leger360.com\/fr\/jean-marc-leger\/","og_locale":"fr_CA","og_type":"article","og_title":"Jean-Marc L\u00e9ger","og_description":"Jean-Marc L\u00e9ger, fondateur de L\u00e9ger, est un expert du comportement des consommateurs. Il a b\u00e2ti la plus grande firme de sondage \u00e0 propri\u00e9t\u00e9 canadienne.","og_url":"https:\/\/leger360.com\/fr\/jean-marc-leger\/","og_site_name":"Leger","article_publisher":"https:\/\/www.facebook.com\/leger360\/","article_modified_time":"2026-01-27T12:23:16+00:00","og_image":[{"width":1354,"height":872,"url":"https:\/\/leger360.com\/wp-content\/uploads\/2024\/04\/leger-feature-img-home.png","type":"image\/png"}],"twitter_card":"summary_large_image","twitter_site":"@leger360","twitter_misc":{"Estimation du temps de lecture":"5 minutes"},"schema":{"@context":"https:\/\/schema.org","@graph":[{"@type":"WebPage","@id":"https:\/\/leger360.com\/fr\/jean-marc-leger\/","url":"https:\/\/leger360.com\/fr\/jean-marc-leger\/","name":"Rencontrez Jean-Marc L\u00e9ger - L\u00e9ger","isPartOf":{"@id":"https:\/\/leger360.com\/fr\/#website"},"datePublished":"2023-11-21T04:46:55+00:00","dateModified":"2026-01-27T12:23:16+00:00","description":"Jean-Marc L\u00e9ger, fondateur de L\u00e9ger, est un expert du comportement des consommateurs. Il a b\u00e2ti la plus grande firme de sondage \u00e0 propri\u00e9t\u00e9 canadienne.","breadcrumb":{"@id":"https:\/\/leger360.com\/fr\/jean-marc-leger\/#breadcrumb"},"inLanguage":"fr-CA","potentialAction":[{"@type":"ReadAction","target":["https:\/\/leger360.com\/fr\/jean-marc-leger\/"]}]},{"@type":"BreadcrumbList","@id":"https:\/\/leger360.com\/fr\/jean-marc-leger\/#breadcrumb","itemListElement":[{"@type":"ListItem","position":1,"name":"Home","item":"https:\/\/leger360.com\/fr\/"},{"@type":"ListItem","position":2,"name":"Jean-Marc L\u00e9ger"}]},{"@type":"WebSite","@id":"https:\/\/leger360.com\/fr\/#website","url":"https:\/\/leger360.com\/fr\/","name":"Leger","description":"Market Research | Data Analytics","publisher":{"@id":"https:\/\/leger360.com\/fr\/#organization"},"potentialAction":[{"@type":"SearchAction","target":{"@type":"EntryPoint","urlTemplate":"https:\/\/leger360.com\/fr\/?s={search_term_string}"},"query-input":{"@type":"PropertyValueSpecification","valueRequired":true,"valueName":"search_term_string"}}],"inLanguage":"fr-CA"},{"@type":"Organization","@id":"https:\/\/leger360.com\/fr\/#organization","name":"Leger","url":"https:\/\/leger360.com\/fr\/","logo":{"@type":"ImageObject","inLanguage":"fr-CA","@id":"https:\/\/leger360.com\/fr\/#\/schema\/logo\/image\/","url":"https:\/\/leger360.com\/wp-content\/uploads\/2024\/04\/2022-Logo-Leger-Blackred-g.png","contentUrl":"https:\/\/leger360.com\/wp-content\/uploads\/2024\/04\/2022-Logo-Leger-Blackred-g.png","width":1195,"height":686,"caption":"Leger"},"image":{"@id":"https:\/\/leger360.com\/fr\/#\/schema\/logo\/image\/"},"sameAs":["https:\/\/www.facebook.com\/leger360\/","https:\/\/x.com\/leger360","https:\/\/www.linkedin.com\/company\/leger360\/"],"description":"Leger is one of North America\u2019s fastest-growing market research companies, known for our forward-thinking experts and innovative approaches powered by artificial intelligence (AI) technologies."}]}},"_links":{"self":[{"href":"https:\/\/leger360.com\/fr\/wp-json\/wp\/v2\/pages\/18897","targetHints":{"allow":["GET"]}}],"collection":[{"href":"https:\/\/leger360.com\/fr\/wp-json\/wp\/v2\/pages"}],"about":[{"href":"https:\/\/leger360.com\/fr\/wp-json\/wp\/v2\/types\/page"}],"author":[{"embeddable":true,"href":"https:\/\/leger360.com\/fr\/wp-json\/wp\/v2\/users\/2"}],"replies":[{"embeddable":true,"href":"https:\/\/leger360.com\/fr\/wp-json\/wp\/v2\/comments?post=18897"}],"version-history":[{"count":0,"href":"https:\/\/leger360.com\/fr\/wp-json\/wp\/v2\/pages\/18897\/revisions"}],"wp:attachment":[{"href":"https:\/\/leger360.com\/fr\/wp-json\/wp\/v2\/media?parent=18897"}],"curies":[{"name":"wp","href":"https:\/\/api.w.org\/{rel}","templated":true}]}}