{"id":19016,"date":"2023-12-27T16:27:40","date_gmt":"2023-12-27T21:27:40","guid":{"rendered":"https:\/\/leger360.com\/frederic-rajotte\/"},"modified":"2025-08-08T07:44:54","modified_gmt":"2025-08-08T11:44:54","slug":"frederic-rajotte","status":"publish","type":"page","link":"https:\/\/leger360.com\/fr\/frederic-rajotte\/","title":{"rendered":"Frederic Rajotte"},"content":{"rendered":"<p>[et_pb_section fb_built=\u00a0\u00bb1&Prime; custom_padding_last_edited=\u00a0\u00bbon|phone\u00a0\u00bb admin_label=\u00a0\u00bbTeam\u00a0\u00bb _builder_version=\u00a0\u00bb4.23.1&Prime; use_background_color_gradient=\u00a0\u00bbon\u00a0\u00bb background_color_gradient_stops=\u00a0\u00bbrgba(255,255,255,0.75) 45%|#ffffff 100%\u00a0\u00bb background_color_gradient_overlays_image=\u00a0\u00bbon\u00a0\u00bb background_image=\u00a0\u00bbhttps:\/\/leger360.com\/wp-content\/uploads\/2023\/10\/gradient_gris_02.png\u00a0\u00bb custom_margin=\u00a0\u00bb|||\u00a0\u00bb custom_padding=\u00a0\u00bb54px|0px|50px|0px||\u00a0\u00bb custom_padding_tablet=\u00a0\u00bb54px|0px|100px|0px||\u00a0\u00bb custom_padding_phone=\u00a0\u00bb54px|0px|50px|0px|false|false\u00a0\u00bb global_colors_info=\u00a0\u00bb{}\u00a0\u00bb][et_pb_row column_structure=\u00a0\u00bb2_5,3_5&Prime; custom_padding_last_edited=\u00a0\u00bbon|tablet\u00a0\u00bb _builder_version=\u00a0\u00bb4.23.1&Prime; _module_preset=\u00a0\u00bbdefault\u00a0\u00bb background_color=\u00a0\u00bb#FFFFFF\u00a0\u00bb width_tablet=\u00a0\u00bb\u00a0\u00bb width_phone=\u00a0\u00bb90%\u00a0\u00bb width_last_edited=\u00a0\u00bbon|phone\u00a0\u00bb custom_padding=\u00a0\u00bb54px|54px|54px|54px|true|true\u00a0\u00bb custom_padding_tablet=\u00a0\u00bb54px|54px|54px|54px|true|true\u00a0\u00bb custom_padding_phone=\u00a0\u00bb0px|35px|25px|35px|false|true\u00a0\u00bb border_radii=\u00a0\u00bbon|15px|15px|15px|15px\u00a0\u00bb box_shadow_style=\u00a0\u00bbpreset3&Prime; locked=\u00a0\u00bboff\u00a0\u00bb global_colors_info=\u00a0\u00bb{}\u00a0\u00bb][et_pb_column type=\u00a0\u00bb2_5&Prime; _builder_version=\u00a0\u00bb4.22.2&Prime; _module_preset=\u00a0\u00bbdefault\u00a0\u00bb global_colors_info=\u00a0\u00bb{}\u00a0\u00bb][et_pb_image src=\u00a0\u00bbhttps:\/\/leger360.com\/wp-content\/uploads\/2023\/12\/Frederic_Rajotte-no-bg.png\u00a0\u00bb title_text=\u00a0\u00bbFrederic_Rajotte-no-bg\u00a0\u00bb _builder_version=\u00a0\u00bb4.23.1&Prime; _module_preset=\u00a0\u00bbdefault\u00a0\u00bb global_colors_info=\u00a0\u00bb{}\u00a0\u00bb][\/et_pb_image][et_pb_text _builder_version=\u00a0\u00bb4.27.4&Prime; _module_preset=\u00a0\u00bbd5e3a51d-fa3a-487e-9745-43d4b2b47c37&Prime; global_colors_info=\u00a0\u00bb{}\u00a0\u00bb hover_enabled=\u00a0\u00bb0&Prime; sticky_enabled=\u00a0\u00bb0&Prime;]<\/p>\n<h1><span style=\"font-weight: 400;\">Fr\u00e9d\u00e9ric Rajotte<\/span><\/h1>\n<p>[\/et_pb_text][et_pb_text _builder_version=\u00a0\u00bb4.24.2&Prime; _module_preset=\u00a0\u00bb28cfcf78-1bee-4815-a9d5-6caa8f7a4b47&Prime; text_font=\u00a0\u00bbAptos||||||||\u00a0\u00bb text_text_color=\u00a0\u00bb#000000&Prime; text_line_height=\u00a0\u00bb1.5em\u00a0\u00bb width=\u00a0\u00bb100%\u00a0\u00bb width_tablet=\u00a0\u00bb100%\u00a0\u00bb width_phone=\u00a0\u00bb100%\u00a0\u00bb width_last_edited=\u00a0\u00bbon|desktop\u00a0\u00bb custom_margin=\u00a0\u00bb0px||15px||false|false\u00a0\u00bb custom_margin_tablet=\u00a0\u00bb0px||15px||false|false\u00a0\u00bb custom_margin_phone=\u00a0\u00bb0px||0px||false|false\u00a0\u00bb custom_margin_last_edited=\u00a0\u00bbon|phone\u00a0\u00bb custom_padding=\u00a0\u00bb0px||||false|false\u00a0\u00bb locked=\u00a0\u00bboff\u00a0\u00bb global_colors_info=\u00a0\u00bb{}\u00a0\u00bb]<\/p>\n<p>Chef de la s\u00e9curit\u00e9<\/p>\n<p>[\/et_pb_text][\/et_pb_column][et_pb_column type=\u00a0\u00bb3_5&Prime; _builder_version=\u00a0\u00bb4.22.2&Prime; _module_preset=\u00a0\u00bbdefault\u00a0\u00bb global_colors_info=\u00a0\u00bb{}\u00a0\u00bb][et_pb_text _builder_version=\u00a0\u00bb4.24.2&Prime; _module_preset=\u00a0\u00bb28cfcf78-1bee-4815-a9d5-6caa8f7a4b47&Prime; text_font=\u00a0\u00bbAptos||||||||\u00a0\u00bb text_text_color=\u00a0\u00bb#000000&Prime; text_line_height=\u00a0\u00bb1.5em\u00a0\u00bb width=\u00a0\u00bb100%\u00a0\u00bb width_tablet=\u00a0\u00bb100%\u00a0\u00bb width_phone=\u00a0\u00bb100%\u00a0\u00bb width_last_edited=\u00a0\u00bbon|desktop\u00a0\u00bb custom_margin=\u00a0\u00bb0px||25px||false|false\u00a0\u00bb custom_padding=\u00a0\u00bb15%||||false|false\u00a0\u00bb custom_padding_tablet=\u00a0\u00bb0px||||false|false\u00a0\u00bb custom_padding_phone=\u00a0\u00bb0px||||false|false\u00a0\u00bb custom_padding_last_edited=\u00a0\u00bbon|phone\u00a0\u00bb locked=\u00a0\u00bboff\u00a0\u00bb global_colors_info=\u00a0\u00bb{}\u00a0\u00bb]<\/p>\n<p>Fr\u00e9d\u00e9ric a d\u00e9but\u00e9 sa carri\u00e8re en 2001 chez L\u00e9ger. D\u2019abord technicien en informatique, il est aujourd\u2019hui chef de la s\u00e9curit\u00e9 des TI et s\u2019assure de la s\u00e9curit\u00e9 de l\u2019entreprise au quotidien.<\/p>\n<p>Au cours des ann\u00e9es, Fr\u00e9d\u00e9ric a obtenu des certifications en ITIL, Cisco et CISSP. De plus, il a occup\u00e9 plusieurs postes au sein de la compagnie dont celui de vice-pr\u00e9sident des TI et de gestionnaire de projets. Polyvalent, il est principalement reconnu pour \u00eatre un expert en mati\u00e8re d\u2019infrastructure technologique et de s\u00e9curit\u00e9 de l\u2019information.<\/p>\n<p>Selon lui, la r\u00e9ussite d\u2019une int\u00e9gration technologique repose sur l\u2019implication du client. La d\u00e9finition d\u2019un objectif clair et connu est la cl\u00e9 du succ\u00e8s de tous projets technologiques. <br \/>Fr\u00e9d\u00e9ric a particip\u00e9 activement \u00e0 toutes les \u00e9tudes sur les d\u00e9placements des citoyens de la grande r\u00e9gion m\u00e9tropolitaine de Montr\u00e9al et de Qu\u00e9bec. \u00c0 l\u2019interne, il a \u00e9t\u00e9 impliqu\u00e9 dans la mise en place de nos plateformes d\u2019entrevues web et t\u00e9l\u00e9phoniques, et la cr\u00e9ation du panel LEO.<\/p>\n<p>&nbsp;<\/p>\n<p>[\/et_pb_text][\/et_pb_column][\/et_pb_row][et_pb_row _builder_version=\u00a0\u00bb4.23.1&Prime; _module_preset=\u00a0\u00bbdefault\u00a0\u00bb global_colors_info=\u00a0\u00bb{}\u00a0\u00bb][et_pb_column type=\u00a0\u00bb4_4&Prime; _builder_version=\u00a0\u00bb4.23.1&Prime; _module_preset=\u00a0\u00bbdefault\u00a0\u00bb global_colors_info=\u00a0\u00bb{}\u00a0\u00bb][et_pb_button button_url=\u00a0\u00bb@ET-DC@eyJkeW5hbWljIjp0cnVlLCJjb250ZW50IjoicG9zdF9saW5rX3VybF9wYWdlIiwic2V0dGluZ3MiOnsicG9zdF9pZCI6IjE4OTUwIn19@\u00a0\u00bb button_text=\u00a0\u00bbRetourner\u00a0\u00bb button_alignment=\u00a0\u00bbcenter\u00a0\u00bb _builder_version=\u00a0\u00bb4.24.3&Prime; _dynamic_attributes=\u00a0\u00bbbutton_url\u00a0\u00bb _module_preset=\u00a0\u00bb23e0c1f6-a6f5-4637-87d8-5c62b045dcaf\u00a0\u00bb button_icon=\u00a0\u00bb&#x23;||divi||400&Prime; button_icon_placement=\u00a0\u00bbleft\u00a0\u00bb locked=\u00a0\u00bboff\u00a0\u00bb global_colors_info=\u00a0\u00bb{}\u00a0\u00bb button_custom_margin_tablet=\u00a0\u00bb0px||||false|false\u00a0\u00bb button_custom_margin_phone=\u00a0\u00bb0px||||false|false\u00a0\u00bb button_custom_margin_last_edited=\u00a0\u00bbon|desktop\u00a0\u00bb button_bg_enable_color__hover=\u00a0\u00bbon\u00a0\u00bb][\/et_pb_button][\/et_pb_column][\/et_pb_row][\/et_pb_section]<\/p>\n","protected":false},"excerpt":{"rendered":"<p>Fr\u00e9d\u00e9ric RajotteChef de la s\u00e9curit\u00e9Fr\u00e9d\u00e9ric a d\u00e9but\u00e9 sa carri\u00e8re en 2001 chez L\u00e9ger. D\u2019abord technicien en informatique, il est aujourd\u2019hui chef de la s\u00e9curit\u00e9 des TI et s\u2019assure de la s\u00e9curit\u00e9 de l\u2019entreprise au quotidien. Au cours des ann\u00e9es, Fr\u00e9d\u00e9ric a obtenu des certifications en ITIL, Cisco et CISSP. De plus, il a occup\u00e9 plusieurs postes au sein de la compagnie dont celui de vice-pr\u00e9sident des TI et de gestionnaire de projets. Polyvalent, il est principalement reconnu pour \u00eatre un expert en mati\u00e8re d\u2019infrastructure technologique et de s\u00e9curit\u00e9 de l\u2019information. Selon lui, la r\u00e9ussite d\u2019une int\u00e9gration technologique repose sur l\u2019implication du client. La d\u00e9finition d\u2019un objectif clair et connu est la cl\u00e9 du succ\u00e8s de tous projets technologiques. Fr\u00e9d\u00e9ric a particip\u00e9 activement \u00e0 toutes les \u00e9tudes sur les d\u00e9placements des citoyens de la grande r\u00e9gion m\u00e9tropolitaine de Montr\u00e9al et de Qu\u00e9bec. \u00c0 l\u2019interne, il a \u00e9t\u00e9 impliqu\u00e9 dans la mise en place de nos plateformes d\u2019entrevues web et t\u00e9l\u00e9phoniques, et la cr\u00e9ation du panel LEO. &nbsp;<\/p>\n","protected":false},"author":2,"featured_media":0,"parent":0,"menu_order":0,"comment_status":"closed","ping_status":"closed","template":"","meta":{"_acf_changed":false,"_et_pb_use_builder":"on","_et_pb_old_content":"","_et_gb_content_width":"","content-type":"","inline_featured_image":false,"footnotes":""},"class_list":["post-19016","page","type-page","status-publish","hentry"],"acf":[],"yoast_head":"<!-- This site is optimized with the Yoast SEO Premium plugin v27.3 (Yoast SEO v27.3) - https:\/\/yoast.com\/product\/yoast-seo-premium-wordpress\/ -->\n<title>Frederic Rajotte - Leger<\/title>\n<meta name=\"robots\" content=\"index, follow, max-snippet:-1, max-image-preview:large, max-video-preview:-1\" \/>\n<link rel=\"canonical\" href=\"https:\/\/leger360.com\/fr\/frederic-rajotte\/\" \/>\n<meta property=\"og:locale\" content=\"fr_CA\" \/>\n<meta property=\"og:type\" content=\"article\" \/>\n<meta property=\"og:title\" content=\"Frederic Rajotte\" \/>\n<meta property=\"og:description\" content=\"Fr\u00e9d\u00e9ric RajotteChef de la s\u00e9curit\u00e9Fr\u00e9d\u00e9ric a d\u00e9but\u00e9 sa carri\u00e8re en 2001 chez L\u00e9ger. D\u2019abord technicien en informatique, il est aujourd\u2019hui chef de la s\u00e9curit\u00e9 des TI et s\u2019assure de la s\u00e9curit\u00e9 de l\u2019entreprise au quotidien. Au cours des ann\u00e9es, Fr\u00e9d\u00e9ric a obtenu des certifications en ITIL, Cisco et CISSP. De plus, il a occup\u00e9 plusieurs postes au sein de la compagnie dont celui de vice-pr\u00e9sident des TI et de gestionnaire de projets. Polyvalent, il est principalement reconnu pour \u00eatre un expert en mati\u00e8re d\u2019infrastructure technologique et de s\u00e9curit\u00e9 de l\u2019information. Selon lui, la r\u00e9ussite d\u2019une int\u00e9gration technologique repose sur l\u2019implication du client. La d\u00e9finition d\u2019un objectif clair et connu est la cl\u00e9 du succ\u00e8s de tous projets technologiques. Fr\u00e9d\u00e9ric a particip\u00e9 activement \u00e0 toutes les \u00e9tudes sur les d\u00e9placements des citoyens de la grande r\u00e9gion m\u00e9tropolitaine de Montr\u00e9al et de Qu\u00e9bec. \u00c0 l\u2019interne, il a \u00e9t\u00e9 impliqu\u00e9 dans la mise en place de nos plateformes d\u2019entrevues web et t\u00e9l\u00e9phoniques, et la cr\u00e9ation du panel LEO. &nbsp;\" \/>\n<meta property=\"og:url\" content=\"https:\/\/leger360.com\/fr\/frederic-rajotte\/\" \/>\n<meta property=\"og:site_name\" content=\"Leger\" \/>\n<meta property=\"article:publisher\" content=\"https:\/\/www.facebook.com\/leger360\/\" \/>\n<meta property=\"article:modified_time\" content=\"2025-08-08T11:44:54+00:00\" \/>\n<meta property=\"og:image\" content=\"https:\/\/leger360.com\/wp-content\/uploads\/2024\/04\/leger-feature-img-home.png\" \/>\n\t<meta property=\"og:image:width\" content=\"1354\" \/>\n\t<meta property=\"og:image:height\" content=\"872\" \/>\n\t<meta property=\"og:image:type\" content=\"image\/png\" \/>\n<meta name=\"twitter:card\" content=\"summary_large_image\" \/>\n<meta name=\"twitter:site\" content=\"@leger360\" \/>\n<script type=\"application\/ld+json\" class=\"yoast-schema-graph\">{\"@context\":\"https:\\\/\\\/schema.org\",\"@graph\":[{\"@type\":\"WebPage\",\"@id\":\"https:\\\/\\\/leger360.com\\\/fr\\\/frederic-rajotte\\\/\",\"url\":\"https:\\\/\\\/leger360.com\\\/fr\\\/frederic-rajotte\\\/\",\"name\":\"Frederic Rajotte - Leger\",\"isPartOf\":{\"@id\":\"https:\\\/\\\/leger360.com\\\/fr\\\/#website\"},\"datePublished\":\"2023-12-27T21:27:40+00:00\",\"dateModified\":\"2025-08-08T11:44:54+00:00\",\"breadcrumb\":{\"@id\":\"https:\\\/\\\/leger360.com\\\/fr\\\/frederic-rajotte\\\/#breadcrumb\"},\"inLanguage\":\"fr-CA\",\"potentialAction\":[{\"@type\":\"ReadAction\",\"target\":[\"https:\\\/\\\/leger360.com\\\/fr\\\/frederic-rajotte\\\/\"]}]},{\"@type\":\"BreadcrumbList\",\"@id\":\"https:\\\/\\\/leger360.com\\\/fr\\\/frederic-rajotte\\\/#breadcrumb\",\"itemListElement\":[{\"@type\":\"ListItem\",\"position\":1,\"name\":\"Home\",\"item\":\"https:\\\/\\\/leger360.com\\\/fr\\\/\"},{\"@type\":\"ListItem\",\"position\":2,\"name\":\"Frederic Rajotte\"}]},{\"@type\":\"WebSite\",\"@id\":\"https:\\\/\\\/leger360.com\\\/fr\\\/#website\",\"url\":\"https:\\\/\\\/leger360.com\\\/fr\\\/\",\"name\":\"Leger\",\"description\":\"Market Research | Data Analytics\",\"publisher\":{\"@id\":\"https:\\\/\\\/leger360.com\\\/fr\\\/#organization\"},\"potentialAction\":[{\"@type\":\"SearchAction\",\"target\":{\"@type\":\"EntryPoint\",\"urlTemplate\":\"https:\\\/\\\/leger360.com\\\/fr\\\/?s={search_term_string}\"},\"query-input\":{\"@type\":\"PropertyValueSpecification\",\"valueRequired\":true,\"valueName\":\"search_term_string\"}}],\"inLanguage\":\"fr-CA\"},{\"@type\":\"Organization\",\"@id\":\"https:\\\/\\\/leger360.com\\\/fr\\\/#organization\",\"name\":\"Leger\",\"url\":\"https:\\\/\\\/leger360.com\\\/fr\\\/\",\"logo\":{\"@type\":\"ImageObject\",\"inLanguage\":\"fr-CA\",\"@id\":\"https:\\\/\\\/leger360.com\\\/fr\\\/#\\\/schema\\\/logo\\\/image\\\/\",\"url\":\"https:\\\/\\\/leger360.com\\\/wp-content\\\/uploads\\\/2024\\\/04\\\/2022-Logo-Leger-Blackred-g.png\",\"contentUrl\":\"https:\\\/\\\/leger360.com\\\/wp-content\\\/uploads\\\/2024\\\/04\\\/2022-Logo-Leger-Blackred-g.png\",\"width\":1195,\"height\":686,\"caption\":\"Leger\"},\"image\":{\"@id\":\"https:\\\/\\\/leger360.com\\\/fr\\\/#\\\/schema\\\/logo\\\/image\\\/\"},\"sameAs\":[\"https:\\\/\\\/www.facebook.com\\\/leger360\\\/\",\"https:\\\/\\\/x.com\\\/leger360\",\"https:\\\/\\\/www.linkedin.com\\\/company\\\/leger360\\\/\"],\"description\":\"Leger is one of North America\u2019s fastest-growing market research companies, known for our forward-thinking experts and innovative approaches powered by artificial intelligence (AI) technologies.\"}]}<\/script>\n<!-- \/ Yoast SEO Premium plugin. -->","yoast_head_json":{"title":"Frederic Rajotte - Leger","robots":{"index":"index","follow":"follow","max-snippet":"max-snippet:-1","max-image-preview":"max-image-preview:large","max-video-preview":"max-video-preview:-1"},"canonical":"https:\/\/leger360.com\/fr\/frederic-rajotte\/","og_locale":"fr_CA","og_type":"article","og_title":"Frederic Rajotte","og_description":"Fr\u00e9d\u00e9ric RajotteChef de la s\u00e9curit\u00e9Fr\u00e9d\u00e9ric a d\u00e9but\u00e9 sa carri\u00e8re en 2001 chez L\u00e9ger. D\u2019abord technicien en informatique, il est aujourd\u2019hui chef de la s\u00e9curit\u00e9 des TI et s\u2019assure de la s\u00e9curit\u00e9 de l\u2019entreprise au quotidien. Au cours des ann\u00e9es, Fr\u00e9d\u00e9ric a obtenu des certifications en ITIL, Cisco et CISSP. De plus, il a occup\u00e9 plusieurs postes au sein de la compagnie dont celui de vice-pr\u00e9sident des TI et de gestionnaire de projets. Polyvalent, il est principalement reconnu pour \u00eatre un expert en mati\u00e8re d\u2019infrastructure technologique et de s\u00e9curit\u00e9 de l\u2019information. Selon lui, la r\u00e9ussite d\u2019une int\u00e9gration technologique repose sur l\u2019implication du client. La d\u00e9finition d\u2019un objectif clair et connu est la cl\u00e9 du succ\u00e8s de tous projets technologiques. Fr\u00e9d\u00e9ric a particip\u00e9 activement \u00e0 toutes les \u00e9tudes sur les d\u00e9placements des citoyens de la grande r\u00e9gion m\u00e9tropolitaine de Montr\u00e9al et de Qu\u00e9bec. \u00c0 l\u2019interne, il a \u00e9t\u00e9 impliqu\u00e9 dans la mise en place de nos plateformes d\u2019entrevues web et t\u00e9l\u00e9phoniques, et la cr\u00e9ation du panel LEO. &nbsp;","og_url":"https:\/\/leger360.com\/fr\/frederic-rajotte\/","og_site_name":"Leger","article_publisher":"https:\/\/www.facebook.com\/leger360\/","article_modified_time":"2025-08-08T11:44:54+00:00","og_image":[{"width":1354,"height":872,"url":"https:\/\/leger360.com\/wp-content\/uploads\/2024\/04\/leger-feature-img-home.png","type":"image\/png"}],"twitter_card":"summary_large_image","twitter_site":"@leger360","schema":{"@context":"https:\/\/schema.org","@graph":[{"@type":"WebPage","@id":"https:\/\/leger360.com\/fr\/frederic-rajotte\/","url":"https:\/\/leger360.com\/fr\/frederic-rajotte\/","name":"Frederic Rajotte - Leger","isPartOf":{"@id":"https:\/\/leger360.com\/fr\/#website"},"datePublished":"2023-12-27T21:27:40+00:00","dateModified":"2025-08-08T11:44:54+00:00","breadcrumb":{"@id":"https:\/\/leger360.com\/fr\/frederic-rajotte\/#breadcrumb"},"inLanguage":"fr-CA","potentialAction":[{"@type":"ReadAction","target":["https:\/\/leger360.com\/fr\/frederic-rajotte\/"]}]},{"@type":"BreadcrumbList","@id":"https:\/\/leger360.com\/fr\/frederic-rajotte\/#breadcrumb","itemListElement":[{"@type":"ListItem","position":1,"name":"Home","item":"https:\/\/leger360.com\/fr\/"},{"@type":"ListItem","position":2,"name":"Frederic Rajotte"}]},{"@type":"WebSite","@id":"https:\/\/leger360.com\/fr\/#website","url":"https:\/\/leger360.com\/fr\/","name":"Leger","description":"Market Research | Data Analytics","publisher":{"@id":"https:\/\/leger360.com\/fr\/#organization"},"potentialAction":[{"@type":"SearchAction","target":{"@type":"EntryPoint","urlTemplate":"https:\/\/leger360.com\/fr\/?s={search_term_string}"},"query-input":{"@type":"PropertyValueSpecification","valueRequired":true,"valueName":"search_term_string"}}],"inLanguage":"fr-CA"},{"@type":"Organization","@id":"https:\/\/leger360.com\/fr\/#organization","name":"Leger","url":"https:\/\/leger360.com\/fr\/","logo":{"@type":"ImageObject","inLanguage":"fr-CA","@id":"https:\/\/leger360.com\/fr\/#\/schema\/logo\/image\/","url":"https:\/\/leger360.com\/wp-content\/uploads\/2024\/04\/2022-Logo-Leger-Blackred-g.png","contentUrl":"https:\/\/leger360.com\/wp-content\/uploads\/2024\/04\/2022-Logo-Leger-Blackred-g.png","width":1195,"height":686,"caption":"Leger"},"image":{"@id":"https:\/\/leger360.com\/fr\/#\/schema\/logo\/image\/"},"sameAs":["https:\/\/www.facebook.com\/leger360\/","https:\/\/x.com\/leger360","https:\/\/www.linkedin.com\/company\/leger360\/"],"description":"Leger is one of North America\u2019s fastest-growing market research companies, known for our forward-thinking experts and innovative approaches powered by artificial intelligence (AI) technologies."}]}},"_links":{"self":[{"href":"https:\/\/leger360.com\/fr\/wp-json\/wp\/v2\/pages\/19016","targetHints":{"allow":["GET"]}}],"collection":[{"href":"https:\/\/leger360.com\/fr\/wp-json\/wp\/v2\/pages"}],"about":[{"href":"https:\/\/leger360.com\/fr\/wp-json\/wp\/v2\/types\/page"}],"author":[{"embeddable":true,"href":"https:\/\/leger360.com\/fr\/wp-json\/wp\/v2\/users\/2"}],"replies":[{"embeddable":true,"href":"https:\/\/leger360.com\/fr\/wp-json\/wp\/v2\/comments?post=19016"}],"version-history":[{"count":0,"href":"https:\/\/leger360.com\/fr\/wp-json\/wp\/v2\/pages\/19016\/revisions"}],"wp:attachment":[{"href":"https:\/\/leger360.com\/fr\/wp-json\/wp\/v2\/media?parent=19016"}],"curies":[{"name":"wp","href":"https:\/\/api.w.org\/{rel}","templated":true}]}}