{"id":19037,"date":"2023-12-04T21:03:25","date_gmt":"2023-12-05T02:03:25","guid":{"rendered":"https:\/\/leger360.com\/dr-jacques-nantel\/"},"modified":"2025-08-08T07:08:19","modified_gmt":"2025-08-08T11:08:19","slug":"dr-jacques-nantel","status":"publish","type":"page","link":"https:\/\/leger360.com\/fr\/dr-jacques-nantel\/","title":{"rendered":"Dr. Jacques Nantel"},"content":{"rendered":"<p>[et_pb_section fb_built=\u00a0\u00bb1&Prime; custom_padding_last_edited=\u00a0\u00bbon|phone\u00a0\u00bb admin_label=\u00a0\u00bbTeam\u00a0\u00bb _builder_version=\u00a0\u00bb4.23.1&Prime; use_background_color_gradient=\u00a0\u00bbon\u00a0\u00bb background_color_gradient_stops=\u00a0\u00bbrgba(255,255,255,0.75) 45%|#ffffff 100%\u00a0\u00bb background_color_gradient_overlays_image=\u00a0\u00bbon\u00a0\u00bb background_image=\u00a0\u00bbhttps:\/\/leger360.com\/wp-content\/uploads\/2023\/10\/gradient_gris_02.png\u00a0\u00bb custom_margin=\u00a0\u00bb|||\u00a0\u00bb custom_padding=\u00a0\u00bb54px|0px|50px|0px||\u00a0\u00bb custom_padding_tablet=\u00a0\u00bb54px|0px|100px|0px||\u00a0\u00bb custom_padding_phone=\u00a0\u00bb54px|0px|50px|0px|false|false\u00a0\u00bb global_colors_info=\u00a0\u00bb{}\u00a0\u00bb][et_pb_row column_structure=\u00a0\u00bb2_5,3_5&Prime; custom_padding_last_edited=\u00a0\u00bbon|tablet\u00a0\u00bb _builder_version=\u00a0\u00bb4.23.1&Prime; _module_preset=\u00a0\u00bbdefault\u00a0\u00bb background_color=\u00a0\u00bb#FFFFFF\u00a0\u00bb width_tablet=\u00a0\u00bb\u00a0\u00bb width_phone=\u00a0\u00bb90%\u00a0\u00bb width_last_edited=\u00a0\u00bbon|phone\u00a0\u00bb custom_padding=\u00a0\u00bb54px|54px|54px|54px|true|true\u00a0\u00bb custom_padding_tablet=\u00a0\u00bb54px|54px|54px|54px|true|true\u00a0\u00bb custom_padding_phone=\u00a0\u00bb0px|35px|25px|35px|false|true\u00a0\u00bb border_radii=\u00a0\u00bbon|15px|15px|15px|15px\u00a0\u00bb box_shadow_style=\u00a0\u00bbpreset3&Prime; locked=\u00a0\u00bboff\u00a0\u00bb global_colors_info=\u00a0\u00bb{}\u00a0\u00bb][et_pb_column type=\u00a0\u00bb2_5&Prime; _builder_version=\u00a0\u00bb4.22.2&Prime; _module_preset=\u00a0\u00bbdefault\u00a0\u00bb global_colors_info=\u00a0\u00bb{}\u00a0\u00bb][et_pb_image src=\u00a0\u00bbhttps:\/\/leger360.com\/wp-content\/uploads\/2024\/01\/Jacques-Nantel.jpg\u00a0\u00bb title_text=\u00a0\u00bbJacques Nantel\u00a0\u00bb _builder_version=\u00a0\u00bb4.23.4&Prime; _module_preset=\u00a0\u00bbdefault\u00a0\u00bb width=\u00a0\u00bb100%\u00a0\u00bb border_radii=\u00a0\u00bbon|10px|10px|10px|10px\u00a0\u00bb global_colors_info=\u00a0\u00bb{}\u00a0\u00bb][\/et_pb_image][et_pb_text _builder_version=\u00a0\u00bb4.27.4&Prime; _module_preset=\u00a0\u00bbd5e3a51d-fa3a-487e-9745-43d4b2b47c37&Prime; global_colors_info=\u00a0\u00bb{}\u00a0\u00bb hover_enabled=\u00a0\u00bb0&Prime; sticky_enabled=\u00a0\u00bb0&Prime;]<\/p>\n<h1>Dr. Jacques Nantel<\/h1>\n<p>[\/et_pb_text][et_pb_text _builder_version=\u00a0\u00bb4.24.2&Prime; _module_preset=\u00a0\u00bb28cfcf78-1bee-4815-a9d5-6caa8f7a4b47&Prime; text_font=\u00a0\u00bbAptos||||||||\u00a0\u00bb text_text_color=\u00a0\u00bb#000000&Prime; text_line_height=\u00a0\u00bb1.5em\u00a0\u00bb width=\u00a0\u00bb100%\u00a0\u00bb width_tablet=\u00a0\u00bb100%\u00a0\u00bb width_phone=\u00a0\u00bb100%\u00a0\u00bb width_last_edited=\u00a0\u00bbon|desktop\u00a0\u00bb custom_margin=\u00a0\u00bb0px||15px||false|false\u00a0\u00bb custom_padding=\u00a0\u00bb0px||||false|false\u00a0\u00bb locked=\u00a0\u00bboff\u00a0\u00bb global_colors_info=\u00a0\u00bb{}\u00a0\u00bb]<\/p>\n<p>Professeur \u00e9m\u00e9rite, HEC Montr\u00e9al<\/p>\n<p>[\/et_pb_text][et_pb_social_media_follow _builder_version=\u00a0\u00bb4.24.2&Prime; _module_preset=\u00a0\u00bbdefault\u00a0\u00bb custom_margin=\u00a0\u00bb||||false|false\u00a0\u00bb custom_padding=\u00a0\u00bb0px||||false|false\u00a0\u00bb global_colors_info=\u00a0\u00bb{}\u00a0\u00bb][et_pb_social_media_follow_network social_network=\u00a0\u00bblinkedin\u00a0\u00bb url=\u00a0\u00bbhttps:\/\/www.linkedin.com\/in\/jacques-nantel-8139b51b4\/?originalSubdomain=ca%20&Prime; _builder_version=\u00a0\u00bb4.24.2&Prime; _module_preset=\u00a0\u00bbdefault\u00a0\u00bb background_color=\u00a0\u00bb#2E2E30&Prime; background_enable_color=\u00a0\u00bbon\u00a0\u00bb global_colors_info=\u00a0\u00bb{}\u00a0\u00bb background__hover_enabled=\u00a0\u00bbon|desktop\u00a0\u00bb background_color__hover=\u00a0\u00bb#ED1C24&Prime; background_enable_color__hover=\u00a0\u00bbon\u00a0\u00bb follow_button=\u00a0\u00bboff\u00a0\u00bb url_new_window=\u00a0\u00bbon\u00a0\u00bb]linkedin[\/et_pb_social_media_follow_network][\/et_pb_social_media_follow][\/et_pb_column][et_pb_column type=\u00a0\u00bb3_5&Prime; _builder_version=\u00a0\u00bb4.22.2&Prime; _module_preset=\u00a0\u00bbdefault\u00a0\u00bb global_colors_info=\u00a0\u00bb{}\u00a0\u00bb][et_pb_text _builder_version=\u00a0\u00bb4.24.2&Prime; _module_preset=\u00a0\u00bb28cfcf78-1bee-4815-a9d5-6caa8f7a4b47&Prime; text_font=\u00a0\u00bbAptos||||||||\u00a0\u00bb text_text_color=\u00a0\u00bb#000000&Prime; text_line_height=\u00a0\u00bb1.5em\u00a0\u00bb header_3_font=\u00a0\u00bb|600|||||||\u00a0\u00bb header_3_font_size=\u00a0\u00bb24px\u00a0\u00bb header_3_line_height=\u00a0\u00bb1.3em\u00a0\u00bb width=\u00a0\u00bb100%\u00a0\u00bb width_tablet=\u00a0\u00bb100%\u00a0\u00bb width_phone=\u00a0\u00bb100%\u00a0\u00bb width_last_edited=\u00a0\u00bbon|desktop\u00a0\u00bb custom_margin=\u00a0\u00bb0px||25px||false|false\u00a0\u00bb custom_padding=\u00a0\u00bb10%||||false|false\u00a0\u00bb custom_padding_tablet=\u00a0\u00bb0px||||false|false\u00a0\u00bb custom_padding_phone=\u00a0\u00bb0px||||false|false\u00a0\u00bb custom_padding_last_edited=\u00a0\u00bbon|phone\u00a0\u00bb header_3_font_size_tablet=\u00a0\u00bb24px\u00a0\u00bb header_3_font_size_phone=\u00a0\u00bb24px\u00a0\u00bb header_3_font_size_last_edited=\u00a0\u00bbon|phone\u00a0\u00bb locked=\u00a0\u00bboff\u00a0\u00bb global_colors_info=\u00a0\u00bb{}\u00a0\u00bb]<\/p>\n<h3>Sp\u00e9cialit\u00e9s: commerce de d\u00e9tail, commerce \u00e9lectronique, marketing<\/h3>\n<p><span style=\"font-weight: 400;\">Professeur \u00e9m\u00e9rite aux HEC Montr\u00e9al, M. Nantel est l&rsquo;auteur et le coauteur de cinq manuels de marketing et a publi\u00e9 plusieurs articles scientifiques dans des revues renomm\u00e9es. En 2000, il a re\u00e7u le prestigieux prix Leaders in Management Education, d\u00e9cern\u00e9 par le Financial Post aux meilleurs professeurs des \u00e9coles de commerce canadiennes.\u00a0\u00a0<\/span><\/p>\n<p><span style=\"font-weight: 400;\">En 2002, l&rsquo;American Marketing Association (chapitre de Montr\u00e9al) lui a d\u00e9cern\u00e9 le titre de personnalit\u00e9 de l&rsquo;ann\u00e9e pour sa contribution \u00e0 l&rsquo;avancement de la profession du marketing.<\/span><\/p>\n<p><span style=\"font-weight: 400;\">En juin 2018, le gouvernement du Qu\u00e9bec l&rsquo;a fait membre distingu\u00e9 de l&rsquo;Ordre d&rsquo;excellence en \u00e9ducation.\u00a0\u00a0<\/span><\/p>\n<p><span style=\"font-weight: 400;\">Aux HEC Montr\u00e9al, il a occup\u00e9 les postes de directeur du d\u00e9partement de marketing, de directeur des programmes et de secr\u00e9taire g\u00e9n\u00e9ral. Il a \u00e9galement \u00e9t\u00e9 pr\u00e9sident de la Chaire Omer DeSerres sur le commerce de d\u00e9tail et de la Chaire RBC Groupe Financier sur le commerce \u00e9lectronique.<\/span><\/p>\n<p>[\/et_pb_text][\/et_pb_column][\/et_pb_row][et_pb_row _builder_version=\u00a0\u00bb4.23.1&Prime; _module_preset=\u00a0\u00bbdefault\u00a0\u00bb global_colors_info=\u00a0\u00bb{}\u00a0\u00bb][et_pb_column type=\u00a0\u00bb4_4&Prime; _builder_version=\u00a0\u00bb4.23.1&Prime; _module_preset=\u00a0\u00bbdefault\u00a0\u00bb global_colors_info=\u00a0\u00bb{}\u00a0\u00bb][et_pb_button button_url=\u00a0\u00bb@ET-DC@eyJkeW5hbWljIjp0cnVlLCJjb250ZW50IjoicG9zdF9saW5rX3VybF9wYWdlIiwic2V0dGluZ3MiOnsicG9zdF9pZCI6IjM3NTEifX0=@\u00a0\u00bb button_text=\u00a0\u00bbRetourner\u00a0\u00bb button_alignment=\u00a0\u00bbcenter\u00a0\u00bb _builder_version=\u00a0\u00bb4.24.3&Prime; _dynamic_attributes=\u00a0\u00bbbutton_url\u00a0\u00bb _module_preset=\u00a0\u00bb23e0c1f6-a6f5-4637-87d8-5c62b045dcaf\u00a0\u00bb button_icon=\u00a0\u00bb&#x23;||divi||400&Prime; button_icon_placement=\u00a0\u00bbleft\u00a0\u00bb locked=\u00a0\u00bboff\u00a0\u00bb global_colors_info=\u00a0\u00bb{}\u00a0\u00bb button_custom_margin_tablet=\u00a0\u00bb0px||||false|false\u00a0\u00bb button_custom_margin_phone=\u00a0\u00bb0px||||false|false\u00a0\u00bb button_custom_margin_last_edited=\u00a0\u00bbon|desktop\u00a0\u00bb button_bg_enable_color__hover=\u00a0\u00bbon\u00a0\u00bb][\/et_pb_button][\/et_pb_column][\/et_pb_row][\/et_pb_section]<\/p>\n","protected":false},"excerpt":{"rendered":"<p>Dr. Jacques NantelProfesseur \u00e9m\u00e9rite, HEC Montr\u00e9alSp\u00e9cialit\u00e9s: commerce de d\u00e9tail, commerce \u00e9lectronique, marketing Professeur \u00e9m\u00e9rite aux HEC Montr\u00e9al, M. Nantel est l&rsquo;auteur et le coauteur de cinq manuels de marketing et a publi\u00e9 plusieurs articles scientifiques dans des revues renomm\u00e9es. En 2000, il a re\u00e7u le prestigieux prix Leaders in Management Education, d\u00e9cern\u00e9 par le Financial Post aux meilleurs professeurs des \u00e9coles de commerce canadiennes.\u00a0\u00a0 En 2002, l&rsquo;American Marketing Association (chapitre de Montr\u00e9al) lui a d\u00e9cern\u00e9 le titre de personnalit\u00e9 de l&rsquo;ann\u00e9e pour sa contribution \u00e0 l&rsquo;avancement de la profession du marketing. En juin 2018, le gouvernement du Qu\u00e9bec l&rsquo;a fait membre distingu\u00e9 de l&rsquo;Ordre d&rsquo;excellence en \u00e9ducation.\u00a0\u00a0 Aux HEC Montr\u00e9al, il a occup\u00e9 les postes de directeur du d\u00e9partement de marketing, de directeur des programmes et de secr\u00e9taire g\u00e9n\u00e9ral. Il a \u00e9galement \u00e9t\u00e9 pr\u00e9sident de la Chaire Omer DeSerres sur le commerce de d\u00e9tail et de la Chaire RBC Groupe Financier sur le commerce \u00e9lectronique.<\/p>\n","protected":false},"author":2,"featured_media":0,"parent":0,"menu_order":0,"comment_status":"closed","ping_status":"closed","template":"","meta":{"_acf_changed":false,"_et_pb_use_builder":"on","_et_pb_old_content":"","_et_gb_content_width":"","content-type":"","inline_featured_image":false,"footnotes":""},"class_list":["post-19037","page","type-page","status-publish","hentry"],"acf":[],"yoast_head":"<!-- This site is optimized with the Yoast SEO Premium plugin v27.4 (Yoast SEO v27.4) - https:\/\/yoast.com\/product\/yoast-seo-premium-wordpress\/ -->\n<title>Dr. Jacques Nantel - Leger<\/title>\n<meta name=\"robots\" content=\"index, follow, max-snippet:-1, max-image-preview:large, max-video-preview:-1\" \/>\n<link rel=\"canonical\" href=\"https:\/\/leger360.com\/fr\/dr-jacques-nantel\/\" \/>\n<meta property=\"og:locale\" content=\"fr_CA\" \/>\n<meta property=\"og:type\" content=\"article\" \/>\n<meta property=\"og:title\" content=\"Dr. Jacques Nantel\" \/>\n<meta property=\"og:description\" content=\"Dr. Jacques NantelProfesseur \u00e9m\u00e9rite, HEC Montr\u00e9alSp\u00e9cialit\u00e9s: commerce de d\u00e9tail, commerce \u00e9lectronique, marketing Professeur \u00e9m\u00e9rite aux HEC Montr\u00e9al, M. Nantel est l&#039;auteur et le coauteur de cinq manuels de marketing et a publi\u00e9 plusieurs articles scientifiques dans des revues renomm\u00e9es. En 2000, il a re\u00e7u le prestigieux prix Leaders in Management Education, d\u00e9cern\u00e9 par le Financial Post aux meilleurs professeurs des \u00e9coles de commerce canadiennes.\u00a0\u00a0 En 2002, l&#039;American Marketing Association (chapitre de Montr\u00e9al) lui a d\u00e9cern\u00e9 le titre de personnalit\u00e9 de l&#039;ann\u00e9e pour sa contribution \u00e0 l&#039;avancement de la profession du marketing. En juin 2018, le gouvernement du Qu\u00e9bec l&#039;a fait membre distingu\u00e9 de l&#039;Ordre d&#039;excellence en \u00e9ducation.\u00a0\u00a0 Aux HEC Montr\u00e9al, il a occup\u00e9 les postes de directeur du d\u00e9partement de marketing, de directeur des programmes et de secr\u00e9taire g\u00e9n\u00e9ral. Il a \u00e9galement \u00e9t\u00e9 pr\u00e9sident de la Chaire Omer DeSerres sur le commerce de d\u00e9tail et de la Chaire RBC Groupe Financier sur le commerce \u00e9lectronique.\" \/>\n<meta property=\"og:url\" content=\"https:\/\/leger360.com\/fr\/dr-jacques-nantel\/\" \/>\n<meta property=\"og:site_name\" content=\"Leger\" \/>\n<meta property=\"article:publisher\" content=\"https:\/\/www.facebook.com\/leger360\/\" \/>\n<meta property=\"article:modified_time\" content=\"2025-08-08T11:08:19+00:00\" \/>\n<meta property=\"og:image\" content=\"https:\/\/leger360.com\/wp-content\/uploads\/2024\/04\/leger-feature-img-home.png\" \/>\n\t<meta property=\"og:image:width\" content=\"1354\" \/>\n\t<meta property=\"og:image:height\" content=\"872\" \/>\n\t<meta property=\"og:image:type\" content=\"image\/png\" \/>\n<meta name=\"twitter:card\" content=\"summary_large_image\" \/>\n<meta name=\"twitter:site\" content=\"@leger360\" \/>\n<meta name=\"twitter:label1\" content=\"Estimation du temps de lecture\" \/>\n\t<meta name=\"twitter:data1\" content=\"1 minute\" \/>\n<script type=\"application\/ld+json\" class=\"yoast-schema-graph\">{\"@context\":\"https:\\\/\\\/schema.org\",\"@graph\":[{\"@type\":\"WebPage\",\"@id\":\"https:\\\/\\\/leger360.com\\\/fr\\\/dr-jacques-nantel\\\/\",\"url\":\"https:\\\/\\\/leger360.com\\\/fr\\\/dr-jacques-nantel\\\/\",\"name\":\"Dr. Jacques Nantel - Leger\",\"isPartOf\":{\"@id\":\"https:\\\/\\\/leger360.com\\\/fr\\\/#website\"},\"datePublished\":\"2023-12-05T02:03:25+00:00\",\"dateModified\":\"2025-08-08T11:08:19+00:00\",\"breadcrumb\":{\"@id\":\"https:\\\/\\\/leger360.com\\\/fr\\\/dr-jacques-nantel\\\/#breadcrumb\"},\"inLanguage\":\"fr-CA\",\"potentialAction\":[{\"@type\":\"ReadAction\",\"target\":[\"https:\\\/\\\/leger360.com\\\/fr\\\/dr-jacques-nantel\\\/\"]}]},{\"@type\":\"BreadcrumbList\",\"@id\":\"https:\\\/\\\/leger360.com\\\/fr\\\/dr-jacques-nantel\\\/#breadcrumb\",\"itemListElement\":[{\"@type\":\"ListItem\",\"position\":1,\"name\":\"Home\",\"item\":\"https:\\\/\\\/leger360.com\\\/fr\\\/\"},{\"@type\":\"ListItem\",\"position\":2,\"name\":\"Dr. Jacques Nantel\"}]},{\"@type\":\"WebSite\",\"@id\":\"https:\\\/\\\/leger360.com\\\/fr\\\/#website\",\"url\":\"https:\\\/\\\/leger360.com\\\/fr\\\/\",\"name\":\"Leger\",\"description\":\"Market Research | Data Analytics\",\"publisher\":{\"@id\":\"https:\\\/\\\/leger360.com\\\/fr\\\/#organization\"},\"potentialAction\":[{\"@type\":\"SearchAction\",\"target\":{\"@type\":\"EntryPoint\",\"urlTemplate\":\"https:\\\/\\\/leger360.com\\\/fr\\\/?s={search_term_string}\"},\"query-input\":{\"@type\":\"PropertyValueSpecification\",\"valueRequired\":true,\"valueName\":\"search_term_string\"}}],\"inLanguage\":\"fr-CA\"},{\"@type\":\"Organization\",\"@id\":\"https:\\\/\\\/leger360.com\\\/fr\\\/#organization\",\"name\":\"Leger\",\"url\":\"https:\\\/\\\/leger360.com\\\/fr\\\/\",\"logo\":{\"@type\":\"ImageObject\",\"inLanguage\":\"fr-CA\",\"@id\":\"https:\\\/\\\/leger360.com\\\/fr\\\/#\\\/schema\\\/logo\\\/image\\\/\",\"url\":\"https:\\\/\\\/leger360.com\\\/wp-content\\\/uploads\\\/2024\\\/04\\\/2022-Logo-Leger-Blackred-g.png\",\"contentUrl\":\"https:\\\/\\\/leger360.com\\\/wp-content\\\/uploads\\\/2024\\\/04\\\/2022-Logo-Leger-Blackred-g.png\",\"width\":1195,\"height\":686,\"caption\":\"Leger\"},\"image\":{\"@id\":\"https:\\\/\\\/leger360.com\\\/fr\\\/#\\\/schema\\\/logo\\\/image\\\/\"},\"sameAs\":[\"https:\\\/\\\/www.facebook.com\\\/leger360\\\/\",\"https:\\\/\\\/x.com\\\/leger360\",\"https:\\\/\\\/www.linkedin.com\\\/company\\\/leger360\\\/\"],\"description\":\"Leger is one of North America\u2019s fastest-growing market research companies, known for our forward-thinking experts and innovative approaches powered by artificial intelligence (AI) technologies.\"}]}<\/script>\n<!-- \/ Yoast SEO Premium plugin. -->","yoast_head_json":{"title":"Dr. Jacques Nantel - Leger","robots":{"index":"index","follow":"follow","max-snippet":"max-snippet:-1","max-image-preview":"max-image-preview:large","max-video-preview":"max-video-preview:-1"},"canonical":"https:\/\/leger360.com\/fr\/dr-jacques-nantel\/","og_locale":"fr_CA","og_type":"article","og_title":"Dr. Jacques Nantel","og_description":"Dr. Jacques NantelProfesseur \u00e9m\u00e9rite, HEC Montr\u00e9alSp\u00e9cialit\u00e9s: commerce de d\u00e9tail, commerce \u00e9lectronique, marketing Professeur \u00e9m\u00e9rite aux HEC Montr\u00e9al, M. Nantel est l'auteur et le coauteur de cinq manuels de marketing et a publi\u00e9 plusieurs articles scientifiques dans des revues renomm\u00e9es. En 2000, il a re\u00e7u le prestigieux prix Leaders in Management Education, d\u00e9cern\u00e9 par le Financial Post aux meilleurs professeurs des \u00e9coles de commerce canadiennes.\u00a0\u00a0 En 2002, l'American Marketing Association (chapitre de Montr\u00e9al) lui a d\u00e9cern\u00e9 le titre de personnalit\u00e9 de l'ann\u00e9e pour sa contribution \u00e0 l'avancement de la profession du marketing. En juin 2018, le gouvernement du Qu\u00e9bec l'a fait membre distingu\u00e9 de l'Ordre d'excellence en \u00e9ducation.\u00a0\u00a0 Aux HEC Montr\u00e9al, il a occup\u00e9 les postes de directeur du d\u00e9partement de marketing, de directeur des programmes et de secr\u00e9taire g\u00e9n\u00e9ral. Il a \u00e9galement \u00e9t\u00e9 pr\u00e9sident de la Chaire Omer DeSerres sur le commerce de d\u00e9tail et de la Chaire RBC Groupe Financier sur le commerce \u00e9lectronique.","og_url":"https:\/\/leger360.com\/fr\/dr-jacques-nantel\/","og_site_name":"Leger","article_publisher":"https:\/\/www.facebook.com\/leger360\/","article_modified_time":"2025-08-08T11:08:19+00:00","og_image":[{"width":1354,"height":872,"url":"https:\/\/leger360.com\/wp-content\/uploads\/2024\/04\/leger-feature-img-home.png","type":"image\/png"}],"twitter_card":"summary_large_image","twitter_site":"@leger360","twitter_misc":{"Estimation du temps de lecture":"1 minute"},"schema":{"@context":"https:\/\/schema.org","@graph":[{"@type":"WebPage","@id":"https:\/\/leger360.com\/fr\/dr-jacques-nantel\/","url":"https:\/\/leger360.com\/fr\/dr-jacques-nantel\/","name":"Dr. Jacques Nantel - Leger","isPartOf":{"@id":"https:\/\/leger360.com\/fr\/#website"},"datePublished":"2023-12-05T02:03:25+00:00","dateModified":"2025-08-08T11:08:19+00:00","breadcrumb":{"@id":"https:\/\/leger360.com\/fr\/dr-jacques-nantel\/#breadcrumb"},"inLanguage":"fr-CA","potentialAction":[{"@type":"ReadAction","target":["https:\/\/leger360.com\/fr\/dr-jacques-nantel\/"]}]},{"@type":"BreadcrumbList","@id":"https:\/\/leger360.com\/fr\/dr-jacques-nantel\/#breadcrumb","itemListElement":[{"@type":"ListItem","position":1,"name":"Home","item":"https:\/\/leger360.com\/fr\/"},{"@type":"ListItem","position":2,"name":"Dr. Jacques Nantel"}]},{"@type":"WebSite","@id":"https:\/\/leger360.com\/fr\/#website","url":"https:\/\/leger360.com\/fr\/","name":"Leger","description":"Market Research | Data Analytics","publisher":{"@id":"https:\/\/leger360.com\/fr\/#organization"},"potentialAction":[{"@type":"SearchAction","target":{"@type":"EntryPoint","urlTemplate":"https:\/\/leger360.com\/fr\/?s={search_term_string}"},"query-input":{"@type":"PropertyValueSpecification","valueRequired":true,"valueName":"search_term_string"}}],"inLanguage":"fr-CA"},{"@type":"Organization","@id":"https:\/\/leger360.com\/fr\/#organization","name":"Leger","url":"https:\/\/leger360.com\/fr\/","logo":{"@type":"ImageObject","inLanguage":"fr-CA","@id":"https:\/\/leger360.com\/fr\/#\/schema\/logo\/image\/","url":"https:\/\/leger360.com\/wp-content\/uploads\/2024\/04\/2022-Logo-Leger-Blackred-g.png","contentUrl":"https:\/\/leger360.com\/wp-content\/uploads\/2024\/04\/2022-Logo-Leger-Blackred-g.png","width":1195,"height":686,"caption":"Leger"},"image":{"@id":"https:\/\/leger360.com\/fr\/#\/schema\/logo\/image\/"},"sameAs":["https:\/\/www.facebook.com\/leger360\/","https:\/\/x.com\/leger360","https:\/\/www.linkedin.com\/company\/leger360\/"],"description":"Leger is one of North America\u2019s fastest-growing market research companies, known for our forward-thinking experts and innovative approaches powered by artificial intelligence (AI) technologies."}]}},"_links":{"self":[{"href":"https:\/\/leger360.com\/fr\/wp-json\/wp\/v2\/pages\/19037","targetHints":{"allow":["GET"]}}],"collection":[{"href":"https:\/\/leger360.com\/fr\/wp-json\/wp\/v2\/pages"}],"about":[{"href":"https:\/\/leger360.com\/fr\/wp-json\/wp\/v2\/types\/page"}],"author":[{"embeddable":true,"href":"https:\/\/leger360.com\/fr\/wp-json\/wp\/v2\/users\/2"}],"replies":[{"embeddable":true,"href":"https:\/\/leger360.com\/fr\/wp-json\/wp\/v2\/comments?post=19037"}],"version-history":[{"count":0,"href":"https:\/\/leger360.com\/fr\/wp-json\/wp\/v2\/pages\/19037\/revisions"}],"wp:attachment":[{"href":"https:\/\/leger360.com\/fr\/wp-json\/wp\/v2\/media?parent=19037"}],"curies":[{"name":"wp","href":"https:\/\/api.w.org\/{rel}","templated":true}]}}