{"id":19038,"date":"2023-12-04T20:56:34","date_gmt":"2023-12-05T01:56:34","guid":{"rendered":"https:\/\/leger360.com\/dr-terence-flynn\/"},"modified":"2025-08-08T07:10:04","modified_gmt":"2025-08-08T11:10:04","slug":"dr-terence-flynn","status":"publish","type":"page","link":"https:\/\/leger360.com\/fr\/dr-terence-flynn\/","title":{"rendered":"Dr. Terence Flynn"},"content":{"rendered":"<p>[et_pb_section fb_built=\u00a0\u00bb1&Prime; custom_padding_last_edited=\u00a0\u00bbon|phone\u00a0\u00bb admin_label=\u00a0\u00bbTeam\u00a0\u00bb _builder_version=\u00a0\u00bb4.23.4&Prime; use_background_color_gradient=\u00a0\u00bbon\u00a0\u00bb background_color_gradient_stops=\u00a0\u00bbrgba(255,255,255,0.75) 45%|#ffffff 100%\u00a0\u00bb background_color_gradient_overlays_image=\u00a0\u00bbon\u00a0\u00bb background_image=\u00a0\u00bbhttps:\/\/leger360.com\/wp-content\/uploads\/2023\/10\/gradient_gris_02.png\u00a0\u00bb custom_margin=\u00a0\u00bb|||\u00a0\u00bb custom_padding=\u00a0\u00bb54px|0px|50px|0px||\u00a0\u00bb custom_padding_tablet=\u00a0\u00bb54px|0px|100px|0px||\u00a0\u00bb custom_padding_phone=\u00a0\u00bb54px|0px|50px|0px|false|false\u00a0\u00bb global_colors_info=\u00a0\u00bb{}\u00a0\u00bb][et_pb_row column_structure=\u00a0\u00bb2_5,3_5&Prime; custom_padding_last_edited=\u00a0\u00bbon|tablet\u00a0\u00bb _builder_version=\u00a0\u00bb4.23.1&Prime; _module_preset=\u00a0\u00bbdefault\u00a0\u00bb background_color=\u00a0\u00bb#FFFFFF\u00a0\u00bb width_tablet=\u00a0\u00bb\u00a0\u00bb width_phone=\u00a0\u00bb90%\u00a0\u00bb width_last_edited=\u00a0\u00bbon|phone\u00a0\u00bb custom_padding=\u00a0\u00bb54px|54px|54px|54px|true|true\u00a0\u00bb custom_padding_tablet=\u00a0\u00bb54px|54px|54px|54px|true|true\u00a0\u00bb custom_padding_phone=\u00a0\u00bb0px|35px|25px|35px|false|true\u00a0\u00bb border_radii=\u00a0\u00bbon|15px|15px|15px|15px\u00a0\u00bb box_shadow_style=\u00a0\u00bbpreset3&Prime; locked=\u00a0\u00bboff\u00a0\u00bb global_colors_info=\u00a0\u00bb{}\u00a0\u00bb][et_pb_column type=\u00a0\u00bb2_5&Prime; _builder_version=\u00a0\u00bb4.22.2&Prime; _module_preset=\u00a0\u00bbdefault\u00a0\u00bb global_colors_info=\u00a0\u00bb{}\u00a0\u00bb][et_pb_image src=\u00a0\u00bbhttps:\/\/leger360.com\/wp-content\/uploads\/2024\/01\/Terry-Flynn-with-new-background.jpg\u00a0\u00bb title_text=\u00a0\u00bbTerry Flynn-with new background\u00a0\u00bb _builder_version=\u00a0\u00bb4.23.4&Prime; _module_preset=\u00a0\u00bbdefault\u00a0\u00bb width=\u00a0\u00bb100%\u00a0\u00bb border_radii=\u00a0\u00bbon|10px|10px|10px|10px\u00a0\u00bb global_colors_info=\u00a0\u00bb{}\u00a0\u00bb][\/et_pb_image][et_pb_text _builder_version=\u00a0\u00bb4.27.4&Prime; _module_preset=\u00a0\u00bbd5e3a51d-fa3a-487e-9745-43d4b2b47c37&Prime; global_colors_info=\u00a0\u00bb{}\u00a0\u00bb hover_enabled=\u00a0\u00bb0&Prime; sticky_enabled=\u00a0\u00bb0&Prime;]<\/p>\n<h1>Dr. Terence Flynn, APR, FCPRS<\/h1>\n<p>[\/et_pb_text][et_pb_text _builder_version=\u00a0\u00bb4.24.2&Prime; _module_preset=\u00a0\u00bb28cfcf78-1bee-4815-a9d5-6caa8f7a4b47&Prime; text_font=\u00a0\u00bbAptos||||||||\u00a0\u00bb text_text_color=\u00a0\u00bb#000000&Prime; text_line_height=\u00a0\u00bb1.5em\u00a0\u00bb width=\u00a0\u00bb100%\u00a0\u00bb width_tablet=\u00a0\u00bb100%\u00a0\u00bb width_phone=\u00a0\u00bb100%\u00a0\u00bb width_last_edited=\u00a0\u00bbon|desktop\u00a0\u00bb custom_margin=\u00a0\u00bb0px||15px||false|false\u00a0\u00bb custom_padding=\u00a0\u00bb0px||||false|false\u00a0\u00bb locked=\u00a0\u00bboff\u00a0\u00bb global_colors_info=\u00a0\u00bb{}\u00a0\u00bb]<\/p>\n<p>Professeur associ\u00e9, Universit\u00e9 McMaster; directeur g\u00e9n\u00e9ral, programme de ma\u00eetrise en gestion des communications<\/p>\n<p>[\/et_pb_text][et_pb_social_media_follow _builder_version=\u00a0\u00bb4.24.2&Prime; _module_preset=\u00a0\u00bbdefault\u00a0\u00bb custom_margin=\u00a0\u00bb||||false|false\u00a0\u00bb custom_padding=\u00a0\u00bb0px||||false|false\u00a0\u00bb global_colors_info=\u00a0\u00bb{}\u00a0\u00bb][et_pb_social_media_follow_network social_network=\u00a0\u00bblinkedin\u00a0\u00bb url=\u00a0\u00bbhttps:\/\/www.linkedin.com\/in\/drterryflynn\/?originalSubdomain=ca%20&Prime; _builder_version=\u00a0\u00bb4.24.2&Prime; _module_preset=\u00a0\u00bbdefault\u00a0\u00bb background_color=\u00a0\u00bb#2E2E30&Prime; background_enable_color=\u00a0\u00bbon\u00a0\u00bb global_colors_info=\u00a0\u00bb{}\u00a0\u00bb background__hover_enabled=\u00a0\u00bbon|desktop\u00a0\u00bb background_color__hover=\u00a0\u00bb#ED1C24&Prime; background_enable_color__hover=\u00a0\u00bbon\u00a0\u00bb follow_button=\u00a0\u00bboff\u00a0\u00bb url_new_window=\u00a0\u00bbon\u00a0\u00bb]linkedin[\/et_pb_social_media_follow_network][\/et_pb_social_media_follow][\/et_pb_column][et_pb_column type=\u00a0\u00bb3_5&Prime; _builder_version=\u00a0\u00bb4.22.2&Prime; _module_preset=\u00a0\u00bbdefault\u00a0\u00bb global_colors_info=\u00a0\u00bb{}\u00a0\u00bb][et_pb_text _builder_version=\u00a0\u00bb4.24.2&Prime; _module_preset=\u00a0\u00bb28cfcf78-1bee-4815-a9d5-6caa8f7a4b47&Prime; text_font=\u00a0\u00bbAptos||||||||\u00a0\u00bb text_text_color=\u00a0\u00bb#000000&Prime; text_line_height=\u00a0\u00bb1.5em\u00a0\u00bb header_3_font=\u00a0\u00bb|600|||||||\u00a0\u00bb header_3_font_size=\u00a0\u00bb24px\u00a0\u00bb header_3_line_height=\u00a0\u00bb1.3em\u00a0\u00bb width=\u00a0\u00bb100%\u00a0\u00bb width_tablet=\u00a0\u00bb100%\u00a0\u00bb width_phone=\u00a0\u00bb100%\u00a0\u00bb width_last_edited=\u00a0\u00bbon|desktop\u00a0\u00bb custom_margin=\u00a0\u00bb0px||25px||false|false\u00a0\u00bb custom_padding=\u00a0\u00bb15%||||false|false\u00a0\u00bb custom_padding_tablet=\u00a0\u00bb0px||||false|false\u00a0\u00bb custom_padding_phone=\u00a0\u00bb0px||||false|false\u00a0\u00bb custom_padding_last_edited=\u00a0\u00bbon|phone\u00a0\u00bb header_3_font_size_tablet=\u00a0\u00bb24px\u00a0\u00bb header_3_font_size_phone=\u00a0\u00bb24px\u00a0\u00bb header_3_font_size_last_edited=\u00a0\u00bbon|phone\u00a0\u00bb locked=\u00a0\u00bboff\u00a0\u00bb global_colors_info=\u00a0\u00bb{}\u00a0\u00bb]<\/p>\n<h3>Sp\u00e9cialit\u00e9s: gestion de crise, r\u00e9putation, communication<\/h3>\n<p><span style=\"font-weight: 400;\">Terry Flynn est l&rsquo;un des principaux chercheurs canadiens en mati\u00e8re de relations publiques et de la gestion des communications. Apr\u00e8s 20 ans \u00e0 \u0153uvrer comme conseiller en communications, il a rejoint la facult\u00e9 de l&rsquo;Universit\u00e9 McMaster. Au cours de son cheminement professionnel, il a contribu\u00e9 \u00e0 sa profession en d\u00e9veloppant des m\u00e9thodes sp\u00e9cialis\u00e9es en gestion de la communication de crise, tant dans le secteur de l&rsquo;engagement public que communautaire.<\/span><\/p>\n<p><span style=\"font-weight: 400;\">Les travaux de D<\/span><span style=\"font-weight: 400;\">r<\/span><span style=\"font-weight: 400;\"> Flynn ont \u00e9t\u00e9 publi\u00e9s dans de prestigieux journaux professionnels, notamment: le Journal of Public Relations Review, Public Relations Journal, Canadian Journal of Communication, Corporate Communications, IPR Research Journal et le Journal of Professional Communications. Terry a \u00e9galement \u00e9t\u00e9 reconnu par l\u2019Association pour l\u2019\u00e9ducation en journalisme et communication de masse (AEJMC) et par la Arthur W. Page Society.<\/span><\/p>\n<p><span style=\"font-weight: 400;\">En 2015, D<\/span><span style=\"font-weight: 400;\">r<\/span><span style=\"font-weight: 400;\"> Flynn a re\u00e7u le prestigieux prix Philip A. Novikoff de la Soci\u00e9t\u00e9 canadienne des relations publiques (SCRP) pour ses nombreuses contributions qui ont men\u00e9 \u00e0 l&rsquo;avancement de la profession au Canada et \u00e0 travers le monde. Il fait actuellement partie du corps professoral du d\u00e9partement des \u00e9tudes de communication et multim\u00e9dia de l&rsquo;Universit\u00e9 McMaster, o\u00f9 il a fond\u00e9 en 2007 le premier et unique programme de ma\u00eetrise en gestion des communications au Canada. Il en est actuellement le directeur g\u00e9n\u00e9ral.\u00a0<\/span><\/p>\n<p>[\/et_pb_text][\/et_pb_column][\/et_pb_row][et_pb_row _builder_version=\u00a0\u00bb4.23.1&Prime; _module_preset=\u00a0\u00bbdefault\u00a0\u00bb global_colors_info=\u00a0\u00bb{}\u00a0\u00bb][et_pb_column type=\u00a0\u00bb4_4&Prime; _builder_version=\u00a0\u00bb4.23.1&Prime; _module_preset=\u00a0\u00bbdefault\u00a0\u00bb global_colors_info=\u00a0\u00bb{}\u00a0\u00bb][et_pb_button button_url=\u00a0\u00bb@ET-DC@eyJkeW5hbWljIjp0cnVlLCJjb250ZW50IjoicG9zdF9saW5rX3VybF9wYWdlIiwic2V0dGluZ3MiOnsicG9zdF9pZCI6IjM3NTEifX0=@\u00a0\u00bb button_text=\u00a0\u00bbRetourner\u00a0\u00bb button_alignment=\u00a0\u00bbcenter\u00a0\u00bb _builder_version=\u00a0\u00bb4.24.3&Prime; _dynamic_attributes=\u00a0\u00bbbutton_url\u00a0\u00bb _module_preset=\u00a0\u00bb23e0c1f6-a6f5-4637-87d8-5c62b045dcaf\u00a0\u00bb button_icon=\u00a0\u00bb&#x23;||divi||400&Prime; button_icon_placement=\u00a0\u00bbleft\u00a0\u00bb locked=\u00a0\u00bboff\u00a0\u00bb global_colors_info=\u00a0\u00bb{}\u00a0\u00bb button_custom_margin_tablet=\u00a0\u00bb0px||||false|false\u00a0\u00bb button_custom_margin_phone=\u00a0\u00bb0px||||false|false\u00a0\u00bb button_custom_margin_last_edited=\u00a0\u00bbon|desktop\u00a0\u00bb button_bg_enable_color__hover=\u00a0\u00bbon\u00a0\u00bb][\/et_pb_button][\/et_pb_column][\/et_pb_row][\/et_pb_section]<\/p>\n","protected":false},"excerpt":{"rendered":"<p>Dr. Terence Flynn, APR, FCPRSProfesseur associ\u00e9, Universit\u00e9 McMaster; directeur g\u00e9n\u00e9ral, programme de ma\u00eetrise en gestion des communicationsSp\u00e9cialit\u00e9s: gestion de crise, r\u00e9putation, communication Terry Flynn est l&rsquo;un des principaux chercheurs canadiens en mati\u00e8re de relations publiques et de la gestion des communications. Apr\u00e8s 20 ans \u00e0 \u0153uvrer comme conseiller en communications, il a rejoint la facult\u00e9 de l&rsquo;Universit\u00e9 McMaster. Au cours de son cheminement professionnel, il a contribu\u00e9 \u00e0 sa profession en d\u00e9veloppant des m\u00e9thodes sp\u00e9cialis\u00e9es en gestion de la communication de crise, tant dans le secteur de l&rsquo;engagement public que communautaire. Les travaux de Dr Flynn ont \u00e9t\u00e9 publi\u00e9s dans de prestigieux journaux professionnels, notamment: le Journal of Public Relations Review, Public Relations Journal, Canadian Journal of Communication, Corporate Communications, IPR Research Journal et le Journal of Professional Communications. Terry a \u00e9galement \u00e9t\u00e9 reconnu par l\u2019Association pour l\u2019\u00e9ducation en journalisme et communication de masse (AEJMC) et par la Arthur W. Page Society. En 2015, Dr Flynn a re\u00e7u le prestigieux prix Philip A. Novikoff de la Soci\u00e9t\u00e9 canadienne des relations publiques (SCRP) pour ses nombreuses contributions qui ont men\u00e9 \u00e0 l&rsquo;avancement de la profession au Canada et \u00e0 travers le monde. Il fait actuellement partie du corps professoral du d\u00e9partement [&hellip;]<\/p>\n","protected":false},"author":2,"featured_media":0,"parent":0,"menu_order":0,"comment_status":"closed","ping_status":"closed","template":"","meta":{"_acf_changed":false,"_et_pb_use_builder":"on","_et_pb_old_content":"","_et_gb_content_width":"","content-type":"","inline_featured_image":false,"footnotes":""},"class_list":["post-19038","page","type-page","status-publish","hentry"],"acf":[],"yoast_head":"<!-- This site is optimized with the Yoast SEO Premium plugin v27.5 (Yoast SEO v27.5) - https:\/\/yoast.com\/product\/yoast-seo-premium-wordpress\/ -->\n<title>Dr. Terence Flynn - Leger<\/title>\n<meta name=\"robots\" content=\"index, follow, max-snippet:-1, max-image-preview:large, max-video-preview:-1\" \/>\n<link rel=\"canonical\" href=\"https:\/\/leger360.com\/fr\/dr-terence-flynn\/\" \/>\n<meta property=\"og:locale\" content=\"fr_CA\" \/>\n<meta property=\"og:type\" content=\"article\" \/>\n<meta property=\"og:title\" content=\"Dr. Terence Flynn\" \/>\n<meta property=\"og:description\" content=\"Dr. Terence Flynn, APR, FCPRSProfesseur associ\u00e9, Universit\u00e9 McMaster; directeur g\u00e9n\u00e9ral, programme de ma\u00eetrise en gestion des communicationsSp\u00e9cialit\u00e9s: gestion de crise, r\u00e9putation, communication Terry Flynn est l&#039;un des principaux chercheurs canadiens en mati\u00e8re de relations publiques et de la gestion des communications. Apr\u00e8s 20 ans \u00e0 \u0153uvrer comme conseiller en communications, il a rejoint la facult\u00e9 de l&#039;Universit\u00e9 McMaster. Au cours de son cheminement professionnel, il a contribu\u00e9 \u00e0 sa profession en d\u00e9veloppant des m\u00e9thodes sp\u00e9cialis\u00e9es en gestion de la communication de crise, tant dans le secteur de l&#039;engagement public que communautaire. Les travaux de Dr Flynn ont \u00e9t\u00e9 publi\u00e9s dans de prestigieux journaux professionnels, notamment: le Journal of Public Relations Review, Public Relations Journal, Canadian Journal of Communication, Corporate Communications, IPR Research Journal et le Journal of Professional Communications. Terry a \u00e9galement \u00e9t\u00e9 reconnu par l\u2019Association pour l\u2019\u00e9ducation en journalisme et communication de masse (AEJMC) et par la Arthur W. Page Society. En 2015, Dr Flynn a re\u00e7u le prestigieux prix Philip A. Novikoff de la Soci\u00e9t\u00e9 canadienne des relations publiques (SCRP) pour ses nombreuses contributions qui ont men\u00e9 \u00e0 l&#039;avancement de la profession au Canada et \u00e0 travers le monde. Il fait actuellement partie du corps professoral du d\u00e9partement [&hellip;]\" \/>\n<meta property=\"og:url\" content=\"https:\/\/leger360.com\/fr\/dr-terence-flynn\/\" \/>\n<meta property=\"og:site_name\" content=\"Leger\" \/>\n<meta property=\"article:publisher\" content=\"https:\/\/www.facebook.com\/leger360\/\" \/>\n<meta property=\"article:modified_time\" content=\"2025-08-08T11:10:04+00:00\" \/>\n<meta property=\"og:image\" content=\"https:\/\/leger360.com\/wp-content\/uploads\/2024\/04\/leger-feature-img-home.png\" \/>\n\t<meta property=\"og:image:width\" content=\"1354\" \/>\n\t<meta property=\"og:image:height\" content=\"872\" \/>\n\t<meta property=\"og:image:type\" content=\"image\/png\" \/>\n<meta name=\"twitter:card\" content=\"summary_large_image\" \/>\n<meta name=\"twitter:site\" content=\"@leger360\" \/>\n<script type=\"application\/ld+json\" class=\"yoast-schema-graph\">{\"@context\":\"https:\\\/\\\/schema.org\",\"@graph\":[{\"@type\":\"WebPage\",\"@id\":\"https:\\\/\\\/leger360.com\\\/fr\\\/dr-terence-flynn\\\/\",\"url\":\"https:\\\/\\\/leger360.com\\\/fr\\\/dr-terence-flynn\\\/\",\"name\":\"Dr. Terence Flynn - Leger\",\"isPartOf\":{\"@id\":\"https:\\\/\\\/leger360.com\\\/fr\\\/#website\"},\"datePublished\":\"2023-12-05T01:56:34+00:00\",\"dateModified\":\"2025-08-08T11:10:04+00:00\",\"breadcrumb\":{\"@id\":\"https:\\\/\\\/leger360.com\\\/fr\\\/dr-terence-flynn\\\/#breadcrumb\"},\"inLanguage\":\"fr-CA\",\"potentialAction\":[{\"@type\":\"ReadAction\",\"target\":[\"https:\\\/\\\/leger360.com\\\/fr\\\/dr-terence-flynn\\\/\"]}]},{\"@type\":\"BreadcrumbList\",\"@id\":\"https:\\\/\\\/leger360.com\\\/fr\\\/dr-terence-flynn\\\/#breadcrumb\",\"itemListElement\":[{\"@type\":\"ListItem\",\"position\":1,\"name\":\"Home\",\"item\":\"https:\\\/\\\/leger360.com\\\/fr\\\/\"},{\"@type\":\"ListItem\",\"position\":2,\"name\":\"Dr. Terence Flynn\"}]},{\"@type\":\"WebSite\",\"@id\":\"https:\\\/\\\/leger360.com\\\/fr\\\/#website\",\"url\":\"https:\\\/\\\/leger360.com\\\/fr\\\/\",\"name\":\"Leger\",\"description\":\"Market Research | Data Analytics\",\"publisher\":{\"@id\":\"https:\\\/\\\/leger360.com\\\/fr\\\/#organization\"},\"potentialAction\":[{\"@type\":\"SearchAction\",\"target\":{\"@type\":\"EntryPoint\",\"urlTemplate\":\"https:\\\/\\\/leger360.com\\\/fr\\\/?s={search_term_string}\"},\"query-input\":{\"@type\":\"PropertyValueSpecification\",\"valueRequired\":true,\"valueName\":\"search_term_string\"}}],\"inLanguage\":\"fr-CA\"},{\"@type\":\"Organization\",\"@id\":\"https:\\\/\\\/leger360.com\\\/fr\\\/#organization\",\"name\":\"Leger\",\"url\":\"https:\\\/\\\/leger360.com\\\/fr\\\/\",\"logo\":{\"@type\":\"ImageObject\",\"inLanguage\":\"fr-CA\",\"@id\":\"https:\\\/\\\/leger360.com\\\/fr\\\/#\\\/schema\\\/logo\\\/image\\\/\",\"url\":\"https:\\\/\\\/leger360.com\\\/wp-content\\\/uploads\\\/2024\\\/04\\\/2022-Logo-Leger-Blackred-g.png\",\"contentUrl\":\"https:\\\/\\\/leger360.com\\\/wp-content\\\/uploads\\\/2024\\\/04\\\/2022-Logo-Leger-Blackred-g.png\",\"width\":1195,\"height\":686,\"caption\":\"Leger\"},\"image\":{\"@id\":\"https:\\\/\\\/leger360.com\\\/fr\\\/#\\\/schema\\\/logo\\\/image\\\/\"},\"sameAs\":[\"https:\\\/\\\/www.facebook.com\\\/leger360\\\/\",\"https:\\\/\\\/x.com\\\/leger360\",\"https:\\\/\\\/www.linkedin.com\\\/company\\\/leger360\\\/\"],\"description\":\"Leger is one of North America\u2019s fastest-growing market research companies, known for our forward-thinking experts and innovative approaches powered by artificial intelligence (AI) technologies.\"}]}<\/script>\n<!-- \/ Yoast SEO Premium plugin. -->","yoast_head_json":{"title":"Dr. Terence Flynn - Leger","robots":{"index":"index","follow":"follow","max-snippet":"max-snippet:-1","max-image-preview":"max-image-preview:large","max-video-preview":"max-video-preview:-1"},"canonical":"https:\/\/leger360.com\/fr\/dr-terence-flynn\/","og_locale":"fr_CA","og_type":"article","og_title":"Dr. Terence Flynn","og_description":"Dr. Terence Flynn, APR, FCPRSProfesseur associ\u00e9, Universit\u00e9 McMaster; directeur g\u00e9n\u00e9ral, programme de ma\u00eetrise en gestion des communicationsSp\u00e9cialit\u00e9s: gestion de crise, r\u00e9putation, communication Terry Flynn est l'un des principaux chercheurs canadiens en mati\u00e8re de relations publiques et de la gestion des communications. Apr\u00e8s 20 ans \u00e0 \u0153uvrer comme conseiller en communications, il a rejoint la facult\u00e9 de l'Universit\u00e9 McMaster. Au cours de son cheminement professionnel, il a contribu\u00e9 \u00e0 sa profession en d\u00e9veloppant des m\u00e9thodes sp\u00e9cialis\u00e9es en gestion de la communication de crise, tant dans le secteur de l'engagement public que communautaire. Les travaux de Dr Flynn ont \u00e9t\u00e9 publi\u00e9s dans de prestigieux journaux professionnels, notamment: le Journal of Public Relations Review, Public Relations Journal, Canadian Journal of Communication, Corporate Communications, IPR Research Journal et le Journal of Professional Communications. Terry a \u00e9galement \u00e9t\u00e9 reconnu par l\u2019Association pour l\u2019\u00e9ducation en journalisme et communication de masse (AEJMC) et par la Arthur W. Page Society. En 2015, Dr Flynn a re\u00e7u le prestigieux prix Philip A. Novikoff de la Soci\u00e9t\u00e9 canadienne des relations publiques (SCRP) pour ses nombreuses contributions qui ont men\u00e9 \u00e0 l'avancement de la profession au Canada et \u00e0 travers le monde. Il fait actuellement partie du corps professoral du d\u00e9partement [&hellip;]","og_url":"https:\/\/leger360.com\/fr\/dr-terence-flynn\/","og_site_name":"Leger","article_publisher":"https:\/\/www.facebook.com\/leger360\/","article_modified_time":"2025-08-08T11:10:04+00:00","og_image":[{"width":1354,"height":872,"url":"https:\/\/leger360.com\/wp-content\/uploads\/2024\/04\/leger-feature-img-home.png","type":"image\/png"}],"twitter_card":"summary_large_image","twitter_site":"@leger360","schema":{"@context":"https:\/\/schema.org","@graph":[{"@type":"WebPage","@id":"https:\/\/leger360.com\/fr\/dr-terence-flynn\/","url":"https:\/\/leger360.com\/fr\/dr-terence-flynn\/","name":"Dr. Terence Flynn - Leger","isPartOf":{"@id":"https:\/\/leger360.com\/fr\/#website"},"datePublished":"2023-12-05T01:56:34+00:00","dateModified":"2025-08-08T11:10:04+00:00","breadcrumb":{"@id":"https:\/\/leger360.com\/fr\/dr-terence-flynn\/#breadcrumb"},"inLanguage":"fr-CA","potentialAction":[{"@type":"ReadAction","target":["https:\/\/leger360.com\/fr\/dr-terence-flynn\/"]}]},{"@type":"BreadcrumbList","@id":"https:\/\/leger360.com\/fr\/dr-terence-flynn\/#breadcrumb","itemListElement":[{"@type":"ListItem","position":1,"name":"Home","item":"https:\/\/leger360.com\/fr\/"},{"@type":"ListItem","position":2,"name":"Dr. Terence Flynn"}]},{"@type":"WebSite","@id":"https:\/\/leger360.com\/fr\/#website","url":"https:\/\/leger360.com\/fr\/","name":"Leger","description":"Market Research | Data Analytics","publisher":{"@id":"https:\/\/leger360.com\/fr\/#organization"},"potentialAction":[{"@type":"SearchAction","target":{"@type":"EntryPoint","urlTemplate":"https:\/\/leger360.com\/fr\/?s={search_term_string}"},"query-input":{"@type":"PropertyValueSpecification","valueRequired":true,"valueName":"search_term_string"}}],"inLanguage":"fr-CA"},{"@type":"Organization","@id":"https:\/\/leger360.com\/fr\/#organization","name":"Leger","url":"https:\/\/leger360.com\/fr\/","logo":{"@type":"ImageObject","inLanguage":"fr-CA","@id":"https:\/\/leger360.com\/fr\/#\/schema\/logo\/image\/","url":"https:\/\/leger360.com\/wp-content\/uploads\/2024\/04\/2022-Logo-Leger-Blackred-g.png","contentUrl":"https:\/\/leger360.com\/wp-content\/uploads\/2024\/04\/2022-Logo-Leger-Blackred-g.png","width":1195,"height":686,"caption":"Leger"},"image":{"@id":"https:\/\/leger360.com\/fr\/#\/schema\/logo\/image\/"},"sameAs":["https:\/\/www.facebook.com\/leger360\/","https:\/\/x.com\/leger360","https:\/\/www.linkedin.com\/company\/leger360\/"],"description":"Leger is one of North America\u2019s fastest-growing market research companies, known for our forward-thinking experts and innovative approaches powered by artificial intelligence (AI) technologies."}]}},"_links":{"self":[{"href":"https:\/\/leger360.com\/fr\/wp-json\/wp\/v2\/pages\/19038","targetHints":{"allow":["GET"]}}],"collection":[{"href":"https:\/\/leger360.com\/fr\/wp-json\/wp\/v2\/pages"}],"about":[{"href":"https:\/\/leger360.com\/fr\/wp-json\/wp\/v2\/types\/page"}],"author":[{"embeddable":true,"href":"https:\/\/leger360.com\/fr\/wp-json\/wp\/v2\/users\/2"}],"replies":[{"embeddable":true,"href":"https:\/\/leger360.com\/fr\/wp-json\/wp\/v2\/comments?post=19038"}],"version-history":[{"count":0,"href":"https:\/\/leger360.com\/fr\/wp-json\/wp\/v2\/pages\/19038\/revisions"}],"wp:attachment":[{"href":"https:\/\/leger360.com\/fr\/wp-json\/wp\/v2\/media?parent=19038"}],"curies":[{"name":"wp","href":"https:\/\/api.w.org\/{rel}","templated":true}]}}