{"id":19053,"date":"2023-11-21T01:02:10","date_gmt":"2023-11-21T06:02:10","guid":{"rendered":"https:\/\/leger360.com\/heather-owen\/"},"modified":"2025-08-08T07:48:16","modified_gmt":"2025-08-08T11:48:16","slug":"heather-owen","status":"publish","type":"page","link":"https:\/\/leger360.com\/fr\/heather-owen\/","title":{"rendered":"Heather Owen"},"content":{"rendered":"<p>[et_pb_section fb_built=\u00a0\u00bb1&Prime; custom_padding_last_edited=\u00a0\u00bbon|phone\u00a0\u00bb admin_label=\u00a0\u00bbTeam\u00a0\u00bb _builder_version=\u00a0\u00bb4.23.1&Prime; use_background_color_gradient=\u00a0\u00bbon\u00a0\u00bb background_color_gradient_stops=\u00a0\u00bbrgba(255,255,255,0.75) 45%|#ffffff 100%\u00a0\u00bb background_color_gradient_overlays_image=\u00a0\u00bbon\u00a0\u00bb background_image=\u00a0\u00bbhttps:\/\/leger360.com\/wp-content\/uploads\/2023\/10\/gradient_gris_02.png\u00a0\u00bb custom_margin=\u00a0\u00bb|||\u00a0\u00bb custom_padding=\u00a0\u00bb54px|0px|50px|0px||\u00a0\u00bb custom_padding_tablet=\u00a0\u00bb54px|0px|100px|0px||\u00a0\u00bb custom_padding_phone=\u00a0\u00bb54px|0px|50px|0px|false|false\u00a0\u00bb global_colors_info=\u00a0\u00bb{}\u00a0\u00bb][et_pb_row column_structure=\u00a0\u00bb2_5,3_5&Prime; custom_padding_last_edited=\u00a0\u00bbon|tablet\u00a0\u00bb _builder_version=\u00a0\u00bb4.23.1&Prime; _module_preset=\u00a0\u00bbdefault\u00a0\u00bb background_color=\u00a0\u00bb#FFFFFF\u00a0\u00bb width_tablet=\u00a0\u00bb\u00a0\u00bb width_phone=\u00a0\u00bb90%\u00a0\u00bb width_last_edited=\u00a0\u00bbon|phone\u00a0\u00bb custom_padding=\u00a0\u00bb54px|54px|54px|54px|true|true\u00a0\u00bb custom_padding_tablet=\u00a0\u00bb54px|54px|54px|54px|true|true\u00a0\u00bb custom_padding_phone=\u00a0\u00bb0px|35px|25px|35px|false|true\u00a0\u00bb border_radii=\u00a0\u00bbon|15px|15px|15px|15px\u00a0\u00bb box_shadow_style=\u00a0\u00bbpreset3&Prime; locked=\u00a0\u00bboff\u00a0\u00bb global_colors_info=\u00a0\u00bb{}\u00a0\u00bb][et_pb_column type=\u00a0\u00bb2_5&Prime; _builder_version=\u00a0\u00bb4.22.2&Prime; _module_preset=\u00a0\u00bbdefault\u00a0\u00bb global_colors_info=\u00a0\u00bb{}\u00a0\u00bb][et_pb_image src=\u00a0\u00bbhttps:\/\/leger360.com\/wp-content\/uploads\/2023\/11\/Heather_Owen-1.png\u00a0\u00bb title_text=\u00a0\u00bbHeather_Owen\u00a0\u00bb _builder_version=\u00a0\u00bb4.23.1&Prime; _module_preset=\u00a0\u00bbdefault\u00a0\u00bb width=\u00a0\u00bb100%\u00a0\u00bb global_colors_info=\u00a0\u00bb{}\u00a0\u00bb][\/et_pb_image][et_pb_text _builder_version=\u00a0\u00bb4.27.4&Prime; _module_preset=\u00a0\u00bbd5e3a51d-fa3a-487e-9745-43d4b2b47c37&Prime; global_colors_info=\u00a0\u00bb{}\u00a0\u00bb hover_enabled=\u00a0\u00bb0&Prime; sticky_enabled=\u00a0\u00bb0&Prime;]<\/p>\n<h1><span data-sheets-value=\"{&quot;1&quot;:2,&quot;2&quot;:&quot;Heather Owen&quot;}\" data-sheets-userformat=\"{&quot;2&quot;:14337,&quot;3&quot;:{&quot;1&quot;:0,&quot;3&quot;:1},&quot;14&quot;:{&quot;1&quot;:3,&quot;3&quot;:1},&quot;15&quot;:&quot;Calibri&quot;,&quot;16&quot;:11}\">Heather Owen<\/span><\/h1>\n<p>[\/et_pb_text][et_pb_text _builder_version=\u00a0\u00bb4.27.4&Prime; _module_preset=\u00a0\u00bb28cfcf78-1bee-4815-a9d5-6caa8f7a4b47&Prime; text_font=\u00a0\u00bbAptos||||||||\u00a0\u00bb text_text_color=\u00a0\u00bb#000000&Prime; text_line_height=\u00a0\u00bb1.5em\u00a0\u00bb width=\u00a0\u00bb100%\u00a0\u00bb width_tablet=\u00a0\u00bb100%\u00a0\u00bb width_phone=\u00a0\u00bb100%\u00a0\u00bb width_last_edited=\u00a0\u00bbon|desktop\u00a0\u00bb custom_margin=\u00a0\u00bb0px||15px||false|false\u00a0\u00bb custom_padding=\u00a0\u00bb0px||||false|false\u00a0\u00bb locked=\u00a0\u00bboff\u00a0\u00bb global_colors_info=\u00a0\u00bb{}\u00a0\u00bb]<\/p>\n<p><span>Vice-pr\u00e9sidente s\u00e9niore, direction g\u00e9n\u00e9rale <\/span><\/p>\n<p>[\/et_pb_text][et_pb_social_media_follow _builder_version=\u00a0\u00bb4.23.1&Prime; _module_preset=\u00a0\u00bbdefault\u00a0\u00bb custom_margin=\u00a0\u00bb||||false|false\u00a0\u00bb custom_padding=\u00a0\u00bb0px||||false|false\u00a0\u00bb global_colors_info=\u00a0\u00bb{}\u00a0\u00bb][et_pb_social_media_follow_network social_network=\u00a0\u00bblinkedin\u00a0\u00bb url=\u00a0\u00bbhttps:\/\/www.linkedin.com\/in\/owenheather\/?originalSubdomain=ca\u00a0\u00bb _builder_version=\u00a0\u00bb4.23.1&Prime; _module_preset=\u00a0\u00bbdefault\u00a0\u00bb background_color=\u00a0\u00bb#2E2E30&Prime; background_enable_color=\u00a0\u00bbon\u00a0\u00bb global_colors_info=\u00a0\u00bb{}\u00a0\u00bb background__hover_enabled=\u00a0\u00bbon|desktop\u00a0\u00bb background_color__hover=\u00a0\u00bb#ED1C24&Prime; background_enable_color__hover=\u00a0\u00bbon\u00a0\u00bb follow_button=\u00a0\u00bboff\u00a0\u00bb url_new_window=\u00a0\u00bbon\u00a0\u00bb]linkedin[\/et_pb_social_media_follow_network][\/et_pb_social_media_follow][\/et_pb_column][et_pb_column type=\u00a0\u00bb3_5&Prime; _builder_version=\u00a0\u00bb4.22.2&Prime; _module_preset=\u00a0\u00bbdefault\u00a0\u00bb global_colors_info=\u00a0\u00bb{}\u00a0\u00bb][et_pb_text _builder_version=\u00a0\u00bb4.24.2&Prime; _module_preset=\u00a0\u00bb28cfcf78-1bee-4815-a9d5-6caa8f7a4b47&Prime; text_font=\u00a0\u00bbAptos||||||||\u00a0\u00bb text_text_color=\u00a0\u00bb#000000&Prime; text_line_height=\u00a0\u00bb1.5em\u00a0\u00bb width=\u00a0\u00bb100%\u00a0\u00bb width_tablet=\u00a0\u00bb100%\u00a0\u00bb width_phone=\u00a0\u00bb100%\u00a0\u00bb width_last_edited=\u00a0\u00bbon|desktop\u00a0\u00bb custom_margin=\u00a0\u00bb0px||25px||false|false\u00a0\u00bb custom_padding=\u00a0\u00bb5%||0px||false|false\u00a0\u00bb custom_padding_tablet=\u00a0\u00bb0px||||false|false\u00a0\u00bb custom_padding_phone=\u00a0\u00bb0px||||false|false\u00a0\u00bb custom_padding_last_edited=\u00a0\u00bbon|phone\u00a0\u00bb locked=\u00a0\u00bboff\u00a0\u00bb global_colors_info=\u00a0\u00bb{}\u00a0\u00bb]<\/p>\n<p><span data-contrast=\"none\">Heather est vice-pr\u00e9sidente s\u00e9niore, direction g\u00e9n\u00e9rale, et supervise les \u00e9quipes de recherche de L\u00e9ger \u00e0 travers le Canada et les \u00c9tats-Unis. Son r\u00f4le consiste principalement \u00e0 s\u2019assurer que les chercheur\u00b7e\u00b7s de L\u00e9ger disposent des ressources, de l\u2019orientation et des outils n\u00e9cessaires pour livrer des projets de recherche \u00e0 la fois pertinents, percutants et exploitables.<\/span><span data-ccp-props=\"{&quot;134233117&quot;:false,&quot;134233118&quot;:false,&quot;201341983&quot;:2,&quot;335551550&quot;:6,&quot;335551620&quot;:6,&quot;335557856&quot;:16777215,&quot;335559738&quot;:0,&quot;335559739&quot;:150,&quot;335559740&quot;:450}\">\u00a0<\/span><\/p>\n<p><span data-contrast=\"none\">Passionn\u00e9e par l\u2019univers de la recherche, Heather s\u2019int\u00e9resse de pr\u00e8s aux technologies de pointe, telles que l\u2019intelligence artificielle, l\u2019analytique avanc\u00e9e, la visualisation de donn\u00e9es et d\u2019autres innovations technologiques, dans le but d\u2019enrichir les r\u00e9sultats des projets.<\/span><span data-ccp-props=\"{&quot;134233117&quot;:false,&quot;134233118&quot;:false,&quot;201341983&quot;:2,&quot;335551550&quot;:6,&quot;335551620&quot;:6,&quot;335557856&quot;:16777215,&quot;335559738&quot;:0,&quot;335559739&quot;:150,&quot;335559740&quot;:450}\">\u00a0<\/span><\/p>\n<p><span data-contrast=\"none\">\u00c0 titre de leader des initiatives en \u00e9quit\u00e9, diversit\u00e9 et inclusion (EDI) chez L\u00e9ger, elle conjugue rigueur et sensibilit\u00e9 dans la cr\u00e9ation de cultures inclusives et de m\u00e9thodologies de recherche \u00e9quitables. Son engagement contribue \u00e0 faire progresser l\u2019\u00e9quit\u00e9 non seulement au sein de L\u00e9ger, mais aussi dans l\u2019ensemble du secteur des \u00e9tudes marketing. Pour elle, la diversit\u00e9 ne rend pas seulement la recherche plus juste, elle la rend plus intelligente, plus cr\u00e9ative et plus repr\u00e9sentative du monde que nous cherchons \u00e0 comprendre.<\/span><span data-ccp-props=\"{&quot;134233117&quot;:false,&quot;134233118&quot;:false,&quot;201341983&quot;:2,&quot;335551550&quot;:6,&quot;335551620&quot;:6,&quot;335557856&quot;:16777215,&quot;335559738&quot;:0,&quot;335559739&quot;:150,&quot;335559740&quot;:450}\">\u00a0<\/span><\/p>\n<p><span data-contrast=\"none\">Avant de se joindre \u00e0 L\u00e9ger, Heather a cumul\u00e9 plus de 25 ans d\u2019exp\u00e9rience dans certaines des entreprises les plus respect\u00e9es du Canada, dirigeant des initiatives nationales en marketing, communications, relations gouvernementales, commandites, philanthropie et relations avec les m\u00e9dias. Parmi ses r\u00e9alisations marquantes figurent la direction de la commandite majeure de RBC pour les Jeux olympiques d\u2019hiver de 2010 et la cr\u00e9ation de la s\u00e9rie cycliste RBC GranFondo, qui a introduit les \u00e9preuves cyclistes de masse au Canada.<\/span><span data-ccp-props=\"{&quot;134233117&quot;:false,&quot;134233118&quot;:false,&quot;201341983&quot;:2,&quot;335551550&quot;:6,&quot;335551620&quot;:6,&quot;335557856&quot;:16777215,&quot;335559738&quot;:0,&quot;335559739&quot;:150,&quot;335559740&quot;:450}\">\u00a0<\/span><\/p>\n<p><span data-contrast=\"none\">Qu\u2019elle trace la voie strat\u00e9gique, encadre la rel\u00e8ve en recherche ou contribue \u00e0 faire \u00e9voluer la culture d\u2019entreprise, Heather se distingue par sa clart\u00e9, son \u00e9nergie et son engagement. Elle est r\u00e9solument engag\u00e9e \u00e0 fa\u00e7onner l\u2019avenir de la recherche, \u00e0 faire progresser la strat\u00e9gie d\u2019entreprise et \u00e0 enrichir le discours public.<\/span><span data-ccp-props=\"{&quot;134233117&quot;:false,&quot;134233118&quot;:false,&quot;201341983&quot;:2,&quot;335551550&quot;:6,&quot;335551620&quot;:6,&quot;335557856&quot;:16777215,&quot;335559738&quot;:0,&quot;335559739&quot;:150,&quot;335559740&quot;:450}\">\u00a0<\/span><\/p>\n<p><span data-ccp-props=\"{&quot;134233117&quot;:false,&quot;134233118&quot;:false,&quot;201341983&quot;:2,&quot;335551550&quot;:6,&quot;335551620&quot;:6,&quot;335557856&quot;:16777215,&quot;335559738&quot;:0,&quot;335559739&quot;:150,&quot;335559740&quot;:450}\"><\/span><\/p>\n<p>[\/et_pb_text][\/et_pb_column][\/et_pb_row][et_pb_row _builder_version=\u00a0\u00bb4.23.1&Prime; _module_preset=\u00a0\u00bbdefault\u00a0\u00bb global_colors_info=\u00a0\u00bb{}\u00a0\u00bb][et_pb_column type=\u00a0\u00bb4_4&Prime; _builder_version=\u00a0\u00bb4.23.1&Prime; _module_preset=\u00a0\u00bbdefault\u00a0\u00bb global_colors_info=\u00a0\u00bb{}\u00a0\u00bb][et_pb_button button_url=\u00a0\u00bb@ET-DC@eyJkeW5hbWljIjp0cnVlLCJjb250ZW50IjoicG9zdF9saW5rX3VybF9wYWdlIiwic2V0dGluZ3MiOnsicG9zdF9pZCI6IjE4OTUwIn19@\u00a0\u00bb button_text=\u00a0\u00bbRetourner\u00a0\u00bb button_alignment=\u00a0\u00bbcenter\u00a0\u00bb _builder_version=\u00a0\u00bb4.24.3&Prime; _dynamic_attributes=\u00a0\u00bbbutton_url\u00a0\u00bb _module_preset=\u00a0\u00bb23e0c1f6-a6f5-4637-87d8-5c62b045dcaf\u00a0\u00bb button_icon=\u00a0\u00bb&#x23;||divi||400&Prime; button_icon_placement=\u00a0\u00bbleft\u00a0\u00bb locked=\u00a0\u00bboff\u00a0\u00bb global_colors_info=\u00a0\u00bb{}\u00a0\u00bb button_custom_margin_tablet=\u00a0\u00bb0px||||false|false\u00a0\u00bb button_custom_margin_phone=\u00a0\u00bb0px||||false|false\u00a0\u00bb button_custom_margin_last_edited=\u00a0\u00bbon|desktop\u00a0\u00bb button_bg_enable_color__hover=\u00a0\u00bbon\u00a0\u00bb][\/et_pb_button][\/et_pb_column][\/et_pb_row][\/et_pb_section]<\/p>\n","protected":false},"excerpt":{"rendered":"<p>Heather OwenVice-pr\u00e9sidente s\u00e9niore, direction g\u00e9n\u00e9rale Heather est vice-pr\u00e9sidente s\u00e9niore, direction g\u00e9n\u00e9rale, et supervise les \u00e9quipes de recherche de L\u00e9ger \u00e0 travers le Canada et les \u00c9tats-Unis. Son r\u00f4le consiste principalement \u00e0 s\u2019assurer que les chercheur\u00b7e\u00b7s de L\u00e9ger disposent des ressources, de l\u2019orientation et des outils n\u00e9cessaires pour livrer des projets de recherche \u00e0 la fois pertinents, percutants et exploitables.\u00a0 Passionn\u00e9e par l\u2019univers de la recherche, Heather s\u2019int\u00e9resse de pr\u00e8s aux technologies de pointe, telles que l\u2019intelligence artificielle, l\u2019analytique avanc\u00e9e, la visualisation de donn\u00e9es et d\u2019autres innovations technologiques, dans le but d\u2019enrichir les r\u00e9sultats des projets.\u00a0 \u00c0 titre de leader des initiatives en \u00e9quit\u00e9, diversit\u00e9 et inclusion (EDI) chez L\u00e9ger, elle conjugue rigueur et sensibilit\u00e9 dans la cr\u00e9ation de cultures inclusives et de m\u00e9thodologies de recherche \u00e9quitables. Son engagement contribue \u00e0 faire progresser l\u2019\u00e9quit\u00e9 non seulement au sein de L\u00e9ger, mais aussi dans l\u2019ensemble du secteur des \u00e9tudes marketing. Pour elle, la diversit\u00e9 ne rend pas seulement la recherche plus juste, elle la rend plus intelligente, plus cr\u00e9ative et plus repr\u00e9sentative du monde que nous cherchons \u00e0 comprendre.\u00a0 Avant de se joindre \u00e0 L\u00e9ger, Heather a cumul\u00e9 plus de 25 ans d\u2019exp\u00e9rience dans certaines des entreprises les plus respect\u00e9es du Canada, [&hellip;]<\/p>\n","protected":false},"author":2,"featured_media":0,"parent":0,"menu_order":0,"comment_status":"closed","ping_status":"closed","template":"","meta":{"_acf_changed":false,"_et_pb_use_builder":"on","_et_pb_old_content":"","_et_gb_content_width":"","content-type":"","inline_featured_image":false,"footnotes":""},"class_list":["post-19053","page","type-page","status-publish","hentry"],"acf":[],"yoast_head":"<!-- This site is optimized with the Yoast SEO Premium plugin v27.4 (Yoast SEO v27.4) - https:\/\/yoast.com\/product\/yoast-seo-premium-wordpress\/ -->\n<title>Heather Owen - Leger<\/title>\n<meta name=\"robots\" content=\"index, follow, max-snippet:-1, max-image-preview:large, max-video-preview:-1\" \/>\n<link rel=\"canonical\" href=\"https:\/\/leger360.com\/fr\/heather-owen\/\" \/>\n<meta property=\"og:locale\" content=\"fr_CA\" \/>\n<meta property=\"og:type\" content=\"article\" \/>\n<meta property=\"og:title\" content=\"Heather Owen\" \/>\n<meta property=\"og:description\" content=\"Heather OwenVice-pr\u00e9sidente s\u00e9niore, direction g\u00e9n\u00e9rale Heather est vice-pr\u00e9sidente s\u00e9niore, direction g\u00e9n\u00e9rale, et supervise les \u00e9quipes de recherche de L\u00e9ger \u00e0 travers le Canada et les \u00c9tats-Unis. Son r\u00f4le consiste principalement \u00e0 s\u2019assurer que les chercheur\u00b7e\u00b7s de L\u00e9ger disposent des ressources, de l\u2019orientation et des outils n\u00e9cessaires pour livrer des projets de recherche \u00e0 la fois pertinents, percutants et exploitables.\u00a0 Passionn\u00e9e par l\u2019univers de la recherche, Heather s\u2019int\u00e9resse de pr\u00e8s aux technologies de pointe, telles que l\u2019intelligence artificielle, l\u2019analytique avanc\u00e9e, la visualisation de donn\u00e9es et d\u2019autres innovations technologiques, dans le but d\u2019enrichir les r\u00e9sultats des projets.\u00a0 \u00c0 titre de leader des initiatives en \u00e9quit\u00e9, diversit\u00e9 et inclusion (EDI) chez L\u00e9ger, elle conjugue rigueur et sensibilit\u00e9 dans la cr\u00e9ation de cultures inclusives et de m\u00e9thodologies de recherche \u00e9quitables. Son engagement contribue \u00e0 faire progresser l\u2019\u00e9quit\u00e9 non seulement au sein de L\u00e9ger, mais aussi dans l\u2019ensemble du secteur des \u00e9tudes marketing. Pour elle, la diversit\u00e9 ne rend pas seulement la recherche plus juste, elle la rend plus intelligente, plus cr\u00e9ative et plus repr\u00e9sentative du monde que nous cherchons \u00e0 comprendre.\u00a0 Avant de se joindre \u00e0 L\u00e9ger, Heather a cumul\u00e9 plus de 25 ans d\u2019exp\u00e9rience dans certaines des entreprises les plus respect\u00e9es du Canada, [&hellip;]\" \/>\n<meta property=\"og:url\" content=\"https:\/\/leger360.com\/fr\/heather-owen\/\" \/>\n<meta property=\"og:site_name\" content=\"Leger\" \/>\n<meta property=\"article:publisher\" content=\"https:\/\/www.facebook.com\/leger360\/\" \/>\n<meta property=\"article:modified_time\" content=\"2025-08-08T11:48:16+00:00\" \/>\n<meta property=\"og:image\" content=\"https:\/\/leger360.com\/wp-content\/uploads\/2024\/04\/leger-feature-img-home.png\" \/>\n\t<meta property=\"og:image:width\" content=\"1354\" \/>\n\t<meta property=\"og:image:height\" content=\"872\" \/>\n\t<meta property=\"og:image:type\" content=\"image\/png\" \/>\n<meta name=\"twitter:card\" content=\"summary_large_image\" \/>\n<meta name=\"twitter:site\" content=\"@leger360\" \/>\n<meta name=\"twitter:label1\" content=\"Estimation du temps de lecture\" \/>\n\t<meta name=\"twitter:data1\" content=\"2 minutes\" \/>\n<script type=\"application\/ld+json\" class=\"yoast-schema-graph\">{\"@context\":\"https:\\\/\\\/schema.org\",\"@graph\":[{\"@type\":\"WebPage\",\"@id\":\"https:\\\/\\\/leger360.com\\\/fr\\\/heather-owen\\\/\",\"url\":\"https:\\\/\\\/leger360.com\\\/fr\\\/heather-owen\\\/\",\"name\":\"Heather Owen - Leger\",\"isPartOf\":{\"@id\":\"https:\\\/\\\/leger360.com\\\/fr\\\/#website\"},\"datePublished\":\"2023-11-21T06:02:10+00:00\",\"dateModified\":\"2025-08-08T11:48:16+00:00\",\"breadcrumb\":{\"@id\":\"https:\\\/\\\/leger360.com\\\/fr\\\/heather-owen\\\/#breadcrumb\"},\"inLanguage\":\"fr-CA\",\"potentialAction\":[{\"@type\":\"ReadAction\",\"target\":[\"https:\\\/\\\/leger360.com\\\/fr\\\/heather-owen\\\/\"]}]},{\"@type\":\"BreadcrumbList\",\"@id\":\"https:\\\/\\\/leger360.com\\\/fr\\\/heather-owen\\\/#breadcrumb\",\"itemListElement\":[{\"@type\":\"ListItem\",\"position\":1,\"name\":\"Home\",\"item\":\"https:\\\/\\\/leger360.com\\\/fr\\\/\"},{\"@type\":\"ListItem\",\"position\":2,\"name\":\"Heather Owen\"}]},{\"@type\":\"WebSite\",\"@id\":\"https:\\\/\\\/leger360.com\\\/fr\\\/#website\",\"url\":\"https:\\\/\\\/leger360.com\\\/fr\\\/\",\"name\":\"Leger\",\"description\":\"Market Research | Data Analytics\",\"publisher\":{\"@id\":\"https:\\\/\\\/leger360.com\\\/fr\\\/#organization\"},\"potentialAction\":[{\"@type\":\"SearchAction\",\"target\":{\"@type\":\"EntryPoint\",\"urlTemplate\":\"https:\\\/\\\/leger360.com\\\/fr\\\/?s={search_term_string}\"},\"query-input\":{\"@type\":\"PropertyValueSpecification\",\"valueRequired\":true,\"valueName\":\"search_term_string\"}}],\"inLanguage\":\"fr-CA\"},{\"@type\":\"Organization\",\"@id\":\"https:\\\/\\\/leger360.com\\\/fr\\\/#organization\",\"name\":\"Leger\",\"url\":\"https:\\\/\\\/leger360.com\\\/fr\\\/\",\"logo\":{\"@type\":\"ImageObject\",\"inLanguage\":\"fr-CA\",\"@id\":\"https:\\\/\\\/leger360.com\\\/fr\\\/#\\\/schema\\\/logo\\\/image\\\/\",\"url\":\"https:\\\/\\\/leger360.com\\\/wp-content\\\/uploads\\\/2024\\\/04\\\/2022-Logo-Leger-Blackred-g.png\",\"contentUrl\":\"https:\\\/\\\/leger360.com\\\/wp-content\\\/uploads\\\/2024\\\/04\\\/2022-Logo-Leger-Blackred-g.png\",\"width\":1195,\"height\":686,\"caption\":\"Leger\"},\"image\":{\"@id\":\"https:\\\/\\\/leger360.com\\\/fr\\\/#\\\/schema\\\/logo\\\/image\\\/\"},\"sameAs\":[\"https:\\\/\\\/www.facebook.com\\\/leger360\\\/\",\"https:\\\/\\\/x.com\\\/leger360\",\"https:\\\/\\\/www.linkedin.com\\\/company\\\/leger360\\\/\"],\"description\":\"Leger is one of North America\u2019s fastest-growing market research companies, known for our forward-thinking experts and innovative approaches powered by artificial intelligence (AI) technologies.\"}]}<\/script>\n<!-- \/ Yoast SEO Premium plugin. -->","yoast_head_json":{"title":"Heather Owen - Leger","robots":{"index":"index","follow":"follow","max-snippet":"max-snippet:-1","max-image-preview":"max-image-preview:large","max-video-preview":"max-video-preview:-1"},"canonical":"https:\/\/leger360.com\/fr\/heather-owen\/","og_locale":"fr_CA","og_type":"article","og_title":"Heather Owen","og_description":"Heather OwenVice-pr\u00e9sidente s\u00e9niore, direction g\u00e9n\u00e9rale Heather est vice-pr\u00e9sidente s\u00e9niore, direction g\u00e9n\u00e9rale, et supervise les \u00e9quipes de recherche de L\u00e9ger \u00e0 travers le Canada et les \u00c9tats-Unis. Son r\u00f4le consiste principalement \u00e0 s\u2019assurer que les chercheur\u00b7e\u00b7s de L\u00e9ger disposent des ressources, de l\u2019orientation et des outils n\u00e9cessaires pour livrer des projets de recherche \u00e0 la fois pertinents, percutants et exploitables.\u00a0 Passionn\u00e9e par l\u2019univers de la recherche, Heather s\u2019int\u00e9resse de pr\u00e8s aux technologies de pointe, telles que l\u2019intelligence artificielle, l\u2019analytique avanc\u00e9e, la visualisation de donn\u00e9es et d\u2019autres innovations technologiques, dans le but d\u2019enrichir les r\u00e9sultats des projets.\u00a0 \u00c0 titre de leader des initiatives en \u00e9quit\u00e9, diversit\u00e9 et inclusion (EDI) chez L\u00e9ger, elle conjugue rigueur et sensibilit\u00e9 dans la cr\u00e9ation de cultures inclusives et de m\u00e9thodologies de recherche \u00e9quitables. Son engagement contribue \u00e0 faire progresser l\u2019\u00e9quit\u00e9 non seulement au sein de L\u00e9ger, mais aussi dans l\u2019ensemble du secteur des \u00e9tudes marketing. Pour elle, la diversit\u00e9 ne rend pas seulement la recherche plus juste, elle la rend plus intelligente, plus cr\u00e9ative et plus repr\u00e9sentative du monde que nous cherchons \u00e0 comprendre.\u00a0 Avant de se joindre \u00e0 L\u00e9ger, Heather a cumul\u00e9 plus de 25 ans d\u2019exp\u00e9rience dans certaines des entreprises les plus respect\u00e9es du Canada, [&hellip;]","og_url":"https:\/\/leger360.com\/fr\/heather-owen\/","og_site_name":"Leger","article_publisher":"https:\/\/www.facebook.com\/leger360\/","article_modified_time":"2025-08-08T11:48:16+00:00","og_image":[{"width":1354,"height":872,"url":"https:\/\/leger360.com\/wp-content\/uploads\/2024\/04\/leger-feature-img-home.png","type":"image\/png"}],"twitter_card":"summary_large_image","twitter_site":"@leger360","twitter_misc":{"Estimation du temps de lecture":"2 minutes"},"schema":{"@context":"https:\/\/schema.org","@graph":[{"@type":"WebPage","@id":"https:\/\/leger360.com\/fr\/heather-owen\/","url":"https:\/\/leger360.com\/fr\/heather-owen\/","name":"Heather Owen - Leger","isPartOf":{"@id":"https:\/\/leger360.com\/fr\/#website"},"datePublished":"2023-11-21T06:02:10+00:00","dateModified":"2025-08-08T11:48:16+00:00","breadcrumb":{"@id":"https:\/\/leger360.com\/fr\/heather-owen\/#breadcrumb"},"inLanguage":"fr-CA","potentialAction":[{"@type":"ReadAction","target":["https:\/\/leger360.com\/fr\/heather-owen\/"]}]},{"@type":"BreadcrumbList","@id":"https:\/\/leger360.com\/fr\/heather-owen\/#breadcrumb","itemListElement":[{"@type":"ListItem","position":1,"name":"Home","item":"https:\/\/leger360.com\/fr\/"},{"@type":"ListItem","position":2,"name":"Heather Owen"}]},{"@type":"WebSite","@id":"https:\/\/leger360.com\/fr\/#website","url":"https:\/\/leger360.com\/fr\/","name":"Leger","description":"Market Research | Data Analytics","publisher":{"@id":"https:\/\/leger360.com\/fr\/#organization"},"potentialAction":[{"@type":"SearchAction","target":{"@type":"EntryPoint","urlTemplate":"https:\/\/leger360.com\/fr\/?s={search_term_string}"},"query-input":{"@type":"PropertyValueSpecification","valueRequired":true,"valueName":"search_term_string"}}],"inLanguage":"fr-CA"},{"@type":"Organization","@id":"https:\/\/leger360.com\/fr\/#organization","name":"Leger","url":"https:\/\/leger360.com\/fr\/","logo":{"@type":"ImageObject","inLanguage":"fr-CA","@id":"https:\/\/leger360.com\/fr\/#\/schema\/logo\/image\/","url":"https:\/\/leger360.com\/wp-content\/uploads\/2024\/04\/2022-Logo-Leger-Blackred-g.png","contentUrl":"https:\/\/leger360.com\/wp-content\/uploads\/2024\/04\/2022-Logo-Leger-Blackred-g.png","width":1195,"height":686,"caption":"Leger"},"image":{"@id":"https:\/\/leger360.com\/fr\/#\/schema\/logo\/image\/"},"sameAs":["https:\/\/www.facebook.com\/leger360\/","https:\/\/x.com\/leger360","https:\/\/www.linkedin.com\/company\/leger360\/"],"description":"Leger is one of North America\u2019s fastest-growing market research companies, known for our forward-thinking experts and innovative approaches powered by artificial intelligence (AI) technologies."}]}},"_links":{"self":[{"href":"https:\/\/leger360.com\/fr\/wp-json\/wp\/v2\/pages\/19053","targetHints":{"allow":["GET"]}}],"collection":[{"href":"https:\/\/leger360.com\/fr\/wp-json\/wp\/v2\/pages"}],"about":[{"href":"https:\/\/leger360.com\/fr\/wp-json\/wp\/v2\/types\/page"}],"author":[{"embeddable":true,"href":"https:\/\/leger360.com\/fr\/wp-json\/wp\/v2\/users\/2"}],"replies":[{"embeddable":true,"href":"https:\/\/leger360.com\/fr\/wp-json\/wp\/v2\/comments?post=19053"}],"version-history":[{"count":0,"href":"https:\/\/leger360.com\/fr\/wp-json\/wp\/v2\/pages\/19053\/revisions"}],"wp:attachment":[{"href":"https:\/\/leger360.com\/fr\/wp-json\/wp\/v2\/media?parent=19053"}],"curies":[{"name":"wp","href":"https:\/\/api.w.org\/{rel}","templated":true}]}}