{"id":19059,"date":"2023-11-21T00:19:30","date_gmt":"2023-11-21T05:19:30","guid":{"rendered":"https:\/\/leger360.com\/anne-marie-marois\/"},"modified":"2025-08-08T05:24:52","modified_gmt":"2025-08-08T09:24:52","slug":"anne-marie-marois","status":"publish","type":"page","link":"https:\/\/leger360.com\/fr\/anne-marie-marois\/","title":{"rendered":"Anne-Marie Marois\u00a0"},"content":{"rendered":"<p>[et_pb_section fb_built=\u00a0\u00bb1&Prime; custom_padding_last_edited=\u00a0\u00bbon|phone\u00a0\u00bb admin_label=\u00a0\u00bbTeam\u00a0\u00bb _builder_version=\u00a0\u00bb4.23.1&Prime; use_background_color_gradient=\u00a0\u00bbon\u00a0\u00bb background_color_gradient_stops=\u00a0\u00bbrgba(255,255,255,0.75) 45%|#ffffff 100%\u00a0\u00bb background_color_gradient_overlays_image=\u00a0\u00bbon\u00a0\u00bb background_image=\u00a0\u00bbhttps:\/\/leger360.com\/wp-content\/uploads\/2023\/10\/gradient_gris_02.png\u00a0\u00bb custom_margin=\u00a0\u00bb|||\u00a0\u00bb custom_padding=\u00a0\u00bb54px|0px|50px|0px||\u00a0\u00bb custom_padding_tablet=\u00a0\u00bb54px|0px|100px|0px||\u00a0\u00bb custom_padding_phone=\u00a0\u00bb54px|0px|50px|0px|false|false\u00a0\u00bb global_colors_info=\u00a0\u00bb{}\u00a0\u00bb][et_pb_row column_structure=\u00a0\u00bb2_5,3_5&Prime; custom_padding_last_edited=\u00a0\u00bbon|tablet\u00a0\u00bb _builder_version=\u00a0\u00bb4.23.1&Prime; _module_preset=\u00a0\u00bbdefault\u00a0\u00bb background_color=\u00a0\u00bb#FFFFFF\u00a0\u00bb width_tablet=\u00a0\u00bb\u00a0\u00bb width_phone=\u00a0\u00bb90%\u00a0\u00bb width_last_edited=\u00a0\u00bbon|phone\u00a0\u00bb custom_padding=\u00a0\u00bb54px|54px|54px|54px|true|true\u00a0\u00bb custom_padding_tablet=\u00a0\u00bb54px|54px|54px|54px|true|true\u00a0\u00bb custom_padding_phone=\u00a0\u00bb0px|35px|25px|35px|false|true\u00a0\u00bb border_radii=\u00a0\u00bbon|15px|15px|15px|15px\u00a0\u00bb box_shadow_style=\u00a0\u00bbpreset3&Prime; locked=\u00a0\u00bboff\u00a0\u00bb global_colors_info=\u00a0\u00bb{}\u00a0\u00bb][et_pb_column type=\u00a0\u00bb2_5&Prime; _builder_version=\u00a0\u00bb4.22.2&Prime; _module_preset=\u00a0\u00bbdefault\u00a0\u00bb global_colors_info=\u00a0\u00bb{}\u00a0\u00bb][et_pb_image src=\u00a0\u00bbhttps:\/\/leger360.com\/wp-content\/uploads\/2023\/11\/Anne-Marie_Marois-1.png\u00a0\u00bb title_text=\u00a0\u00bbAnne-Marie_Marois\u00a0\u00bb _builder_version=\u00a0\u00bb4.23.1&Prime; _module_preset=\u00a0\u00bbdefault\u00a0\u00bb width=\u00a0\u00bb100%\u00a0\u00bb global_colors_info=\u00a0\u00bb{}\u00a0\u00bb][\/et_pb_image][et_pb_text _builder_version=\u00a0\u00bb4.27.4&Prime; _module_preset=\u00a0\u00bbd5e3a51d-fa3a-487e-9745-43d4b2b47c37&Prime; global_colors_info=\u00a0\u00bb{}\u00a0\u00bb hover_enabled=\u00a0\u00bb0&Prime; sticky_enabled=\u00a0\u00bb0&Prime;]<\/p>\n<h1><span data-sheets-value=\"{&quot;1&quot;:2,&quot;2&quot;:&quot;Anne-Marie Marois\u00a0&quot;}\" data-sheets-userformat=\"{&quot;2&quot;:14337,&quot;3&quot;:{&quot;1&quot;:0,&quot;3&quot;:1},&quot;14&quot;:{&quot;1&quot;:2,&quot;2&quot;:0},&quot;15&quot;:&quot;Calibri&quot;,&quot;16&quot;:11}\">Anne-Marie Marois\u00a0<\/span><\/h1>\n<p>[\/et_pb_text][et_pb_text _builder_version=\u00a0\u00bb4.27.4&Prime; _module_preset=\u00a0\u00bb28cfcf78-1bee-4815-a9d5-6caa8f7a4b47&Prime; text_font=\u00a0\u00bbAptos||||||||\u00a0\u00bb text_text_color=\u00a0\u00bb#000000&Prime; text_line_height=\u00a0\u00bb1.5em\u00a0\u00bb width=\u00a0\u00bb100%\u00a0\u00bb width_tablet=\u00a0\u00bb100%\u00a0\u00bb width_phone=\u00a0\u00bb100%\u00a0\u00bb width_last_edited=\u00a0\u00bbon|desktop\u00a0\u00bb custom_margin=\u00a0\u00bb0px||15px||false|false\u00a0\u00bb custom_padding=\u00a0\u00bb0px||||false|false\u00a0\u00bb locked=\u00a0\u00bboff\u00a0\u00bb global_colors_info=\u00a0\u00bb{}\u00a0\u00bb]<\/p>\n<p><span>Cheffe de la direction<\/span><\/p>\n<p>[\/et_pb_text][et_pb_social_media_follow _builder_version=\u00a0\u00bb4.23.1&Prime; _module_preset=\u00a0\u00bbdefault\u00a0\u00bb custom_margin=\u00a0\u00bb||||false|false\u00a0\u00bb custom_padding=\u00a0\u00bb0px||||false|false\u00a0\u00bb global_colors_info=\u00a0\u00bb{}\u00a0\u00bb][et_pb_social_media_follow_network social_network=\u00a0\u00bblinkedin\u00a0\u00bb url=\u00a0\u00bbhttps:\/\/www.linkedin.com\/in\/anne-marie-marois-5b5a2912\/\u00a0\u00bb _builder_version=\u00a0\u00bb4.23.1&Prime; _module_preset=\u00a0\u00bbdefault\u00a0\u00bb background_color=\u00a0\u00bb#2E2E30&Prime; background_enable_color=\u00a0\u00bbon\u00a0\u00bb global_colors_info=\u00a0\u00bb{}\u00a0\u00bb background__hover_enabled=\u00a0\u00bbon|desktop\u00a0\u00bb background_color__hover=\u00a0\u00bb#ED1C24&Prime; background_enable_color__hover=\u00a0\u00bbon\u00a0\u00bb follow_button=\u00a0\u00bboff\u00a0\u00bb url_new_window=\u00a0\u00bbon\u00a0\u00bb]linkedin[\/et_pb_social_media_follow_network][\/et_pb_social_media_follow][\/et_pb_column][et_pb_column type=\u00a0\u00bb3_5&Prime; _builder_version=\u00a0\u00bb4.22.2&Prime; _module_preset=\u00a0\u00bbdefault\u00a0\u00bb global_colors_info=\u00a0\u00bb{}\u00a0\u00bb][et_pb_text _builder_version=\u00a0\u00bb4.24.2&Prime; _module_preset=\u00a0\u00bb28cfcf78-1bee-4815-a9d5-6caa8f7a4b47&Prime; text_font=\u00a0\u00bbAptos||||||||\u00a0\u00bb text_text_color=\u00a0\u00bb#000000&Prime; text_line_height=\u00a0\u00bb1.5em\u00a0\u00bb width=\u00a0\u00bb100%\u00a0\u00bb width_tablet=\u00a0\u00bb100%\u00a0\u00bb width_phone=\u00a0\u00bb100%\u00a0\u00bb width_last_edited=\u00a0\u00bbon|desktop\u00a0\u00bb custom_margin=\u00a0\u00bb0px||25px||false|false\u00a0\u00bb custom_padding=\u00a0\u00bb50px||||false|false\u00a0\u00bb custom_padding_tablet=\u00a0\u00bb0px||||false|false\u00a0\u00bb custom_padding_phone=\u00a0\u00bb0px||||false|false\u00a0\u00bb custom_padding_last_edited=\u00a0\u00bbon|phone\u00a0\u00bb locked=\u00a0\u00bboff\u00a0\u00bb global_colors_info=\u00a0\u00bb{}\u00a0\u00bb]<\/p>\n<p><span data-contrast=\"none\">Anne-Marie est cheffe de la direction et membre du conseil d\u2019administration de L\u00e9ger. En plus de superviser la direction g\u00e9n\u00e9rale, Anne-Marie chapeaute les grands dossiers de d\u00e9veloppement de la firme et les ressources humaines, et demeure \u00e9troitement impliqu\u00e9e dans le suivi des projets clients d\u2019envergure afin d\u2019\u00e9pauler l\u2019\u00e9quipe responsable le plus efficacement possible, et ce, depuis plus de 30 ans.<\/span><span data-ccp-props=\"{&quot;134233117&quot;:false,&quot;134233118&quot;:false,&quot;201341983&quot;:2,&quot;335551550&quot;:6,&quot;335551620&quot;:6,&quot;335557856&quot;:16777215,&quot;335559738&quot;:0,&quot;335559739&quot;:150,&quot;335559740&quot;:450}\">\u00a0<\/span><\/p>\n<p><span data-contrast=\"none\">Sous sa direction, L\u00e9ger a connu une forte croissance au cours des derni\u00e8res ann\u00e9es, \u00e0 la suite, entre autres, d\u2019acquisitions en Ontario, en Colombie-Britannique, en Alberta, au Manitoba et aux \u00c9tats-Unis, de la cr\u00e9ation de sa filiale am\u00e9ricaine et du lancement de sa division L\u00e9ger Opinion (LEO) qui g\u00e8re le panel web de L\u00e9ger et qui compte aujourd\u2019hui plus de 400<\/span><span data-contrast=\"none\">\u202f<\/span><span data-contrast=\"none\">000 membres, soit le plus grand panel propri\u00e9taire au Canada. Sa force se situe dans son approche orient\u00e9e vers le service client, sa proximit\u00e9 avec les employ\u00e9s se traduisant par une relation de confiance, une rapidit\u00e9 de r\u00e9action et une ma\u00eetrise transversale de tous les grands projets de L\u00e9ger.<\/span><span data-contrast=\"none\">\u202f<\/span><span data-contrast=\"none\">Son style de leadership strat\u00e9gique, flexible et innovateur a contribu\u00e9 \u00e0 l\u2019\u00e9laboration d\u2019une culture organisationnelle distincte et unique ax\u00e9e sur le bien-\u00eatre des employ\u00e9s, l\u2019efficacit\u00e9 et la performance.<\/span><span data-ccp-props=\"{&quot;134233117&quot;:false,&quot;134233118&quot;:false,&quot;201341983&quot;:2,&quot;335551550&quot;:6,&quot;335551620&quot;:6,&quot;335557856&quot;:16777215,&quot;335559738&quot;:0,&quot;335559739&quot;:150,&quot;335559740&quot;:450}\">\u00a0<\/span><\/p>\n<p><span style=\"font-weight: 400;\"><\/span><\/p>\n<p>[\/et_pb_text][\/et_pb_column][\/et_pb_row][et_pb_row _builder_version=\u00a0\u00bb4.23.1&Prime; _module_preset=\u00a0\u00bbdefault\u00a0\u00bb global_colors_info=\u00a0\u00bb{}\u00a0\u00bb][et_pb_column type=\u00a0\u00bb4_4&Prime; _builder_version=\u00a0\u00bb4.23.1&Prime; _module_preset=\u00a0\u00bbdefault\u00a0\u00bb global_colors_info=\u00a0\u00bb{}\u00a0\u00bb][et_pb_button button_url=\u00a0\u00bb@ET-DC@eyJkeW5hbWljIjp0cnVlLCJjb250ZW50IjoicG9zdF9saW5rX3VybF9wYWdlIiwic2V0dGluZ3MiOnsicG9zdF9pZCI6IjM3MDEifX0=@\u00a0\u00bb button_text=\u00a0\u00bbRetourner\u00a0\u00bb button_alignment=\u00a0\u00bbcenter\u00a0\u00bb _builder_version=\u00a0\u00bb4.24.3&Prime; _dynamic_attributes=\u00a0\u00bbbutton_url\u00a0\u00bb _module_preset=\u00a0\u00bb23e0c1f6-a6f5-4637-87d8-5c62b045dcaf\u00a0\u00bb button_icon=\u00a0\u00bb&#x23;||divi||400&Prime; button_icon_placement=\u00a0\u00bbleft\u00a0\u00bb locked=\u00a0\u00bboff\u00a0\u00bb global_colors_info=\u00a0\u00bb{}\u00a0\u00bb button_custom_margin_tablet=\u00a0\u00bb0px||||false|false\u00a0\u00bb button_custom_margin_phone=\u00a0\u00bb0px||||false|false\u00a0\u00bb button_custom_margin_last_edited=\u00a0\u00bbon|desktop\u00a0\u00bb button_bg_enable_color__hover=\u00a0\u00bbon\u00a0\u00bb][\/et_pb_button][\/et_pb_column][\/et_pb_row][\/et_pb_section]<\/p>\n","protected":false},"excerpt":{"rendered":"<p>Anne-Marie Marois\u00a0Cheffe de la directionAnne-Marie est cheffe de la direction et membre du conseil d\u2019administration de L\u00e9ger. En plus de superviser la direction g\u00e9n\u00e9rale, Anne-Marie chapeaute les grands dossiers de d\u00e9veloppement de la firme et les ressources humaines, et demeure \u00e9troitement impliqu\u00e9e dans le suivi des projets clients d\u2019envergure afin d\u2019\u00e9pauler l\u2019\u00e9quipe responsable le plus efficacement possible, et ce, depuis plus de 30 ans.\u00a0 Sous sa direction, L\u00e9ger a connu une forte croissance au cours des derni\u00e8res ann\u00e9es, \u00e0 la suite, entre autres, d\u2019acquisitions en Ontario, en Colombie-Britannique, en Alberta, au Manitoba et aux \u00c9tats-Unis, de la cr\u00e9ation de sa filiale am\u00e9ricaine et du lancement de sa division L\u00e9ger Opinion (LEO) qui g\u00e8re le panel web de L\u00e9ger et qui compte aujourd\u2019hui plus de 400\u202f000 membres, soit le plus grand panel propri\u00e9taire au Canada. Sa force se situe dans son approche orient\u00e9e vers le service client, sa proximit\u00e9 avec les employ\u00e9s se traduisant par une relation de confiance, une rapidit\u00e9 de r\u00e9action et une ma\u00eetrise transversale de tous les grands projets de L\u00e9ger.\u202fSon style de leadership strat\u00e9gique, flexible et innovateur a contribu\u00e9 \u00e0 l\u2019\u00e9laboration d\u2019une culture organisationnelle distincte et unique ax\u00e9e sur le bien-\u00eatre des employ\u00e9s, l\u2019efficacit\u00e9 et la performance.\u00a0<\/p>\n","protected":false},"author":2,"featured_media":0,"parent":0,"menu_order":0,"comment_status":"closed","ping_status":"closed","template":"","meta":{"_acf_changed":false,"_et_pb_use_builder":"on","_et_pb_old_content":"","_et_gb_content_width":"","content-type":"","inline_featured_image":false,"footnotes":""},"class_list":["post-19059","page","type-page","status-publish","hentry"],"acf":[],"yoast_head":"<!-- This site is optimized with the Yoast SEO Premium plugin v27.4 (Yoast SEO v27.4) - https:\/\/yoast.com\/product\/yoast-seo-premium-wordpress\/ -->\n<title>Anne-Marie Marois\u00a0 - Leger<\/title>\n<meta name=\"robots\" content=\"index, follow, max-snippet:-1, max-image-preview:large, max-video-preview:-1\" \/>\n<link rel=\"canonical\" href=\"https:\/\/leger360.com\/fr\/anne-marie-marois\/\" \/>\n<meta property=\"og:locale\" content=\"fr_CA\" \/>\n<meta property=\"og:type\" content=\"article\" \/>\n<meta property=\"og:title\" content=\"Anne-Marie Marois\u00a0\" \/>\n<meta property=\"og:description\" content=\"Anne-Marie Marois\u00a0Cheffe de la directionAnne-Marie est cheffe de la direction et membre du conseil d\u2019administration de L\u00e9ger. En plus de superviser la direction g\u00e9n\u00e9rale, Anne-Marie chapeaute les grands dossiers de d\u00e9veloppement de la firme et les ressources humaines, et demeure \u00e9troitement impliqu\u00e9e dans le suivi des projets clients d\u2019envergure afin d\u2019\u00e9pauler l\u2019\u00e9quipe responsable le plus efficacement possible, et ce, depuis plus de 30 ans.\u00a0 Sous sa direction, L\u00e9ger a connu une forte croissance au cours des derni\u00e8res ann\u00e9es, \u00e0 la suite, entre autres, d\u2019acquisitions en Ontario, en Colombie-Britannique, en Alberta, au Manitoba et aux \u00c9tats-Unis, de la cr\u00e9ation de sa filiale am\u00e9ricaine et du lancement de sa division L\u00e9ger Opinion (LEO) qui g\u00e8re le panel web de L\u00e9ger et qui compte aujourd\u2019hui plus de 400\u202f000 membres, soit le plus grand panel propri\u00e9taire au Canada. Sa force se situe dans son approche orient\u00e9e vers le service client, sa proximit\u00e9 avec les employ\u00e9s se traduisant par une relation de confiance, une rapidit\u00e9 de r\u00e9action et une ma\u00eetrise transversale de tous les grands projets de L\u00e9ger.\u202fSon style de leadership strat\u00e9gique, flexible et innovateur a contribu\u00e9 \u00e0 l\u2019\u00e9laboration d\u2019une culture organisationnelle distincte et unique ax\u00e9e sur le bien-\u00eatre des employ\u00e9s, l\u2019efficacit\u00e9 et la performance.\u00a0\" \/>\n<meta property=\"og:url\" content=\"https:\/\/leger360.com\/fr\/anne-marie-marois\/\" \/>\n<meta property=\"og:site_name\" content=\"Leger\" \/>\n<meta property=\"article:publisher\" content=\"https:\/\/www.facebook.com\/leger360\/\" \/>\n<meta property=\"article:modified_time\" content=\"2025-08-08T09:24:52+00:00\" \/>\n<meta property=\"og:image\" content=\"https:\/\/leger360.com\/wp-content\/uploads\/2024\/04\/leger-feature-img-home.png\" \/>\n\t<meta property=\"og:image:width\" content=\"1354\" \/>\n\t<meta property=\"og:image:height\" content=\"872\" \/>\n\t<meta property=\"og:image:type\" content=\"image\/png\" \/>\n<meta name=\"twitter:card\" content=\"summary_large_image\" \/>\n<meta name=\"twitter:site\" content=\"@leger360\" \/>\n<meta name=\"twitter:label1\" content=\"Estimation du temps de lecture\" \/>\n\t<meta name=\"twitter:data1\" content=\"2 minutes\" \/>\n<script type=\"application\/ld+json\" class=\"yoast-schema-graph\">{\"@context\":\"https:\\\/\\\/schema.org\",\"@graph\":[{\"@type\":\"WebPage\",\"@id\":\"https:\\\/\\\/leger360.com\\\/fr\\\/anne-marie-marois\\\/\",\"url\":\"https:\\\/\\\/leger360.com\\\/fr\\\/anne-marie-marois\\\/\",\"name\":\"Anne-Marie Marois\u00a0 - Leger\",\"isPartOf\":{\"@id\":\"https:\\\/\\\/leger360.com\\\/fr\\\/#website\"},\"datePublished\":\"2023-11-21T05:19:30+00:00\",\"dateModified\":\"2025-08-08T09:24:52+00:00\",\"breadcrumb\":{\"@id\":\"https:\\\/\\\/leger360.com\\\/fr\\\/anne-marie-marois\\\/#breadcrumb\"},\"inLanguage\":\"fr-CA\",\"potentialAction\":[{\"@type\":\"ReadAction\",\"target\":[\"https:\\\/\\\/leger360.com\\\/fr\\\/anne-marie-marois\\\/\"]}]},{\"@type\":\"BreadcrumbList\",\"@id\":\"https:\\\/\\\/leger360.com\\\/fr\\\/anne-marie-marois\\\/#breadcrumb\",\"itemListElement\":[{\"@type\":\"ListItem\",\"position\":1,\"name\":\"Home\",\"item\":\"https:\\\/\\\/leger360.com\\\/fr\\\/\"},{\"@type\":\"ListItem\",\"position\":2,\"name\":\"Anne-Marie Marois\u00a0\"}]},{\"@type\":\"WebSite\",\"@id\":\"https:\\\/\\\/leger360.com\\\/fr\\\/#website\",\"url\":\"https:\\\/\\\/leger360.com\\\/fr\\\/\",\"name\":\"Leger\",\"description\":\"Market Research | Data Analytics\",\"publisher\":{\"@id\":\"https:\\\/\\\/leger360.com\\\/fr\\\/#organization\"},\"potentialAction\":[{\"@type\":\"SearchAction\",\"target\":{\"@type\":\"EntryPoint\",\"urlTemplate\":\"https:\\\/\\\/leger360.com\\\/fr\\\/?s={search_term_string}\"},\"query-input\":{\"@type\":\"PropertyValueSpecification\",\"valueRequired\":true,\"valueName\":\"search_term_string\"}}],\"inLanguage\":\"fr-CA\"},{\"@type\":\"Organization\",\"@id\":\"https:\\\/\\\/leger360.com\\\/fr\\\/#organization\",\"name\":\"Leger\",\"url\":\"https:\\\/\\\/leger360.com\\\/fr\\\/\",\"logo\":{\"@type\":\"ImageObject\",\"inLanguage\":\"fr-CA\",\"@id\":\"https:\\\/\\\/leger360.com\\\/fr\\\/#\\\/schema\\\/logo\\\/image\\\/\",\"url\":\"https:\\\/\\\/leger360.com\\\/wp-content\\\/uploads\\\/2024\\\/04\\\/2022-Logo-Leger-Blackred-g.png\",\"contentUrl\":\"https:\\\/\\\/leger360.com\\\/wp-content\\\/uploads\\\/2024\\\/04\\\/2022-Logo-Leger-Blackred-g.png\",\"width\":1195,\"height\":686,\"caption\":\"Leger\"},\"image\":{\"@id\":\"https:\\\/\\\/leger360.com\\\/fr\\\/#\\\/schema\\\/logo\\\/image\\\/\"},\"sameAs\":[\"https:\\\/\\\/www.facebook.com\\\/leger360\\\/\",\"https:\\\/\\\/x.com\\\/leger360\",\"https:\\\/\\\/www.linkedin.com\\\/company\\\/leger360\\\/\"],\"description\":\"Leger is one of North America\u2019s fastest-growing market research companies, known for our forward-thinking experts and innovative approaches powered by artificial intelligence (AI) technologies.\"}]}<\/script>\n<!-- \/ Yoast SEO Premium plugin. -->","yoast_head_json":{"title":"Anne-Marie Marois\u00a0 - Leger","robots":{"index":"index","follow":"follow","max-snippet":"max-snippet:-1","max-image-preview":"max-image-preview:large","max-video-preview":"max-video-preview:-1"},"canonical":"https:\/\/leger360.com\/fr\/anne-marie-marois\/","og_locale":"fr_CA","og_type":"article","og_title":"Anne-Marie Marois\u00a0","og_description":"Anne-Marie Marois\u00a0Cheffe de la directionAnne-Marie est cheffe de la direction et membre du conseil d\u2019administration de L\u00e9ger. En plus de superviser la direction g\u00e9n\u00e9rale, Anne-Marie chapeaute les grands dossiers de d\u00e9veloppement de la firme et les ressources humaines, et demeure \u00e9troitement impliqu\u00e9e dans le suivi des projets clients d\u2019envergure afin d\u2019\u00e9pauler l\u2019\u00e9quipe responsable le plus efficacement possible, et ce, depuis plus de 30 ans.\u00a0 Sous sa direction, L\u00e9ger a connu une forte croissance au cours des derni\u00e8res ann\u00e9es, \u00e0 la suite, entre autres, d\u2019acquisitions en Ontario, en Colombie-Britannique, en Alberta, au Manitoba et aux \u00c9tats-Unis, de la cr\u00e9ation de sa filiale am\u00e9ricaine et du lancement de sa division L\u00e9ger Opinion (LEO) qui g\u00e8re le panel web de L\u00e9ger et qui compte aujourd\u2019hui plus de 400\u202f000 membres, soit le plus grand panel propri\u00e9taire au Canada. Sa force se situe dans son approche orient\u00e9e vers le service client, sa proximit\u00e9 avec les employ\u00e9s se traduisant par une relation de confiance, une rapidit\u00e9 de r\u00e9action et une ma\u00eetrise transversale de tous les grands projets de L\u00e9ger.\u202fSon style de leadership strat\u00e9gique, flexible et innovateur a contribu\u00e9 \u00e0 l\u2019\u00e9laboration d\u2019une culture organisationnelle distincte et unique ax\u00e9e sur le bien-\u00eatre des employ\u00e9s, l\u2019efficacit\u00e9 et la performance.\u00a0","og_url":"https:\/\/leger360.com\/fr\/anne-marie-marois\/","og_site_name":"Leger","article_publisher":"https:\/\/www.facebook.com\/leger360\/","article_modified_time":"2025-08-08T09:24:52+00:00","og_image":[{"width":1354,"height":872,"url":"https:\/\/leger360.com\/wp-content\/uploads\/2024\/04\/leger-feature-img-home.png","type":"image\/png"}],"twitter_card":"summary_large_image","twitter_site":"@leger360","twitter_misc":{"Estimation du temps de lecture":"2 minutes"},"schema":{"@context":"https:\/\/schema.org","@graph":[{"@type":"WebPage","@id":"https:\/\/leger360.com\/fr\/anne-marie-marois\/","url":"https:\/\/leger360.com\/fr\/anne-marie-marois\/","name":"Anne-Marie Marois\u00a0 - Leger","isPartOf":{"@id":"https:\/\/leger360.com\/fr\/#website"},"datePublished":"2023-11-21T05:19:30+00:00","dateModified":"2025-08-08T09:24:52+00:00","breadcrumb":{"@id":"https:\/\/leger360.com\/fr\/anne-marie-marois\/#breadcrumb"},"inLanguage":"fr-CA","potentialAction":[{"@type":"ReadAction","target":["https:\/\/leger360.com\/fr\/anne-marie-marois\/"]}]},{"@type":"BreadcrumbList","@id":"https:\/\/leger360.com\/fr\/anne-marie-marois\/#breadcrumb","itemListElement":[{"@type":"ListItem","position":1,"name":"Home","item":"https:\/\/leger360.com\/fr\/"},{"@type":"ListItem","position":2,"name":"Anne-Marie Marois\u00a0"}]},{"@type":"WebSite","@id":"https:\/\/leger360.com\/fr\/#website","url":"https:\/\/leger360.com\/fr\/","name":"Leger","description":"Market Research | Data Analytics","publisher":{"@id":"https:\/\/leger360.com\/fr\/#organization"},"potentialAction":[{"@type":"SearchAction","target":{"@type":"EntryPoint","urlTemplate":"https:\/\/leger360.com\/fr\/?s={search_term_string}"},"query-input":{"@type":"PropertyValueSpecification","valueRequired":true,"valueName":"search_term_string"}}],"inLanguage":"fr-CA"},{"@type":"Organization","@id":"https:\/\/leger360.com\/fr\/#organization","name":"Leger","url":"https:\/\/leger360.com\/fr\/","logo":{"@type":"ImageObject","inLanguage":"fr-CA","@id":"https:\/\/leger360.com\/fr\/#\/schema\/logo\/image\/","url":"https:\/\/leger360.com\/wp-content\/uploads\/2024\/04\/2022-Logo-Leger-Blackred-g.png","contentUrl":"https:\/\/leger360.com\/wp-content\/uploads\/2024\/04\/2022-Logo-Leger-Blackred-g.png","width":1195,"height":686,"caption":"Leger"},"image":{"@id":"https:\/\/leger360.com\/fr\/#\/schema\/logo\/image\/"},"sameAs":["https:\/\/www.facebook.com\/leger360\/","https:\/\/x.com\/leger360","https:\/\/www.linkedin.com\/company\/leger360\/"],"description":"Leger is one of North America\u2019s fastest-growing market research companies, known for our forward-thinking experts and innovative approaches powered by artificial intelligence (AI) technologies."}]}},"_links":{"self":[{"href":"https:\/\/leger360.com\/fr\/wp-json\/wp\/v2\/pages\/19059","targetHints":{"allow":["GET"]}}],"collection":[{"href":"https:\/\/leger360.com\/fr\/wp-json\/wp\/v2\/pages"}],"about":[{"href":"https:\/\/leger360.com\/fr\/wp-json\/wp\/v2\/types\/page"}],"author":[{"embeddable":true,"href":"https:\/\/leger360.com\/fr\/wp-json\/wp\/v2\/users\/2"}],"replies":[{"embeddable":true,"href":"https:\/\/leger360.com\/fr\/wp-json\/wp\/v2\/comments?post=19059"}],"version-history":[{"count":0,"href":"https:\/\/leger360.com\/fr\/wp-json\/wp\/v2\/pages\/19059\/revisions"}],"wp:attachment":[{"href":"https:\/\/leger360.com\/fr\/wp-json\/wp\/v2\/media?parent=19059"}],"curies":[{"name":"wp","href":"https:\/\/api.w.org\/{rel}","templated":true}]}}