{"id":19063,"date":"2023-11-07T17:50:57","date_gmt":"2023-11-07T22:50:57","guid":{"rendered":"https:\/\/leger360.com\/terms-of-use\/"},"modified":"2025-08-11T03:19:02","modified_gmt":"2025-08-11T07:19:02","slug":"conditions-dutilisation","status":"publish","type":"page","link":"https:\/\/leger360.com\/fr\/conditions-dutilisation\/","title":{"rendered":"Conditions d\u2019utilisation"},"content":{"rendered":"<p>[et_pb_section fb_built=\u00a0\u00bb1&Prime; admin_label=\u00a0\u00bbsection\u00a0\u00bb _builder_version=\u00a0\u00bb4.16&Prime; global_colors_info=\u00a0\u00bb{}\u00a0\u00bb][et_pb_row admin_label=\u00a0\u00bbrow\u00a0\u00bb _builder_version=\u00a0\u00bb4.16&Prime; background_size=\u00a0\u00bbinitial\u00a0\u00bb background_position=\u00a0\u00bbtop_left\u00a0\u00bb background_repeat=\u00a0\u00bbrepeat\u00a0\u00bb global_colors_info=\u00a0\u00bb{}\u00a0\u00bb][et_pb_column type=\u00a0\u00bb4_4&Prime; _builder_version=\u00a0\u00bb4.16&Prime; custom_padding=\u00a0\u00bb|||\u00a0\u00bb global_colors_info=\u00a0\u00bb{}\u00a0\u00bb custom_padding__hover=\u00a0\u00bb|||\u00a0\u00bb][et_pb_text _builder_version=\u00a0\u00bb4.27.4&Prime; _module_preset=\u00a0\u00bb10548b23-6ede-4eab-a654-510ad96b6d29&Prime; global_colors_info=\u00a0\u00bb{}\u00a0\u00bb hover_enabled=\u00a0\u00bb0&Prime; sticky_enabled=\u00a0\u00bb0&Prime;]<\/p>\n<h1>Conditions d\u2019utilisation<\/h1>\n<p>[\/et_pb_text][et_pb_text admin_label=\u00a0\u00bbText\u00a0\u00bb _builder_version=\u00a0\u00bb4.24.2&Prime; text_font=\u00a0\u00bbAptos||||||||\u00a0\u00bb header_font_size=\u00a0\u00bb40px\u00a0\u00bb header_2_font=\u00a0\u00bbAptos||||||||\u00a0\u00bb header_2_font_size=\u00a0\u00bb20px\u00a0\u00bb header_3_font=\u00a0\u00bb|600|||||||\u00a0\u00bb background_size=\u00a0\u00bbinitial\u00a0\u00bb background_position=\u00a0\u00bbtop_left\u00a0\u00bb background_repeat=\u00a0\u00bbrepeat\u00a0\u00bb global_colors_info=\u00a0\u00bb{}\u00a0\u00bb]<\/p>\n<p><b>Conditions d\u2019utilisation<\/b><\/p>\n<p><span style=\"font-weight: 400;\">Bienvenue sur le site (<\/span><a href=\"https:\/\/leger360.com\/fr\/\"><span style=\"font-weight: 400;\">www.leger360.com<\/span><\/a><span style=\"font-weight: 400;\">) exploit\u00e9 par Marketing L\u00e9ger\u00a0inc. (\u00ab\u00a0<\/span><b>L\u00e9ger<\/b><span style=\"font-weight: 400;\">\u00a0\u00bb) et ses entreprises affili\u00e9es ou ses filiales (le <\/span><span style=\"font-weight: 400;\">\u00ab\u00a0<\/span><b>Site<\/b><span style=\"font-weight: 400;\">\u00a0\u00bb<\/span><span style=\"font-weight: 400;\">). L\u2019utilisation de ce Site est soumise \u00e0 certaines conditions d\u2019utilisation (les \u00ab\u00a0<\/span><b>Conditions<\/b><span style=\"font-weight: 400;\">\u00a0\u00bb) qui r\u00e9gissent votre utilisation du Site. Veuillez lire les Conditions attentivement. En utilisant ce Site, vous reconnaissez avoir lu, compris et accept\u00e9 les Conditions ci-dessous. Nous pouvons modifier ces Conditions de temps \u00e0 autre. Si nous le faisons, nous publierons les modifications sur le Site sans vous en informer. En continuant \u00e0 utiliser le Site, vous acceptez ces Conditions.<\/span><\/p>\n<p><b>Confidentialit\u00e9<\/b><\/p>\n<p><span style=\"font-weight: 400;\">La politique de confidentialit\u00e9 de L\u00e9ger r\u00e9git la mani\u00e8re dont les renseignements des utilisateurs sont recueillis et utilis\u00e9s. En utilisant le Site, vous reconnaissez et acceptez notre <\/span><a href=\"\/fr\/privacy-policy\"><span style=\"font-weight: 400;\">Politique de confidentialit\u00e9<\/span><\/a><span style=\"font-weight: 400;\">.<\/span><\/p>\n<p><b>Autorisation d\u2019utilisation des documents<\/b><\/p>\n<p><span style=\"font-weight: 400;\">Les documents apparaissant sur ce Site (les <\/span><span style=\"font-weight: 400;\">\u00ab\u00a0<\/span><b>Documents<\/b><span style=\"font-weight: 400;\">\u00a0\u00bb<\/span><span style=\"font-weight: 400;\">) sont r\u00e9put\u00e9s appartenir au domaine public et peuvent donc \u00eatre utilis\u00e9s en tout ou en partie, \u00e0 condition que l\u2019attribution soit faite \u00e0 L\u00e9ger pour le travail effectu\u00e9. Les personnes et (ou) les organisations doivent, dans la mesure du possible et s\u2019il y a lieu, indiquer la date de publication et la m\u00e9thodologie utilis\u00e9e, conform\u00e9ment aux normes de l\u2019industrie, et un lien vers le site de L\u00e9ger o\u00f9 les Documents peuvent \u00eatre obtenus. L\u00e9ger n\u2019est pas responsable de l\u2019utilisation ou de l\u2019interpr\u00e9tation des r\u00e9sultats par un tiers. Toutefois, si cette utilisation et cette interpr\u00e9tation sont jug\u00e9es inappropri\u00e9es, d\u00e9plac\u00e9es, offensantes, d\u00e9form\u00e9es ou reproduites \u00e0 des fins commerciales, L\u00e9ger peut prendre les mesures juridiques appropri\u00e9es et (ou) prendre des mesures pour corriger publiquement le dossier concern\u00e9.<\/span><\/p>\n<p><b>Sites externes et liens<\/b><\/p>\n<p><span style=\"font-weight: 400;\">Notre Site peut contenir des liens vers des sites Web tiers. Toutefois, nous ne contr\u00f4lons pas ces sites Web tiers et ne sommes pas responsables de leur contenu. Suivre un lien vers ces sites tiers se fait \u00e0 vos propres risques, car nous ne v\u00e9rifions ni n\u2019examinons les renseignements qu\u2019ils contiennent.<\/span><\/p>\n<p><b>Droits d\u2019auteur et marque de commerce<\/b><\/p>\n<p><span style=\"font-weight: 400;\">Votre utilisation du Site est limit\u00e9e \u00e0 un usage personnel et non commercial, \u00e0 moins qu\u2019une autre utilisation de votre part ne soit sp\u00e9cifiquement autoris\u00e9e par \u00e9crit par L\u00e9ger. Vous ne pouvez pas copier, modifier, r\u00e9utiliser, transmettre, distribuer ou r\u00e9afficher, en tout ou en partie, les renseignements contenus sur notre Site, sans notre autorisation \u00e9crite pr\u00e9alable. Le contenu du Site est prot\u00e9g\u00e9 par des lois en mati\u00e8re de droits d\u2019auteur, de marques de commerce et d\u2019autres lois. Vous devez vous conformer \u00e0 toutes ces lois et aux avis et aux restrictions applicables en mati\u00e8re de droits d\u2019auteur, de marques de commerce ou autres.\u00a0<\/span><\/p>\n<p><span style=\"font-weight: 400;\">Toutes les marques de commerce, toutes les marques et tous les noms commerciaux utilis\u00e9s sur le Site (collectivement, les \u00ab\u00a0<\/span><b>marques<\/b><span style=\"font-weight: 400;\">\u00a0\u00bb) sont la propri\u00e9t\u00e9 exclusive de L\u00e9ger. Les marques ne peuvent pas \u00eatre utilis\u00e9es relativement \u00e0 un produit ou \u00e0 un service qui n\u2019est pas un produit ou un service de L\u00e9ger ou qui pourrait semer la confusion aupr\u00e8s des clients, ou qui, de quelque mani\u00e8re que ce soit, d\u00e9nigre ou discr\u00e9dite L\u00e9ger.<\/span><\/p>\n<p><b>Avis de non-responsabilit\u00e9<\/b><\/p>\n<p><span style=\"font-weight: 400;\">Bien que L\u00e9ger s\u2019efforce de maintenir les renseignements, le mat\u00e9riel et les processus de ce Site aussi \u00e0 jour, complets et exacts que possible, nous ne garantissons pas l\u2019exactitude, l\u2019exhaustivit\u00e9 et la qualit\u00e9 en permanence. L\u00e9ger ne garantit pas que l\u2019acc\u00e8s \u00e0 ce Site sera ininterrompu, sans erreur ou exempt de virus ou d\u2019autres codes nuisibles. Les Documents, les renseignements et les graphiques publi\u00e9s sur ce Site peuvent comporter des erreurs techniques. L\u00e9ger n\u2019est pas li\u00e9 par les erreurs ou les omissions contenues dans ce Site en ce qui concerne les services offerts sur ce dernier. Les renseignements contenus dans les pr\u00e9sentes Conditions peuvent \u00eatre modifi\u00e9s, supprim\u00e9s ou mis \u00e0 jour \u00e0 tout moment, et ce, sans pr\u00e9avis et pour quelque raison que ce soit. Tous les Documents et renseignements publi\u00e9s sur ce Site sont destin\u00e9s \u00e0 \u00eatre utilis\u00e9s \u00e0 des fins informatives seulement. Tout contenu auquel vous acc\u00e9dez, que vous t\u00e9l\u00e9chargez ou que vous obtenez de toute autre mani\u00e8re sur le Site ou par son interm\u00e9diaire est utilis\u00e9 \u00e0 votre propre discr\u00e9tion et \u00e0 vos propres risques. L\u00e9ger n\u2019est pas responsable des dommages caus\u00e9s \u00e0 votre syst\u00e8me informatique ou de la perte de donn\u00e9es r\u00e9sultant du t\u00e9l\u00e9chargement ou de l\u2019utilisation du contenu. Vous assumez tous les risques li\u00e9s \u00e0 l\u2019utilisation de ces renseignements. Ces renseignements vous sont fournis \u00e0 la condition que vous ou toute autre personne recevant ces renseignements d\u00e9terminiez vous-m\u00eame s\u2019ils conviennent \u00e0 un usage quelconque avant de les utiliser.<\/span><\/p>\n<p><span style=\"font-weight: 400;\">Les renseignements, les services, les produits, les logiciels et le mat\u00e9riel contenus ou propos\u00e9s sur ce Site sont fournis \u00ab\u00a0tels quels\u00a0\u00bb, sans garantie. Dans les limites permises par la loi, L\u00e9ger d\u00e9cline toute repr\u00e9sentation et garantie, expresse ou implicite, concernant ces renseignements, services, produits, logiciels et mat\u00e9riel, y compris, mais sans s\u2019y limiter, les garanties de qualit\u00e9 marchande, d\u2019ad\u00e9quation \u00e0 un usage particulier, de titre, d\u2019absence de contrefa\u00e7on, d\u2019absence de virus informatique ou d\u2019autres codes nuisibles, et les garanties implicites d\u00e9coulant de la conduite habituelle, de l\u2019usage, de la confiance ou des pratiques commerciales.<\/span><\/p>\n<p><b>Limitation de responsabilit\u00e9<\/b><\/p>\n<p><span style=\"font-weight: 400;\">En aucun cas, L\u00e9ger ne peut \u00eatre tenue responsable de tout dommage direct, indirect, sp\u00e9cial, punitif, exemplaire, accessoire ou cons\u00e9cutif, ou de tout autre dommage quelconque. En aucun cas, L\u00e9ger, ses agents, ses actionnaires, ses employ\u00e9s ou ses dirigeants n\u2019auront d\u2019obligations ou de responsabilit\u00e9s envers vous ou toute autre personne en cas de perte de profits, de perte d\u2019affaires ou d\u2019utilisation, ou en cas de dommages accessoires, sp\u00e9ciaux ou cons\u00e9cutifs, qu\u2019ils soient fond\u00e9s sur un contrat, un d\u00e9lit (y compris la n\u00e9gligence) ou toute autre th\u00e9orie ou forme d\u2019action, m\u00eame si nous ou nos filiales avons \u00e9t\u00e9 inform\u00e9s de la possibilit\u00e9 de tels dommages, que ce soit dans le cadre d\u2019une action contractuelle, d\u2019une n\u00e9gligence ou de toute autre th\u00e9orie, d\u00e9coulant de l\u2019utilisation ou de l\u2019impossibilit\u00e9 de l\u2019utilisation des renseignements, des services, des produits, des logiciels et du mat\u00e9riel \u00e0 votre disposition sur ce Site. Aucune poursuite ou proc\u00e9dure ne peut \u00eatre intent\u00e9e contre L\u00e9ger ou ses filiales en ce qui concerne toute r\u00e9clamation ou tout litige d\u00e9coulant de l\u2019utilisation de ce Site ou de tout renseignement s\u2019y trouvant.<\/span><\/p>\n<p><b>Indemnit\u00e9<\/b><\/p>\n<p><span style=\"font-weight: 400;\">Vous acceptez d\u2019indemniser et de d\u00e9gager L\u00e9ger, ses dirigeants, ses administrateurs, ses employ\u00e9s, ses entrepreneurs et ses agents de toute responsabilit\u00e9 \u00e0 l\u2019\u00e9gard de tout dommage, r\u00e9clamation, responsabilit\u00e9, demande, perte, co\u00fbt et d\u00e9pense, y compris les frais et les honoraires raisonnables d\u2019avocat, en raison de ou d\u00e9coulant de votre violation des pr\u00e9sentes modalit\u00e9s ou de votre violation ou infraction aux droits d\u2019un tiers, y compris les droits de propri\u00e9t\u00e9 intellectuelle et les lois en vigueur.<\/span><\/p>\n<p><b>R\u00e9siliation<\/b><\/p>\n<p><span style=\"font-weight: 400;\">L\u00e9ger peut mettre fin \u00e0 votre acc\u00e8s ou suspendre tout acc\u00e8s au Site, en tout ou en partie, et ce, sans pr\u00e9avis, pour toute conduite que L\u00e9ger estime, \u00e0 sa propre discr\u00e9tion, \u00eatre en violation de toute loi applicable ou des Conditions, ou qui porte atteinte aux int\u00e9r\u00eats d\u2019un autre utilisateur, d\u2019un tiers, d\u2019un commer\u00e7ant, d\u2019un commanditaire, d\u2019un conc\u00e9dant, d\u2019un fournisseur de services ou du Site.<\/span><\/p>\n<p><b>Lois applicables<\/b><\/p>\n<p><span style=\"font-weight: 400;\">Les Conditions et tout litige ou toute r\u00e9clamation d\u00e9coulant des Conditions ou de leur objet (y compris les r\u00e9clamations ou litiges non contractuels) sont soumis aux lois de la province de Qu\u00e9bec (Canada) et aux lois f\u00e9d\u00e9rales du Canada, et \u00e0 la comp\u00e9tence des tribunaux de Montr\u00e9al (Qu\u00e9bec, Canada) (sans application des principes de conflit de lois). Si l\u2019une des Conditions est contraire \u00e0 la loi, nulle ou inapplicable, cela n\u2019affectera pas la validit\u00e9 et l\u2019applicabilit\u00e9 des autres dispositions. Le fait que nous n\u2019insistions pas sur la stricte ex\u00e9cution d\u2019une ou de plusieurs dispositions des Conditions ou que nous ne la ou les fassions pas respecter ne constitue pas une renonciation \u00e0 une autre disposition ou une renonciation \u00e0 la m\u00eame disposition pour une autre occasion.<\/span><\/p>\n<p><b>Nous joindre<\/b><\/p>\n<p><span style=\"font-weight: 400;\">Si vous avez des questions concernant les Conditions, n\u2019h\u00e9sitez pas \u00e0 <\/span><a href=\"\/fr\/contact-us\"><span style=\"font-weight: 400;\">nous joindre<\/span><\/a><span style=\"font-weight: 400;\"> ou \u00e0 nous \u00e9crire \u00e0 l\u2019adresse <\/span><a href=\"mailto:info@leger360.com\"><span style=\"font-weight: 400;\">info@leger360.com<\/span><\/a><span style=\"font-weight: 400;\">.<\/span><\/p>\n<p>[\/et_pb_text][\/et_pb_column][\/et_pb_row][\/et_pb_section]<\/p>\n","protected":false},"excerpt":{"rendered":"<p>Conditions d\u2019utilisationConditions d\u2019utilisation Bienvenue sur le site (www.leger360.com) exploit\u00e9 par Marketing L\u00e9ger\u00a0inc. (\u00ab\u00a0L\u00e9ger\u00a0\u00bb) et ses entreprises affili\u00e9es ou ses filiales (le \u00ab\u00a0Site\u00a0\u00bb). L\u2019utilisation de ce Site est soumise \u00e0 certaines conditions d\u2019utilisation (les \u00ab\u00a0Conditions\u00a0\u00bb) qui r\u00e9gissent votre utilisation du Site. Veuillez lire les Conditions attentivement. En utilisant ce Site, vous reconnaissez avoir lu, compris et accept\u00e9 les Conditions ci-dessous. Nous pouvons modifier ces Conditions de temps \u00e0 autre. Si nous le faisons, nous publierons les modifications sur le Site sans vous en informer. En continuant \u00e0 utiliser le Site, vous acceptez ces Conditions. Confidentialit\u00e9 La politique de confidentialit\u00e9 de L\u00e9ger r\u00e9git la mani\u00e8re dont les renseignements des utilisateurs sont recueillis et utilis\u00e9s. En utilisant le Site, vous reconnaissez et acceptez notre Politique de confidentialit\u00e9. Autorisation d\u2019utilisation des documents Les documents apparaissant sur ce Site (les \u00ab\u00a0Documents\u00a0\u00bb) sont r\u00e9put\u00e9s appartenir au domaine public et peuvent donc \u00eatre utilis\u00e9s en tout ou en partie, \u00e0 condition que l\u2019attribution soit faite \u00e0 L\u00e9ger pour le travail effectu\u00e9. Les personnes et (ou) les organisations doivent, dans la mesure du possible et s\u2019il y a lieu, indiquer la date de publication et la m\u00e9thodologie utilis\u00e9e, conform\u00e9ment aux normes de l\u2019industrie, et un lien vers le [&hellip;]<\/p>\n","protected":false},"author":2,"featured_media":0,"parent":0,"menu_order":0,"comment_status":"closed","ping_status":"closed","template":"","meta":{"_acf_changed":false,"_et_pb_use_builder":"on","_et_pb_old_content":"","_et_gb_content_width":"","content-type":"","inline_featured_image":false,"footnotes":""},"class_list":["post-19063","page","type-page","status-publish","hentry"],"acf":[],"yoast_head":"<!-- This site is optimized with the Yoast SEO Premium plugin v27.6 (Yoast SEO v27.6) - https:\/\/yoast.com\/product\/yoast-seo-premium-wordpress\/ -->\n<title>Conditions d\u2019utilisation - Leger<\/title>\n<meta name=\"description\" content=\"L\u2019utilisation de ce Site est soumise \u00e0 certaines conditions d\u2019utilisation (les \u00ab Conditions \u00bb) qui r\u00e9gissent votre utilisation du Site. Veuillez lire les Conditions attentivement.\" \/>\n<meta name=\"robots\" content=\"index, follow, max-snippet:-1, max-image-preview:large, max-video-preview:-1\" \/>\n<link rel=\"canonical\" href=\"https:\/\/leger360.com\/fr\/conditions-dutilisation\/\" \/>\n<meta property=\"og:locale\" content=\"fr_CA\" \/>\n<meta property=\"og:type\" content=\"article\" \/>\n<meta property=\"og:title\" content=\"Conditions d\u2019utilisation\" \/>\n<meta property=\"og:description\" content=\"L\u2019utilisation de ce Site est soumise \u00e0 certaines conditions d\u2019utilisation (les \u00ab Conditions \u00bb) qui r\u00e9gissent votre utilisation du Site. Veuillez lire les Conditions attentivement.\" \/>\n<meta property=\"og:url\" content=\"https:\/\/leger360.com\/fr\/conditions-dutilisation\/\" \/>\n<meta property=\"og:site_name\" content=\"Leger\" \/>\n<meta property=\"article:publisher\" content=\"https:\/\/www.facebook.com\/leger360\/\" \/>\n<meta property=\"article:modified_time\" content=\"2025-08-11T07:19:02+00:00\" \/>\n<meta property=\"og:image\" content=\"https:\/\/leger360.com\/wp-content\/uploads\/2024\/04\/leger-feature-img-home.png\" \/>\n\t<meta property=\"og:image:width\" content=\"1354\" \/>\n\t<meta property=\"og:image:height\" content=\"872\" \/>\n\t<meta property=\"og:image:type\" content=\"image\/png\" \/>\n<meta name=\"twitter:card\" content=\"summary_large_image\" \/>\n<meta name=\"twitter:site\" content=\"@leger360\" \/>\n<meta name=\"twitter:label1\" content=\"Estimation du temps de lecture\" \/>\n\t<meta name=\"twitter:data1\" content=\"6 minutes\" \/>\n<script type=\"application\/ld+json\" class=\"yoast-schema-graph\">{\"@context\":\"https:\\\/\\\/schema.org\",\"@graph\":[{\"@type\":\"WebPage\",\"@id\":\"https:\\\/\\\/leger360.com\\\/fr\\\/conditions-dutilisation\\\/\",\"url\":\"https:\\\/\\\/leger360.com\\\/fr\\\/conditions-dutilisation\\\/\",\"name\":\"Conditions d\u2019utilisation - Leger\",\"isPartOf\":{\"@id\":\"https:\\\/\\\/leger360.com\\\/fr\\\/#website\"},\"datePublished\":\"2023-11-07T22:50:57+00:00\",\"dateModified\":\"2025-08-11T07:19:02+00:00\",\"description\":\"L\u2019utilisation de ce Site est soumise \u00e0 certaines conditions d\u2019utilisation (les \u00ab Conditions \u00bb) qui r\u00e9gissent votre utilisation du Site. Veuillez lire les Conditions attentivement.\",\"breadcrumb\":{\"@id\":\"https:\\\/\\\/leger360.com\\\/fr\\\/conditions-dutilisation\\\/#breadcrumb\"},\"inLanguage\":\"fr-CA\",\"potentialAction\":[{\"@type\":\"ReadAction\",\"target\":[\"https:\\\/\\\/leger360.com\\\/fr\\\/conditions-dutilisation\\\/\"]}]},{\"@type\":\"BreadcrumbList\",\"@id\":\"https:\\\/\\\/leger360.com\\\/fr\\\/conditions-dutilisation\\\/#breadcrumb\",\"itemListElement\":[{\"@type\":\"ListItem\",\"position\":1,\"name\":\"Home\",\"item\":\"https:\\\/\\\/leger360.com\\\/fr\\\/\"},{\"@type\":\"ListItem\",\"position\":2,\"name\":\"Conditions d\u2019utilisation\"}]},{\"@type\":\"WebSite\",\"@id\":\"https:\\\/\\\/leger360.com\\\/fr\\\/#website\",\"url\":\"https:\\\/\\\/leger360.com\\\/fr\\\/\",\"name\":\"Leger\",\"description\":\"Market Research | Data Analytics\",\"publisher\":{\"@id\":\"https:\\\/\\\/leger360.com\\\/fr\\\/#organization\"},\"potentialAction\":[{\"@type\":\"SearchAction\",\"target\":{\"@type\":\"EntryPoint\",\"urlTemplate\":\"https:\\\/\\\/leger360.com\\\/fr\\\/?s={search_term_string}\"},\"query-input\":{\"@type\":\"PropertyValueSpecification\",\"valueRequired\":true,\"valueName\":\"search_term_string\"}}],\"inLanguage\":\"fr-CA\"},{\"@type\":\"Organization\",\"@id\":\"https:\\\/\\\/leger360.com\\\/fr\\\/#organization\",\"name\":\"Leger\",\"url\":\"https:\\\/\\\/leger360.com\\\/fr\\\/\",\"logo\":{\"@type\":\"ImageObject\",\"inLanguage\":\"fr-CA\",\"@id\":\"https:\\\/\\\/leger360.com\\\/fr\\\/#\\\/schema\\\/logo\\\/image\\\/\",\"url\":\"https:\\\/\\\/leger360.com\\\/wp-content\\\/uploads\\\/2024\\\/04\\\/2022-Logo-Leger-Blackred-g.png\",\"contentUrl\":\"https:\\\/\\\/leger360.com\\\/wp-content\\\/uploads\\\/2024\\\/04\\\/2022-Logo-Leger-Blackred-g.png\",\"width\":1195,\"height\":686,\"caption\":\"Leger\"},\"image\":{\"@id\":\"https:\\\/\\\/leger360.com\\\/fr\\\/#\\\/schema\\\/logo\\\/image\\\/\"},\"sameAs\":[\"https:\\\/\\\/www.facebook.com\\\/leger360\\\/\",\"https:\\\/\\\/x.com\\\/leger360\",\"https:\\\/\\\/www.linkedin.com\\\/company\\\/leger360\\\/\"],\"description\":\"Leger is one of North America\u2019s fastest-growing market research companies, known for our forward-thinking experts and innovative approaches powered by artificial intelligence (AI) technologies.\"}]}<\/script>\n<!-- \/ Yoast SEO Premium plugin. -->","yoast_head_json":{"title":"Conditions d\u2019utilisation - Leger","description":"L\u2019utilisation de ce Site est soumise \u00e0 certaines conditions d\u2019utilisation (les \u00ab Conditions \u00bb) qui r\u00e9gissent votre utilisation du Site. Veuillez lire les Conditions attentivement.","robots":{"index":"index","follow":"follow","max-snippet":"max-snippet:-1","max-image-preview":"max-image-preview:large","max-video-preview":"max-video-preview:-1"},"canonical":"https:\/\/leger360.com\/fr\/conditions-dutilisation\/","og_locale":"fr_CA","og_type":"article","og_title":"Conditions d\u2019utilisation","og_description":"L\u2019utilisation de ce Site est soumise \u00e0 certaines conditions d\u2019utilisation (les \u00ab Conditions \u00bb) qui r\u00e9gissent votre utilisation du Site. Veuillez lire les Conditions attentivement.","og_url":"https:\/\/leger360.com\/fr\/conditions-dutilisation\/","og_site_name":"Leger","article_publisher":"https:\/\/www.facebook.com\/leger360\/","article_modified_time":"2025-08-11T07:19:02+00:00","og_image":[{"width":1354,"height":872,"url":"https:\/\/leger360.com\/wp-content\/uploads\/2024\/04\/leger-feature-img-home.png","type":"image\/png"}],"twitter_card":"summary_large_image","twitter_site":"@leger360","twitter_misc":{"Estimation du temps de lecture":"6 minutes"},"schema":{"@context":"https:\/\/schema.org","@graph":[{"@type":"WebPage","@id":"https:\/\/leger360.com\/fr\/conditions-dutilisation\/","url":"https:\/\/leger360.com\/fr\/conditions-dutilisation\/","name":"Conditions d\u2019utilisation - Leger","isPartOf":{"@id":"https:\/\/leger360.com\/fr\/#website"},"datePublished":"2023-11-07T22:50:57+00:00","dateModified":"2025-08-11T07:19:02+00:00","description":"L\u2019utilisation de ce Site est soumise \u00e0 certaines conditions d\u2019utilisation (les \u00ab Conditions \u00bb) qui r\u00e9gissent votre utilisation du Site. Veuillez lire les Conditions attentivement.","breadcrumb":{"@id":"https:\/\/leger360.com\/fr\/conditions-dutilisation\/#breadcrumb"},"inLanguage":"fr-CA","potentialAction":[{"@type":"ReadAction","target":["https:\/\/leger360.com\/fr\/conditions-dutilisation\/"]}]},{"@type":"BreadcrumbList","@id":"https:\/\/leger360.com\/fr\/conditions-dutilisation\/#breadcrumb","itemListElement":[{"@type":"ListItem","position":1,"name":"Home","item":"https:\/\/leger360.com\/fr\/"},{"@type":"ListItem","position":2,"name":"Conditions d\u2019utilisation"}]},{"@type":"WebSite","@id":"https:\/\/leger360.com\/fr\/#website","url":"https:\/\/leger360.com\/fr\/","name":"Leger","description":"Market Research | Data Analytics","publisher":{"@id":"https:\/\/leger360.com\/fr\/#organization"},"potentialAction":[{"@type":"SearchAction","target":{"@type":"EntryPoint","urlTemplate":"https:\/\/leger360.com\/fr\/?s={search_term_string}"},"query-input":{"@type":"PropertyValueSpecification","valueRequired":true,"valueName":"search_term_string"}}],"inLanguage":"fr-CA"},{"@type":"Organization","@id":"https:\/\/leger360.com\/fr\/#organization","name":"Leger","url":"https:\/\/leger360.com\/fr\/","logo":{"@type":"ImageObject","inLanguage":"fr-CA","@id":"https:\/\/leger360.com\/fr\/#\/schema\/logo\/image\/","url":"https:\/\/leger360.com\/wp-content\/uploads\/2024\/04\/2022-Logo-Leger-Blackred-g.png","contentUrl":"https:\/\/leger360.com\/wp-content\/uploads\/2024\/04\/2022-Logo-Leger-Blackred-g.png","width":1195,"height":686,"caption":"Leger"},"image":{"@id":"https:\/\/leger360.com\/fr\/#\/schema\/logo\/image\/"},"sameAs":["https:\/\/www.facebook.com\/leger360\/","https:\/\/x.com\/leger360","https:\/\/www.linkedin.com\/company\/leger360\/"],"description":"Leger is one of North America\u2019s fastest-growing market research companies, known for our forward-thinking experts and innovative approaches powered by artificial intelligence (AI) technologies."}]}},"_links":{"self":[{"href":"https:\/\/leger360.com\/fr\/wp-json\/wp\/v2\/pages\/19063","targetHints":{"allow":["GET"]}}],"collection":[{"href":"https:\/\/leger360.com\/fr\/wp-json\/wp\/v2\/pages"}],"about":[{"href":"https:\/\/leger360.com\/fr\/wp-json\/wp\/v2\/types\/page"}],"author":[{"embeddable":true,"href":"https:\/\/leger360.com\/fr\/wp-json\/wp\/v2\/users\/2"}],"replies":[{"embeddable":true,"href":"https:\/\/leger360.com\/fr\/wp-json\/wp\/v2\/comments?post=19063"}],"version-history":[{"count":0,"href":"https:\/\/leger360.com\/fr\/wp-json\/wp\/v2\/pages\/19063\/revisions"}],"wp:attachment":[{"href":"https:\/\/leger360.com\/fr\/wp-json\/wp\/v2\/media?parent=19063"}],"curies":[{"name":"wp","href":"https:\/\/api.w.org\/{rel}","templated":true}]}}