{"id":26332,"date":"2025-11-11T14:28:01","date_gmt":"2025-11-11T19:28:01","guid":{"rendered":"https:\/\/leger360.com\/?page_id=26332"},"modified":"2025-11-14T16:14:18","modified_gmt":"2025-11-14T21:14:18","slug":"guy-girard","status":"publish","type":"page","link":"https:\/\/leger360.com\/fr\/guy-girard\/","title":{"rendered":"Guy Girard"},"content":{"rendered":"<p>[et_pb_section fb_built=\u00a0\u00bb1&Prime; custom_padding_last_edited=\u00a0\u00bbon|phone\u00a0\u00bb admin_label=\u00a0\u00bbTeam\u00a0\u00bb _builder_version=\u00a0\u00bb4.23.1&Prime; use_background_color_gradient=\u00a0\u00bbon\u00a0\u00bb background_color_gradient_stops=\u00a0\u00bbrgba(255,255,255,0.75) 45%|#ffffff 100%\u00a0\u00bb background_color_gradient_overlays_image=\u00a0\u00bbon\u00a0\u00bb background_image=\u00a0\u00bbhttps:\/\/leger360.com\/wp-content\/uploads\/2023\/10\/gradient_gris_02.png\u00a0\u00bb custom_margin=\u00a0\u00bb|||\u00a0\u00bb custom_padding=\u00a0\u00bb54px|0px|50px|0px||\u00a0\u00bb custom_padding_tablet=\u00a0\u00bb54px|0px|100px|0px||\u00a0\u00bb custom_padding_phone=\u00a0\u00bb54px|0px|50px|0px|false|false\u00a0\u00bb global_colors_info=\u00a0\u00bb{}\u00a0\u00bb][et_pb_row column_structure=\u00a0\u00bb2_5,3_5&Prime; custom_padding_last_edited=\u00a0\u00bbon|tablet\u00a0\u00bb _builder_version=\u00a0\u00bb4.23.1&Prime; _module_preset=\u00a0\u00bbdefault\u00a0\u00bb background_color=\u00a0\u00bb#FFFFFF\u00a0\u00bb width_tablet=\u00a0\u00bb\u00a0\u00bb width_phone=\u00a0\u00bb90%\u00a0\u00bb width_last_edited=\u00a0\u00bbon|phone\u00a0\u00bb custom_padding=\u00a0\u00bb54px|54px|54px|54px|true|true\u00a0\u00bb custom_padding_tablet=\u00a0\u00bb54px|54px|54px|54px|true|true\u00a0\u00bb custom_padding_phone=\u00a0\u00bb0px|35px|25px|35px|false|true\u00a0\u00bb border_radii=\u00a0\u00bbon|15px|15px|15px|15px\u00a0\u00bb box_shadow_style=\u00a0\u00bbpreset3&Prime; locked=\u00a0\u00bboff\u00a0\u00bb global_colors_info=\u00a0\u00bb{}\u00a0\u00bb][et_pb_column type=\u00a0\u00bb2_5&Prime; _builder_version=\u00a0\u00bb4.22.2&Prime; _module_preset=\u00a0\u00bbdefault\u00a0\u00bb global_colors_info=\u00a0\u00bb{}\u00a0\u00bb][et_pb_image src=\u00a0\u00bbhttps:\/\/leger360.com\/wp-content\/uploads\/2025\/11\/Guy-Girard.png\u00a0\u00bb alt=\u00a0\u00bbGuy Girard\u00a0\u00bb title_text=\u00a0\u00bbGuy Girard\u00a0\u00bb _builder_version=\u00a0\u00bb4.27.4&Prime; _module_preset=\u00a0\u00bbdefault\u00a0\u00bb width=\u00a0\u00bb100%\u00a0\u00bb global_colors_info=\u00a0\u00bb{}\u00a0\u00bb][\/et_pb_image][et_pb_text _builder_version=\u00a0\u00bb4.27.4&Prime; _module_preset=\u00a0\u00bbd5e3a51d-fa3a-487e-9745-43d4b2b47c37&Prime; global_colors_info=\u00a0\u00bb{}\u00a0\u00bb]<\/p>\n<h1><span data-sheets-value=\"{&quot;1&quot;:2,&quot;2&quot;:&quot;Andrew Enns&quot;}\" data-sheets-userformat=\"{&quot;2&quot;:14337,&quot;3&quot;:{&quot;1&quot;:0,&quot;3&quot;:1},&quot;14&quot;:{&quot;1&quot;:3,&quot;3&quot;:1},&quot;15&quot;:&quot;Calibri&quot;,&quot;16&quot;:11}\">Guy Girard<\/span><\/h1>\n<p>[\/et_pb_text][et_pb_text _builder_version=\u00a0\u00bb4.27.4&Prime; _module_preset=\u00a0\u00bb28cfcf78-1bee-4815-a9d5-6caa8f7a4b47&Prime; text_font=\u00a0\u00bbAptos||||||||\u00a0\u00bb text_text_color=\u00a0\u00bb#000000&Prime; text_line_height=\u00a0\u00bb1.5em\u00a0\u00bb width=\u00a0\u00bb100%\u00a0\u00bb width_tablet=\u00a0\u00bb100%\u00a0\u00bb width_phone=\u00a0\u00bb100%\u00a0\u00bb width_last_edited=\u00a0\u00bbon|desktop\u00a0\u00bb custom_margin=\u00a0\u00bb0px||15px||false|false\u00a0\u00bb custom_padding=\u00a0\u00bb0px||||false|false\u00a0\u00bb locked=\u00a0\u00bboff\u00a0\u00bb global_colors_info=\u00a0\u00bb{}\u00a0\u00bb]<\/p>\n<p>Vice-pr\u00e9sident, L\u00e9ger<\/p>\n<p>[\/et_pb_text][et_pb_social_media_follow _builder_version=\u00a0\u00bb4.27.4&Prime; _module_preset=\u00a0\u00bbdefault\u00a0\u00bb custom_margin=\u00a0\u00bb||||false|false\u00a0\u00bb custom_padding=\u00a0\u00bb0px||||false|false\u00a0\u00bb global_colors_info=\u00a0\u00bb{}\u00a0\u00bb][et_pb_social_media_follow_network social_network=\u00a0\u00bblinkedin\u00a0\u00bb url=\u00a0\u00bbhttp:\/\/linkedin.com\/in\/guy-girard-emba-adm\u00a0\u00bb _builder_version=\u00a0\u00bb4.27.4&Prime; _module_preset=\u00a0\u00bbdefault\u00a0\u00bb background_color=\u00a0\u00bb#2E2E30&Prime; background_enable_color=\u00a0\u00bbon\u00a0\u00bb global_colors_info=\u00a0\u00bb{}\u00a0\u00bb background__hover_enabled=\u00a0\u00bbon|desktop\u00a0\u00bb background_color__hover=\u00a0\u00bb#ED1C24&Prime; background_enable_color__hover=\u00a0\u00bbon\u00a0\u00bb follow_button=\u00a0\u00bboff\u00a0\u00bb url_new_window=\u00a0\u00bbon\u00a0\u00bb]linkedin[\/et_pb_social_media_follow_network][\/et_pb_social_media_follow][\/et_pb_column][et_pb_column type=\u00a0\u00bb3_5&Prime; _builder_version=\u00a0\u00bb4.22.2&Prime; _module_preset=\u00a0\u00bbdefault\u00a0\u00bb global_colors_info=\u00a0\u00bb{}\u00a0\u00bb][et_pb_text _builder_version=\u00a0\u00bb4.27.4&Prime; _module_preset=\u00a0\u00bb28cfcf78-1bee-4815-a9d5-6caa8f7a4b47&Prime; text_font=\u00a0\u00bbAptos||||||||\u00a0\u00bb text_text_color=\u00a0\u00bb#000000&Prime; text_line_height=\u00a0\u00bb1.5em\u00a0\u00bb width=\u00a0\u00bb100%\u00a0\u00bb width_tablet=\u00a0\u00bb100%\u00a0\u00bb width_phone=\u00a0\u00bb100%\u00a0\u00bb width_last_edited=\u00a0\u00bbon|desktop\u00a0\u00bb custom_margin=\u00a0\u00bb0px||25px||false|false\u00a0\u00bb custom_padding=\u00a0\u00bb15%||||false|false\u00a0\u00bb custom_padding_tablet=\u00a0\u00bb0px||||false|false\u00a0\u00bb custom_padding_phone=\u00a0\u00bb0px||||false|false\u00a0\u00bb custom_padding_last_edited=\u00a0\u00bbon|phone\u00a0\u00bb hover_enabled=\u00a0\u00bb0&Prime; locked=\u00a0\u00bboff\u00a0\u00bb global_colors_info=\u00a0\u00bb{}\u00a0\u00bb sticky_enabled=\u00a0\u00bb0&Prime;]<\/p>\n<p>Guy est un entrepreneur comptant plus de 36 ans d\u2019exp\u00e9rience en gestion, en sondage et en recherche marketing. \u00c0 titre de vice-pr\u00e9sident chez L\u00e9ger, il dirige des initiatives strat\u00e9giques ax\u00e9es sur le d\u00e9veloppement des panels et l\u2019innovation en mati\u00e8re de donn\u00e9es synth\u00e9tiques, contribuant ainsi \u00e0 faire \u00e9voluer les capacit\u00e9s de recherche de l\u2019entreprise.<\/p>\n<p>Au cours de sa carri\u00e8re, Guy a contribu\u00e9 \u00e0 b\u00e2tir plusieurs des communaut\u00e9s de recherche les plus reconnues au Canada, dont LEO, le panel de L\u00e9ger regroupant plus de 400 000 membres actifs. Son travail allie technologie, donn\u00e9es et compr\u00e9hension humaine afin d\u2019aider les organisations \u00e0 prendre des d\u00e9cisions plus \u00e9clair\u00e9es. Guy supervise \u00e9galement la croissance et la gestion de LEO D\u00e9cision, une nouvelle communaut\u00e9 d\u2019affaires cr\u00e9\u00e9e en collaboration avec HEC Montr\u00e9al, qui r\u00e9unit plus de 50 000 dirigeants et d\u00e9cideurs \u00e0 travers le Canada, ainsi que LEO M\u00e9dical, un panel comprenant plus de 35 000 professionnels de la sant\u00e9.<\/p>\n<p>Il si\u00e8ge actuellement sur plusieurs conseils d\u2019administration et continue de soutenir la rel\u00e8ve tout en pilotant des projets novateurs qui font progresser l\u2019avenir de la recherche et des donn\u00e9es.<\/p>\n<p>[\/et_pb_text][\/et_pb_column][\/et_pb_row][et_pb_row _builder_version=\u00a0\u00bb4.23.1&Prime; _module_preset=\u00a0\u00bbdefault\u00a0\u00bb global_colors_info=\u00a0\u00bb{}\u00a0\u00bb][et_pb_column type=\u00a0\u00bb4_4&Prime; _builder_version=\u00a0\u00bb4.23.1&Prime; _module_preset=\u00a0\u00bbdefault\u00a0\u00bb global_colors_info=\u00a0\u00bb{}\u00a0\u00bb][et_pb_button button_url=\u00a0\u00bb@ET-DC@eyJkeW5hbWljIjp0cnVlLCJjb250ZW50IjoicG9zdF9saW5rX3VybF9wYWdlIiwic2V0dGluZ3MiOnsicG9zdF9pZCI6IjE4OTUwIn19@\u00a0\u00bb button_text=\u00a0\u00bbRetourner\u00a0\u00bb button_alignment=\u00a0\u00bbcenter\u00a0\u00bb _builder_version=\u00a0\u00bb4.24.3&Prime; _dynamic_attributes=\u00a0\u00bbbutton_url\u00a0\u00bb _module_preset=\u00a0\u00bb23e0c1f6-a6f5-4637-87d8-5c62b045dcaf\u00a0\u00bb button_icon=\u00a0\u00bb&#x23;||divi||400&Prime; button_icon_placement=\u00a0\u00bbleft\u00a0\u00bb locked=\u00a0\u00bboff\u00a0\u00bb global_colors_info=\u00a0\u00bb{}\u00a0\u00bb button_custom_margin_tablet=\u00a0\u00bb0px||||false|false\u00a0\u00bb button_custom_margin_phone=\u00a0\u00bb0px||||false|false\u00a0\u00bb button_custom_margin_last_edited=\u00a0\u00bbon|desktop\u00a0\u00bb button_bg_enable_color__hover=\u00a0\u00bbon\u00a0\u00bb][\/et_pb_button][\/et_pb_column][\/et_pb_row][\/et_pb_section]<\/p>\n","protected":false},"excerpt":{"rendered":"<p>Guy GirardVice-pr\u00e9sident, L\u00e9gerGuy est un entrepreneur comptant plus de 36 ans d\u2019exp\u00e9rience en gestion, en sondage et en recherche marketing. \u00c0 titre de vice-pr\u00e9sident chez L\u00e9ger, il dirige des initiatives strat\u00e9giques ax\u00e9es sur le d\u00e9veloppement des panels et l\u2019innovation en mati\u00e8re de donn\u00e9es synth\u00e9tiques, contribuant ainsi \u00e0 faire \u00e9voluer les capacit\u00e9s de recherche de l\u2019entreprise. Au cours de sa carri\u00e8re, Guy a contribu\u00e9 \u00e0 b\u00e2tir plusieurs des communaut\u00e9s de recherche les plus reconnues au Canada, dont LEO, le panel de L\u00e9ger regroupant plus de 400 000 membres actifs. Son travail allie technologie, donn\u00e9es et compr\u00e9hension humaine afin d\u2019aider les organisations \u00e0 prendre des d\u00e9cisions plus \u00e9clair\u00e9es. Guy supervise \u00e9galement la croissance et la gestion de LEO D\u00e9cision, une nouvelle communaut\u00e9 d\u2019affaires cr\u00e9\u00e9e en collaboration avec HEC Montr\u00e9al, qui r\u00e9unit plus de 50 000 dirigeants et d\u00e9cideurs \u00e0 travers le Canada, ainsi que LEO M\u00e9dical, un panel comprenant plus de 35 000 professionnels de la sant\u00e9. Il si\u00e8ge actuellement sur plusieurs conseils d\u2019administration et continue de soutenir la rel\u00e8ve tout en pilotant des projets novateurs qui font progresser l\u2019avenir de la recherche et des donn\u00e9es.<\/p>\n","protected":false},"author":15,"featured_media":0,"parent":0,"menu_order":0,"comment_status":"closed","ping_status":"closed","template":"","meta":{"_acf_changed":false,"_et_pb_use_builder":"on","_et_pb_old_content":"","_et_gb_content_width":"","content-type":"","inline_featured_image":false,"footnotes":""},"class_list":["post-26332","page","type-page","status-publish","hentry"],"acf":[],"yoast_head":"<!-- This site is optimized with the Yoast SEO Premium plugin v27.5 (Yoast SEO v27.5) - https:\/\/yoast.com\/product\/yoast-seo-premium-wordpress\/ -->\n<title>Guy Girard - Leger<\/title>\n<meta name=\"robots\" content=\"index, follow, max-snippet:-1, max-image-preview:large, max-video-preview:-1\" \/>\n<link rel=\"canonical\" href=\"https:\/\/leger360.com\/fr\/guy-girard\/\" \/>\n<meta property=\"og:locale\" content=\"fr_CA\" \/>\n<meta property=\"og:type\" content=\"article\" \/>\n<meta property=\"og:title\" content=\"Guy Girard\" \/>\n<meta property=\"og:description\" content=\"Guy GirardVice-pr\u00e9sident, L\u00e9gerGuy est un entrepreneur comptant plus de 36 ans d\u2019exp\u00e9rience en gestion, en sondage et en recherche marketing. \u00c0 titre de vice-pr\u00e9sident chez L\u00e9ger, il dirige des initiatives strat\u00e9giques ax\u00e9es sur le d\u00e9veloppement des panels et l\u2019innovation en mati\u00e8re de donn\u00e9es synth\u00e9tiques, contribuant ainsi \u00e0 faire \u00e9voluer les capacit\u00e9s de recherche de l\u2019entreprise. Au cours de sa carri\u00e8re, Guy a contribu\u00e9 \u00e0 b\u00e2tir plusieurs des communaut\u00e9s de recherche les plus reconnues au Canada, dont LEO, le panel de L\u00e9ger regroupant plus de 400 000 membres actifs. Son travail allie technologie, donn\u00e9es et compr\u00e9hension humaine afin d\u2019aider les organisations \u00e0 prendre des d\u00e9cisions plus \u00e9clair\u00e9es. Guy supervise \u00e9galement la croissance et la gestion de LEO D\u00e9cision, une nouvelle communaut\u00e9 d\u2019affaires cr\u00e9\u00e9e en collaboration avec HEC Montr\u00e9al, qui r\u00e9unit plus de 50 000 dirigeants et d\u00e9cideurs \u00e0 travers le Canada, ainsi que LEO M\u00e9dical, un panel comprenant plus de 35 000 professionnels de la sant\u00e9. Il si\u00e8ge actuellement sur plusieurs conseils d\u2019administration et continue de soutenir la rel\u00e8ve tout en pilotant des projets novateurs qui font progresser l\u2019avenir de la recherche et des donn\u00e9es.\" \/>\n<meta property=\"og:url\" content=\"https:\/\/leger360.com\/fr\/guy-girard\/\" \/>\n<meta property=\"og:site_name\" content=\"Leger\" \/>\n<meta property=\"article:publisher\" content=\"https:\/\/www.facebook.com\/leger360\/\" \/>\n<meta property=\"article:modified_time\" content=\"2025-11-14T21:14:18+00:00\" \/>\n<meta property=\"og:image\" content=\"https:\/\/leger360.com\/wp-content\/uploads\/2024\/04\/leger-feature-img-home.png\" \/>\n\t<meta property=\"og:image:width\" content=\"1354\" \/>\n\t<meta property=\"og:image:height\" content=\"872\" \/>\n\t<meta property=\"og:image:type\" content=\"image\/png\" \/>\n<meta name=\"twitter:card\" content=\"summary_large_image\" \/>\n<meta name=\"twitter:site\" content=\"@leger360\" \/>\n<meta name=\"twitter:label1\" content=\"Estimation du temps de lecture\" \/>\n\t<meta name=\"twitter:data1\" content=\"1 minute\" \/>\n<script type=\"application\/ld+json\" class=\"yoast-schema-graph\">{\"@context\":\"https:\\\/\\\/schema.org\",\"@graph\":[{\"@type\":\"WebPage\",\"@id\":\"https:\\\/\\\/leger360.com\\\/fr\\\/guy-girard\\\/\",\"url\":\"https:\\\/\\\/leger360.com\\\/fr\\\/guy-girard\\\/\",\"name\":\"Guy Girard - Leger\",\"isPartOf\":{\"@id\":\"https:\\\/\\\/leger360.com\\\/fr\\\/#website\"},\"datePublished\":\"2025-11-11T19:28:01+00:00\",\"dateModified\":\"2025-11-14T21:14:18+00:00\",\"breadcrumb\":{\"@id\":\"https:\\\/\\\/leger360.com\\\/fr\\\/guy-girard\\\/#breadcrumb\"},\"inLanguage\":\"fr-CA\",\"potentialAction\":[{\"@type\":\"ReadAction\",\"target\":[\"https:\\\/\\\/leger360.com\\\/fr\\\/guy-girard\\\/\"]}]},{\"@type\":\"BreadcrumbList\",\"@id\":\"https:\\\/\\\/leger360.com\\\/fr\\\/guy-girard\\\/#breadcrumb\",\"itemListElement\":[{\"@type\":\"ListItem\",\"position\":1,\"name\":\"Home\",\"item\":\"https:\\\/\\\/leger360.com\\\/fr\\\/\"},{\"@type\":\"ListItem\",\"position\":2,\"name\":\"Guy Girard\"}]},{\"@type\":\"WebSite\",\"@id\":\"https:\\\/\\\/leger360.com\\\/fr\\\/#website\",\"url\":\"https:\\\/\\\/leger360.com\\\/fr\\\/\",\"name\":\"Leger\",\"description\":\"Market Research | Data Analytics\",\"publisher\":{\"@id\":\"https:\\\/\\\/leger360.com\\\/fr\\\/#organization\"},\"potentialAction\":[{\"@type\":\"SearchAction\",\"target\":{\"@type\":\"EntryPoint\",\"urlTemplate\":\"https:\\\/\\\/leger360.com\\\/fr\\\/?s={search_term_string}\"},\"query-input\":{\"@type\":\"PropertyValueSpecification\",\"valueRequired\":true,\"valueName\":\"search_term_string\"}}],\"inLanguage\":\"fr-CA\"},{\"@type\":\"Organization\",\"@id\":\"https:\\\/\\\/leger360.com\\\/fr\\\/#organization\",\"name\":\"Leger\",\"url\":\"https:\\\/\\\/leger360.com\\\/fr\\\/\",\"logo\":{\"@type\":\"ImageObject\",\"inLanguage\":\"fr-CA\",\"@id\":\"https:\\\/\\\/leger360.com\\\/fr\\\/#\\\/schema\\\/logo\\\/image\\\/\",\"url\":\"https:\\\/\\\/leger360.com\\\/wp-content\\\/uploads\\\/2024\\\/04\\\/2022-Logo-Leger-Blackred-g.png\",\"contentUrl\":\"https:\\\/\\\/leger360.com\\\/wp-content\\\/uploads\\\/2024\\\/04\\\/2022-Logo-Leger-Blackred-g.png\",\"width\":1195,\"height\":686,\"caption\":\"Leger\"},\"image\":{\"@id\":\"https:\\\/\\\/leger360.com\\\/fr\\\/#\\\/schema\\\/logo\\\/image\\\/\"},\"sameAs\":[\"https:\\\/\\\/www.facebook.com\\\/leger360\\\/\",\"https:\\\/\\\/x.com\\\/leger360\",\"https:\\\/\\\/www.linkedin.com\\\/company\\\/leger360\\\/\"],\"description\":\"Leger is one of North America\u2019s fastest-growing market research companies, known for our forward-thinking experts and innovative approaches powered by artificial intelligence (AI) technologies.\"}]}<\/script>\n<!-- \/ Yoast SEO Premium plugin. -->","yoast_head_json":{"title":"Guy Girard - Leger","robots":{"index":"index","follow":"follow","max-snippet":"max-snippet:-1","max-image-preview":"max-image-preview:large","max-video-preview":"max-video-preview:-1"},"canonical":"https:\/\/leger360.com\/fr\/guy-girard\/","og_locale":"fr_CA","og_type":"article","og_title":"Guy Girard","og_description":"Guy GirardVice-pr\u00e9sident, L\u00e9gerGuy est un entrepreneur comptant plus de 36 ans d\u2019exp\u00e9rience en gestion, en sondage et en recherche marketing. \u00c0 titre de vice-pr\u00e9sident chez L\u00e9ger, il dirige des initiatives strat\u00e9giques ax\u00e9es sur le d\u00e9veloppement des panels et l\u2019innovation en mati\u00e8re de donn\u00e9es synth\u00e9tiques, contribuant ainsi \u00e0 faire \u00e9voluer les capacit\u00e9s de recherche de l\u2019entreprise. Au cours de sa carri\u00e8re, Guy a contribu\u00e9 \u00e0 b\u00e2tir plusieurs des communaut\u00e9s de recherche les plus reconnues au Canada, dont LEO, le panel de L\u00e9ger regroupant plus de 400 000 membres actifs. Son travail allie technologie, donn\u00e9es et compr\u00e9hension humaine afin d\u2019aider les organisations \u00e0 prendre des d\u00e9cisions plus \u00e9clair\u00e9es. Guy supervise \u00e9galement la croissance et la gestion de LEO D\u00e9cision, une nouvelle communaut\u00e9 d\u2019affaires cr\u00e9\u00e9e en collaboration avec HEC Montr\u00e9al, qui r\u00e9unit plus de 50 000 dirigeants et d\u00e9cideurs \u00e0 travers le Canada, ainsi que LEO M\u00e9dical, un panel comprenant plus de 35 000 professionnels de la sant\u00e9. Il si\u00e8ge actuellement sur plusieurs conseils d\u2019administration et continue de soutenir la rel\u00e8ve tout en pilotant des projets novateurs qui font progresser l\u2019avenir de la recherche et des donn\u00e9es.","og_url":"https:\/\/leger360.com\/fr\/guy-girard\/","og_site_name":"Leger","article_publisher":"https:\/\/www.facebook.com\/leger360\/","article_modified_time":"2025-11-14T21:14:18+00:00","og_image":[{"width":1354,"height":872,"url":"https:\/\/leger360.com\/wp-content\/uploads\/2024\/04\/leger-feature-img-home.png","type":"image\/png"}],"twitter_card":"summary_large_image","twitter_site":"@leger360","twitter_misc":{"Estimation du temps de lecture":"1 minute"},"schema":{"@context":"https:\/\/schema.org","@graph":[{"@type":"WebPage","@id":"https:\/\/leger360.com\/fr\/guy-girard\/","url":"https:\/\/leger360.com\/fr\/guy-girard\/","name":"Guy Girard - Leger","isPartOf":{"@id":"https:\/\/leger360.com\/fr\/#website"},"datePublished":"2025-11-11T19:28:01+00:00","dateModified":"2025-11-14T21:14:18+00:00","breadcrumb":{"@id":"https:\/\/leger360.com\/fr\/guy-girard\/#breadcrumb"},"inLanguage":"fr-CA","potentialAction":[{"@type":"ReadAction","target":["https:\/\/leger360.com\/fr\/guy-girard\/"]}]},{"@type":"BreadcrumbList","@id":"https:\/\/leger360.com\/fr\/guy-girard\/#breadcrumb","itemListElement":[{"@type":"ListItem","position":1,"name":"Home","item":"https:\/\/leger360.com\/fr\/"},{"@type":"ListItem","position":2,"name":"Guy Girard"}]},{"@type":"WebSite","@id":"https:\/\/leger360.com\/fr\/#website","url":"https:\/\/leger360.com\/fr\/","name":"Leger","description":"Market Research | Data Analytics","publisher":{"@id":"https:\/\/leger360.com\/fr\/#organization"},"potentialAction":[{"@type":"SearchAction","target":{"@type":"EntryPoint","urlTemplate":"https:\/\/leger360.com\/fr\/?s={search_term_string}"},"query-input":{"@type":"PropertyValueSpecification","valueRequired":true,"valueName":"search_term_string"}}],"inLanguage":"fr-CA"},{"@type":"Organization","@id":"https:\/\/leger360.com\/fr\/#organization","name":"Leger","url":"https:\/\/leger360.com\/fr\/","logo":{"@type":"ImageObject","inLanguage":"fr-CA","@id":"https:\/\/leger360.com\/fr\/#\/schema\/logo\/image\/","url":"https:\/\/leger360.com\/wp-content\/uploads\/2024\/04\/2022-Logo-Leger-Blackred-g.png","contentUrl":"https:\/\/leger360.com\/wp-content\/uploads\/2024\/04\/2022-Logo-Leger-Blackred-g.png","width":1195,"height":686,"caption":"Leger"},"image":{"@id":"https:\/\/leger360.com\/fr\/#\/schema\/logo\/image\/"},"sameAs":["https:\/\/www.facebook.com\/leger360\/","https:\/\/x.com\/leger360","https:\/\/www.linkedin.com\/company\/leger360\/"],"description":"Leger is one of North America\u2019s fastest-growing market research companies, known for our forward-thinking experts and innovative approaches powered by artificial intelligence (AI) technologies."}]}},"_links":{"self":[{"href":"https:\/\/leger360.com\/fr\/wp-json\/wp\/v2\/pages\/26332","targetHints":{"allow":["GET"]}}],"collection":[{"href":"https:\/\/leger360.com\/fr\/wp-json\/wp\/v2\/pages"}],"about":[{"href":"https:\/\/leger360.com\/fr\/wp-json\/wp\/v2\/types\/page"}],"author":[{"embeddable":true,"href":"https:\/\/leger360.com\/fr\/wp-json\/wp\/v2\/users\/15"}],"replies":[{"embeddable":true,"href":"https:\/\/leger360.com\/fr\/wp-json\/wp\/v2\/comments?post=26332"}],"version-history":[{"count":0,"href":"https:\/\/leger360.com\/fr\/wp-json\/wp\/v2\/pages\/26332\/revisions"}],"wp:attachment":[{"href":"https:\/\/leger360.com\/fr\/wp-json\/wp\/v2\/media?parent=26332"}],"curies":[{"name":"wp","href":"https:\/\/api.w.org\/{rel}","templated":true}]}}