{"id":27046,"date":"2026-01-19T16:06:50","date_gmt":"2026-01-19T21:06:50","guid":{"rendered":"https:\/\/leger360.com\/?page_id=27046"},"modified":"2026-01-19T16:22:02","modified_gmt":"2026-01-19T21:22:02","slug":"maxime-cohen","status":"publish","type":"page","link":"https:\/\/leger360.com\/fr\/maxime-cohen\/","title":{"rendered":"Maxime Cohen\u00a0"},"content":{"rendered":"<p>[et_pb_section fb_built=\u00a0\u00bb1&Prime; custom_padding_last_edited=\u00a0\u00bbon|phone\u00a0\u00bb admin_label=\u00a0\u00bbTeam\u00a0\u00bb _builder_version=\u00a0\u00bb4.23.1&Prime; use_background_color_gradient=\u00a0\u00bbon\u00a0\u00bb background_color_gradient_stops=\u00a0\u00bbrgba(255,255,255,0.75) 45%|#ffffff 100%\u00a0\u00bb background_color_gradient_overlays_image=\u00a0\u00bbon\u00a0\u00bb background_image=\u00a0\u00bbhttps:\/\/leger360.com\/wp-content\/uploads\/2023\/10\/gradient_gris_02.png\u00a0\u00bb custom_margin=\u00a0\u00bb|||\u00a0\u00bb custom_padding=\u00a0\u00bb54px|0px|50px|0px||\u00a0\u00bb custom_padding_tablet=\u00a0\u00bb54px|0px|100px|0px||\u00a0\u00bb custom_padding_phone=\u00a0\u00bb54px|0px|50px|0px|false|false\u00a0\u00bb locked=\u00a0\u00bboff\u00a0\u00bb global_colors_info=\u00a0\u00bb{}\u00a0\u00bb][et_pb_row column_structure=\u00a0\u00bb2_5,3_5&Prime; custom_padding_last_edited=\u00a0\u00bbon|tablet\u00a0\u00bb _builder_version=\u00a0\u00bb4.23.1&Prime; _module_preset=\u00a0\u00bbdefault\u00a0\u00bb background_color=\u00a0\u00bb#FFFFFF\u00a0\u00bb width_tablet=\u00a0\u00bb\u00a0\u00bb width_phone=\u00a0\u00bb90%\u00a0\u00bb width_last_edited=\u00a0\u00bbon|phone\u00a0\u00bb custom_padding=\u00a0\u00bb54px|54px|54px|54px|true|true\u00a0\u00bb custom_padding_tablet=\u00a0\u00bb54px|54px|54px|54px|true|true\u00a0\u00bb custom_padding_phone=\u00a0\u00bb0px|35px|25px|35px|false|true\u00a0\u00bb border_radii=\u00a0\u00bbon|15px|15px|15px|15px\u00a0\u00bb box_shadow_style=\u00a0\u00bbpreset3&Prime; locked=\u00a0\u00bboff\u00a0\u00bb global_colors_info=\u00a0\u00bb{}\u00a0\u00bb][et_pb_column type=\u00a0\u00bb2_5&Prime; _builder_version=\u00a0\u00bb4.22.2&Prime; _module_preset=\u00a0\u00bbdefault\u00a0\u00bb global_colors_info=\u00a0\u00bb{}\u00a0\u00bb][et_pb_image src=\u00a0\u00bbhttps:\/\/leger360.com\/wp-content\/uploads\/2026\/01\/Maxime-Cohen-1-scaled.jpg\u00a0\u00bb title_text=\u00a0\u00bbMaxime  Cohen\u00a0\u00bb _builder_version=\u00a0\u00bb4.27.5&Prime; _module_preset=\u00a0\u00bbdefault\u00a0\u00bb width=\u00a0\u00bb100%\u00a0\u00bb global_colors_info=\u00a0\u00bb{}\u00a0\u00bb][\/et_pb_image][et_pb_text _builder_version=\u00a0\u00bb4.27.5&Prime; _module_preset=\u00a0\u00bbdefault\u00a0\u00bb text_font=\u00a0\u00bbAptos||||||||\u00a0\u00bb text_text_color=\u00a0\u00bb#2E2E30&Prime; text_font_size=\u00a0\u00bb40px\u00a0\u00bb text_line_height=\u00a0\u00bb1em\u00a0\u00bb header_font_size=\u00a0\u00bb50px\u00a0\u00bb width=\u00a0\u00bb100%\u00a0\u00bb width_tablet=\u00a0\u00bb100%\u00a0\u00bb width_phone=\u00a0\u00bb100%\u00a0\u00bb width_last_edited=\u00a0\u00bbon|phone\u00a0\u00bb custom_margin=\u00a0\u00bb0px||15px||false|false\u00a0\u00bb custom_margin_tablet=\u00a0\u00bb0px||20px||false|false\u00a0\u00bb custom_margin_phone=\u00a0\u00bb0px||20px||false|false\u00a0\u00bb custom_margin_last_edited=\u00a0\u00bbon|desktop\u00a0\u00bb text_font_size_tablet=\u00a0\u00bb40px\u00a0\u00bb text_font_size_phone=\u00a0\u00bb30px\u00a0\u00bb text_font_size_last_edited=\u00a0\u00bbon|phone\u00a0\u00bb header_font_size_tablet=\u00a0\u00bb40px\u00a0\u00bb header_font_size_phone=\u00a0\u00bb40px\u00a0\u00bb header_font_size_last_edited=\u00a0\u00bbon|tablet\u00a0\u00bb global_colors_info=\u00a0\u00bb{}\u00a0\u00bb]<\/p>\n<p><span data-sheets-value=\"{\" 1=\"\" :2=\"\" 2=\"\" :=\"\" jean-marc=\"\" l=\"\" ger=\"\" data-sheets-userformat=\"{\" :14337=\"\" 3=\"\" :0=\"\" :1=\"\" 14=\"\" :3=\"\" 15=\"\" calibri=\"\" 16=\"\" :11=\"\">Maxime Cohen<\/span><\/p>\n<p>[\/et_pb_text][et_pb_text _builder_version=\u00a0\u00bb4.27.5&Prime; _module_preset=\u00a0\u00bbdefault\u00a0\u00bb hover_enabled=\u00a0\u00bb0&Prime; sticky_enabled=\u00a0\u00bb0&Prime;]<\/p>\n<p><span>Professeur titulaire de la Chaire de recherche Scale AI, Universit\u00e9 McGill, Canada\u202f<\/span><\/p>\n<p>[\/et_pb_text][\/et_pb_column][et_pb_column type=\u00a0\u00bb3_5&Prime; _builder_version=\u00a0\u00bb4.22.2&Prime; _module_preset=\u00a0\u00bbdefault\u00a0\u00bb global_colors_info=\u00a0\u00bb{}\u00a0\u00bb][et_pb_text _builder_version=\u00a0\u00bb4.27.5&Prime; _module_preset=\u00a0\u00bb28cfcf78-1bee-4815-a9d5-6caa8f7a4b47&Prime; text_font=\u00a0\u00bbAptos||||||||\u00a0\u00bb text_text_color=\u00a0\u00bb#000000&Prime; text_line_height=\u00a0\u00bb1.5em\u00a0\u00bb width=\u00a0\u00bb100%\u00a0\u00bb width_tablet=\u00a0\u00bb100%\u00a0\u00bb width_phone=\u00a0\u00bb100%\u00a0\u00bb width_last_edited=\u00a0\u00bbon|desktop\u00a0\u00bb custom_margin=\u00a0\u00bb0px||25px||false|false\u00a0\u00bb custom_padding=\u00a0\u00bb50px||0px||false|false\u00a0\u00bb custom_padding_tablet=\u00a0\u00bb0px||||false|false\u00a0\u00bb custom_padding_phone=\u00a0\u00bb0px||||false|false\u00a0\u00bb custom_padding_last_edited=\u00a0\u00bbon|phone\u00a0\u00bb hover_enabled=\u00a0\u00bb0&Prime; locked=\u00a0\u00bboff\u00a0\u00bb global_colors_info=\u00a0\u00bb{}\u00a0\u00bb sticky_enabled=\u00a0\u00bb0&Prime;]<\/p>\n<p>Maxime Cohen est professeur titulaire de la chaire Scale AI et directeur acad\u00e9mique de la Bensadoun School of Retail Management \u00e0 l&rsquo;Universit\u00e9 McGill.<\/p>\n<p>Il est responsable de la strat\u00e9gie en mati\u00e8re d&rsquo;IA du CIUSSS du Centre-Ouest de Montr\u00e9al (H\u00f4pital g\u00e9n\u00e9ral juif) et directeur scientifique de l&rsquo;organisation \u00e0 but non lucratif MyOpenCourt.org. Il a \u00e9t\u00e9 professeur invit\u00e9 et boursier Shubik \u00e0 Yale School of Management (2023-2024). Il a enseign\u00e9 \u00e0 McGill, au MIT, \u00e0 NYU et \u00e0 Yale. Il est \u00e9galement conseiller scientifique en IA chez IVADO Labs et conseille activement des entreprises, des d\u00e9taillants et des start-ups sur des sujets li\u00e9s \u00e0 la tarification, \u00e0 l&rsquo;IA, au commerce de d\u00e9tail et \u00e0 la science des donn\u00e9es.<\/p>\n<p>Il a collabor\u00e9 avec de nombreuses entreprises, notamment Google AI, Microsoft, Meta, OpenAI, Uber, Waze, Amazon, Expedia, Oracle Retail, IBM Research, Via, Spotify, Aldo Group, Couche-Tard\/Circle K, Loblaws, Canadian Tire, L&rsquo;Or\u00e9al et Staples, et si\u00e8ge au conseil consultatif de plusieurs <em>start-ups<\/em>.<\/p>\n<p>Ses travaux de recherche et son enseignement lui ont valu plus de 40 r\u00e9compenses, notamment le prix Poets&amp;Quants des 40 meilleurs professeurs de MBA de moins de 40 ans, le prix RETHINK Retail des personnalit\u00e9s les plus influentes du commerce de d\u00e9tail, le prix MSOM Young Scholar et le prix Best OM Paper in Management Science. Il est titulaire d&rsquo;un doctorat du MIT et d&rsquo;une ma\u00eetrise et d&rsquo;une licence du Technion.<\/p>\n<p>[\/et_pb_text][\/et_pb_column][\/et_pb_row][\/et_pb_section]<\/p>\n","protected":false},"excerpt":{"rendered":"<p>Maxime CohenProfesseur titulaire de la Chaire de recherche Scale AI, Universit\u00e9 McGill, Canada\u202fMaxime Cohen est professeur titulaire de la chaire Scale AI et directeur acad\u00e9mique de la Bensadoun School of Retail Management \u00e0 l&rsquo;Universit\u00e9 McGill. Il est responsable de la strat\u00e9gie en mati\u00e8re d&rsquo;IA du CIUSSS du Centre-Ouest de Montr\u00e9al (H\u00f4pital g\u00e9n\u00e9ral juif) et directeur scientifique de l&rsquo;organisation \u00e0 but non lucratif MyOpenCourt.org. Il a \u00e9t\u00e9 professeur invit\u00e9 et boursier Shubik \u00e0 Yale School of Management (2023-2024). Il a enseign\u00e9 \u00e0 McGill, au MIT, \u00e0 NYU et \u00e0 Yale. Il est \u00e9galement conseiller scientifique en IA chez IVADO Labs et conseille activement des entreprises, des d\u00e9taillants et des start-ups sur des sujets li\u00e9s \u00e0 la tarification, \u00e0 l&rsquo;IA, au commerce de d\u00e9tail et \u00e0 la science des donn\u00e9es. Il a collabor\u00e9 avec de nombreuses entreprises, notamment Google AI, Microsoft, Meta, OpenAI, Uber, Waze, Amazon, Expedia, Oracle Retail, IBM Research, Via, Spotify, Aldo Group, Couche-Tard\/Circle K, Loblaws, Canadian Tire, L&rsquo;Or\u00e9al et Staples, et si\u00e8ge au conseil consultatif de plusieurs start-ups. Ses travaux de recherche et son enseignement lui ont valu plus de 40 r\u00e9compenses, notamment le prix Poets&amp;Quants des 40 meilleurs professeurs de MBA de moins de 40 ans, le prix [&hellip;]<\/p>\n","protected":false},"author":28,"featured_media":0,"parent":0,"menu_order":0,"comment_status":"closed","ping_status":"closed","template":"","meta":{"_acf_changed":false,"_et_pb_use_builder":"on","_et_pb_old_content":"","_et_gb_content_width":"","content-type":"","inline_featured_image":false,"footnotes":""},"class_list":["post-27046","page","type-page","status-publish","hentry"],"acf":[],"yoast_head":"<!-- This site is optimized with the Yoast SEO Premium plugin v27.4 (Yoast SEO v27.4) - https:\/\/yoast.com\/product\/yoast-seo-premium-wordpress\/ -->\n<title>Comit\u00e9 scientifique IA : Maxime Cohen - L\u00e9ger<\/title>\n<meta name=\"robots\" content=\"index, follow, max-snippet:-1, max-image-preview:large, max-video-preview:-1\" \/>\n<link rel=\"canonical\" href=\"https:\/\/leger360.com\/fr\/maxime-cohen\/\" \/>\n<meta property=\"og:locale\" content=\"fr_CA\" \/>\n<meta property=\"og:type\" content=\"article\" \/>\n<meta property=\"og:title\" content=\"Maxime Cohen\u00a0\" \/>\n<meta property=\"og:description\" content=\"Maxime CohenProfesseur titulaire de la Chaire de recherche Scale AI, Universit\u00e9 McGill, Canada\u202fMaxime Cohen est professeur titulaire de la chaire Scale AI et directeur acad\u00e9mique de la Bensadoun School of Retail Management \u00e0 l&#039;Universit\u00e9 McGill. Il est responsable de la strat\u00e9gie en mati\u00e8re d&#039;IA du CIUSSS du Centre-Ouest de Montr\u00e9al (H\u00f4pital g\u00e9n\u00e9ral juif) et directeur scientifique de l&#039;organisation \u00e0 but non lucratif MyOpenCourt.org. Il a \u00e9t\u00e9 professeur invit\u00e9 et boursier Shubik \u00e0 Yale School of Management (2023-2024). Il a enseign\u00e9 \u00e0 McGill, au MIT, \u00e0 NYU et \u00e0 Yale. Il est \u00e9galement conseiller scientifique en IA chez IVADO Labs et conseille activement des entreprises, des d\u00e9taillants et des start-ups sur des sujets li\u00e9s \u00e0 la tarification, \u00e0 l&#039;IA, au commerce de d\u00e9tail et \u00e0 la science des donn\u00e9es. Il a collabor\u00e9 avec de nombreuses entreprises, notamment Google AI, Microsoft, Meta, OpenAI, Uber, Waze, Amazon, Expedia, Oracle Retail, IBM Research, Via, Spotify, Aldo Group, Couche-Tard\/Circle K, Loblaws, Canadian Tire, L&#039;Or\u00e9al et Staples, et si\u00e8ge au conseil consultatif de plusieurs start-ups. Ses travaux de recherche et son enseignement lui ont valu plus de 40 r\u00e9compenses, notamment le prix Poets&amp;Quants des 40 meilleurs professeurs de MBA de moins de 40 ans, le prix [&hellip;]\" \/>\n<meta property=\"og:url\" content=\"https:\/\/leger360.com\/fr\/maxime-cohen\/\" \/>\n<meta property=\"og:site_name\" content=\"Leger\" \/>\n<meta property=\"article:publisher\" content=\"https:\/\/www.facebook.com\/leger360\/\" \/>\n<meta property=\"article:modified_time\" content=\"2026-01-19T21:22:02+00:00\" \/>\n<meta property=\"og:image\" content=\"https:\/\/leger360.com\/wp-content\/uploads\/2024\/04\/leger-feature-img-home.png\" \/>\n\t<meta property=\"og:image:width\" content=\"1354\" \/>\n\t<meta property=\"og:image:height\" content=\"872\" \/>\n\t<meta property=\"og:image:type\" content=\"image\/png\" \/>\n<meta name=\"twitter:card\" content=\"summary_large_image\" \/>\n<meta name=\"twitter:site\" content=\"@leger360\" \/>\n<script type=\"application\/ld+json\" class=\"yoast-schema-graph\">{\"@context\":\"https:\\\/\\\/schema.org\",\"@graph\":[{\"@type\":\"WebPage\",\"@id\":\"https:\\\/\\\/leger360.com\\\/fr\\\/maxime-cohen\\\/\",\"url\":\"https:\\\/\\\/leger360.com\\\/fr\\\/maxime-cohen\\\/\",\"name\":\"Comit\u00e9 scientifique IA : Maxime Cohen - L\u00e9ger\",\"isPartOf\":{\"@id\":\"https:\\\/\\\/leger360.com\\\/fr\\\/#website\"},\"datePublished\":\"2026-01-19T21:06:50+00:00\",\"dateModified\":\"2026-01-19T21:22:02+00:00\",\"breadcrumb\":{\"@id\":\"https:\\\/\\\/leger360.com\\\/fr\\\/maxime-cohen\\\/#breadcrumb\"},\"inLanguage\":\"fr-CA\",\"potentialAction\":[{\"@type\":\"ReadAction\",\"target\":[\"https:\\\/\\\/leger360.com\\\/fr\\\/maxime-cohen\\\/\"]}]},{\"@type\":\"BreadcrumbList\",\"@id\":\"https:\\\/\\\/leger360.com\\\/fr\\\/maxime-cohen\\\/#breadcrumb\",\"itemListElement\":[{\"@type\":\"ListItem\",\"position\":1,\"name\":\"Home\",\"item\":\"https:\\\/\\\/leger360.com\\\/fr\\\/\"},{\"@type\":\"ListItem\",\"position\":2,\"name\":\"Maxime Cohen\u00a0\"}]},{\"@type\":\"WebSite\",\"@id\":\"https:\\\/\\\/leger360.com\\\/fr\\\/#website\",\"url\":\"https:\\\/\\\/leger360.com\\\/fr\\\/\",\"name\":\"Leger\",\"description\":\"Market Research | Data Analytics\",\"publisher\":{\"@id\":\"https:\\\/\\\/leger360.com\\\/fr\\\/#organization\"},\"potentialAction\":[{\"@type\":\"SearchAction\",\"target\":{\"@type\":\"EntryPoint\",\"urlTemplate\":\"https:\\\/\\\/leger360.com\\\/fr\\\/?s={search_term_string}\"},\"query-input\":{\"@type\":\"PropertyValueSpecification\",\"valueRequired\":true,\"valueName\":\"search_term_string\"}}],\"inLanguage\":\"fr-CA\"},{\"@type\":\"Organization\",\"@id\":\"https:\\\/\\\/leger360.com\\\/fr\\\/#organization\",\"name\":\"Leger\",\"url\":\"https:\\\/\\\/leger360.com\\\/fr\\\/\",\"logo\":{\"@type\":\"ImageObject\",\"inLanguage\":\"fr-CA\",\"@id\":\"https:\\\/\\\/leger360.com\\\/fr\\\/#\\\/schema\\\/logo\\\/image\\\/\",\"url\":\"https:\\\/\\\/leger360.com\\\/wp-content\\\/uploads\\\/2024\\\/04\\\/2022-Logo-Leger-Blackred-g.png\",\"contentUrl\":\"https:\\\/\\\/leger360.com\\\/wp-content\\\/uploads\\\/2024\\\/04\\\/2022-Logo-Leger-Blackred-g.png\",\"width\":1195,\"height\":686,\"caption\":\"Leger\"},\"image\":{\"@id\":\"https:\\\/\\\/leger360.com\\\/fr\\\/#\\\/schema\\\/logo\\\/image\\\/\"},\"sameAs\":[\"https:\\\/\\\/www.facebook.com\\\/leger360\\\/\",\"https:\\\/\\\/x.com\\\/leger360\",\"https:\\\/\\\/www.linkedin.com\\\/company\\\/leger360\\\/\"],\"description\":\"Leger is one of North America\u2019s fastest-growing market research companies, known for our forward-thinking experts and innovative approaches powered by artificial intelligence (AI) technologies.\"}]}<\/script>\n<!-- \/ Yoast SEO Premium plugin. -->","yoast_head_json":{"title":"Comit\u00e9 scientifique IA : Maxime Cohen - L\u00e9ger","robots":{"index":"index","follow":"follow","max-snippet":"max-snippet:-1","max-image-preview":"max-image-preview:large","max-video-preview":"max-video-preview:-1"},"canonical":"https:\/\/leger360.com\/fr\/maxime-cohen\/","og_locale":"fr_CA","og_type":"article","og_title":"Maxime Cohen\u00a0","og_description":"Maxime CohenProfesseur titulaire de la Chaire de recherche Scale AI, Universit\u00e9 McGill, Canada\u202fMaxime Cohen est professeur titulaire de la chaire Scale AI et directeur acad\u00e9mique de la Bensadoun School of Retail Management \u00e0 l'Universit\u00e9 McGill. Il est responsable de la strat\u00e9gie en mati\u00e8re d'IA du CIUSSS du Centre-Ouest de Montr\u00e9al (H\u00f4pital g\u00e9n\u00e9ral juif) et directeur scientifique de l'organisation \u00e0 but non lucratif MyOpenCourt.org. Il a \u00e9t\u00e9 professeur invit\u00e9 et boursier Shubik \u00e0 Yale School of Management (2023-2024). Il a enseign\u00e9 \u00e0 McGill, au MIT, \u00e0 NYU et \u00e0 Yale. Il est \u00e9galement conseiller scientifique en IA chez IVADO Labs et conseille activement des entreprises, des d\u00e9taillants et des start-ups sur des sujets li\u00e9s \u00e0 la tarification, \u00e0 l'IA, au commerce de d\u00e9tail et \u00e0 la science des donn\u00e9es. Il a collabor\u00e9 avec de nombreuses entreprises, notamment Google AI, Microsoft, Meta, OpenAI, Uber, Waze, Amazon, Expedia, Oracle Retail, IBM Research, Via, Spotify, Aldo Group, Couche-Tard\/Circle K, Loblaws, Canadian Tire, L'Or\u00e9al et Staples, et si\u00e8ge au conseil consultatif de plusieurs start-ups. Ses travaux de recherche et son enseignement lui ont valu plus de 40 r\u00e9compenses, notamment le prix Poets&amp;Quants des 40 meilleurs professeurs de MBA de moins de 40 ans, le prix [&hellip;]","og_url":"https:\/\/leger360.com\/fr\/maxime-cohen\/","og_site_name":"Leger","article_publisher":"https:\/\/www.facebook.com\/leger360\/","article_modified_time":"2026-01-19T21:22:02+00:00","og_image":[{"width":1354,"height":872,"url":"https:\/\/leger360.com\/wp-content\/uploads\/2024\/04\/leger-feature-img-home.png","type":"image\/png"}],"twitter_card":"summary_large_image","twitter_site":"@leger360","schema":{"@context":"https:\/\/schema.org","@graph":[{"@type":"WebPage","@id":"https:\/\/leger360.com\/fr\/maxime-cohen\/","url":"https:\/\/leger360.com\/fr\/maxime-cohen\/","name":"Comit\u00e9 scientifique IA : Maxime Cohen - L\u00e9ger","isPartOf":{"@id":"https:\/\/leger360.com\/fr\/#website"},"datePublished":"2026-01-19T21:06:50+00:00","dateModified":"2026-01-19T21:22:02+00:00","breadcrumb":{"@id":"https:\/\/leger360.com\/fr\/maxime-cohen\/#breadcrumb"},"inLanguage":"fr-CA","potentialAction":[{"@type":"ReadAction","target":["https:\/\/leger360.com\/fr\/maxime-cohen\/"]}]},{"@type":"BreadcrumbList","@id":"https:\/\/leger360.com\/fr\/maxime-cohen\/#breadcrumb","itemListElement":[{"@type":"ListItem","position":1,"name":"Home","item":"https:\/\/leger360.com\/fr\/"},{"@type":"ListItem","position":2,"name":"Maxime Cohen\u00a0"}]},{"@type":"WebSite","@id":"https:\/\/leger360.com\/fr\/#website","url":"https:\/\/leger360.com\/fr\/","name":"Leger","description":"Market Research | Data Analytics","publisher":{"@id":"https:\/\/leger360.com\/fr\/#organization"},"potentialAction":[{"@type":"SearchAction","target":{"@type":"EntryPoint","urlTemplate":"https:\/\/leger360.com\/fr\/?s={search_term_string}"},"query-input":{"@type":"PropertyValueSpecification","valueRequired":true,"valueName":"search_term_string"}}],"inLanguage":"fr-CA"},{"@type":"Organization","@id":"https:\/\/leger360.com\/fr\/#organization","name":"Leger","url":"https:\/\/leger360.com\/fr\/","logo":{"@type":"ImageObject","inLanguage":"fr-CA","@id":"https:\/\/leger360.com\/fr\/#\/schema\/logo\/image\/","url":"https:\/\/leger360.com\/wp-content\/uploads\/2024\/04\/2022-Logo-Leger-Blackred-g.png","contentUrl":"https:\/\/leger360.com\/wp-content\/uploads\/2024\/04\/2022-Logo-Leger-Blackred-g.png","width":1195,"height":686,"caption":"Leger"},"image":{"@id":"https:\/\/leger360.com\/fr\/#\/schema\/logo\/image\/"},"sameAs":["https:\/\/www.facebook.com\/leger360\/","https:\/\/x.com\/leger360","https:\/\/www.linkedin.com\/company\/leger360\/"],"description":"Leger is one of North America\u2019s fastest-growing market research companies, known for our forward-thinking experts and innovative approaches powered by artificial intelligence (AI) technologies."}]}},"_links":{"self":[{"href":"https:\/\/leger360.com\/fr\/wp-json\/wp\/v2\/pages\/27046","targetHints":{"allow":["GET"]}}],"collection":[{"href":"https:\/\/leger360.com\/fr\/wp-json\/wp\/v2\/pages"}],"about":[{"href":"https:\/\/leger360.com\/fr\/wp-json\/wp\/v2\/types\/page"}],"author":[{"embeddable":true,"href":"https:\/\/leger360.com\/fr\/wp-json\/wp\/v2\/users\/28"}],"replies":[{"embeddable":true,"href":"https:\/\/leger360.com\/fr\/wp-json\/wp\/v2\/comments?post=27046"}],"version-history":[{"count":0,"href":"https:\/\/leger360.com\/fr\/wp-json\/wp\/v2\/pages\/27046\/revisions"}],"wp:attachment":[{"href":"https:\/\/leger360.com\/fr\/wp-json\/wp\/v2\/media?parent=27046"}],"curies":[{"name":"wp","href":"https:\/\/api.w.org\/{rel}","templated":true}]}}