{"id":27049,"date":"2026-01-19T16:17:43","date_gmt":"2026-01-19T21:17:43","guid":{"rendered":"https:\/\/leger360.com\/?page_id=27049"},"modified":"2026-01-19T16:17:44","modified_gmt":"2026-01-19T21:17:44","slug":"jacques-nantel","status":"publish","type":"page","link":"https:\/\/leger360.com\/fr\/jacques-nantel\/","title":{"rendered":"Jacques Nantel"},"content":{"rendered":"<p>[et_pb_section fb_built=\u00a0\u00bb1&Prime; custom_padding_last_edited=\u00a0\u00bbon|phone\u00a0\u00bb admin_label=\u00a0\u00bbTeam\u00a0\u00bb _builder_version=\u00a0\u00bb4.23.1&Prime; use_background_color_gradient=\u00a0\u00bbon\u00a0\u00bb background_color_gradient_stops=\u00a0\u00bbrgba(255,255,255,0.75) 45%|#ffffff 100%\u00a0\u00bb background_color_gradient_overlays_image=\u00a0\u00bbon\u00a0\u00bb background_image=\u00a0\u00bbhttps:\/\/leger360.com\/wp-content\/uploads\/2023\/10\/gradient_gris_02.png\u00a0\u00bb custom_margin=\u00a0\u00bb|||\u00a0\u00bb custom_padding=\u00a0\u00bb54px|0px|50px|0px||\u00a0\u00bb custom_padding_tablet=\u00a0\u00bb54px|0px|100px|0px||\u00a0\u00bb custom_padding_phone=\u00a0\u00bb54px|0px|50px|0px|false|false\u00a0\u00bb locked=\u00a0\u00bboff\u00a0\u00bb global_colors_info=\u00a0\u00bb{}\u00a0\u00bb theme_builder_area=\u00a0\u00bbpost_content\u00a0\u00bb][et_pb_row column_structure=\u00a0\u00bb2_5,3_5&Prime; custom_padding_last_edited=\u00a0\u00bbon|tablet\u00a0\u00bb _builder_version=\u00a0\u00bb4.23.1&Prime; _module_preset=\u00a0\u00bbdefault\u00a0\u00bb background_color=\u00a0\u00bb#FFFFFF\u00a0\u00bb width_tablet=\u00a0\u00bb\u00a0\u00bb width_phone=\u00a0\u00bb90%\u00a0\u00bb width_last_edited=\u00a0\u00bbon|phone\u00a0\u00bb custom_padding=\u00a0\u00bb54px|54px|54px|54px|true|true\u00a0\u00bb custom_padding_tablet=\u00a0\u00bb54px|54px|54px|54px|true|true\u00a0\u00bb custom_padding_phone=\u00a0\u00bb0px|35px|25px|35px|false|true\u00a0\u00bb border_radii=\u00a0\u00bbon|15px|15px|15px|15px\u00a0\u00bb box_shadow_style=\u00a0\u00bbpreset3&Prime; locked=\u00a0\u00bboff\u00a0\u00bb global_colors_info=\u00a0\u00bb{}\u00a0\u00bb theme_builder_area=\u00a0\u00bbpost_content\u00a0\u00bb][et_pb_column type=\u00a0\u00bb2_5&Prime; _builder_version=\u00a0\u00bb4.22.2&Prime; _module_preset=\u00a0\u00bbdefault\u00a0\u00bb global_colors_info=\u00a0\u00bb{}\u00a0\u00bb theme_builder_area=\u00a0\u00bbpost_content\u00a0\u00bb][et_pb_image src=\u00a0\u00bbhttps:\/\/leger360.com\/wp-content\/uploads\/2026\/01\/Jacques-Nantel-1.jpg\u00a0\u00bb title_text=\u00a0\u00bbJacques Nantel (1)\u00a0\u00bb _builder_version=\u00a0\u00bb4.27.5&Prime; _module_preset=\u00a0\u00bbdefault\u00a0\u00bb width=\u00a0\u00bb100%\u00a0\u00bb hover_enabled=\u00a0\u00bb0&Prime; global_colors_info=\u00a0\u00bb{}\u00a0\u00bb theme_builder_area=\u00a0\u00bbpost_content\u00a0\u00bb sticky_enabled=\u00a0\u00bb0&Prime;][\/et_pb_image][et_pb_text _builder_version=\u00a0\u00bb4.27.5&Prime; _module_preset=\u00a0\u00bbdefault\u00a0\u00bb text_font=\u00a0\u00bbAptos||||||||\u00a0\u00bb text_text_color=\u00a0\u00bb#2E2E30&Prime; text_font_size=\u00a0\u00bb40px\u00a0\u00bb text_line_height=\u00a0\u00bb1em\u00a0\u00bb header_font_size=\u00a0\u00bb50px\u00a0\u00bb width=\u00a0\u00bb100%\u00a0\u00bb width_tablet=\u00a0\u00bb100%\u00a0\u00bb width_phone=\u00a0\u00bb100%\u00a0\u00bb width_last_edited=\u00a0\u00bbon|phone\u00a0\u00bb custom_margin=\u00a0\u00bb0px||15px||false|false\u00a0\u00bb custom_margin_tablet=\u00a0\u00bb0px||20px||false|false\u00a0\u00bb custom_margin_phone=\u00a0\u00bb0px||20px||false|false\u00a0\u00bb custom_margin_last_edited=\u00a0\u00bbon|desktop\u00a0\u00bb hover_enabled=\u00a0\u00bb0&Prime; text_font_size_tablet=\u00a0\u00bb40px\u00a0\u00bb text_font_size_phone=\u00a0\u00bb30px\u00a0\u00bb text_font_size_last_edited=\u00a0\u00bbon|phone\u00a0\u00bb header_font_size_tablet=\u00a0\u00bb40px\u00a0\u00bb header_font_size_phone=\u00a0\u00bb40px\u00a0\u00bb header_font_size_last_edited=\u00a0\u00bbon|tablet\u00a0\u00bb global_colors_info=\u00a0\u00bb{}\u00a0\u00bb theme_builder_area=\u00a0\u00bbpost_content\u00a0\u00bb sticky_enabled=\u00a0\u00bb0&Prime;]<\/p>\n<p><span data-sheets-value=\"{\" 1=\"\" :2=\"\" 2=\"\" :=\"\" jean-marc=\"\" l=\"\" ger=\"\" data-sheets-userformat=\"{\" :14337=\"\" 3=\"\" :0=\"\" :1=\"\" 14=\"\" :3=\"\" 15=\"\" calibri=\"\" 16=\"\" :11=\"\">Jacques Nantel<\/span><\/p>\n<p>[\/et_pb_text][et_pb_text _builder_version=\u00a0\u00bb4.27.5&Prime; _module_preset=\u00a0\u00bb28cfcf78-1bee-4815-a9d5-6caa8f7a4b47&Prime; text_font=\u00a0\u00bbAptos||||||||\u00a0\u00bb text_text_color=\u00a0\u00bb#000000&Prime; text_line_height=\u00a0\u00bb1.5em\u00a0\u00bb width=\u00a0\u00bb35%\u00a0\u00bb width_tablet=\u00a0\u00bb100%\u00a0\u00bb width_phone=\u00a0\u00bb100%\u00a0\u00bb width_last_edited=\u00a0\u00bbon|desktop\u00a0\u00bb custom_margin=\u00a0\u00bb0px||15px||false|false\u00a0\u00bb custom_padding=\u00a0\u00bb0px||||false|false\u00a0\u00bb hover_enabled=\u00a0\u00bb0&Prime; locked=\u00a0\u00bboff\u00a0\u00bb global_colors_info=\u00a0\u00bb{}\u00a0\u00bb theme_builder_area=\u00a0\u00bbpost_content\u00a0\u00bb sticky_enabled=\u00a0\u00bb0&Prime;]<\/p>\n<p><span>Professeur \u00e9m\u00e9rite, HEC Montr\u00e9al, Canada\u202f<\/span><\/p>\n<p>[\/et_pb_text][\/et_pb_column][et_pb_column type=\u00a0\u00bb3_5&Prime; _builder_version=\u00a0\u00bb4.22.2&Prime; _module_preset=\u00a0\u00bbdefault\u00a0\u00bb global_colors_info=\u00a0\u00bb{}\u00a0\u00bb theme_builder_area=\u00a0\u00bbpost_content\u00a0\u00bb][et_pb_text _builder_version=\u00a0\u00bb4.27.5&Prime; _module_preset=\u00a0\u00bb28cfcf78-1bee-4815-a9d5-6caa8f7a4b47&Prime; text_font=\u00a0\u00bbAptos||||||||\u00a0\u00bb text_text_color=\u00a0\u00bb#000000&Prime; text_line_height=\u00a0\u00bb1.5em\u00a0\u00bb width=\u00a0\u00bb100%\u00a0\u00bb width_tablet=\u00a0\u00bb100%\u00a0\u00bb width_phone=\u00a0\u00bb100%\u00a0\u00bb width_last_edited=\u00a0\u00bbon|desktop\u00a0\u00bb custom_margin=\u00a0\u00bb0px||25px||false|false\u00a0\u00bb custom_padding=\u00a0\u00bb50px||0px||false|false\u00a0\u00bb custom_padding_tablet=\u00a0\u00bb0px||||false|false\u00a0\u00bb custom_padding_phone=\u00a0\u00bb0px||||false|false\u00a0\u00bb custom_padding_last_edited=\u00a0\u00bbon|phone\u00a0\u00bb hover_enabled=\u00a0\u00bb0&Prime; locked=\u00a0\u00bboff\u00a0\u00bb global_colors_info=\u00a0\u00bb{}\u00a0\u00bb sticky_enabled=\u00a0\u00bb0&Prime; theme_builder_area=\u00a0\u00bbpost_content\u00a0\u00bb]<\/p>\n<p><span data-contrast=\"auto\">Jacques\u00a0Nantel\u00a0est membre de l\u2019Ordre du Canada.\u00a0Il a principalement\u00a0\u0153uvr\u00e9\u00a0au sein de HEC Montr\u00e9al de 1981 \u00e0 2018, une institution\u00a0qui lui\u00a0a d\u00e9cern\u00e9 le titre de professeur \u00e9m\u00e9rite.<\/span><span data-ccp-props=\"{}\">\u00a0<\/span><\/p>\n<p><span data-contrast=\"auto\">Titulaire des chaires Omer\u00a0DeSerres\u00a0en commerce de d\u00e9tail et RBC groupe financier en commerce \u00e9lectronique, Jacques\u00a0Nantel\u00a0a\u00a0\u00e9galement \u00e9t\u00e9 directeur des programmes et secr\u00e9taire g\u00e9n\u00e9ral de HEC\u00a0Montr\u00e9al.\u00a0<\/span><span data-ccp-props=\"{}\">\u00a0<\/span><\/p>\n<p><span data-contrast=\"auto\">Il est connu pour ses nombreuses publications dans des p\u00e9riodiques scientifiques ainsi que pour ses contributions \u00e0\u00a0plusieurs m\u00e9dias\u00a0dont Le Monde diplomatique, le NYT, le Globe and Mail Le\u00a0JdeM, La presse ainsi que Radio\u00a0Canada.<\/span><span data-ccp-props=\"{}\">\u00a0<\/span><\/p>\n<p><span data-contrast=\"auto\">Il est membre ou a \u00e9t\u00e9 membre de plusieurs conseils d\u2019administration d\u2019entreprises et d\u2019organismes dont : Leger, Groupe Germain, l\u2019OACIQ, Groupe Vid\u00e9otron, Groupe Renaud-Bray, Centraide du grand Montr\u00e9al, La Vie en Rose, Souris-Mini, Les Aliments Cordon Bleue, l\u2019ITHQ,\u00a0\u00a0MedicArt\u00a0et le Coll\u00e8ge Jean de Br\u00e9beuf.<\/span><span data-ccp-props=\"{}\">\u00a0<\/span><\/p>\n<p>[\/et_pb_text][\/et_pb_column][\/et_pb_row][\/et_pb_section]<\/p>\n","protected":false},"excerpt":{"rendered":"<p>Jacques NantelProfesseur \u00e9m\u00e9rite, HEC Montr\u00e9al, Canada\u202fJacques\u00a0Nantel\u00a0est membre de l\u2019Ordre du Canada.\u00a0Il a principalement\u00a0\u0153uvr\u00e9\u00a0au sein de HEC Montr\u00e9al de 1981 \u00e0 2018, une institution\u00a0qui lui\u00a0a d\u00e9cern\u00e9 le titre de professeur \u00e9m\u00e9rite.\u00a0 Titulaire des chaires Omer\u00a0DeSerres\u00a0en commerce de d\u00e9tail et RBC groupe financier en commerce \u00e9lectronique, Jacques\u00a0Nantel\u00a0a\u00a0\u00e9galement \u00e9t\u00e9 directeur des programmes et secr\u00e9taire g\u00e9n\u00e9ral de HEC\u00a0Montr\u00e9al.\u00a0\u00a0 Il est connu pour ses nombreuses publications dans des p\u00e9riodiques scientifiques ainsi que pour ses contributions \u00e0\u00a0plusieurs m\u00e9dias\u00a0dont Le Monde diplomatique, le NYT, le Globe and Mail Le\u00a0JdeM, La presse ainsi que Radio\u00a0Canada.\u00a0 Il est membre ou a \u00e9t\u00e9 membre de plusieurs conseils d\u2019administration d\u2019entreprises et d\u2019organismes dont : Leger, Groupe Germain, l\u2019OACIQ, Groupe Vid\u00e9otron, Groupe Renaud-Bray, Centraide du grand Montr\u00e9al, La Vie en Rose, Souris-Mini, Les Aliments Cordon Bleue, l\u2019ITHQ,\u00a0\u00a0MedicArt\u00a0et le Coll\u00e8ge Jean de Br\u00e9beuf.\u00a0<\/p>\n","protected":false},"author":28,"featured_media":0,"parent":0,"menu_order":0,"comment_status":"closed","ping_status":"closed","template":"","meta":{"_acf_changed":false,"_et_pb_use_builder":"on","_et_pb_old_content":"","_et_gb_content_width":"","content-type":"","inline_featured_image":false,"footnotes":""},"class_list":["post-27049","page","type-page","status-publish","hentry"],"acf":[],"yoast_head":"<!-- This site is optimized with the Yoast SEO Premium plugin v27.4 (Yoast SEO v27.4) - https:\/\/yoast.com\/product\/yoast-seo-premium-wordpress\/ -->\n<title>Comit\u00e9 scientifique IA : Jacques Nantel - L\u00e9ger<\/title>\n<meta name=\"robots\" content=\"index, follow, max-snippet:-1, max-image-preview:large, max-video-preview:-1\" \/>\n<link rel=\"canonical\" href=\"https:\/\/leger360.com\/fr\/jacques-nantel\/\" \/>\n<meta property=\"og:locale\" content=\"fr_CA\" \/>\n<meta property=\"og:type\" content=\"article\" \/>\n<meta property=\"og:title\" content=\"Jacques Nantel\" \/>\n<meta property=\"og:description\" content=\"Jacques NantelProfesseur \u00e9m\u00e9rite, HEC Montr\u00e9al, Canada\u202fJacques\u00a0Nantel\u00a0est membre de l\u2019Ordre du Canada.\u00a0Il a principalement\u00a0\u0153uvr\u00e9\u00a0au sein de HEC Montr\u00e9al de 1981 \u00e0 2018, une institution\u00a0qui lui\u00a0a d\u00e9cern\u00e9 le titre de professeur \u00e9m\u00e9rite.\u00a0 Titulaire des chaires Omer\u00a0DeSerres\u00a0en commerce de d\u00e9tail et RBC groupe financier en commerce \u00e9lectronique, Jacques\u00a0Nantel\u00a0a\u00a0\u00e9galement \u00e9t\u00e9 directeur des programmes et secr\u00e9taire g\u00e9n\u00e9ral de HEC\u00a0Montr\u00e9al.\u00a0\u00a0 Il est connu pour ses nombreuses publications dans des p\u00e9riodiques scientifiques ainsi que pour ses contributions \u00e0\u00a0plusieurs m\u00e9dias\u00a0dont Le Monde diplomatique, le NYT, le Globe and Mail Le\u00a0JdeM, La presse ainsi que Radio\u00a0Canada.\u00a0 Il est membre ou a \u00e9t\u00e9 membre de plusieurs conseils d\u2019administration d\u2019entreprises et d\u2019organismes dont : Leger, Groupe Germain, l\u2019OACIQ, Groupe Vid\u00e9otron, Groupe Renaud-Bray, Centraide du grand Montr\u00e9al, La Vie en Rose, Souris-Mini, Les Aliments Cordon Bleue, l\u2019ITHQ,\u00a0\u00a0MedicArt\u00a0et le Coll\u00e8ge Jean de Br\u00e9beuf.\u00a0\" \/>\n<meta property=\"og:url\" content=\"https:\/\/leger360.com\/fr\/jacques-nantel\/\" \/>\n<meta property=\"og:site_name\" content=\"Leger\" \/>\n<meta property=\"article:publisher\" content=\"https:\/\/www.facebook.com\/leger360\/\" \/>\n<meta property=\"article:modified_time\" content=\"2026-01-19T21:17:44+00:00\" \/>\n<meta property=\"og:image\" content=\"https:\/\/leger360.com\/wp-content\/uploads\/2024\/04\/leger-feature-img-home.png\" \/>\n\t<meta property=\"og:image:width\" content=\"1354\" \/>\n\t<meta property=\"og:image:height\" content=\"872\" \/>\n\t<meta property=\"og:image:type\" content=\"image\/png\" \/>\n<meta name=\"twitter:card\" content=\"summary_large_image\" \/>\n<meta name=\"twitter:site\" content=\"@leger360\" \/>\n<script type=\"application\/ld+json\" class=\"yoast-schema-graph\">{\"@context\":\"https:\\\/\\\/schema.org\",\"@graph\":[{\"@type\":\"WebPage\",\"@id\":\"https:\\\/\\\/leger360.com\\\/fr\\\/jacques-nantel\\\/\",\"url\":\"https:\\\/\\\/leger360.com\\\/fr\\\/jacques-nantel\\\/\",\"name\":\"Comit\u00e9 scientifique IA : Jacques Nantel - L\u00e9ger\",\"isPartOf\":{\"@id\":\"https:\\\/\\\/leger360.com\\\/fr\\\/#website\"},\"datePublished\":\"2026-01-19T21:17:43+00:00\",\"dateModified\":\"2026-01-19T21:17:44+00:00\",\"breadcrumb\":{\"@id\":\"https:\\\/\\\/leger360.com\\\/fr\\\/jacques-nantel\\\/#breadcrumb\"},\"inLanguage\":\"fr-CA\",\"potentialAction\":[{\"@type\":\"ReadAction\",\"target\":[\"https:\\\/\\\/leger360.com\\\/fr\\\/jacques-nantel\\\/\"]}]},{\"@type\":\"BreadcrumbList\",\"@id\":\"https:\\\/\\\/leger360.com\\\/fr\\\/jacques-nantel\\\/#breadcrumb\",\"itemListElement\":[{\"@type\":\"ListItem\",\"position\":1,\"name\":\"Home\",\"item\":\"https:\\\/\\\/leger360.com\\\/fr\\\/\"},{\"@type\":\"ListItem\",\"position\":2,\"name\":\"Jacques Nantel\"}]},{\"@type\":\"WebSite\",\"@id\":\"https:\\\/\\\/leger360.com\\\/fr\\\/#website\",\"url\":\"https:\\\/\\\/leger360.com\\\/fr\\\/\",\"name\":\"Leger\",\"description\":\"Market Research | Data Analytics\",\"publisher\":{\"@id\":\"https:\\\/\\\/leger360.com\\\/fr\\\/#organization\"},\"potentialAction\":[{\"@type\":\"SearchAction\",\"target\":{\"@type\":\"EntryPoint\",\"urlTemplate\":\"https:\\\/\\\/leger360.com\\\/fr\\\/?s={search_term_string}\"},\"query-input\":{\"@type\":\"PropertyValueSpecification\",\"valueRequired\":true,\"valueName\":\"search_term_string\"}}],\"inLanguage\":\"fr-CA\"},{\"@type\":\"Organization\",\"@id\":\"https:\\\/\\\/leger360.com\\\/fr\\\/#organization\",\"name\":\"Leger\",\"url\":\"https:\\\/\\\/leger360.com\\\/fr\\\/\",\"logo\":{\"@type\":\"ImageObject\",\"inLanguage\":\"fr-CA\",\"@id\":\"https:\\\/\\\/leger360.com\\\/fr\\\/#\\\/schema\\\/logo\\\/image\\\/\",\"url\":\"https:\\\/\\\/leger360.com\\\/wp-content\\\/uploads\\\/2024\\\/04\\\/2022-Logo-Leger-Blackred-g.png\",\"contentUrl\":\"https:\\\/\\\/leger360.com\\\/wp-content\\\/uploads\\\/2024\\\/04\\\/2022-Logo-Leger-Blackred-g.png\",\"width\":1195,\"height\":686,\"caption\":\"Leger\"},\"image\":{\"@id\":\"https:\\\/\\\/leger360.com\\\/fr\\\/#\\\/schema\\\/logo\\\/image\\\/\"},\"sameAs\":[\"https:\\\/\\\/www.facebook.com\\\/leger360\\\/\",\"https:\\\/\\\/x.com\\\/leger360\",\"https:\\\/\\\/www.linkedin.com\\\/company\\\/leger360\\\/\"],\"description\":\"Leger is one of North America\u2019s fastest-growing market research companies, known for our forward-thinking experts and innovative approaches powered by artificial intelligence (AI) technologies.\"}]}<\/script>\n<!-- \/ Yoast SEO Premium plugin. -->","yoast_head_json":{"title":"Comit\u00e9 scientifique IA : Jacques Nantel - L\u00e9ger","robots":{"index":"index","follow":"follow","max-snippet":"max-snippet:-1","max-image-preview":"max-image-preview:large","max-video-preview":"max-video-preview:-1"},"canonical":"https:\/\/leger360.com\/fr\/jacques-nantel\/","og_locale":"fr_CA","og_type":"article","og_title":"Jacques Nantel","og_description":"Jacques NantelProfesseur \u00e9m\u00e9rite, HEC Montr\u00e9al, Canada\u202fJacques\u00a0Nantel\u00a0est membre de l\u2019Ordre du Canada.\u00a0Il a principalement\u00a0\u0153uvr\u00e9\u00a0au sein de HEC Montr\u00e9al de 1981 \u00e0 2018, une institution\u00a0qui lui\u00a0a d\u00e9cern\u00e9 le titre de professeur \u00e9m\u00e9rite.\u00a0 Titulaire des chaires Omer\u00a0DeSerres\u00a0en commerce de d\u00e9tail et RBC groupe financier en commerce \u00e9lectronique, Jacques\u00a0Nantel\u00a0a\u00a0\u00e9galement \u00e9t\u00e9 directeur des programmes et secr\u00e9taire g\u00e9n\u00e9ral de HEC\u00a0Montr\u00e9al.\u00a0\u00a0 Il est connu pour ses nombreuses publications dans des p\u00e9riodiques scientifiques ainsi que pour ses contributions \u00e0\u00a0plusieurs m\u00e9dias\u00a0dont Le Monde diplomatique, le NYT, le Globe and Mail Le\u00a0JdeM, La presse ainsi que Radio\u00a0Canada.\u00a0 Il est membre ou a \u00e9t\u00e9 membre de plusieurs conseils d\u2019administration d\u2019entreprises et d\u2019organismes dont : Leger, Groupe Germain, l\u2019OACIQ, Groupe Vid\u00e9otron, Groupe Renaud-Bray, Centraide du grand Montr\u00e9al, La Vie en Rose, Souris-Mini, Les Aliments Cordon Bleue, l\u2019ITHQ,\u00a0\u00a0MedicArt\u00a0et le Coll\u00e8ge Jean de Br\u00e9beuf.\u00a0","og_url":"https:\/\/leger360.com\/fr\/jacques-nantel\/","og_site_name":"Leger","article_publisher":"https:\/\/www.facebook.com\/leger360\/","article_modified_time":"2026-01-19T21:17:44+00:00","og_image":[{"width":1354,"height":872,"url":"https:\/\/leger360.com\/wp-content\/uploads\/2024\/04\/leger-feature-img-home.png","type":"image\/png"}],"twitter_card":"summary_large_image","twitter_site":"@leger360","schema":{"@context":"https:\/\/schema.org","@graph":[{"@type":"WebPage","@id":"https:\/\/leger360.com\/fr\/jacques-nantel\/","url":"https:\/\/leger360.com\/fr\/jacques-nantel\/","name":"Comit\u00e9 scientifique IA : Jacques Nantel - L\u00e9ger","isPartOf":{"@id":"https:\/\/leger360.com\/fr\/#website"},"datePublished":"2026-01-19T21:17:43+00:00","dateModified":"2026-01-19T21:17:44+00:00","breadcrumb":{"@id":"https:\/\/leger360.com\/fr\/jacques-nantel\/#breadcrumb"},"inLanguage":"fr-CA","potentialAction":[{"@type":"ReadAction","target":["https:\/\/leger360.com\/fr\/jacques-nantel\/"]}]},{"@type":"BreadcrumbList","@id":"https:\/\/leger360.com\/fr\/jacques-nantel\/#breadcrumb","itemListElement":[{"@type":"ListItem","position":1,"name":"Home","item":"https:\/\/leger360.com\/fr\/"},{"@type":"ListItem","position":2,"name":"Jacques Nantel"}]},{"@type":"WebSite","@id":"https:\/\/leger360.com\/fr\/#website","url":"https:\/\/leger360.com\/fr\/","name":"Leger","description":"Market Research | Data Analytics","publisher":{"@id":"https:\/\/leger360.com\/fr\/#organization"},"potentialAction":[{"@type":"SearchAction","target":{"@type":"EntryPoint","urlTemplate":"https:\/\/leger360.com\/fr\/?s={search_term_string}"},"query-input":{"@type":"PropertyValueSpecification","valueRequired":true,"valueName":"search_term_string"}}],"inLanguage":"fr-CA"},{"@type":"Organization","@id":"https:\/\/leger360.com\/fr\/#organization","name":"Leger","url":"https:\/\/leger360.com\/fr\/","logo":{"@type":"ImageObject","inLanguage":"fr-CA","@id":"https:\/\/leger360.com\/fr\/#\/schema\/logo\/image\/","url":"https:\/\/leger360.com\/wp-content\/uploads\/2024\/04\/2022-Logo-Leger-Blackred-g.png","contentUrl":"https:\/\/leger360.com\/wp-content\/uploads\/2024\/04\/2022-Logo-Leger-Blackred-g.png","width":1195,"height":686,"caption":"Leger"},"image":{"@id":"https:\/\/leger360.com\/fr\/#\/schema\/logo\/image\/"},"sameAs":["https:\/\/www.facebook.com\/leger360\/","https:\/\/x.com\/leger360","https:\/\/www.linkedin.com\/company\/leger360\/"],"description":"Leger is one of North America\u2019s fastest-growing market research companies, known for our forward-thinking experts and innovative approaches powered by artificial intelligence (AI) technologies."}]}},"_links":{"self":[{"href":"https:\/\/leger360.com\/fr\/wp-json\/wp\/v2\/pages\/27049","targetHints":{"allow":["GET"]}}],"collection":[{"href":"https:\/\/leger360.com\/fr\/wp-json\/wp\/v2\/pages"}],"about":[{"href":"https:\/\/leger360.com\/fr\/wp-json\/wp\/v2\/types\/page"}],"author":[{"embeddable":true,"href":"https:\/\/leger360.com\/fr\/wp-json\/wp\/v2\/users\/28"}],"replies":[{"embeddable":true,"href":"https:\/\/leger360.com\/fr\/wp-json\/wp\/v2\/comments?post=27049"}],"version-history":[{"count":0,"href":"https:\/\/leger360.com\/fr\/wp-json\/wp\/v2\/pages\/27049\/revisions"}],"wp:attachment":[{"href":"https:\/\/leger360.com\/fr\/wp-json\/wp\/v2\/media?parent=27049"}],"curies":[{"name":"wp","href":"https:\/\/api.w.org\/{rel}","templated":true}]}}