{"id":27050,"date":"2026-01-19T16:22:35","date_gmt":"2026-01-19T21:22:35","guid":{"rendered":"https:\/\/leger360.com\/?page_id=27050"},"modified":"2026-01-19T16:22:36","modified_gmt":"2026-01-19T21:22:36","slug":"dharmendra-jain","status":"publish","type":"page","link":"https:\/\/leger360.com\/fr\/dharmendra-jain\/","title":{"rendered":"Dharmendra Jain\u00a0"},"content":{"rendered":"<p>[et_pb_section fb_built=\u00a0\u00bb1&Prime; custom_padding_last_edited=\u00a0\u00bbon|phone\u00a0\u00bb admin_label=\u00a0\u00bbTeam\u00a0\u00bb _builder_version=\u00a0\u00bb4.23.1&Prime; use_background_color_gradient=\u00a0\u00bbon\u00a0\u00bb background_color_gradient_stops=\u00a0\u00bbrgba(255,255,255,0.75) 45%|#ffffff 100%\u00a0\u00bb background_color_gradient_overlays_image=\u00a0\u00bbon\u00a0\u00bb background_image=\u00a0\u00bbhttps:\/\/leger360.com\/wp-content\/uploads\/2023\/10\/gradient_gris_02.png\u00a0\u00bb custom_margin=\u00a0\u00bb|||\u00a0\u00bb custom_padding=\u00a0\u00bb54px|0px|50px|0px||\u00a0\u00bb custom_padding_tablet=\u00a0\u00bb54px|0px|100px|0px||\u00a0\u00bb custom_padding_phone=\u00a0\u00bb54px|0px|50px|0px|false|false\u00a0\u00bb locked=\u00a0\u00bboff\u00a0\u00bb global_colors_info=\u00a0\u00bb{}\u00a0\u00bb theme_builder_area=\u00a0\u00bbpost_content\u00a0\u00bb][et_pb_row column_structure=\u00a0\u00bb2_5,3_5&Prime; custom_padding_last_edited=\u00a0\u00bbon|tablet\u00a0\u00bb _builder_version=\u00a0\u00bb4.23.1&Prime; _module_preset=\u00a0\u00bbdefault\u00a0\u00bb background_color=\u00a0\u00bb#FFFFFF\u00a0\u00bb width_tablet=\u00a0\u00bb\u00a0\u00bb width_phone=\u00a0\u00bb90%\u00a0\u00bb width_last_edited=\u00a0\u00bbon|phone\u00a0\u00bb custom_padding=\u00a0\u00bb54px|54px|54px|54px|true|true\u00a0\u00bb custom_padding_tablet=\u00a0\u00bb54px|54px|54px|54px|true|true\u00a0\u00bb custom_padding_phone=\u00a0\u00bb0px|35px|25px|35px|false|true\u00a0\u00bb border_radii=\u00a0\u00bbon|15px|15px|15px|15px\u00a0\u00bb box_shadow_style=\u00a0\u00bbpreset3&Prime; locked=\u00a0\u00bboff\u00a0\u00bb global_colors_info=\u00a0\u00bb{}\u00a0\u00bb theme_builder_area=\u00a0\u00bbpost_content\u00a0\u00bb][et_pb_column type=\u00a0\u00bb2_5&Prime; _builder_version=\u00a0\u00bb4.22.2&Prime; _module_preset=\u00a0\u00bbdefault\u00a0\u00bb global_colors_info=\u00a0\u00bb{}\u00a0\u00bb theme_builder_area=\u00a0\u00bbpost_content\u00a0\u00bb][et_pb_image src=\u00a0\u00bbhttps:\/\/leger360.com\/wp-content\/uploads\/2026\/01\/Dharmendra-Jain-1.jpg\u00a0\u00bb title_text=\u00a0\u00bbDharmendra Jain (1)\u00a0\u00bb _builder_version=\u00a0\u00bb4.27.5&Prime; _module_preset=\u00a0\u00bbdefault\u00a0\u00bb width=\u00a0\u00bb100%\u00a0\u00bb hover_enabled=\u00a0\u00bb0&Prime; global_colors_info=\u00a0\u00bb{}\u00a0\u00bb theme_builder_area=\u00a0\u00bbpost_content\u00a0\u00bb sticky_enabled=\u00a0\u00bb0&Prime;][\/et_pb_image][et_pb_text _builder_version=\u00a0\u00bb4.27.5&Prime; _module_preset=\u00a0\u00bbdefault\u00a0\u00bb text_font=\u00a0\u00bbAptos||||||||\u00a0\u00bb text_text_color=\u00a0\u00bb#2E2E30&Prime; text_font_size=\u00a0\u00bb40px\u00a0\u00bb text_line_height=\u00a0\u00bb1em\u00a0\u00bb header_font_size=\u00a0\u00bb50px\u00a0\u00bb width=\u00a0\u00bb100%\u00a0\u00bb width_tablet=\u00a0\u00bb100%\u00a0\u00bb width_phone=\u00a0\u00bb100%\u00a0\u00bb width_last_edited=\u00a0\u00bbon|phone\u00a0\u00bb custom_margin=\u00a0\u00bb0px||15px||false|false\u00a0\u00bb custom_margin_tablet=\u00a0\u00bb0px||20px||false|false\u00a0\u00bb custom_margin_phone=\u00a0\u00bb0px||20px||false|false\u00a0\u00bb custom_margin_last_edited=\u00a0\u00bbon|desktop\u00a0\u00bb hover_enabled=\u00a0\u00bb0&Prime; text_font_size_tablet=\u00a0\u00bb40px\u00a0\u00bb text_font_size_phone=\u00a0\u00bb30px\u00a0\u00bb text_font_size_last_edited=\u00a0\u00bbon|phone\u00a0\u00bb header_font_size_tablet=\u00a0\u00bb40px\u00a0\u00bb header_font_size_phone=\u00a0\u00bb40px\u00a0\u00bb header_font_size_last_edited=\u00a0\u00bbon|tablet\u00a0\u00bb global_colors_info=\u00a0\u00bb{}\u00a0\u00bb theme_builder_area=\u00a0\u00bbpost_content\u00a0\u00bb sticky_enabled=\u00a0\u00bb0&Prime;]<\/p>\n<p>Dharmendra Jain<\/p>\n<p>[\/et_pb_text][et_pb_text _builder_version=\u00a0\u00bb4.27.5&Prime; _module_preset=\u00a0\u00bb28cfcf78-1bee-4815-a9d5-6caa8f7a4b47&Prime; text_font=\u00a0\u00bbAptos||||||||\u00a0\u00bb text_text_color=\u00a0\u00bb#000000&Prime; text_line_height=\u00a0\u00bb1.5em\u00a0\u00bb width=\u00a0\u00bb35%\u00a0\u00bb width_tablet=\u00a0\u00bb100%\u00a0\u00bb width_phone=\u00a0\u00bb100%\u00a0\u00bb width_last_edited=\u00a0\u00bbon|desktop\u00a0\u00bb custom_margin=\u00a0\u00bb0px||15px||false|false\u00a0\u00bb custom_padding=\u00a0\u00bb0px||||false|false\u00a0\u00bb hover_enabled=\u00a0\u00bb0&Prime; locked=\u00a0\u00bboff\u00a0\u00bb global_colors_info=\u00a0\u00bb{}\u00a0\u00bb theme_builder_area=\u00a0\u00bbpost_content\u00a0\u00bb sticky_enabled=\u00a0\u00bb0&Prime;]<\/p>\n<p><span>Pr\u00e9sident,\u202fActnable\u202fAI, Kenya<\/span><\/p>\n<p>[\/et_pb_text][\/et_pb_column][et_pb_column type=\u00a0\u00bb3_5&Prime; _builder_version=\u00a0\u00bb4.22.2&Prime; _module_preset=\u00a0\u00bbdefault\u00a0\u00bb global_colors_info=\u00a0\u00bb{}\u00a0\u00bb theme_builder_area=\u00a0\u00bbpost_content\u00a0\u00bb][et_pb_text _builder_version=\u00a0\u00bb4.27.5&Prime; _module_preset=\u00a0\u00bb28cfcf78-1bee-4815-a9d5-6caa8f7a4b47&Prime; text_font=\u00a0\u00bbAptos||||||||\u00a0\u00bb text_text_color=\u00a0\u00bb#000000&Prime; text_line_height=\u00a0\u00bb1.5em\u00a0\u00bb width=\u00a0\u00bb100%\u00a0\u00bb width_tablet=\u00a0\u00bb100%\u00a0\u00bb width_phone=\u00a0\u00bb100%\u00a0\u00bb width_last_edited=\u00a0\u00bbon|desktop\u00a0\u00bb custom_margin=\u00a0\u00bb0px||25px||false|false\u00a0\u00bb custom_padding=\u00a0\u00bb50px||0px||false|false\u00a0\u00bb custom_padding_tablet=\u00a0\u00bb0px||||false|false\u00a0\u00bb custom_padding_phone=\u00a0\u00bb0px||||false|false\u00a0\u00bb custom_padding_last_edited=\u00a0\u00bbon|phone\u00a0\u00bb hover_enabled=\u00a0\u00bb0&Prime; locked=\u00a0\u00bboff\u00a0\u00bb global_colors_info=\u00a0\u00bb{}\u00a0\u00bb sticky_enabled=\u00a0\u00bb0&Prime; theme_builder_area=\u00a0\u00bbpost_content\u00a0\u00bb]<\/p>\n<p>Dharmendra Jain est le fondateur et PDG d&rsquo;Actnable AI, une soci\u00e9t\u00e9 de technologie de recherche qui propose des innovations bas\u00e9es sur l&rsquo;IA et la Gen-AI au secteur des \u00e9tudes de march\u00e9. Fort de plus de 20 ans d&rsquo;expertise dans le domaine des \u00e9tudes de march\u00e9 en Inde et en Afrique, il a pr\u00e9c\u00e9demment occup\u00e9 le poste de directeur des op\u00e9rations chez Kantar, o\u00f9 il supervisait les op\u00e9rations en Afrique occidentale, orientale et centrale.<\/p>\n<p>Reconnu comme un leader dans son domaine, Dharmendra a si\u00e9g\u00e9 au conseil d&rsquo;administration de l&rsquo;ESOMAR (2023-24) et a coordonn\u00e9 le groupe de travail sur l&rsquo;IA de l&rsquo;ESOMAR. Il a \u00e9t\u00e9 r\u00e9compens\u00e9 par le prix Insights250 2024 &amp; 2025 pour sa contribution \u00e0 l&rsquo;industrie.<\/p>\n<p>Dharmendra est titulaire d&rsquo;une ma\u00eetrise en physique appliqu\u00e9e, d&rsquo;un dipl\u00f4me de troisi\u00e8me cycle en analyse commerciale et m\u00e9gadonn\u00e9es, ainsi que d&rsquo;un certificat en leadership en mati\u00e8re de donn\u00e9es et d&rsquo;IA d\u00e9livr\u00e9 par le MIT Professional Education.<\/p>\n<p>Sp\u00e9cialis\u00e9 dans l&rsquo;innovation bas\u00e9e sur l&rsquo;IA pour la connaissance des consommateurs, les \u00e9tudes de march\u00e9 et l&rsquo;intelligence \u00e9conomique bas\u00e9e sur les donn\u00e9es, Dharmendra intervient r\u00e9guli\u00e8rement lors de conf\u00e9rences internationales. C&rsquo;est un mentor et une personne sociable, qui s&rsquo;efforce de faire ressortir le meilleur chez les autres.<\/p>\n<p>[\/et_pb_text][\/et_pb_column][\/et_pb_row][\/et_pb_section]<\/p>\n","protected":false},"excerpt":{"rendered":"<p>Dharmendra JainPr\u00e9sident,\u202fActnable\u202fAI, KenyaDharmendra Jain est le fondateur et PDG d&rsquo;Actnable AI, une soci\u00e9t\u00e9 de technologie de recherche qui propose des innovations bas\u00e9es sur l&rsquo;IA et la Gen-AI au secteur des \u00e9tudes de march\u00e9. Fort de plus de 20 ans d&rsquo;expertise dans le domaine des \u00e9tudes de march\u00e9 en Inde et en Afrique, il a pr\u00e9c\u00e9demment occup\u00e9 le poste de directeur des op\u00e9rations chez Kantar, o\u00f9 il supervisait les op\u00e9rations en Afrique occidentale, orientale et centrale. Reconnu comme un leader dans son domaine, Dharmendra a si\u00e9g\u00e9 au conseil d&rsquo;administration de l&rsquo;ESOMAR (2023-24) et a coordonn\u00e9 le groupe de travail sur l&rsquo;IA de l&rsquo;ESOMAR. Il a \u00e9t\u00e9 r\u00e9compens\u00e9 par le prix Insights250 2024 &amp; 2025 pour sa contribution \u00e0 l&rsquo;industrie. Dharmendra est titulaire d&rsquo;une ma\u00eetrise en physique appliqu\u00e9e, d&rsquo;un dipl\u00f4me de troisi\u00e8me cycle en analyse commerciale et m\u00e9gadonn\u00e9es, ainsi que d&rsquo;un certificat en leadership en mati\u00e8re de donn\u00e9es et d&rsquo;IA d\u00e9livr\u00e9 par le MIT Professional Education. Sp\u00e9cialis\u00e9 dans l&rsquo;innovation bas\u00e9e sur l&rsquo;IA pour la connaissance des consommateurs, les \u00e9tudes de march\u00e9 et l&rsquo;intelligence \u00e9conomique bas\u00e9e sur les donn\u00e9es, Dharmendra intervient r\u00e9guli\u00e8rement lors de conf\u00e9rences internationales. C&rsquo;est un mentor et une personne sociable, qui s&rsquo;efforce de faire ressortir le meilleur chez les autres.<\/p>\n","protected":false},"author":28,"featured_media":0,"parent":0,"menu_order":0,"comment_status":"closed","ping_status":"closed","template":"","meta":{"_acf_changed":false,"_et_pb_use_builder":"on","_et_pb_old_content":"","_et_gb_content_width":"","content-type":"","inline_featured_image":false,"footnotes":""},"class_list":["post-27050","page","type-page","status-publish","hentry"],"acf":[],"yoast_head":"<!-- This site is optimized with the Yoast SEO Premium plugin v27.3 (Yoast SEO v27.3) - https:\/\/yoast.com\/product\/yoast-seo-premium-wordpress\/ -->\n<title>Comit\u00e9 scientifique IA : Dharmendra Jain - L\u00e9ger<\/title>\n<meta name=\"robots\" content=\"index, follow, max-snippet:-1, max-image-preview:large, max-video-preview:-1\" \/>\n<link rel=\"canonical\" href=\"https:\/\/leger360.com\/fr\/dharmendra-jain\/\" \/>\n<meta property=\"og:locale\" content=\"fr_CA\" \/>\n<meta property=\"og:type\" content=\"article\" \/>\n<meta property=\"og:title\" content=\"Dharmendra Jain\u00a0\" \/>\n<meta property=\"og:description\" content=\"Dharmendra JainPr\u00e9sident,\u202fActnable\u202fAI, KenyaDharmendra Jain est le fondateur et PDG d&#039;Actnable AI, une soci\u00e9t\u00e9 de technologie de recherche qui propose des innovations bas\u00e9es sur l&#039;IA et la Gen-AI au secteur des \u00e9tudes de march\u00e9. Fort de plus de 20 ans d&#039;expertise dans le domaine des \u00e9tudes de march\u00e9 en Inde et en Afrique, il a pr\u00e9c\u00e9demment occup\u00e9 le poste de directeur des op\u00e9rations chez Kantar, o\u00f9 il supervisait les op\u00e9rations en Afrique occidentale, orientale et centrale. Reconnu comme un leader dans son domaine, Dharmendra a si\u00e9g\u00e9 au conseil d&#039;administration de l&#039;ESOMAR (2023-24) et a coordonn\u00e9 le groupe de travail sur l&#039;IA de l&#039;ESOMAR. Il a \u00e9t\u00e9 r\u00e9compens\u00e9 par le prix Insights250 2024 &amp; 2025 pour sa contribution \u00e0 l&#039;industrie. Dharmendra est titulaire d&#039;une ma\u00eetrise en physique appliqu\u00e9e, d&#039;un dipl\u00f4me de troisi\u00e8me cycle en analyse commerciale et m\u00e9gadonn\u00e9es, ainsi que d&#039;un certificat en leadership en mati\u00e8re de donn\u00e9es et d&#039;IA d\u00e9livr\u00e9 par le MIT Professional Education. Sp\u00e9cialis\u00e9 dans l&#039;innovation bas\u00e9e sur l&#039;IA pour la connaissance des consommateurs, les \u00e9tudes de march\u00e9 et l&#039;intelligence \u00e9conomique bas\u00e9e sur les donn\u00e9es, Dharmendra intervient r\u00e9guli\u00e8rement lors de conf\u00e9rences internationales. C&#039;est un mentor et une personne sociable, qui s&#039;efforce de faire ressortir le meilleur chez les autres.\" \/>\n<meta property=\"og:url\" content=\"https:\/\/leger360.com\/fr\/dharmendra-jain\/\" \/>\n<meta property=\"og:site_name\" content=\"Leger\" \/>\n<meta property=\"article:publisher\" content=\"https:\/\/www.facebook.com\/leger360\/\" \/>\n<meta property=\"article:modified_time\" content=\"2026-01-19T21:22:36+00:00\" \/>\n<meta property=\"og:image\" content=\"https:\/\/leger360.com\/wp-content\/uploads\/2024\/04\/leger-feature-img-home.png\" \/>\n\t<meta property=\"og:image:width\" content=\"1354\" \/>\n\t<meta property=\"og:image:height\" content=\"872\" \/>\n\t<meta property=\"og:image:type\" content=\"image\/png\" \/>\n<meta name=\"twitter:card\" content=\"summary_large_image\" \/>\n<meta name=\"twitter:site\" content=\"@leger360\" \/>\n<script type=\"application\/ld+json\" class=\"yoast-schema-graph\">{\"@context\":\"https:\\\/\\\/schema.org\",\"@graph\":[{\"@type\":\"WebPage\",\"@id\":\"https:\\\/\\\/leger360.com\\\/fr\\\/dharmendra-jain\\\/\",\"url\":\"https:\\\/\\\/leger360.com\\\/fr\\\/dharmendra-jain\\\/\",\"name\":\"Comit\u00e9 scientifique IA : Dharmendra Jain - L\u00e9ger\",\"isPartOf\":{\"@id\":\"https:\\\/\\\/leger360.com\\\/fr\\\/#website\"},\"datePublished\":\"2026-01-19T21:22:35+00:00\",\"dateModified\":\"2026-01-19T21:22:36+00:00\",\"breadcrumb\":{\"@id\":\"https:\\\/\\\/leger360.com\\\/fr\\\/dharmendra-jain\\\/#breadcrumb\"},\"inLanguage\":\"fr-CA\",\"potentialAction\":[{\"@type\":\"ReadAction\",\"target\":[\"https:\\\/\\\/leger360.com\\\/fr\\\/dharmendra-jain\\\/\"]}]},{\"@type\":\"BreadcrumbList\",\"@id\":\"https:\\\/\\\/leger360.com\\\/fr\\\/dharmendra-jain\\\/#breadcrumb\",\"itemListElement\":[{\"@type\":\"ListItem\",\"position\":1,\"name\":\"Home\",\"item\":\"https:\\\/\\\/leger360.com\\\/fr\\\/\"},{\"@type\":\"ListItem\",\"position\":2,\"name\":\"Dharmendra Jain\u00a0\"}]},{\"@type\":\"WebSite\",\"@id\":\"https:\\\/\\\/leger360.com\\\/fr\\\/#website\",\"url\":\"https:\\\/\\\/leger360.com\\\/fr\\\/\",\"name\":\"Leger\",\"description\":\"Market Research | Data Analytics\",\"publisher\":{\"@id\":\"https:\\\/\\\/leger360.com\\\/fr\\\/#organization\"},\"potentialAction\":[{\"@type\":\"SearchAction\",\"target\":{\"@type\":\"EntryPoint\",\"urlTemplate\":\"https:\\\/\\\/leger360.com\\\/fr\\\/?s={search_term_string}\"},\"query-input\":{\"@type\":\"PropertyValueSpecification\",\"valueRequired\":true,\"valueName\":\"search_term_string\"}}],\"inLanguage\":\"fr-CA\"},{\"@type\":\"Organization\",\"@id\":\"https:\\\/\\\/leger360.com\\\/fr\\\/#organization\",\"name\":\"Leger\",\"url\":\"https:\\\/\\\/leger360.com\\\/fr\\\/\",\"logo\":{\"@type\":\"ImageObject\",\"inLanguage\":\"fr-CA\",\"@id\":\"https:\\\/\\\/leger360.com\\\/fr\\\/#\\\/schema\\\/logo\\\/image\\\/\",\"url\":\"https:\\\/\\\/leger360.com\\\/wp-content\\\/uploads\\\/2024\\\/04\\\/2022-Logo-Leger-Blackred-g.png\",\"contentUrl\":\"https:\\\/\\\/leger360.com\\\/wp-content\\\/uploads\\\/2024\\\/04\\\/2022-Logo-Leger-Blackred-g.png\",\"width\":1195,\"height\":686,\"caption\":\"Leger\"},\"image\":{\"@id\":\"https:\\\/\\\/leger360.com\\\/fr\\\/#\\\/schema\\\/logo\\\/image\\\/\"},\"sameAs\":[\"https:\\\/\\\/www.facebook.com\\\/leger360\\\/\",\"https:\\\/\\\/x.com\\\/leger360\",\"https:\\\/\\\/www.linkedin.com\\\/company\\\/leger360\\\/\"],\"description\":\"Leger is one of North America\u2019s fastest-growing market research companies, known for our forward-thinking experts and innovative approaches powered by artificial intelligence (AI) technologies.\"}]}<\/script>\n<!-- \/ Yoast SEO Premium plugin. -->","yoast_head_json":{"title":"Comit\u00e9 scientifique IA : Dharmendra Jain - L\u00e9ger","robots":{"index":"index","follow":"follow","max-snippet":"max-snippet:-1","max-image-preview":"max-image-preview:large","max-video-preview":"max-video-preview:-1"},"canonical":"https:\/\/leger360.com\/fr\/dharmendra-jain\/","og_locale":"fr_CA","og_type":"article","og_title":"Dharmendra Jain\u00a0","og_description":"Dharmendra JainPr\u00e9sident,\u202fActnable\u202fAI, KenyaDharmendra Jain est le fondateur et PDG d'Actnable AI, une soci\u00e9t\u00e9 de technologie de recherche qui propose des innovations bas\u00e9es sur l'IA et la Gen-AI au secteur des \u00e9tudes de march\u00e9. Fort de plus de 20 ans d'expertise dans le domaine des \u00e9tudes de march\u00e9 en Inde et en Afrique, il a pr\u00e9c\u00e9demment occup\u00e9 le poste de directeur des op\u00e9rations chez Kantar, o\u00f9 il supervisait les op\u00e9rations en Afrique occidentale, orientale et centrale. Reconnu comme un leader dans son domaine, Dharmendra a si\u00e9g\u00e9 au conseil d'administration de l'ESOMAR (2023-24) et a coordonn\u00e9 le groupe de travail sur l'IA de l'ESOMAR. Il a \u00e9t\u00e9 r\u00e9compens\u00e9 par le prix Insights250 2024 &amp; 2025 pour sa contribution \u00e0 l'industrie. Dharmendra est titulaire d'une ma\u00eetrise en physique appliqu\u00e9e, d'un dipl\u00f4me de troisi\u00e8me cycle en analyse commerciale et m\u00e9gadonn\u00e9es, ainsi que d'un certificat en leadership en mati\u00e8re de donn\u00e9es et d'IA d\u00e9livr\u00e9 par le MIT Professional Education. Sp\u00e9cialis\u00e9 dans l'innovation bas\u00e9e sur l'IA pour la connaissance des consommateurs, les \u00e9tudes de march\u00e9 et l'intelligence \u00e9conomique bas\u00e9e sur les donn\u00e9es, Dharmendra intervient r\u00e9guli\u00e8rement lors de conf\u00e9rences internationales. C'est un mentor et une personne sociable, qui s'efforce de faire ressortir le meilleur chez les autres.","og_url":"https:\/\/leger360.com\/fr\/dharmendra-jain\/","og_site_name":"Leger","article_publisher":"https:\/\/www.facebook.com\/leger360\/","article_modified_time":"2026-01-19T21:22:36+00:00","og_image":[{"width":1354,"height":872,"url":"https:\/\/leger360.com\/wp-content\/uploads\/2024\/04\/leger-feature-img-home.png","type":"image\/png"}],"twitter_card":"summary_large_image","twitter_site":"@leger360","schema":{"@context":"https:\/\/schema.org","@graph":[{"@type":"WebPage","@id":"https:\/\/leger360.com\/fr\/dharmendra-jain\/","url":"https:\/\/leger360.com\/fr\/dharmendra-jain\/","name":"Comit\u00e9 scientifique IA : Dharmendra Jain - L\u00e9ger","isPartOf":{"@id":"https:\/\/leger360.com\/fr\/#website"},"datePublished":"2026-01-19T21:22:35+00:00","dateModified":"2026-01-19T21:22:36+00:00","breadcrumb":{"@id":"https:\/\/leger360.com\/fr\/dharmendra-jain\/#breadcrumb"},"inLanguage":"fr-CA","potentialAction":[{"@type":"ReadAction","target":["https:\/\/leger360.com\/fr\/dharmendra-jain\/"]}]},{"@type":"BreadcrumbList","@id":"https:\/\/leger360.com\/fr\/dharmendra-jain\/#breadcrumb","itemListElement":[{"@type":"ListItem","position":1,"name":"Home","item":"https:\/\/leger360.com\/fr\/"},{"@type":"ListItem","position":2,"name":"Dharmendra Jain\u00a0"}]},{"@type":"WebSite","@id":"https:\/\/leger360.com\/fr\/#website","url":"https:\/\/leger360.com\/fr\/","name":"Leger","description":"Market Research | Data Analytics","publisher":{"@id":"https:\/\/leger360.com\/fr\/#organization"},"potentialAction":[{"@type":"SearchAction","target":{"@type":"EntryPoint","urlTemplate":"https:\/\/leger360.com\/fr\/?s={search_term_string}"},"query-input":{"@type":"PropertyValueSpecification","valueRequired":true,"valueName":"search_term_string"}}],"inLanguage":"fr-CA"},{"@type":"Organization","@id":"https:\/\/leger360.com\/fr\/#organization","name":"Leger","url":"https:\/\/leger360.com\/fr\/","logo":{"@type":"ImageObject","inLanguage":"fr-CA","@id":"https:\/\/leger360.com\/fr\/#\/schema\/logo\/image\/","url":"https:\/\/leger360.com\/wp-content\/uploads\/2024\/04\/2022-Logo-Leger-Blackred-g.png","contentUrl":"https:\/\/leger360.com\/wp-content\/uploads\/2024\/04\/2022-Logo-Leger-Blackred-g.png","width":1195,"height":686,"caption":"Leger"},"image":{"@id":"https:\/\/leger360.com\/fr\/#\/schema\/logo\/image\/"},"sameAs":["https:\/\/www.facebook.com\/leger360\/","https:\/\/x.com\/leger360","https:\/\/www.linkedin.com\/company\/leger360\/"],"description":"Leger is one of North America\u2019s fastest-growing market research companies, known for our forward-thinking experts and innovative approaches powered by artificial intelligence (AI) technologies."}]}},"_links":{"self":[{"href":"https:\/\/leger360.com\/fr\/wp-json\/wp\/v2\/pages\/27050","targetHints":{"allow":["GET"]}}],"collection":[{"href":"https:\/\/leger360.com\/fr\/wp-json\/wp\/v2\/pages"}],"about":[{"href":"https:\/\/leger360.com\/fr\/wp-json\/wp\/v2\/types\/page"}],"author":[{"embeddable":true,"href":"https:\/\/leger360.com\/fr\/wp-json\/wp\/v2\/users\/28"}],"replies":[{"embeddable":true,"href":"https:\/\/leger360.com\/fr\/wp-json\/wp\/v2\/comments?post=27050"}],"version-history":[{"count":0,"href":"https:\/\/leger360.com\/fr\/wp-json\/wp\/v2\/pages\/27050\/revisions"}],"wp:attachment":[{"href":"https:\/\/leger360.com\/fr\/wp-json\/wp\/v2\/media?parent=27050"}],"curies":[{"name":"wp","href":"https:\/\/api.w.org\/{rel}","templated":true}]}}