{"id":27067,"date":"2026-01-20T11:15:46","date_gmt":"2026-01-20T16:15:46","guid":{"rendered":"https:\/\/leger360.com\/?page_id=27067"},"modified":"2026-03-20T10:30:38","modified_gmt":"2026-03-20T14:30:38","slug":"sarah-mottet-2","status":"publish","type":"page","link":"https:\/\/leger360.com\/fr\/sarah-mottet-2\/","title":{"rendered":"Sarah Mottet"},"content":{"rendered":"<p>[et_pb_section fb_built=\u00a0\u00bb1&Prime; custom_padding_last_edited=\u00a0\u00bbon|phone\u00a0\u00bb admin_label=\u00a0\u00bbTeam\u00a0\u00bb _builder_version=\u00a0\u00bb4.23.1&Prime; use_background_color_gradient=\u00a0\u00bbon\u00a0\u00bb background_color_gradient_stops=\u00a0\u00bbrgba(255,255,255,0.75) 45%|#ffffff 100%\u00a0\u00bb background_color_gradient_overlays_image=\u00a0\u00bbon\u00a0\u00bb background_image=\u00a0\u00bbhttps:\/\/leger360.com\/wp-content\/uploads\/2023\/10\/gradient_gris_02.png\u00a0\u00bb custom_margin=\u00a0\u00bb|||\u00a0\u00bb custom_padding=\u00a0\u00bb54px|0px|50px|0px||\u00a0\u00bb custom_padding_tablet=\u00a0\u00bb54px|0px|100px|0px||\u00a0\u00bb custom_padding_phone=\u00a0\u00bb54px|0px|50px|0px|false|false\u00a0\u00bb locked=\u00a0\u00bboff\u00a0\u00bb global_colors_info=\u00a0\u00bb{}\u00a0\u00bb][et_pb_row column_structure=\u00a0\u00bb2_5,3_5&Prime; custom_padding_last_edited=\u00a0\u00bbon|tablet\u00a0\u00bb _builder_version=\u00a0\u00bb4.23.1&Prime; _module_preset=\u00a0\u00bbdefault\u00a0\u00bb background_color=\u00a0\u00bb#FFFFFF\u00a0\u00bb width_tablet=\u00a0\u00bb\u00a0\u00bb width_phone=\u00a0\u00bb90%\u00a0\u00bb width_last_edited=\u00a0\u00bbon|phone\u00a0\u00bb custom_padding=\u00a0\u00bb54px|54px|54px|54px|true|true\u00a0\u00bb custom_padding_tablet=\u00a0\u00bb54px|54px|54px|54px|true|true\u00a0\u00bb custom_padding_phone=\u00a0\u00bb0px|35px|25px|35px|false|true\u00a0\u00bb border_radii=\u00a0\u00bbon|15px|15px|15px|15px\u00a0\u00bb box_shadow_style=\u00a0\u00bbpreset3&Prime; locked=\u00a0\u00bboff\u00a0\u00bb global_colors_info=\u00a0\u00bb{}\u00a0\u00bb][et_pb_column type=\u00a0\u00bb2_5&Prime; _builder_version=\u00a0\u00bb4.22.2&Prime; _module_preset=\u00a0\u00bbdefault\u00a0\u00bb global_colors_info=\u00a0\u00bb{}\u00a0\u00bb][et_pb_image src=\u00a0\u00bbhttps:\/\/leger360.com\/wp-content\/uploads\/2026\/01\/Sarah_Mottet-2.jpg\u00a0\u00bb title_text=\u00a0\u00bbSarah_Mottet (2)\u00a0\u00bb _builder_version=\u00a0\u00bb4.27.5&Prime; _module_preset=\u00a0\u00bbdefault\u00a0\u00bb width=\u00a0\u00bb100%\u00a0\u00bb global_colors_info=\u00a0\u00bb{}\u00a0\u00bb][\/et_pb_image][et_pb_text _builder_version=\u00a0\u00bb4.27.5&Prime; _module_preset=\u00a0\u00bbd5e3a51d-fa3a-487e-9745-43d4b2b47c37&Prime; global_colors_info=\u00a0\u00bb{}\u00a0\u00bb]<\/p>\n<h1><span data-sheets-value=\"{&quot;1&quot;:2,&quot;2&quot;:&quot;Sarah Mottet  &quot;}\" data-sheets-userformat=\"{&quot;2&quot;:14337,&quot;3&quot;:{&quot;1&quot;:0,&quot;3&quot;:1},&quot;14&quot;:{&quot;1&quot;:3,&quot;3&quot;:1},&quot;15&quot;:&quot;Calibri&quot;,&quot;16&quot;:11}\">Sarah Mottet<\/span><\/h1>\n<p>[\/et_pb_text][et_pb_text _builder_version=\u00a0\u00bb4.27.6&Prime; _module_preset=\u00a0\u00bb28cfcf78-1bee-4815-a9d5-6caa8f7a4b47&Prime; text_font=\u00a0\u00bbAptos||||||||\u00a0\u00bb text_text_color=\u00a0\u00bb#000000&Prime; text_line_height=\u00a0\u00bb1.5em\u00a0\u00bb width=\u00a0\u00bb100%\u00a0\u00bb width_tablet=\u00a0\u00bb100%\u00a0\u00bb width_phone=\u00a0\u00bb100%\u00a0\u00bb width_last_edited=\u00a0\u00bbon|desktop\u00a0\u00bb custom_margin=\u00a0\u00bb0px||15px||false|false\u00a0\u00bb custom_padding=\u00a0\u00bb0px||||false|false\u00a0\u00bb hover_enabled=\u00a0\u00bb0&Prime; locked=\u00a0\u00bboff\u00a0\u00bb global_colors_info=\u00a0\u00bb{}\u00a0\u00bb sticky_enabled=\u00a0\u00bb0&Prime;]<\/p>\n<p><span>Vice-pr\u00e9sidente, transformation et intelligence artificielle<\/span><\/p>\n<p>[\/et_pb_text][\/et_pb_column][et_pb_column type=\u00a0\u00bb3_5&Prime; _builder_version=\u00a0\u00bb4.22.2&Prime; _module_preset=\u00a0\u00bbdefault\u00a0\u00bb global_colors_info=\u00a0\u00bb{}\u00a0\u00bb][et_pb_text _builder_version=\u00a0\u00bb4.27.5&Prime; _module_preset=\u00a0\u00bb28cfcf78-1bee-4815-a9d5-6caa8f7a4b47&Prime; text_font=\u00a0\u00bbAptos||||||||\u00a0\u00bb text_text_color=\u00a0\u00bb#000000&Prime; text_line_height=\u00a0\u00bb1.5em\u00a0\u00bb width=\u00a0\u00bb100%\u00a0\u00bb width_tablet=\u00a0\u00bb100%\u00a0\u00bb width_phone=\u00a0\u00bb100%\u00a0\u00bb width_last_edited=\u00a0\u00bbon|desktop\u00a0\u00bb custom_margin=\u00a0\u00bb0px||25px||false|false\u00a0\u00bb custom_padding=\u00a0\u00bb15%||0px||false|false\u00a0\u00bb custom_padding_tablet=\u00a0\u00bb0px||||false|false\u00a0\u00bb custom_padding_phone=\u00a0\u00bb0px||||false|false\u00a0\u00bb custom_padding_last_edited=\u00a0\u00bbon|phone\u00a0\u00bb locked=\u00a0\u00bboff\u00a0\u00bb global_colors_info=\u00a0\u00bb{}\u00a0\u00bb]<\/p>\n<p><span data-contrast=\"none\">Leader engag\u00e9e au sein de L\u00e9ger, Sarah Mottet agit \u00e0 titre de vice-pr\u00e9sidente,\u00a0transformation et IA. Titulaire d\u2019un MBA de HEC Montr\u00e9al, elle contribue au d\u00e9veloppement et \u00e0 l\u2019\u00e9volution strat\u00e9gique de l\u2019organisation en mettant de l\u2019avant l\u2019innovation, la transformation et l\u2019int\u00e9gration des technologies \u00e9mergentes. Son r\u00f4le l\u2019am\u00e8ne \u00e0 orienter et \u00e0 soutenir des initiatives structurantes qui font progresser les pratiques d\u2019affaires du groupe et renforcent sa capacit\u00e9 d\u2019adaptation dans un environnement en constante \u00e9volution.<\/span><span data-ccp-props=\"{&quot;201341983&quot;:0,&quot;335559739&quot;:0,&quot;335559740&quot;:240}\">\u00a0<\/span><\/p>\n<p><span data-contrast=\"none\">Depuis son entr\u00e9e chez L\u00e9ger en 2017, elle a notamment dirig\u00e9 l\u2019agence num\u00e9rique du groupe, L\u00e9ger DGTL,\u00a0et\u00a0mis sur pied\u00a0le d\u00e9partement communications-marketing\u00a0de l\u2019organisation, contribuant\u00a0ainsi\u00a0\u00e0 structurer et \u00e0 renforcer l\u2019image de marque de l\u2019entreprise. Elle a\u00a0\u00e9galement\u00a0particip\u00e9 \u00e0 la mise en \u0153uvre de projets innovants,\u00a0dont\u00a0les \u00e9tudes sp\u00e9cialis\u00e9es Jeunesse et DGTL.<\/span><span data-ccp-props=\"{&quot;201341983&quot;:0,&quot;335559739&quot;:0,&quot;335559740&quot;:240}\">\u00a0<\/span><\/p>\n<p><span data-contrast=\"none\">Responsable\u00a0de la feuille de route\u00a0de L\u00e9ger\u00a0en intelligence artificielle, Sarah veille \u00e0 l\u2019int\u00e9gration responsable et performante de l\u2019IA au sein des \u00e9quipes et des offres de service. Reconnue pour sa vision strat\u00e9gique et sa capacit\u00e9 \u00e0 mobiliser les \u00e9quipes autour de projets\u00a0porteurs, elle privil\u00e9gie une approche pragmatique de l\u2019innovation, align\u00e9e sur les objectifs d\u2019affaires et la cr\u00e9ation de valeur pour les clients.\u00a0<\/span><span data-ccp-props=\"{&quot;201341983&quot;:0,&quot;335559739&quot;:0,&quot;335559740&quot;:240}\">\u00a0<\/span><\/p>\n<p><span data-contrast=\"none\">Elle agit \u00e9galement comme porte-parole de L\u00e9ger sur des enjeux li\u00e9s aux jeunes g\u00e9n\u00e9rations, au num\u00e9rique et \u00e0 l\u2019intelligence artificielle, et si\u00e8ge au comit\u00e9 d\u2019administration de l\u2019organisme Le CIEL, d\u00e9di\u00e9 \u00e0 la promotion des saines habitudes num\u00e9riques chez les jeunes.<\/span><span data-ccp-props=\"{&quot;201341983&quot;:0,&quot;335559739&quot;:0,&quot;335559740&quot;:240}\">\u00a0<\/span><\/p>\n<p>[\/et_pb_text][\/et_pb_column][\/et_pb_row][et_pb_row _builder_version=\u00a0\u00bb4.23.1&Prime; _module_preset=\u00a0\u00bbdefault\u00a0\u00bb global_colors_info=\u00a0\u00bb{}\u00a0\u00bb][et_pb_column type=\u00a0\u00bb4_4&Prime; _builder_version=\u00a0\u00bb4.23.1&Prime; _module_preset=\u00a0\u00bbdefault\u00a0\u00bb global_colors_info=\u00a0\u00bb{}\u00a0\u00bb][et_pb_button button_url=\u00a0\u00bb@ET-DC@eyJkeW5hbWljIjp0cnVlLCJjb250ZW50IjoicG9zdF9saW5rX3VybF9wYWdlIiwic2V0dGluZ3MiOnsicG9zdF9pZCI6IjE4OTUwIn19@\u00a0\u00bb button_text=\u00a0\u00bbRetourner\u00a0\u00bb button_alignment=\u00a0\u00bbcenter\u00a0\u00bb _builder_version=\u00a0\u00bb4.24.3&Prime; _dynamic_attributes=\u00a0\u00bbbutton_url\u00a0\u00bb _module_preset=\u00a0\u00bb23e0c1f6-a6f5-4637-87d8-5c62b045dcaf\u00a0\u00bb button_icon=\u00a0\u00bb&#x23;||divi||400&Prime; button_icon_placement=\u00a0\u00bbleft\u00a0\u00bb locked=\u00a0\u00bboff\u00a0\u00bb global_colors_info=\u00a0\u00bb{}\u00a0\u00bb button_custom_margin_tablet=\u00a0\u00bb0px||||false|false\u00a0\u00bb button_custom_margin_phone=\u00a0\u00bb0px||||false|false\u00a0\u00bb button_custom_margin_last_edited=\u00a0\u00bbon|desktop\u00a0\u00bb button_bg_enable_color__hover=\u00a0\u00bbon\u00a0\u00bb][\/et_pb_button][\/et_pb_column][\/et_pb_row][\/et_pb_section]<\/p>\n","protected":false},"excerpt":{"rendered":"<p>Sarah MottetVice-pr\u00e9sidente, transformation et intelligence artificielleLeader engag\u00e9e au sein de L\u00e9ger, Sarah Mottet agit \u00e0 titre de vice-pr\u00e9sidente,\u00a0transformation et IA. Titulaire d\u2019un MBA de HEC Montr\u00e9al, elle contribue au d\u00e9veloppement et \u00e0 l\u2019\u00e9volution strat\u00e9gique de l\u2019organisation en mettant de l\u2019avant l\u2019innovation, la transformation et l\u2019int\u00e9gration des technologies \u00e9mergentes. Son r\u00f4le l\u2019am\u00e8ne \u00e0 orienter et \u00e0 soutenir des initiatives structurantes qui font progresser les pratiques d\u2019affaires du groupe et renforcent sa capacit\u00e9 d\u2019adaptation dans un environnement en constante \u00e9volution.\u00a0 Depuis son entr\u00e9e chez L\u00e9ger en 2017, elle a notamment dirig\u00e9 l\u2019agence num\u00e9rique du groupe, L\u00e9ger DGTL,\u00a0et\u00a0mis sur pied\u00a0le d\u00e9partement communications-marketing\u00a0de l\u2019organisation, contribuant\u00a0ainsi\u00a0\u00e0 structurer et \u00e0 renforcer l\u2019image de marque de l\u2019entreprise. Elle a\u00a0\u00e9galement\u00a0particip\u00e9 \u00e0 la mise en \u0153uvre de projets innovants,\u00a0dont\u00a0les \u00e9tudes sp\u00e9cialis\u00e9es Jeunesse et DGTL.\u00a0 Responsable\u00a0de la feuille de route\u00a0de L\u00e9ger\u00a0en intelligence artificielle, Sarah veille \u00e0 l\u2019int\u00e9gration responsable et performante de l\u2019IA au sein des \u00e9quipes et des offres de service. Reconnue pour sa vision strat\u00e9gique et sa capacit\u00e9 \u00e0 mobiliser les \u00e9quipes autour de projets\u00a0porteurs, elle privil\u00e9gie une approche pragmatique de l\u2019innovation, align\u00e9e sur les objectifs d\u2019affaires et la cr\u00e9ation de valeur pour les clients.\u00a0\u00a0 Elle agit \u00e9galement comme porte-parole de L\u00e9ger sur des enjeux li\u00e9s aux jeunes g\u00e9n\u00e9rations, [&hellip;]<\/p>\n","protected":false},"author":28,"featured_media":0,"parent":0,"menu_order":0,"comment_status":"closed","ping_status":"closed","template":"","meta":{"_acf_changed":false,"_et_pb_use_builder":"on","_et_pb_old_content":"","_et_gb_content_width":"","content-type":"","inline_featured_image":false,"footnotes":""},"class_list":["post-27067","page","type-page","status-publish","hentry"],"acf":[],"yoast_head":"<!-- This site is optimized with the Yoast SEO Premium plugin v27.4 (Yoast SEO v27.4) - https:\/\/yoast.com\/product\/yoast-seo-premium-wordpress\/ -->\n<title>Sarah Mottet - Leger<\/title>\n<meta name=\"robots\" content=\"index, follow, max-snippet:-1, max-image-preview:large, max-video-preview:-1\" \/>\n<link rel=\"canonical\" href=\"https:\/\/leger360.com\/fr\/sarah-mottet-2\/\" \/>\n<meta property=\"og:locale\" content=\"fr_CA\" \/>\n<meta property=\"og:type\" content=\"article\" \/>\n<meta property=\"og:title\" content=\"Sarah Mottet\" \/>\n<meta property=\"og:description\" content=\"Sarah MottetVice-pr\u00e9sidente, transformation et intelligence artificielleLeader engag\u00e9e au sein de L\u00e9ger, Sarah Mottet agit \u00e0 titre de vice-pr\u00e9sidente,\u00a0transformation et IA. Titulaire d\u2019un MBA de HEC Montr\u00e9al, elle contribue au d\u00e9veloppement et \u00e0 l\u2019\u00e9volution strat\u00e9gique de l\u2019organisation en mettant de l\u2019avant l\u2019innovation, la transformation et l\u2019int\u00e9gration des technologies \u00e9mergentes. Son r\u00f4le l\u2019am\u00e8ne \u00e0 orienter et \u00e0 soutenir des initiatives structurantes qui font progresser les pratiques d\u2019affaires du groupe et renforcent sa capacit\u00e9 d\u2019adaptation dans un environnement en constante \u00e9volution.\u00a0 Depuis son entr\u00e9e chez L\u00e9ger en 2017, elle a notamment dirig\u00e9 l\u2019agence num\u00e9rique du groupe, L\u00e9ger DGTL,\u00a0et\u00a0mis sur pied\u00a0le d\u00e9partement communications-marketing\u00a0de l\u2019organisation, contribuant\u00a0ainsi\u00a0\u00e0 structurer et \u00e0 renforcer l\u2019image de marque de l\u2019entreprise. Elle a\u00a0\u00e9galement\u00a0particip\u00e9 \u00e0 la mise en \u0153uvre de projets innovants,\u00a0dont\u00a0les \u00e9tudes sp\u00e9cialis\u00e9es Jeunesse et DGTL.\u00a0 Responsable\u00a0de la feuille de route\u00a0de L\u00e9ger\u00a0en intelligence artificielle, Sarah veille \u00e0 l\u2019int\u00e9gration responsable et performante de l\u2019IA au sein des \u00e9quipes et des offres de service. Reconnue pour sa vision strat\u00e9gique et sa capacit\u00e9 \u00e0 mobiliser les \u00e9quipes autour de projets\u00a0porteurs, elle privil\u00e9gie une approche pragmatique de l\u2019innovation, align\u00e9e sur les objectifs d\u2019affaires et la cr\u00e9ation de valeur pour les clients.\u00a0\u00a0 Elle agit \u00e9galement comme porte-parole de L\u00e9ger sur des enjeux li\u00e9s aux jeunes g\u00e9n\u00e9rations, [&hellip;]\" \/>\n<meta property=\"og:url\" content=\"https:\/\/leger360.com\/fr\/sarah-mottet-2\/\" \/>\n<meta property=\"og:site_name\" content=\"Leger\" \/>\n<meta property=\"article:publisher\" content=\"https:\/\/www.facebook.com\/leger360\/\" \/>\n<meta property=\"article:modified_time\" content=\"2026-03-20T14:30:38+00:00\" \/>\n<meta property=\"og:image\" content=\"https:\/\/leger360.com\/wp-content\/uploads\/2024\/04\/leger-feature-img-home.png\" \/>\n\t<meta property=\"og:image:width\" content=\"1354\" \/>\n\t<meta property=\"og:image:height\" content=\"872\" \/>\n\t<meta property=\"og:image:type\" content=\"image\/png\" \/>\n<meta name=\"twitter:card\" content=\"summary_large_image\" \/>\n<meta name=\"twitter:site\" content=\"@leger360\" \/>\n<meta name=\"twitter:label1\" content=\"Estimation du temps de lecture\" \/>\n\t<meta name=\"twitter:data1\" content=\"2 minutes\" \/>\n<script type=\"application\/ld+json\" class=\"yoast-schema-graph\">{\"@context\":\"https:\\\/\\\/schema.org\",\"@graph\":[{\"@type\":\"WebPage\",\"@id\":\"https:\\\/\\\/leger360.com\\\/fr\\\/sarah-mottet-2\\\/\",\"url\":\"https:\\\/\\\/leger360.com\\\/fr\\\/sarah-mottet-2\\\/\",\"name\":\"Sarah Mottet - Leger\",\"isPartOf\":{\"@id\":\"https:\\\/\\\/leger360.com\\\/fr\\\/#website\"},\"datePublished\":\"2026-01-20T16:15:46+00:00\",\"dateModified\":\"2026-03-20T14:30:38+00:00\",\"breadcrumb\":{\"@id\":\"https:\\\/\\\/leger360.com\\\/fr\\\/sarah-mottet-2\\\/#breadcrumb\"},\"inLanguage\":\"fr-CA\",\"potentialAction\":[{\"@type\":\"ReadAction\",\"target\":[\"https:\\\/\\\/leger360.com\\\/fr\\\/sarah-mottet-2\\\/\"]}]},{\"@type\":\"BreadcrumbList\",\"@id\":\"https:\\\/\\\/leger360.com\\\/fr\\\/sarah-mottet-2\\\/#breadcrumb\",\"itemListElement\":[{\"@type\":\"ListItem\",\"position\":1,\"name\":\"Home\",\"item\":\"https:\\\/\\\/leger360.com\\\/fr\\\/\"},{\"@type\":\"ListItem\",\"position\":2,\"name\":\"Sarah Mottet\"}]},{\"@type\":\"WebSite\",\"@id\":\"https:\\\/\\\/leger360.com\\\/fr\\\/#website\",\"url\":\"https:\\\/\\\/leger360.com\\\/fr\\\/\",\"name\":\"Leger\",\"description\":\"Market Research | Data Analytics\",\"publisher\":{\"@id\":\"https:\\\/\\\/leger360.com\\\/fr\\\/#organization\"},\"potentialAction\":[{\"@type\":\"SearchAction\",\"target\":{\"@type\":\"EntryPoint\",\"urlTemplate\":\"https:\\\/\\\/leger360.com\\\/fr\\\/?s={search_term_string}\"},\"query-input\":{\"@type\":\"PropertyValueSpecification\",\"valueRequired\":true,\"valueName\":\"search_term_string\"}}],\"inLanguage\":\"fr-CA\"},{\"@type\":\"Organization\",\"@id\":\"https:\\\/\\\/leger360.com\\\/fr\\\/#organization\",\"name\":\"Leger\",\"url\":\"https:\\\/\\\/leger360.com\\\/fr\\\/\",\"logo\":{\"@type\":\"ImageObject\",\"inLanguage\":\"fr-CA\",\"@id\":\"https:\\\/\\\/leger360.com\\\/fr\\\/#\\\/schema\\\/logo\\\/image\\\/\",\"url\":\"https:\\\/\\\/leger360.com\\\/wp-content\\\/uploads\\\/2024\\\/04\\\/2022-Logo-Leger-Blackred-g.png\",\"contentUrl\":\"https:\\\/\\\/leger360.com\\\/wp-content\\\/uploads\\\/2024\\\/04\\\/2022-Logo-Leger-Blackred-g.png\",\"width\":1195,\"height\":686,\"caption\":\"Leger\"},\"image\":{\"@id\":\"https:\\\/\\\/leger360.com\\\/fr\\\/#\\\/schema\\\/logo\\\/image\\\/\"},\"sameAs\":[\"https:\\\/\\\/www.facebook.com\\\/leger360\\\/\",\"https:\\\/\\\/x.com\\\/leger360\",\"https:\\\/\\\/www.linkedin.com\\\/company\\\/leger360\\\/\"],\"description\":\"Leger is one of North America\u2019s fastest-growing market research companies, known for our forward-thinking experts and innovative approaches powered by artificial intelligence (AI) technologies.\"}]}<\/script>\n<!-- \/ Yoast SEO Premium plugin. -->","yoast_head_json":{"title":"Sarah Mottet - Leger","robots":{"index":"index","follow":"follow","max-snippet":"max-snippet:-1","max-image-preview":"max-image-preview:large","max-video-preview":"max-video-preview:-1"},"canonical":"https:\/\/leger360.com\/fr\/sarah-mottet-2\/","og_locale":"fr_CA","og_type":"article","og_title":"Sarah Mottet","og_description":"Sarah MottetVice-pr\u00e9sidente, transformation et intelligence artificielleLeader engag\u00e9e au sein de L\u00e9ger, Sarah Mottet agit \u00e0 titre de vice-pr\u00e9sidente,\u00a0transformation et IA. Titulaire d\u2019un MBA de HEC Montr\u00e9al, elle contribue au d\u00e9veloppement et \u00e0 l\u2019\u00e9volution strat\u00e9gique de l\u2019organisation en mettant de l\u2019avant l\u2019innovation, la transformation et l\u2019int\u00e9gration des technologies \u00e9mergentes. Son r\u00f4le l\u2019am\u00e8ne \u00e0 orienter et \u00e0 soutenir des initiatives structurantes qui font progresser les pratiques d\u2019affaires du groupe et renforcent sa capacit\u00e9 d\u2019adaptation dans un environnement en constante \u00e9volution.\u00a0 Depuis son entr\u00e9e chez L\u00e9ger en 2017, elle a notamment dirig\u00e9 l\u2019agence num\u00e9rique du groupe, L\u00e9ger DGTL,\u00a0et\u00a0mis sur pied\u00a0le d\u00e9partement communications-marketing\u00a0de l\u2019organisation, contribuant\u00a0ainsi\u00a0\u00e0 structurer et \u00e0 renforcer l\u2019image de marque de l\u2019entreprise. Elle a\u00a0\u00e9galement\u00a0particip\u00e9 \u00e0 la mise en \u0153uvre de projets innovants,\u00a0dont\u00a0les \u00e9tudes sp\u00e9cialis\u00e9es Jeunesse et DGTL.\u00a0 Responsable\u00a0de la feuille de route\u00a0de L\u00e9ger\u00a0en intelligence artificielle, Sarah veille \u00e0 l\u2019int\u00e9gration responsable et performante de l\u2019IA au sein des \u00e9quipes et des offres de service. Reconnue pour sa vision strat\u00e9gique et sa capacit\u00e9 \u00e0 mobiliser les \u00e9quipes autour de projets\u00a0porteurs, elle privil\u00e9gie une approche pragmatique de l\u2019innovation, align\u00e9e sur les objectifs d\u2019affaires et la cr\u00e9ation de valeur pour les clients.\u00a0\u00a0 Elle agit \u00e9galement comme porte-parole de L\u00e9ger sur des enjeux li\u00e9s aux jeunes g\u00e9n\u00e9rations, [&hellip;]","og_url":"https:\/\/leger360.com\/fr\/sarah-mottet-2\/","og_site_name":"Leger","article_publisher":"https:\/\/www.facebook.com\/leger360\/","article_modified_time":"2026-03-20T14:30:38+00:00","og_image":[{"width":1354,"height":872,"url":"https:\/\/leger360.com\/wp-content\/uploads\/2024\/04\/leger-feature-img-home.png","type":"image\/png"}],"twitter_card":"summary_large_image","twitter_site":"@leger360","twitter_misc":{"Estimation du temps de lecture":"2 minutes"},"schema":{"@context":"https:\/\/schema.org","@graph":[{"@type":"WebPage","@id":"https:\/\/leger360.com\/fr\/sarah-mottet-2\/","url":"https:\/\/leger360.com\/fr\/sarah-mottet-2\/","name":"Sarah Mottet - Leger","isPartOf":{"@id":"https:\/\/leger360.com\/fr\/#website"},"datePublished":"2026-01-20T16:15:46+00:00","dateModified":"2026-03-20T14:30:38+00:00","breadcrumb":{"@id":"https:\/\/leger360.com\/fr\/sarah-mottet-2\/#breadcrumb"},"inLanguage":"fr-CA","potentialAction":[{"@type":"ReadAction","target":["https:\/\/leger360.com\/fr\/sarah-mottet-2\/"]}]},{"@type":"BreadcrumbList","@id":"https:\/\/leger360.com\/fr\/sarah-mottet-2\/#breadcrumb","itemListElement":[{"@type":"ListItem","position":1,"name":"Home","item":"https:\/\/leger360.com\/fr\/"},{"@type":"ListItem","position":2,"name":"Sarah Mottet"}]},{"@type":"WebSite","@id":"https:\/\/leger360.com\/fr\/#website","url":"https:\/\/leger360.com\/fr\/","name":"Leger","description":"Market Research | Data Analytics","publisher":{"@id":"https:\/\/leger360.com\/fr\/#organization"},"potentialAction":[{"@type":"SearchAction","target":{"@type":"EntryPoint","urlTemplate":"https:\/\/leger360.com\/fr\/?s={search_term_string}"},"query-input":{"@type":"PropertyValueSpecification","valueRequired":true,"valueName":"search_term_string"}}],"inLanguage":"fr-CA"},{"@type":"Organization","@id":"https:\/\/leger360.com\/fr\/#organization","name":"Leger","url":"https:\/\/leger360.com\/fr\/","logo":{"@type":"ImageObject","inLanguage":"fr-CA","@id":"https:\/\/leger360.com\/fr\/#\/schema\/logo\/image\/","url":"https:\/\/leger360.com\/wp-content\/uploads\/2024\/04\/2022-Logo-Leger-Blackred-g.png","contentUrl":"https:\/\/leger360.com\/wp-content\/uploads\/2024\/04\/2022-Logo-Leger-Blackred-g.png","width":1195,"height":686,"caption":"Leger"},"image":{"@id":"https:\/\/leger360.com\/fr\/#\/schema\/logo\/image\/"},"sameAs":["https:\/\/www.facebook.com\/leger360\/","https:\/\/x.com\/leger360","https:\/\/www.linkedin.com\/company\/leger360\/"],"description":"Leger is one of North America\u2019s fastest-growing market research companies, known for our forward-thinking experts and innovative approaches powered by artificial intelligence (AI) technologies."}]}},"_links":{"self":[{"href":"https:\/\/leger360.com\/fr\/wp-json\/wp\/v2\/pages\/27067","targetHints":{"allow":["GET"]}}],"collection":[{"href":"https:\/\/leger360.com\/fr\/wp-json\/wp\/v2\/pages"}],"about":[{"href":"https:\/\/leger360.com\/fr\/wp-json\/wp\/v2\/types\/page"}],"author":[{"embeddable":true,"href":"https:\/\/leger360.com\/fr\/wp-json\/wp\/v2\/users\/28"}],"replies":[{"embeddable":true,"href":"https:\/\/leger360.com\/fr\/wp-json\/wp\/v2\/comments?post=27067"}],"version-history":[{"count":0,"href":"https:\/\/leger360.com\/fr\/wp-json\/wp\/v2\/pages\/27067\/revisions"}],"wp:attachment":[{"href":"https:\/\/leger360.com\/fr\/wp-json\/wp\/v2\/media?parent=27067"}],"curies":[{"name":"wp","href":"https:\/\/api.w.org\/{rel}","templated":true}]}}