{"id":27402,"date":"2026-02-11T16:30:01","date_gmt":"2026-02-11T21:30:01","guid":{"rendered":"https:\/\/leger360.com\/?page_id=27402"},"modified":"2026-03-24T17:02:59","modified_gmt":"2026-03-24T21:02:59","slug":"reputation-2026-webinaire","status":"publish","type":"page","link":"https:\/\/leger360.com\/fr\/reputation-2026-webinaire\/","title":{"rendered":"R\u00e9putation 2026 webinaire"},"content":{"rendered":"<p>[et_pb_section fb_built=\u00a0\u00bb1&Prime; _builder_version=\u00a0\u00bb4.27.4&Prime; _module_preset=\u00a0\u00bbdefault\u00a0\u00bb custom_padding=\u00a0\u00bb0px||||false|false\u00a0\u00bb locked=\u00a0\u00bboff\u00a0\u00bb global_colors_info=\u00a0\u00bb{}\u00a0\u00bb][et_pb_row disabled_on=\u00a0\u00bboff|off|off\u00a0\u00bb _builder_version=\u00a0\u00bb4.27.4&Prime; _module_preset=\u00a0\u00bbdefault\u00a0\u00bb width=\u00a0\u00bb100%\u00a0\u00bb global_colors_info=\u00a0\u00bb{}\u00a0\u00bb][et_pb_column type=\u00a0\u00bb4_4&Prime; _builder_version=\u00a0\u00bb4.27.4&Prime; _module_preset=\u00a0\u00bbdefault\u00a0\u00bb global_colors_info=\u00a0\u00bb{}\u00a0\u00bb][et_pb_image src=\u00a0\u00bbhttps:\/\/leger360.com\/wp-content\/uploads\/2026\/02\/Reputaion_2026_landing_page_desktop_V2_FR-2.png\u00a0\u00bb alt=\u00a0\u00bbBanni\u00e8re promotionnelle pour les webinaires R\u00e9putation 2026 de L\u00e9ger. Deux encadr\u00e9s pr\u00e9sentent les \u00e9v\u00e9nements : \u00ab Palmar\u00e8s Qu\u00e9bec \u00bb le mercredi 15 avril 2026 \u00e0 9 h (HE) et \u00ab Palmar\u00e8s Canadien (anglais seulement) \u00bb le mercredi 15 avril \u00e0 midi (HE). \u00c0 droite, une main tient un t\u00e9l\u00e9phone sous une bulle affichant cinq \u00e9toiles. Logo \u00ab R\u00e9putation \u2013 Imagin\u00e9e par L\u00e9ger \u00bb \u00e0 gauche sur fond rose et gris.\u00a0\u00bb title_text=\u00a0\u00bbReputaion_2026_landing_page_desktop_V2_FR\u00a0\u00bb disabled_on=\u00a0\u00bbon|on|off\u00a0\u00bb _builder_version=\u00a0\u00bb4.27.5&Prime; _module_preset=\u00a0\u00bbdefault\u00a0\u00bb width=\u00a0\u00bb83%\u00a0\u00bb module_alignment=\u00a0\u00bbcenter\u00a0\u00bb global_colors_info=\u00a0\u00bb{}\u00a0\u00bb][\/et_pb_image][et_pb_image src=\u00a0\u00bbhttps:\/\/leger360.com\/wp-content\/uploads\/2026\/02\/Reputaion_2026_landing_page_mobile_V2_FR.png\u00a0\u00bb alt=\u00a0\u00bbBanni\u00e8re promotionnelle pour les webinaires R\u00e9putation 2026 de L\u00e9ger. Deux encadr\u00e9s pr\u00e9sentent les \u00e9v\u00e9nements : \u00ab Palmar\u00e8s Qu\u00e9bec \u00bb le mercredi 15 avril 2026 \u00e0 9 h (HE) et \u00ab Palmar\u00e8s Canadien (anglais seulement) \u00bb le mercredi 15 avril \u00e0 midi (HE). \u00c0 droite, une main tient un t\u00e9l\u00e9phone sous une bulle affichant cinq \u00e9toiles. Logo \u00ab R\u00e9putation \u2013 Imagin\u00e9e par L\u00e9ger \u00bb \u00e0 gauche sur fond rose et gris.\u00a0\u00bb title_text=\u00a0\u00bbReputaion_2026_landing_page_mobile_V2_FR\u00a0\u00bb align=\u00a0\u00bbcenter\u00a0\u00bb disabled_on=\u00a0\u00bboff|off|on\u00a0\u00bb _builder_version=\u00a0\u00bb4.27.5&Prime; _module_preset=\u00a0\u00bbdefault\u00a0\u00bb width=\u00a0\u00bb100%\u00a0\u00bb module_alignment=\u00a0\u00bbcenter\u00a0\u00bb global_colors_info=\u00a0\u00bb{}\u00a0\u00bb][\/et_pb_image][et_pb_code disabled_on=\u00a0\u00bbon|on|on\u00a0\u00bb _builder_version=\u00a0\u00bb4.27.4&Prime; _module_preset=\u00a0\u00bbdefault\u00a0\u00bb disabled=\u00a0\u00bbon\u00a0\u00bb global_colors_info=\u00a0\u00bb{}\u00a0\u00bb]<script charset=\"utf-8\" type=\"text\/javascript\" src=\"\/\/js.hsforms.net\/forms\/embed\/v2.js\"><\/script><!-- [et_pb_line_break_holder] --><!-- [et_pb_line_break_holder] --><script><!-- [et_pb_line_break_holder] --><!-- [et_pb_line_break_holder] -->hbspt.forms.create({<!-- [et_pb_line_break_holder] --><!-- [et_pb_line_break_holder] -->portalId: \"5233025\",<!-- [et_pb_line_break_holder] --><!-- [et_pb_line_break_holder] -->formId: \"d95090fa-d360-430e-a731-fd40173b7788\",<!-- [et_pb_line_break_holder] --><!-- [et_pb_line_break_holder] -->region: \"na1\"<!-- [et_pb_line_break_holder] -->});<!-- [et_pb_line_break_holder] --><!-- [et_pb_line_break_holder] --><\/script>[\/et_pb_code][\/et_pb_column][\/et_pb_row][et_pb_row column_structure=\u00a0\u00bb1_2,1_2&Prime; disabled_on=\u00a0\u00bbon|off|off\u00a0\u00bb _builder_version=\u00a0\u00bb4.27.4&Prime; _module_preset=\u00a0\u00bbdefault\u00a0\u00bb width=\u00a0\u00bb70%\u00a0\u00bb global_colors_info=\u00a0\u00bb{}\u00a0\u00bb][et_pb_column type=\u00a0\u00bb1_2&Prime; _builder_version=\u00a0\u00bb4.27.4&Prime; _module_preset=\u00a0\u00bbdefault\u00a0\u00bb global_colors_info=\u00a0\u00bb{}\u00a0\u00bb][et_pb_heading title=\u00a0\u00bbLa r\u00e9putation ne se g\u00e8re plus comme avant\u00a0\u00bb _builder_version=\u00a0\u00bb4.27.5&Prime; _module_preset=\u00a0\u00bbdefault\u00a0\u00bb title_font=\u00a0\u00bb|600|||||||\u00a0\u00bb title_line_height=\u00a0\u00bb1.1em\u00a0\u00bb global_colors_info=\u00a0\u00bb{}\u00a0\u00bb][\/et_pb_heading][et_pb_text _builder_version=\u00a0\u00bb4.27.5&Prime; _module_preset=\u00a0\u00bbdefault\u00a0\u00bb global_colors_info=\u00a0\u00bb{}\u00a0\u00bb]<\/p>\n<div class=\"ewa-rteLine\">\n<p data-start=\"113\" data-end=\"356\"><span>La r\u00e9putation est le reflet des d\u00e9cisions, des actions et des engagements d\u2019une organisation.<\/span><\/p>\n<p>Chaque ann\u00e9e, l\u2019\u00e9tude R\u00e9putation de L\u00e9ger met en lumi\u00e8re les entreprises qui se d\u00e9marquent par leur coh\u00e9rence, leur responsabilit\u00e9 et leur capacit\u00e9 \u00e0 r\u00e9pondre aux attentes du public.<strong data-start=\"658\" data-end=\"684\"><\/strong><\/p>\n<p data-start=\"113\" data-end=\"356\"><span>Cette \u00e9dition 2026 met l\u2019accent sur :<\/span><\/p>\n<p>&#8211; Les facteurs qui renforcent durablement la confiance<br \/>&#8211; L\u2019impact des enjeux sociaux et \u00e9conomiques<br \/>&#8211; Les signaux \u00e9mergents \u00e0 surveiller<span><\/span><span><\/span><\/p>\n<p data-start=\"0\" data-end=\"121\">Inscrivez-vous \u00e0 nos webinaires du <strong>15 avril <\/strong>pour en apprendre davantage sur le palmar\u00e8s 2026 et plus encore.<\/p>\n<\/div>\n<p>[\/et_pb_text][\/et_pb_column][et_pb_column type=\u00a0\u00bb1_2&Prime; admin_label=\u00a0\u00bbColumn\u00a0\u00bb _builder_version=\u00a0\u00bb4.27.4&Prime; _module_preset=\u00a0\u00bbdefault\u00a0\u00bb global_colors_info=\u00a0\u00bb{}\u00a0\u00bb][et_pb_text _builder_version=\u00a0\u00bb4.27.4&Prime; _module_preset=\u00a0\u00bbdefault\u00a0\u00bb custom_margin=\u00a0\u00bb0px||12px||false|false\u00a0\u00bb custom_padding=\u00a0\u00bb33px||0px||false|false\u00a0\u00bb locked=\u00a0\u00bboff\u00a0\u00bb global_colors_info=\u00a0\u00bb{}\u00a0\u00bb]<\/p>\n<h3 style=\"text-align: left;\"><strong>\u00a0 \u00a0 \u00a0 \u00a0 \u00a0 \u00a0 \u00a0 \u00a0 \u00a0 \u00a0 \u00a0 \u00a0 \u00a0 \u00a0 \u00a0 \u00a0 \u00a0 \u00a0 \u00a0 \u00a0 \u00a0 \u00a0 S&rsquo;inscrire<\/strong><\/h3>\n<p>[\/et_pb_text][et_pb_code _builder_version=\u00a0\u00bb4.27.4&Prime; _module_preset=\u00a0\u00bbdefault\u00a0\u00bb global_colors_info=\u00a0\u00bb{}\u00a0\u00bb]<script charset=\"utf-8\" type=\"text\/javascript\" src=\"\/\/js.hsforms.net\/forms\/embed\/v2.js\"><\/script><!-- [et_pb_line_break_holder] --><!-- [et_pb_line_break_holder] --><script><!-- [et_pb_line_break_holder] -->\thbspt.forms.create({<!-- [et_pb_line_break_holder] -->\t\tportalId: \"5233025\",<!-- [et_pb_line_break_holder] -->\t\tformId: \"4cb9bcf6-0aca-4b31-806e-375bdce1a4e9\",<!-- [et_pb_line_break_holder] -->\t\tregion: \"na1\"<!-- [et_pb_line_break_holder] -->\t});<!-- [et_pb_line_break_holder] --><\/script>[\/et_pb_code][\/et_pb_column][\/et_pb_row][et_pb_row column_structure=\u00a0\u00bb1_2,1_2&Prime; disabled_on=\u00a0\u00bboff|on|on\u00a0\u00bb _builder_version=\u00a0\u00bb4.27.4&Prime; _module_preset=\u00a0\u00bbdefault\u00a0\u00bb global_colors_info=\u00a0\u00bb{}\u00a0\u00bb][et_pb_column type=\u00a0\u00bb1_2&Prime; _builder_version=\u00a0\u00bb4.27.4&Prime; _module_preset=\u00a0\u00bbdefault\u00a0\u00bb global_colors_info=\u00a0\u00bb{}\u00a0\u00bb][et_pb_heading title=\u00a0\u00bbLa r\u00e9putation ne se g\u00e8re plus comme avant\u00a0\u00bb _builder_version=\u00a0\u00bb4.27.5&Prime; _module_preset=\u00a0\u00bbdefault\u00a0\u00bb title_line_height=\u00a0\u00bb1.1em\u00a0\u00bb global_colors_info=\u00a0\u00bb{}\u00a0\u00bb][\/et_pb_heading][et_pb_text _builder_version=\u00a0\u00bb4.27.5&Prime; _module_preset=\u00a0\u00bbdefault\u00a0\u00bb global_colors_info=\u00a0\u00bb{}\u00a0\u00bb]<\/p>\n<div class=\"ewa-rteLine\">\n<div class=\"ewa-rteLine\">\n<div class=\"ewa-rteLine\">\n<div class=\"ewa-rteLine\">\n<p data-start=\"113\" data-end=\"356\"><span>La r\u00e9putation est le reflet des d\u00e9cisions, des actions et des engagements d\u2019une organisation.<\/span><\/p>\n<p>Chaque ann\u00e9e, l\u2019\u00e9tude R\u00e9putation de L\u00e9ger met en lumi\u00e8re les entreprises qui se d\u00e9marquent par leur coh\u00e9rence, leur responsabilit\u00e9 et leur capacit\u00e9 \u00e0 r\u00e9pondre aux attentes du public.<strong data-start=\"658\" data-end=\"684\"><\/strong><\/p>\n<p data-start=\"113\" data-end=\"356\"><span>Cette \u00e9dition 2026 met l\u2019accent sur :<\/span><\/p>\n<p>&#8211; Les facteurs qui renforcent durablement la confiance<br \/>&#8211; L\u2019impact des enjeux sociaux et \u00e9conomiques<br \/>&#8211; Les signaux \u00e9mergents \u00e0 surveiller<span><\/span><span><\/span><\/p>\n<p data-start=\"0\" data-end=\"121\">Inscrivez-vous \u00e0 nos webinaires du <strong>15 avril <\/strong>pour en apprendre davantage sur le palmar\u00e8s 2026 et plus encore.<\/p>\n<\/div>\n<\/div>\n<\/div>\n<\/div>\n<p>[\/et_pb_text][\/et_pb_column][et_pb_column type=\u00a0\u00bb1_2&Prime; admin_label=\u00a0\u00bbColumn\u00a0\u00bb _builder_version=\u00a0\u00bb4.27.4&Prime; _module_preset=\u00a0\u00bbdefault\u00a0\u00bb global_colors_info=\u00a0\u00bb{}\u00a0\u00bb][et_pb_text _builder_version=\u00a0\u00bb4.27.4&Prime; _module_preset=\u00a0\u00bbdefault\u00a0\u00bb custom_margin=\u00a0\u00bb0px||12px||false|false\u00a0\u00bb custom_padding=\u00a0\u00bb33px||0px||false|false\u00a0\u00bb locked=\u00a0\u00bboff\u00a0\u00bb global_colors_info=\u00a0\u00bb{}\u00a0\u00bb]<\/p>\n<h3 style=\"text-align: left;\"><strong>\u00a0 \u00a0 \u00a0 \u00a0 \u00a0 \u00a0 \u00a0 \u00a0 \u00a0 \u00a0 \u00a0 S&rsquo;inscrire<\/strong><\/h3>\n<p>[\/et_pb_text][et_pb_code _builder_version=\u00a0\u00bb4.27.4&Prime; _module_preset=\u00a0\u00bbdefault\u00a0\u00bb global_colors_info=\u00a0\u00bb{}\u00a0\u00bb]<script charset=\"utf-8\" type=\"text\/javascript\" src=\"\/\/js.hsforms.net\/forms\/embed\/v2.js\"><\/script><!-- [et_pb_line_break_holder] --><!-- [et_pb_line_break_holder] --><script><!-- [et_pb_line_break_holder] -->\thbspt.forms.create({<!-- [et_pb_line_break_holder] -->\t\tportalId: \"5233025\",<!-- [et_pb_line_break_holder] -->\t\tformId: \"4cb9bcf6-0aca-4b31-806e-375bdce1a4e9\",<!-- [et_pb_line_break_holder] -->\t\tregion: \"na1\"<!-- [et_pb_line_break_holder] -->\t});<!-- [et_pb_line_break_holder] --><\/script>[\/et_pb_code][\/et_pb_column][\/et_pb_row][\/et_pb_section]<\/p>\n","protected":false},"excerpt":{"rendered":"<p>La r\u00e9putation est le reflet des d\u00e9cisions, des actions et des engagements d\u2019une organisation. Chaque ann\u00e9e, l\u2019\u00e9tude R\u00e9putation de L\u00e9ger met en lumi\u00e8re les entreprises qui se d\u00e9marquent par leur coh\u00e9rence, leur responsabilit\u00e9 et leur capacit\u00e9 \u00e0 r\u00e9pondre aux attentes du public. Cette \u00e9dition 2026 met l\u2019accent sur : &#8211; Les facteurs qui renforcent durablement la confiance- L\u2019impact des enjeux sociaux et \u00e9conomiques- Les signaux \u00e9mergents \u00e0 surveiller Inscrivez-vous \u00e0 nos webinaires du 15 avril pour en apprendre davantage sur le palmar\u00e8s 2026 et plus encore. \u00a0 \u00a0 \u00a0 \u00a0 \u00a0 \u00a0 \u00a0 \u00a0 \u00a0 \u00a0 \u00a0 \u00a0 \u00a0 \u00a0 \u00a0 \u00a0 \u00a0 \u00a0 \u00a0 \u00a0 \u00a0 \u00a0 S&rsquo;inscrire La r\u00e9putation est le reflet des d\u00e9cisions, des actions et des engagements d\u2019une organisation. Chaque ann\u00e9e, l\u2019\u00e9tude R\u00e9putation de L\u00e9ger met en lumi\u00e8re les entreprises qui se d\u00e9marquent par leur coh\u00e9rence, leur responsabilit\u00e9 et leur capacit\u00e9 \u00e0 r\u00e9pondre aux attentes du public. Cette \u00e9dition 2026 met l\u2019accent sur : &#8211; Les facteurs qui renforcent durablement la confiance- L\u2019impact des enjeux sociaux et \u00e9conomiques- Les signaux \u00e9mergents \u00e0 surveiller Inscrivez-vous \u00e0 nos webinaires du 15 avril pour en apprendre davantage sur le palmar\u00e8s 2026 et plus encore. \u00a0 \u00a0 \u00a0 \u00a0 \u00a0 [&hellip;]<\/p>\n","protected":false},"author":10,"featured_media":0,"parent":0,"menu_order":0,"comment_status":"closed","ping_status":"closed","template":"","meta":{"_acf_changed":false,"_et_pb_use_builder":"on","_et_pb_old_content":"","_et_gb_content_width":"","content-type":"","inline_featured_image":false,"footnotes":""},"class_list":["post-27402","page","type-page","status-publish","hentry"],"acf":[],"yoast_head":"<!-- This site is optimized with the Yoast SEO Premium plugin v27.3 (Yoast SEO v27.3) - https:\/\/yoast.com\/product\/yoast-seo-premium-wordpress\/ -->\n<title>R\u00e9putation 2026 webinaire - Leger<\/title>\n<meta name=\"robots\" content=\"index, follow, max-snippet:-1, max-image-preview:large, max-video-preview:-1\" \/>\n<link rel=\"canonical\" href=\"https:\/\/leger360.com\/fr\/reputation-2026-webinaire\/\" \/>\n<meta property=\"og:locale\" content=\"fr_CA\" \/>\n<meta property=\"og:type\" content=\"article\" \/>\n<meta property=\"og:title\" content=\"R\u00e9putation 2026 webinaire\" \/>\n<meta property=\"og:description\" content=\"La r\u00e9putation est le reflet des d\u00e9cisions, des actions et des engagements d\u2019une organisation. Chaque ann\u00e9e, l\u2019\u00e9tude R\u00e9putation de L\u00e9ger met en lumi\u00e8re les entreprises qui se d\u00e9marquent par leur coh\u00e9rence, leur responsabilit\u00e9 et leur capacit\u00e9 \u00e0 r\u00e9pondre aux attentes du public. Cette \u00e9dition 2026 met l\u2019accent sur : - Les facteurs qui renforcent durablement la confiance- L\u2019impact des enjeux sociaux et \u00e9conomiques- Les signaux \u00e9mergents \u00e0 surveiller Inscrivez-vous \u00e0 nos webinaires du 15 avril pour en apprendre davantage sur le palmar\u00e8s 2026 et plus encore. \u00a0 \u00a0 \u00a0 \u00a0 \u00a0 \u00a0 \u00a0 \u00a0 \u00a0 \u00a0 \u00a0 \u00a0 \u00a0 \u00a0 \u00a0 \u00a0 \u00a0 \u00a0 \u00a0 \u00a0 \u00a0 \u00a0 S&#039;inscrire La r\u00e9putation est le reflet des d\u00e9cisions, des actions et des engagements d\u2019une organisation. Chaque ann\u00e9e, l\u2019\u00e9tude R\u00e9putation de L\u00e9ger met en lumi\u00e8re les entreprises qui se d\u00e9marquent par leur coh\u00e9rence, leur responsabilit\u00e9 et leur capacit\u00e9 \u00e0 r\u00e9pondre aux attentes du public. Cette \u00e9dition 2026 met l\u2019accent sur : - Les facteurs qui renforcent durablement la confiance- L\u2019impact des enjeux sociaux et \u00e9conomiques- Les signaux \u00e9mergents \u00e0 surveiller Inscrivez-vous \u00e0 nos webinaires du 15 avril pour en apprendre davantage sur le palmar\u00e8s 2026 et plus encore. \u00a0 \u00a0 \u00a0 \u00a0 \u00a0 [&hellip;]\" \/>\n<meta property=\"og:url\" content=\"https:\/\/leger360.com\/fr\/reputation-2026-webinaire\/\" \/>\n<meta property=\"og:site_name\" content=\"Leger\" \/>\n<meta property=\"article:publisher\" content=\"https:\/\/www.facebook.com\/leger360\/\" \/>\n<meta property=\"article:modified_time\" content=\"2026-03-24T21:02:59+00:00\" \/>\n<meta property=\"og:image\" content=\"https:\/\/leger360.com\/wp-content\/uploads\/2024\/04\/leger-feature-img-home.png\" \/>\n\t<meta property=\"og:image:width\" content=\"1354\" \/>\n\t<meta property=\"og:image:height\" content=\"872\" \/>\n\t<meta property=\"og:image:type\" content=\"image\/png\" \/>\n<meta name=\"twitter:card\" content=\"summary_large_image\" \/>\n<meta name=\"twitter:site\" content=\"@leger360\" \/>\n<meta name=\"twitter:label1\" content=\"Estimation du temps de lecture\" \/>\n\t<meta name=\"twitter:data1\" content=\"2 minutes\" \/>\n<script type=\"application\/ld+json\" class=\"yoast-schema-graph\">{\"@context\":\"https:\\\/\\\/schema.org\",\"@graph\":[{\"@type\":\"WebPage\",\"@id\":\"https:\\\/\\\/leger360.com\\\/fr\\\/reputation-2026-webinaire\\\/\",\"url\":\"https:\\\/\\\/leger360.com\\\/fr\\\/reputation-2026-webinaire\\\/\",\"name\":\"R\u00e9putation 2026 webinaire - Leger\",\"isPartOf\":{\"@id\":\"https:\\\/\\\/leger360.com\\\/fr\\\/#website\"},\"datePublished\":\"2026-02-11T21:30:01+00:00\",\"dateModified\":\"2026-03-24T21:02:59+00:00\",\"breadcrumb\":{\"@id\":\"https:\\\/\\\/leger360.com\\\/fr\\\/reputation-2026-webinaire\\\/#breadcrumb\"},\"inLanguage\":\"fr-CA\",\"potentialAction\":[{\"@type\":\"ReadAction\",\"target\":[\"https:\\\/\\\/leger360.com\\\/fr\\\/reputation-2026-webinaire\\\/\"]}]},{\"@type\":\"BreadcrumbList\",\"@id\":\"https:\\\/\\\/leger360.com\\\/fr\\\/reputation-2026-webinaire\\\/#breadcrumb\",\"itemListElement\":[{\"@type\":\"ListItem\",\"position\":1,\"name\":\"Home\",\"item\":\"https:\\\/\\\/leger360.com\\\/fr\\\/\"},{\"@type\":\"ListItem\",\"position\":2,\"name\":\"R\u00e9putation 2026 webinaire\"}]},{\"@type\":\"WebSite\",\"@id\":\"https:\\\/\\\/leger360.com\\\/fr\\\/#website\",\"url\":\"https:\\\/\\\/leger360.com\\\/fr\\\/\",\"name\":\"Leger\",\"description\":\"Market Research | Data Analytics\",\"publisher\":{\"@id\":\"https:\\\/\\\/leger360.com\\\/fr\\\/#organization\"},\"potentialAction\":[{\"@type\":\"SearchAction\",\"target\":{\"@type\":\"EntryPoint\",\"urlTemplate\":\"https:\\\/\\\/leger360.com\\\/fr\\\/?s={search_term_string}\"},\"query-input\":{\"@type\":\"PropertyValueSpecification\",\"valueRequired\":true,\"valueName\":\"search_term_string\"}}],\"inLanguage\":\"fr-CA\"},{\"@type\":\"Organization\",\"@id\":\"https:\\\/\\\/leger360.com\\\/fr\\\/#organization\",\"name\":\"Leger\",\"url\":\"https:\\\/\\\/leger360.com\\\/fr\\\/\",\"logo\":{\"@type\":\"ImageObject\",\"inLanguage\":\"fr-CA\",\"@id\":\"https:\\\/\\\/leger360.com\\\/fr\\\/#\\\/schema\\\/logo\\\/image\\\/\",\"url\":\"https:\\\/\\\/leger360.com\\\/wp-content\\\/uploads\\\/2024\\\/04\\\/2022-Logo-Leger-Blackred-g.png\",\"contentUrl\":\"https:\\\/\\\/leger360.com\\\/wp-content\\\/uploads\\\/2024\\\/04\\\/2022-Logo-Leger-Blackred-g.png\",\"width\":1195,\"height\":686,\"caption\":\"Leger\"},\"image\":{\"@id\":\"https:\\\/\\\/leger360.com\\\/fr\\\/#\\\/schema\\\/logo\\\/image\\\/\"},\"sameAs\":[\"https:\\\/\\\/www.facebook.com\\\/leger360\\\/\",\"https:\\\/\\\/x.com\\\/leger360\",\"https:\\\/\\\/www.linkedin.com\\\/company\\\/leger360\\\/\"],\"description\":\"Leger is one of North America\u2019s fastest-growing market research companies, known for our forward-thinking experts and innovative approaches powered by artificial intelligence (AI) technologies.\"}]}<\/script>\n<!-- \/ Yoast SEO Premium plugin. -->","yoast_head_json":{"title":"R\u00e9putation 2026 webinaire - Leger","robots":{"index":"index","follow":"follow","max-snippet":"max-snippet:-1","max-image-preview":"max-image-preview:large","max-video-preview":"max-video-preview:-1"},"canonical":"https:\/\/leger360.com\/fr\/reputation-2026-webinaire\/","og_locale":"fr_CA","og_type":"article","og_title":"R\u00e9putation 2026 webinaire","og_description":"La r\u00e9putation est le reflet des d\u00e9cisions, des actions et des engagements d\u2019une organisation. Chaque ann\u00e9e, l\u2019\u00e9tude R\u00e9putation de L\u00e9ger met en lumi\u00e8re les entreprises qui se d\u00e9marquent par leur coh\u00e9rence, leur responsabilit\u00e9 et leur capacit\u00e9 \u00e0 r\u00e9pondre aux attentes du public. Cette \u00e9dition 2026 met l\u2019accent sur : - Les facteurs qui renforcent durablement la confiance- L\u2019impact des enjeux sociaux et \u00e9conomiques- Les signaux \u00e9mergents \u00e0 surveiller Inscrivez-vous \u00e0 nos webinaires du 15 avril pour en apprendre davantage sur le palmar\u00e8s 2026 et plus encore. \u00a0 \u00a0 \u00a0 \u00a0 \u00a0 \u00a0 \u00a0 \u00a0 \u00a0 \u00a0 \u00a0 \u00a0 \u00a0 \u00a0 \u00a0 \u00a0 \u00a0 \u00a0 \u00a0 \u00a0 \u00a0 \u00a0 S'inscrire La r\u00e9putation est le reflet des d\u00e9cisions, des actions et des engagements d\u2019une organisation. Chaque ann\u00e9e, l\u2019\u00e9tude R\u00e9putation de L\u00e9ger met en lumi\u00e8re les entreprises qui se d\u00e9marquent par leur coh\u00e9rence, leur responsabilit\u00e9 et leur capacit\u00e9 \u00e0 r\u00e9pondre aux attentes du public. Cette \u00e9dition 2026 met l\u2019accent sur : - Les facteurs qui renforcent durablement la confiance- L\u2019impact des enjeux sociaux et \u00e9conomiques- Les signaux \u00e9mergents \u00e0 surveiller Inscrivez-vous \u00e0 nos webinaires du 15 avril pour en apprendre davantage sur le palmar\u00e8s 2026 et plus encore. \u00a0 \u00a0 \u00a0 \u00a0 \u00a0 [&hellip;]","og_url":"https:\/\/leger360.com\/fr\/reputation-2026-webinaire\/","og_site_name":"Leger","article_publisher":"https:\/\/www.facebook.com\/leger360\/","article_modified_time":"2026-03-24T21:02:59+00:00","og_image":[{"width":1354,"height":872,"url":"https:\/\/leger360.com\/wp-content\/uploads\/2024\/04\/leger-feature-img-home.png","type":"image\/png"}],"twitter_card":"summary_large_image","twitter_site":"@leger360","twitter_misc":{"Estimation du temps de lecture":"2 minutes"},"schema":{"@context":"https:\/\/schema.org","@graph":[{"@type":"WebPage","@id":"https:\/\/leger360.com\/fr\/reputation-2026-webinaire\/","url":"https:\/\/leger360.com\/fr\/reputation-2026-webinaire\/","name":"R\u00e9putation 2026 webinaire - Leger","isPartOf":{"@id":"https:\/\/leger360.com\/fr\/#website"},"datePublished":"2026-02-11T21:30:01+00:00","dateModified":"2026-03-24T21:02:59+00:00","breadcrumb":{"@id":"https:\/\/leger360.com\/fr\/reputation-2026-webinaire\/#breadcrumb"},"inLanguage":"fr-CA","potentialAction":[{"@type":"ReadAction","target":["https:\/\/leger360.com\/fr\/reputation-2026-webinaire\/"]}]},{"@type":"BreadcrumbList","@id":"https:\/\/leger360.com\/fr\/reputation-2026-webinaire\/#breadcrumb","itemListElement":[{"@type":"ListItem","position":1,"name":"Home","item":"https:\/\/leger360.com\/fr\/"},{"@type":"ListItem","position":2,"name":"R\u00e9putation 2026 webinaire"}]},{"@type":"WebSite","@id":"https:\/\/leger360.com\/fr\/#website","url":"https:\/\/leger360.com\/fr\/","name":"Leger","description":"Market Research | Data Analytics","publisher":{"@id":"https:\/\/leger360.com\/fr\/#organization"},"potentialAction":[{"@type":"SearchAction","target":{"@type":"EntryPoint","urlTemplate":"https:\/\/leger360.com\/fr\/?s={search_term_string}"},"query-input":{"@type":"PropertyValueSpecification","valueRequired":true,"valueName":"search_term_string"}}],"inLanguage":"fr-CA"},{"@type":"Organization","@id":"https:\/\/leger360.com\/fr\/#organization","name":"Leger","url":"https:\/\/leger360.com\/fr\/","logo":{"@type":"ImageObject","inLanguage":"fr-CA","@id":"https:\/\/leger360.com\/fr\/#\/schema\/logo\/image\/","url":"https:\/\/leger360.com\/wp-content\/uploads\/2024\/04\/2022-Logo-Leger-Blackred-g.png","contentUrl":"https:\/\/leger360.com\/wp-content\/uploads\/2024\/04\/2022-Logo-Leger-Blackred-g.png","width":1195,"height":686,"caption":"Leger"},"image":{"@id":"https:\/\/leger360.com\/fr\/#\/schema\/logo\/image\/"},"sameAs":["https:\/\/www.facebook.com\/leger360\/","https:\/\/x.com\/leger360","https:\/\/www.linkedin.com\/company\/leger360\/"],"description":"Leger is one of North America\u2019s fastest-growing market research companies, known for our forward-thinking experts and innovative approaches powered by artificial intelligence (AI) technologies."}]}},"_links":{"self":[{"href":"https:\/\/leger360.com\/fr\/wp-json\/wp\/v2\/pages\/27402","targetHints":{"allow":["GET"]}}],"collection":[{"href":"https:\/\/leger360.com\/fr\/wp-json\/wp\/v2\/pages"}],"about":[{"href":"https:\/\/leger360.com\/fr\/wp-json\/wp\/v2\/types\/page"}],"author":[{"embeddable":true,"href":"https:\/\/leger360.com\/fr\/wp-json\/wp\/v2\/users\/10"}],"replies":[{"embeddable":true,"href":"https:\/\/leger360.com\/fr\/wp-json\/wp\/v2\/comments?post=27402"}],"version-history":[{"count":0,"href":"https:\/\/leger360.com\/fr\/wp-json\/wp\/v2\/pages\/27402\/revisions"}],"wp:attachment":[{"href":"https:\/\/leger360.com\/fr\/wp-json\/wp\/v2\/media?parent=27402"}],"curies":[{"name":"wp","href":"https:\/\/api.w.org\/{rel}","templated":true}]}}